{"id":1393,"date":"2019-03-25T05:09:42","date_gmt":"2019-03-25T05:09:42","guid":{"rendered":"http:\/\/label-engineering.eu\/contatti\/"},"modified":"2021-09-15T15:47:49","modified_gmt":"2021-09-15T13:47:49","slug":"contacts","status":"publish","type":"page","link":"https:\/\/label-engineering.eu\/fr\/contacts\/","title":{"rendered":"Contacts"},"content":{"rendered":"<p><section class=\"kc-elm kc-css-204809 kc_row\"><div class=\"kc-row-container  kc-container\"><div class=\"kc-wrap-columns\"><div class=\"kc-elm kc-css-33404 kc_col-sm-12 kc_column kc_col-sm-12\"><div class=\"kc-col-container\"><section class=\" contact-section sec-pad\">\n     <div class=\"thm-container\">\n         <div class=\"row\">\n             <div class=\"col-md-8\">\n                 <div class=\"contact-form-content\">\n                     <div class=\"title\">\n                         <span>Demande<\/span>\n                         <h2>Informations<\/h2>\n                     <\/div>\n                     <div role=\"form\" class=\"wpcf7\" id=\"wpcf7-f4729-o1\" lang=\"en-US\" dir=\"ltr\">\n<div class=\"screen-reader-response\"><p role=\"status\" aria-live=\"polite\" aria-atomic=\"true\"><\/p> <ul><\/ul><\/div>\n<form action=\"\/fr\/wp-json\/wp\/v2\/pages\/1393#wpcf7-f4729-o1\" method=\"post\" class=\"wpcf7-form init\" novalidate=\"novalidate\" data-status=\"init\">\n<div style=\"display: none;\">\n<input type=\"hidden\" name=\"_wpcf7\" value=\"4729\" \/>\n<input type=\"hidden\" name=\"_wpcf7_version\" value=\"5.4.1\" \/>\n<input type=\"hidden\" name=\"_wpcf7_locale\" value=\"en_US\" \/>\n<input type=\"hidden\" name=\"_wpcf7_unit_tag\" value=\"wpcf7-f4729-o1\" \/>\n<input type=\"hidden\" name=\"_wpcf7_container_post\" value=\"0\" \/>\n<input type=\"hidden\" name=\"_wpcf7_posted_data_hash\" value=\"\" \/>\n<\/div>\n<div class=\"contact-form\">\n<div class=\"row\">\n<div class=\"col-md-6\"><span class=\"wpcf7-form-control-wrap nome\"><input type=\"text\" name=\"nome\" value=\"\" size=\"40\" class=\"wpcf7-form-control wpcf7-text wpcf7-validates-as-required\" aria-required=\"true\" aria-invalid=\"false\" placeholder=\"Pr\u00e9nom\" \/><\/span><\/div>\n<div class=\"col-md-6\"><span class=\"wpcf7-form-control-wrap cognome\"><input type=\"text\" name=\"cognome\" value=\"\" size=\"40\" class=\"wpcf7-form-control wpcf7-text wpcf7-validates-as-required\" aria-required=\"true\" aria-invalid=\"false\" placeholder=\"Nome de famille\" \/><\/span><\/div>\n<\/div>\n<h5>Informations sur l\u2019Entreprise<\/h5>\n<div class=\"row\">\n<div class=\"col-md-6\"><span class=\"wpcf7-form-control-wrap azienda\"><input type=\"text\" name=\"azienda\" value=\"\" size=\"40\" class=\"wpcf7-form-control wpcf7-text wpcf7-validates-as-required\" aria-required=\"true\" aria-invalid=\"false\" placeholder=\"Compagnie\" \/><\/span><\/div>\n<div class=\"col-md-6\"><span class=\"wpcf7-form-control-wrap posizione\"><input type=\"text\" name=\"posizione\" value=\"\" size=\"40\" class=\"wpcf7-form-control wpcf7-text\" aria-invalid=\"false\" placeholder=\"Position corporative\" \/><\/span><\/div>\n<\/div>\n<div class=\"row\">\n<div class=\"col-md-12\"><span class=\"wpcf7-form-control-wrap indirizzo\"><input type=\"text\" name=\"indirizzo\" value=\"\" size=\"40\" class=\"wpcf7-form-control wpcf7-text wpcf7-validates-as-required\" aria-required=\"true\" aria-invalid=\"false\" placeholder=\"Adresse\" \/><\/span><\/div>\n<\/div>\n<div class=\"row\">\n<div class=\"col-md-4\"><span class=\"wpcf7-form-control-wrap cap\"><input type=\"text\" name=\"cap\" value=\"\" size=\"40\" class=\"wpcf7-form-control wpcf7-text wpcf7-validates-as-required\" aria-required=\"true\" aria-invalid=\"false\" placeholder=\"Postal Code\" \/><\/span><\/div>\n<div class=\"col-md-4\"><span class=\"wpcf7-form-control-wrap citta\"><input type=\"text\" name=\"citta\" value=\"\" size=\"40\" class=\"wpcf7-form-control wpcf7-text wpcf7-validates-as-required\" aria-required=\"true\" aria-invalid=\"false\" placeholder=\"Ville\" \/><\/span><\/div>\n<div class=\"col-md-4\"><span class=\"wpcf7-form-control-wrap stato\"><input type=\"text\" name=\"stato\" value=\"\" size=\"40\" class=\"wpcf7-form-control wpcf7-text wpcf7-validates-as-required\" aria-required=\"true\" aria-invalid=\"false\" placeholder=\"Etat\" \/><\/span><\/div>\n<\/div>\n<h5>INFORMATIONS DE CONTACT<\/h5>\n<div class=\"row\">\n<div class=\"col-md-12\"><span class=\"wpcf7-form-control-wrap email\"><input type=\"email\" name=\"email\" value=\"\" size=\"40\" class=\"wpcf7-form-control wpcf7-text wpcf7-email wpcf7-validates-as-required wpcf7-validates-as-email\" aria-required=\"true\" aria-invalid=\"false\" placeholder=\"E-mail\" \/><\/span><\/div>\n<\/div>\n<div class=\"row\">\n<div class=\"col-md-12\"><span class=\"wpcf7-form-control-wrap sito\"><input type=\"text\" name=\"sito\" value=\"\" size=\"40\" class=\"wpcf7-form-control wpcf7-text wpcf7-validates-as-required\" aria-required=\"true\" aria-invalid=\"false\" placeholder=\"Site Internet\" \/><\/span><\/div>\n<\/div>\n<div class=\"row\">\n<div class=\"col-md-12\"><span class=\"wpcf7-form-control-wrap telefono\"><input type=\"tel\" name=\"telefono\" value=\"\" size=\"40\" class=\"wpcf7-form-control wpcf7-text wpcf7-tel wpcf7-validates-as-required wpcf7-validates-as-tel\" aria-required=\"true\" aria-invalid=\"false\" placeholder=\"T\u00e9l\u00e9phone\" \/><\/span><\/div>\n<\/div>\n<div class=\"row\">\n<div class=\"col-md-6\"><span class=\"wpcf7-form-control-wrap cellulare\"><input type=\"tel\" name=\"cellulare\" value=\"\" size=\"40\" class=\"wpcf7-form-control wpcf7-text wpcf7-tel wpcf7-validates-as-tel\" aria-invalid=\"false\" placeholder=\"Portable\" \/><\/span><\/div>\n<div class=\"col-md-6\"><span class=\"wpcf7-form-control-wrap fax\"><input type=\"tel\" name=\"fax\" value=\"\" size=\"40\" class=\"wpcf7-form-control wpcf7-text wpcf7-tel wpcf7-validates-as-tel\" aria-invalid=\"false\" placeholder=\"Fax\" \/><\/span><\/div>\n<\/div>\n<h5>A QUEL SONT VOS BESOIN?<\/h5>\n<div class=\"row\">\n<div class=\"col-md-12\"><span class=\"wpcf7-form-control-wrap checkbox-803\"><span class=\"wpcf7-form-control wpcf7-checkbox wpcf7-validates-as-required\"><span class=\"wpcf7-list-item first\"><label><input type=\"checkbox\" name=\"checkbox-803[]\" value=\"Etiqueteuse automatiques\" \/><span class=\"wpcf7-list-item-label\">Etiqueteuse automatiques<\/span><\/label><\/span><span class=\"wpcf7-list-item\"><label><input type=\"checkbox\" name=\"checkbox-803[]\" value=\"Lignes d\u2019\u00e9tiquetage\" \/><span class=\"wpcf7-list-item-label\">Lignes d\u2019\u00e9tiquetage<\/span><\/label><\/span><span class=\"wpcf7-list-item\"><label><input type=\"checkbox\" name=\"checkbox-803[]\" value=\"Syst\u00e8mes Impression et Pose\" \/><span class=\"wpcf7-list-item-label\">Syst\u00e8mes Impression et Pose<\/span><\/label><\/span><span class=\"wpcf7-list-item\"><label><input type=\"checkbox\" name=\"checkbox-803[]\" value=\"Etiquettes et Rubans\" \/><span class=\"wpcf7-list-item-label\">Etiquettes et Rubans<\/span><\/label><\/span><span class=\"wpcf7-list-item\"><label><input type=\"checkbox\" name=\"checkbox-803[]\" value=\"Imprimantes pour \u00e9tiquettes\" \/><span class=\"wpcf7-list-item-label\">Imprimantes pour \u00e9tiquettes<\/span><\/label><\/span><span class=\"wpcf7-list-item\"><label><input type=\"checkbox\" name=\"checkbox-803[]\" value=\"Terminaux et lecteurs de code \u00e0 barre\" \/><span class=\"wpcf7-list-item-label\">Terminaux et lecteurs de code \u00e0 barre<\/span><\/label><\/span><span class=\"wpcf7-list-item\"><label><input type=\"checkbox\" name=\"checkbox-803[]\" value=\"Distributeurs et solutions semi-automatiques\" \/><span class=\"wpcf7-list-item-label\">Distributeurs et solutions semi-automatiques<\/span><\/label><\/span><span class=\"wpcf7-list-item\"><label><input type=\"checkbox\" name=\"checkbox-803[]\" value=\"Pi\u00e8ces d\u00e9tach\u00e9es\" \/><span class=\"wpcf7-list-item-label\">Pi\u00e8ces d\u00e9tach\u00e9es<\/span><\/label><\/span><span class=\"wpcf7-list-item last\"><label><input type=\"checkbox\" name=\"checkbox-803[]\" value=\"Autre.\" \/><span class=\"wpcf7-list-item-label\">Autre.<\/span><\/label><\/span><\/span><\/span><\/div>\n<\/div>\n<hr>\n<div class=\"row\">\n<div class=\"col-md-12\"<br \/>\n<span class=\"wpcf7-form-control-wrap checkbox-60\"><span class=\"wpcf7-form-control wpcf7-checkbox\"><span class=\"wpcf7-list-item first\"><label><input type=\"checkbox\" name=\"checkbox-60[]\" value=\"Vous souhaitez \u00eatre contact\u00e9 par l&#039;un de nos distributeurs?\" \/><span class=\"wpcf7-list-item-label\">Vous souhaitez \u00eatre contact\u00e9 par l&#039;un de nos distributeurs?<\/span><\/label><\/span><span class=\"wpcf7-list-item last\"><label><input type=\"checkbox\" name=\"checkbox-60[]\" value=\"Vous souhaitez devenir notre distributeur?\" \/><span class=\"wpcf7-list-item-label\">Vous souhaitez devenir notre distributeur?<\/span><\/label><\/span><\/span><\/span><\/div>\n<\/div>\n<h5>INDIQUEZ VOS BESOINS ENTREZ<\/h5>\n<div class=\"row\">\n<div class=\"col-md-12\"><span class=\"wpcf7-form-control-wrap messaggio\"><textarea name=\"messaggio\" cols=\"40\" rows=\"10\" class=\"wpcf7-form-control wpcf7-textarea wpcf7-validates-as-required\" aria-required=\"true\" aria-invalid=\"false\" placeholder=\"Demande...\"><\/textarea><\/span><\/div>\n<\/div>\n<div class=\"row\">\n<div class=\"col-md-12\"><span class=\"wpcf7-form-control-wrap acceptance-165\"><span class=\"wpcf7-form-control wpcf7-acceptance\"><span class=\"wpcf7-list-item\"><label><input type=\"checkbox\" name=\"acceptance-165\" value=\"1\" aria-invalid=\"false\" \/><span class=\"wpcf7-list-item-label\">En s\u00e9lectionnant ces \u00e9l\u00e9ments, vous acceptez les conditions \u00e9nonc\u00e9es dans notre <a href=\"\/fr\/privacy-policy\/\" target=\"_blank\">politique de confidentialit\u00e9<\/a>.<\/span><\/label><\/span><\/span><\/span><\/div>\n<\/div>\n<div class=\"row\">\n<div class=\"col-md-12\"><span class=\"wpcf7-form-control-wrap acceptance-165\"><span class=\"wpcf7-form-control wpcf7-acceptance\"><span class=\"wpcf7-list-item\"><label><input type=\"checkbox\" name=\"acceptance-165\" value=\"1\" aria-invalid=\"false\" \/><span class=\"wpcf7-list-item-label\">En s\u00e9lectionnant ces \u00e9l\u00e9ments, je consens \u00e0 l'envoi d'e-mails avec du mat\u00e9riel illustratif et de newsletters relatifs \u00e0 vos produits et services. Il sera possible de se d\u00e9sinscrire \u00e0 tout moment en utilisant le lien pr\u00e9sent dans chaque newsletter envoy\u00e9e.<\/span><\/label><\/span><\/span><\/span><\/div>\n<\/div>\n<p><button type=\"submit\" class=\"thm-btn yellow-bg\">SOUMETTRE<\/button>\n<div class=\"form-result\"><\/div>\n<\/div>\n<input type='hidden' class='wpcf7-pum' value='{\"closepopup\":false,\"closedelay\":0,\"openpopup\":false,\"openpopup_id\":0}' \/><div class=\"wpcf7-response-output\" aria-hidden=\"true\"><\/div><\/form><\/div>                 <\/div>\n             <\/div>\n             <div class=\"col-md-4\">\n                 <div class=\"contact-info text-center\">\n                     <div class=\"title text-center\">\n                        <span>Notre<\/span>\n                        <h2>Contacts<\/h2>\n                     <\/div>\n                     \n\t\t\t\t\t \t\t\t\t\t \n\t\t\t\t\t <div class=\"single-contact-info\">\n                         <h4>Label Engineering Srl<\/h4>\n                         <p>Via Bernardino Zenale, 19<\/br>\r\n20024 Garbagnate Milanese MI<\/br>\r\nITALY<\/p>\n                     <\/div>\n\t\t\t\t\t \n\t\t\t\t\t \t\t\t\t\t \n\t\t\t\t\t <div class=\"single-contact-info\">\n                         <h4>T\u00e9l\u00e9phone<\/h4>\n                         <p>+39 02 99021148<\/p>\n                     <\/div>\n\t\t\t\t\t \n\t\t\t\t\t \t\t\t\t\t \n\t\t\t\t\t <div class=\"single-contact-info\">\n                         <h4>Fax<\/h4>\n                         <p>+39 02 99022613<\/p>\n                     <\/div>\n\t\t\t\t\t \n\t\t\t\t\t \t\t\t\t\t \n\t\t\t\t\t <div class=\"single-contact-info\">\n                         <h4>Email<\/h4>\n                         <p>info@label-engineering.it<br><\/p>\n                     <\/div>\n\t\t\t\t\t \n\t\t\t\t\t \t\t\t\t\t \n\t\t\t\t\t <div class=\"single-contact-info\">\n                         <h4>C.F.\/T.V.A<\/h4>\n                         <p>IT12427490151<\/p>\n                     <\/div>\n\t\t\t\t\t \n\t\t\t\t\t \t\t\t\t\t \n                     <div class=\"single-contact-info\">\n                         <h4><\/h4>\n                         <div class=\"social\">\n                            \n\t\t\t\t\t\t\t                        <\/div>\n                     <\/div>\n                 <\/div>\n             <\/div>\n         <\/div>\n     <\/div>\n <\/section><\/div><\/div><\/div><\/div><\/section><section data-kc-fullwidth=\"content\" class=\"kc-elm kc-css-936958 kc_row\"><div class=\"kc-row-container\"><div class=\"kc-wrap-columns\"><div class=\"kc-elm kc-css-400916 kc_col-sm-12 kc_column kc_col-sm-12\"><div class=\"kc-col-container\"><div class=\"kc-elm kc-css-48644 kc_google_maps kc_shortcode\"><div style=\"height: 580px\" class=\"kc-google-maps\"><iframe src=\"https:\/\/www.google.com\/maps\/embed?pb=!1m14!1m8!1m3!1d11169.733379247304!2d9.0692974!3d45.5818327!3m2!1i1024!2i768!4f13.1!3m3!1m2!1s0x0%3A0x99c93fc12b6af8e6!2sLabel%20Engineering%20Srl%20-%20Etichettatura%20all&#39;%20Avanguardia!5e0!3m2!1sit!2sit!4v1605622131425!5m2!1sit!2sit\" width=\"100%\" height=\"580\" frameborder=\"0\" style=\"border:0;\" allowfullscreen=\"\" aria-hidden=\"false\" tabindex=\"0\"><\/iframe><\/div><\/div><\/div><\/div><\/div><\/div><\/section><\/p>\n","protected":false},"excerpt":{"rendered":"","protected":false},"author":1,"featured_media":0,"parent":0,"menu_order":0,"comment_status":"closed","ping_status":"closed","template":"tpl-king-composer.php","meta":[],"tags":[],"yoast_head":"<!-- This site is optimized with the Yoast SEO plugin v15.3 - https:\/\/yoast.com\/wordpress\/plugins\/seo\/ -->\n<title>Contacts - Label Engineering<\/title>\n<meta name=\"robots\" content=\"index, follow, max-snippet:-1, max-image-preview:large, max-video-preview:-1\" \/>\n<link rel=\"canonical\" href=\"https:\/\/label-engineering.eu\/fr\/contacts\/\" \/>\n<meta property=\"og:locale\" content=\"fr_FR\" \/>\n<meta property=\"og:type\" content=\"article\" \/>\n<meta property=\"og:title\" content=\"Contacts - Label Engineering\" \/>\n<meta property=\"og:description\" content=\"Demande Informations Informations sur l\u2019Entreprise INFORMATIONS DE CONTACT A QUEL SONT VOS BESOIN? Etiqueteuse automatiquesLignes d\u2019\u00e9tiquetageSyst\u00e8mes Impression et PoseEtiquettes et RubansImprimantes pour \u00e9tiquettesTerminaux et lecteurs de code \u00e0 barreDistributeurs et solutions semi-automatiquesPi\u00e8ces d\u00e9tach\u00e9esAutre.\" \/>\n<meta property=\"og:url\" content=\"https:\/\/label-engineering.eu\/fr\/contacts\/\" \/>\n<meta property=\"og:site_name\" content=\"Label Engineering\" \/>\n<meta property=\"article:modified_time\" content=\"2021-09-15T13:47:49+00:00\" \/>\n<meta name=\"twitter:card\" content=\"summary_large_image\" \/>\n<meta name=\"twitter:label1\" content=\"\u00c9crit par\">\n\t<meta name=\"twitter:data1\" content=\"interjob\">\n\t<meta name=\"twitter:label2\" content=\"Dur\u00e9e de lecture est.\">\n\t<meta name=\"twitter:data2\" content=\"0 minute\">\n<script type=\"application\/ld+json\" class=\"yoast-schema-graph\">{\"@context\":\"https:\/\/schema.org\",\"@graph\":[{\"@type\":\"WebSite\",\"@id\":\"https:\/\/label-engineering.eu\/#website\",\"url\":\"https:\/\/label-engineering.eu\/\",\"name\":\"Label Engineering\",\"description\":\"Sistemi di etichettatura all&#039;avanguardia\",\"potentialAction\":[{\"@type\":\"SearchAction\",\"target\":\"https:\/\/label-engineering.eu\/?s={search_term_string}\",\"query-input\":\"required name=search_term_string\"}],\"inLanguage\":\"fr-FR\"},{\"@type\":\"WebPage\",\"@id\":\"https:\/\/label-engineering.eu\/fr\/contacts\/#webpage\",\"url\":\"https:\/\/label-engineering.eu\/fr\/contacts\/\",\"name\":\"Contacts - Label Engineering\",\"isPartOf\":{\"@id\":\"https:\/\/label-engineering.eu\/#website\"},\"datePublished\":\"2019-03-25T05:09:42+00:00\",\"dateModified\":\"2021-09-15T13:47:49+00:00\",\"inLanguage\":\"fr-FR\",\"potentialAction\":[{\"@type\":\"ReadAction\",\"target\":[\"https:\/\/label-engineering.eu\/fr\/contacts\/\"]}]}]}<\/script>\n<!-- \/ Yoast SEO plugin. -->","_links":{"self":[{"href":"https:\/\/label-engineering.eu\/fr\/wp-json\/wp\/v2\/pages\/1393"}],"collection":[{"href":"https:\/\/label-engineering.eu\/fr\/wp-json\/wp\/v2\/pages"}],"about":[{"href":"https:\/\/label-engineering.eu\/fr\/wp-json\/wp\/v2\/types\/page"}],"author":[{"embeddable":true,"href":"https:\/\/label-engineering.eu\/fr\/wp-json\/wp\/v2\/users\/1"}],"replies":[{"embeddable":true,"href":"https:\/\/label-engineering.eu\/fr\/wp-json\/wp\/v2\/comments?post=1393"}],"version-history":[{"count":13,"href":"https:\/\/label-engineering.eu\/fr\/wp-json\/wp\/v2\/pages\/1393\/revisions"}],"predecessor-version":[{"id":5577,"href":"https:\/\/label-engineering.eu\/fr\/wp-json\/wp\/v2\/pages\/1393\/revisions\/5577"}],"wp:attachment":[{"href":"https:\/\/label-engineering.eu\/fr\/wp-json\/wp\/v2\/media?parent=1393"}],"wp:term":[{"taxonomy":"post_tag","embeddable":true,"href":"https:\/\/label-engineering.eu\/fr\/wp-json\/wp\/v2\/tags?post=1393"}],"curies":[{"name":"wp","href":"https:\/\/api.w.org\/{rel}","templated":true}]}}