{"id":1419,"date":"2020-11-17T17:12:12","date_gmt":"2020-11-17T16:12:12","guid":{"rendered":"http:\/\/label-engineering.eu\/settori-di-applicazione\/"},"modified":"2021-08-19T12:31:44","modified_gmt":"2021-08-19T10:31:44","slug":"secteurs-dactivite","status":"publish","type":"page","link":"https:\/\/label-engineering.eu\/fr\/secteurs-dactivite\/","title":{"rendered":"Secteurs d\u2019activit\u00e9"},"content":{"rendered":"<p><section class=\"kc-elm kc-css-700806 kc_row\"><div class=\"kc-row-container  kc-container\"><div class=\"kc-wrap-columns\"><div class=\"kc-elm kc-css-693932 kc_col-sm-12 kc_column kc_col-sm-12\"><div class=\"kc-col-container\"><section class=\" service-details-design-option sec-pad\">\n    <div class=\"thm-container\">\n        <div class=\"row\">\n            \n\t\t\t\t\t\t\n\t\t\t<div class=\"col-md-4 col-sm-6 col-xs-12\">\n                <div class=\"single-service-details-design-option\">\n                    \n\t\t\t\t\t\t\t\t\t\t<div class=\"img-box\">\n                        <img src=\"https:\/\/label-engineering.eu\/wp-content\/uploads\/2021\/04\/alimentare.jpg\" alt=\"Image\"\/>\n                    <\/div>\n\t\t\t\t\t\t\t\t\t\t\n                    <div class=\"text-box\">\n                        <h3>FOOD &amp; BEVERAGE<\/h3>\n                        <ul class=\"list-box\">\n                            \n\t\t\t\t\t\t\t\t\t\t\t\t\t\t\t\t\t\t\t\t\t\n\t\t\t\t\t\t\t<li>Syst\u00e8mes d'\u00e9tiquetage con\u00e7us pour r\u00e9pondre professionnellement aux besoins d'un march\u00e9 avec caract\u00e9ristiques particuli\u00e8res. Solutions semi- ou enti\u00e8rement automatiques pour automatiser l'amont ou l'aval d'une ligne de conditionnement; machines adapt\u00e9es \u00e0 l'application d'\u00e9tiquettes sur les diff\u00e9rentes formes d'emballage que propose le secteur. <\/li>\n\t\t\t\t\t\t\t\n                                                    <\/ul>\n                    <\/div>\n                <\/div>\n            <\/div>\n\t\t\t\n\t\t\t\t\t\t\n\t\t\t<div class=\"col-md-4 col-sm-6 col-xs-12\">\n                <div class=\"single-service-details-design-option\">\n                    \n\t\t\t\t\t\t\t\t\t\t<div class=\"img-box\">\n                        <img src=\"https:\/\/label-engineering.eu\/wp-content\/uploads\/2020\/11\/farmaceutico.jpg\" alt=\"Image\"\/>\n                    <\/div>\n\t\t\t\t\t\t\t\t\t\t\n                    <div class=\"text-box\">\n                        <h3>PHARMACETIQUE<\/h3>\n                        <ul class=\"list-box\">\n                            \n\t\t\t\t\t\t\t\t\t\t\t\t\t\t\t\t\t\t\t\t\t\n\t\t\t\t\t\t\t<li>La nature du secteur qui n\u00e9cessite une pr\u00e9cision d'application et une identification des produits, rend les syst\u00e8mes d'\u00e9tiquetage et de marquage de Label Engineering particuli\u00e8rement adapt\u00e9s pour r\u00e9pondre \u00e0 tous les crit\u00e8res de pr\u00e9cision et r\u00e9glementaires exig\u00e9s par les laboratoires et les grandes soci\u00e9t\u00e9s pharmaceutiques. <\/li>\n\t\t\t\t\t\t\t\n                                                    <\/ul>\n                    <\/div>\n                <\/div>\n            <\/div>\n\t\t\t\n\t\t\t\t\t\t\n\t\t\t<div class=\"col-md-4 col-sm-6 col-xs-12\">\n                <div class=\"single-service-details-design-option\">\n                    \n\t\t\t\t\t\t\t\t\t\t<div class=\"img-box\">\n                        <img src=\"https:\/\/label-engineering.eu\/wp-content\/uploads\/2020\/11\/cosmetico.jpg\" alt=\"Image\"\/>\n                    <\/div>\n\t\t\t\t\t\t\t\t\t\t\n                    <div class=\"text-box\">\n                        <h3>COSMETIQUE<\/h3>\n                        <ul class=\"list-box\">\n                            \n\t\t\t\t\t\t\t\t\t\t\t\t\t\t\t\t\t\t\t\t\t\n\t\t\t\t\t\t\t<li>Dans le monde de la cosm\u00e9tique, o\u00f9 l'image est fondamentale, l'\u00e9tiquetage des produits joue \u00e9galement un r\u00f4le important. Les solutions d'\u00e9tiquetage de Label Engineering sont cr\u00e9\u00e9es pour r\u00e9pondre aux besoins de pr\u00e9cision et de versatilit\u00e9 que les emballages cosm\u00e9tiques, si particuliers et diff\u00e9rents les uns des autres, exigent. <\/li>\n\t\t\t\t\t\t\t\n                                                    <\/ul>\n                    <\/div>\n                <\/div>\n            <\/div>\n\t\t\t\n\t\t\t        <\/div>\n    <\/div>\n<\/section><\/div><\/div><\/div><\/div><\/section><section class=\"kc-elm kc-css-343336 kc_row\"><div class=\"kc-row-container  kc-container\"><div class=\"kc-wrap-columns\"><div class=\"kc-elm kc-css-614130 kc_col-sm-12 kc_column kc_col-sm-12\"><div class=\"kc-col-container\"><section class=\" service-details-design-option sec-pad\">\n    <div class=\"thm-container\">\n        <div class=\"row\">\n            \n\t\t\t\t\t\t\n\t\t\t<div class=\"col-md-4 col-sm-6 col-xs-12\">\n                <div class=\"single-service-details-design-option\">\n                    \n\t\t\t\t\t\t\t\t\t\t<div class=\"img-box\">\n                        <img src=\"https:\/\/label-engineering.eu\/wp-content\/uploads\/2021\/03\/settore-chimico-1.jpg\" alt=\"Image\"\/>\n                    <\/div>\n\t\t\t\t\t\t\t\t\t\t\n                    <div class=\"text-box\">\n                        <h3>CHIMIQUE<\/h3>\n                        <ul class=\"list-box\">\n                            \n\t\t\t\t\t\t\t\t\t\t\t\t\t\t\t\t\t\t\t\t\t\n\t\t\t\t\t\t\t<li>Un secteur, celui de la chimie, qui comprend une grande vari\u00e9t\u00e9 d'entreprises manufacturi\u00e8res: nettoyants m\u00e9nagers, peintures, additifs, colles, encres et bien plus encore.\r <\/li>\n\t\t\t\t\t\t\t\n                            \t\t\t\t\t\t\t\n\t\t\t\t\t\t\t<li>La diversit\u00e9 et l\u2019unicit\u00e9 des segments qui composent ce secteur n\u00e9cessite donc de solutions d'\u00e9tiquetage polyvalentes, avec d'excellents niveaux de pr\u00e9cision et facilement g\u00e9rables par le personnel d'exploitation. Soutenu par les normes de qualit\u00e9 \u00e9lev\u00e9es de ses syst\u00e8mes d'\u00e9tiquetage, Label Engineering a la bonne solution pour r\u00e9pondre \u00e0 ces besoins.\r <\/li>\n\t\t\t\t\t\t\t\n                            \t\t\t\t\t\t\t\n\t\t\t\t\t\t\t<li> <\/li>\n\t\t\t\t\t\t\t\n                                                    <\/ul>\n                    <\/div>\n                <\/div>\n            <\/div>\n\t\t\t\n\t\t\t\t\t\t\n\t\t\t<div class=\"col-md-4 col-sm-6 col-xs-12\">\n                <div class=\"single-service-details-design-option\">\n                    \n\t\t\t\t\t\t\t\t\t\t<div class=\"img-box\">\n                        <img src=\"https:\/\/label-engineering.eu\/wp-content\/uploads\/2021\/03\/automazione-2.jpg\" alt=\"Image\"\/>\n                    <\/div>\n\t\t\t\t\t\t\t\t\t\t\n                    <div class=\"text-box\">\n                        <h3>FABRICATION ET LOGISTIQUE<\/h3>\n                        <ul class=\"list-box\">\n                            \n\t\t\t\t\t\t\t\t\t\t\t\t\t\t\t\t\t\t\t\t\t\n\t\t\t\t\t\t\t<li>Gr\u00e2ce aux dispositifs sp\u00e9cifiquement con\u00e7us pour ce secteur, Label Engineering propose des solutions d'\u00e9tiquetage et d'impression et pose qui permettent aux op\u00e9rateurs du secteur de g\u00e9rer l'\u00e9tiquetage de leurs produits de mani\u00e8re ind\u00e9pendante et pr\u00e9cise. <\/li>\n\t\t\t\t\t\t\t\n                                                    <\/ul>\n                    <\/div>\n                <\/div>\n            <\/div>\n\t\t\t\n\t\t\t\t\t\t\n\t\t\t<div class=\"col-md-4 col-sm-6 col-xs-12\">\n                <div class=\"single-service-details-design-option\">\n                    \n\t\t\t\t\t\t\t\t\t\t<div class=\"img-box\">\n                        <img src=\"https:\/\/label-engineering.eu\/wp-content\/uploads\/2020\/11\/edile.jpg\" alt=\"Image\"\/>\n                    <\/div>\n\t\t\t\t\t\t\t\t\t\t\n                    <div class=\"text-box\">\n                        <h3>AUTOMATION ET AUTOMOBILE<\/h3>\n                        <ul class=\"list-box\">\n                            \n\t\t\t\t\t\t\t\t\t\t\t\t\t\t\t\t\t\t\t\t\t\n\t\t\t\t\t\t\t<li>Les usines de production doivent souvent \u00eatre compl\u00e9t\u00e9es par des \u00e9quipements automatiques pour le chargement et le d\u00e9chargement des produits. Les ing\u00e9nieurs de Label Engineering ont r\u00e9alis\u00e9 des syst\u00e8mes personnalis\u00e9s, con\u00e7us pour manipuler toutes les variantes de conditionnement que le march\u00e9 de l'emballage g\u00e8re habituellement. <\/li>\n\t\t\t\t\t\t\t\n                                                    <\/ul>\n                    <\/div>\n                <\/div>\n            <\/div>\n\t\t\t\n\t\t\t        <\/div>\n    <\/div>\n<\/section><\/div><\/div><\/div><\/div><\/section><\/p>\n","protected":false},"excerpt":{"rendered":"","protected":false},"author":1,"featured_media":0,"parent":0,"menu_order":0,"comment_status":"closed","ping_status":"closed","template":"tpl-king-composer.php","meta":[],"tags":[],"yoast_head":"<!-- This site is optimized with the Yoast SEO plugin v15.3 - https:\/\/yoast.com\/wordpress\/plugins\/seo\/ -->\n<title>Secteurs d\u2019activit\u00e9 - Label Engineering<\/title>\n<meta name=\"robots\" content=\"index, follow, max-snippet:-1, max-image-preview:large, max-video-preview:-1\" \/>\n<link rel=\"canonical\" href=\"https:\/\/label-engineering.eu\/fr\/secteurs-dactivite\/\" \/>\n<meta property=\"og:locale\" content=\"fr_FR\" \/>\n<meta property=\"og:type\" content=\"article\" \/>\n<meta property=\"og:title\" content=\"Secteurs d\u2019activit\u00e9 - Label Engineering\" \/>\n<meta property=\"og:description\" content=\"FOOD &amp; BEVERAGE Syst\u00e8mes d&#8217;\u00e9tiquetage con\u00e7us pour r\u00e9pondre professionnellement aux besoins d&#8217;un march\u00e9 avec caract\u00e9ristiques particuli\u00e8res. Solutions semi- ou enti\u00e8rement automatiques pour automatiser l&#8217;amont ou l&#8217;aval d&#8217;une ligne de conditionnement; machines adapt\u00e9es \u00e0 l&#8217;application d&#8217;\u00e9tiquettes sur les diff\u00e9rentes formes d&#8217;emballage que propose le secteur. PHARMACETIQUE La nature du secteur qui n\u00e9cessite une pr\u00e9cision d&#8217;application et\" \/>\n<meta property=\"og:url\" content=\"https:\/\/label-engineering.eu\/fr\/secteurs-dactivite\/\" \/>\n<meta property=\"og:site_name\" content=\"Label Engineering\" \/>\n<meta property=\"article:modified_time\" content=\"2021-08-19T10:31:44+00:00\" \/>\n<meta property=\"og:image\" content=\"http:\/\/label-engineering.eu\/wp-content\/uploads\/2021\/04\/alimentare.jpg\" \/>\n<meta name=\"twitter:card\" content=\"summary_large_image\" \/>\n<meta name=\"twitter:label1\" content=\"\u00c9crit par\">\n\t<meta name=\"twitter:data1\" content=\"interjob\">\n\t<meta name=\"twitter:label2\" content=\"Dur\u00e9e de lecture est.\">\n\t<meta name=\"twitter:data2\" content=\"1 minute\">\n<script type=\"application\/ld+json\" class=\"yoast-schema-graph\">{\"@context\":\"https:\/\/schema.org\",\"@graph\":[{\"@type\":\"WebSite\",\"@id\":\"https:\/\/label-engineering.eu\/#website\",\"url\":\"https:\/\/label-engineering.eu\/\",\"name\":\"Label Engineering\",\"description\":\"Sistemi di etichettatura all&#039;avanguardia\",\"potentialAction\":[{\"@type\":\"SearchAction\",\"target\":\"https:\/\/label-engineering.eu\/?s={search_term_string}\",\"query-input\":\"required name=search_term_string\"}],\"inLanguage\":\"fr-FR\"},{\"@type\":\"ImageObject\",\"@id\":\"https:\/\/label-engineering.eu\/fr\/secteurs-dactivite\/#primaryimage\",\"inLanguage\":\"fr-FR\",\"url\":\"https:\/\/label-engineering.eu\/wp-content\/uploads\/2021\/04\/alimentare.jpg\",\"width\":370,\"height\":271},{\"@type\":\"WebPage\",\"@id\":\"https:\/\/label-engineering.eu\/fr\/secteurs-dactivite\/#webpage\",\"url\":\"https:\/\/label-engineering.eu\/fr\/secteurs-dactivite\/\",\"name\":\"Secteurs d\\u2019activit\\u00e9 - Label Engineering\",\"isPartOf\":{\"@id\":\"https:\/\/label-engineering.eu\/#website\"},\"primaryImageOfPage\":{\"@id\":\"https:\/\/label-engineering.eu\/fr\/secteurs-dactivite\/#primaryimage\"},\"datePublished\":\"2020-11-17T16:12:12+00:00\",\"dateModified\":\"2021-08-19T10:31:44+00:00\",\"inLanguage\":\"fr-FR\",\"potentialAction\":[{\"@type\":\"ReadAction\",\"target\":[\"https:\/\/label-engineering.eu\/fr\/secteurs-dactivite\/\"]}]}]}<\/script>\n<!-- \/ Yoast SEO plugin. -->","_links":{"self":[{"href":"https:\/\/label-engineering.eu\/fr\/wp-json\/wp\/v2\/pages\/1419"}],"collection":[{"href":"https:\/\/label-engineering.eu\/fr\/wp-json\/wp\/v2\/pages"}],"about":[{"href":"https:\/\/label-engineering.eu\/fr\/wp-json\/wp\/v2\/types\/page"}],"author":[{"embeddable":true,"href":"https:\/\/label-engineering.eu\/fr\/wp-json\/wp\/v2\/users\/1"}],"replies":[{"embeddable":true,"href":"https:\/\/label-engineering.eu\/fr\/wp-json\/wp\/v2\/comments?post=1419"}],"version-history":[{"count":19,"href":"https:\/\/label-engineering.eu\/fr\/wp-json\/wp\/v2\/pages\/1419\/revisions"}],"predecessor-version":[{"id":4661,"href":"https:\/\/label-engineering.eu\/fr\/wp-json\/wp\/v2\/pages\/1419\/revisions\/4661"}],"wp:attachment":[{"href":"https:\/\/label-engineering.eu\/fr\/wp-json\/wp\/v2\/media?parent=1419"}],"wp:term":[{"taxonomy":"post_tag","embeddable":true,"href":"https:\/\/label-engineering.eu\/fr\/wp-json\/wp\/v2\/tags?post=1419"}],"curies":[{"name":"wp","href":"https:\/\/api.w.org\/{rel}","templated":true}]}}