{"id":1423,"date":"2020-11-18T12:51:20","date_gmt":"2020-11-18T11:51:20","guid":{"rendered":"http:\/\/label-engineering.eu\/sistemi-di-etichettatura\/"},"modified":"2021-09-13T10:12:36","modified_gmt":"2021-09-13T08:12:36","slug":"systemes-pour-letiquetage","status":"publish","type":"page","link":"https:\/\/label-engineering.eu\/fr\/systemes-pour-letiquetage\/","title":{"rendered":"Syst\u00e8mes pour l\u2019Etiquetage"},"content":{"rendered":"<p><section class=\"kc-elm kc-css-854935 kc_row\"><div class=\"kc-row-container  kc-container\"><div class=\"kc-wrap-columns\"><div class=\"kc-elm kc-css-21427 kc_col-sm-12 kc_column kc_col-sm-12\"><div class=\"kc-col-container\"><section class=\" what-we-do sec-pad\">\n    <div class=\"thm-container\">\n        <div class=\"sec-title text-center\">\n            <span>Syst\u00e8mes pour<\/span>\n            <h3>Etiquetage et Identification Automatique<\/h3>\n            <p>Label Engineering con\u00e7oit et fabrique syst\u00e8mes et lignes d'\u00e9tiquetage capables d'appliquer, d'imprimer, de coder et de v\u00e9rifier les \u00e9tiquettes autocollantes sur bien de consommation conditionn\u00e9s.<\/p>\n        <\/div>\n        <div class=\"row\">\n            <div class=\"col-lg-6 col-md-12\">\n                <div class=\"single-what-we-do\">\n                    \n\t\t\t\t\t\t\t\t\t\t\n                    <div class=\"text-box hvr-bounce-to-bottom\">\n                        <a href=\"\"><h3><\/h3><\/a>\n                        <p><\/p>\n                        <a href=\"\" class=\"read-more fas fa-angle-right\"><\/a>\n                    <\/div>\n                <\/div>\n            <\/div>\n            <div class=\"col-lg-6 col-md-12\">\n                <div class=\"row\">\n                    \n\t\t\t\t\t\t\t\t\t\t\n\t\t\t\t\t<div class=\"col-sm-6\">\n                        <div class=\"single-what-we-do-one hvr-bounce-to-bottom\">\n                            <i class=\"printify-icon printify-icon-paper-drill\"><\/i>\n                            <a href=\"https:\/\/label-engineering.eu\/?page_id=10\"><h3>Digital Printing<\/h3><\/a>\n                            <p>There are many people variation of passages of lorem Ipsum available in the majority have suffer alteration in some.<\/p>\n                            <a href=\"https:\/\/label-engineering.eu\/?page_id=10\" class=\"read-more fas fa-angle-right\"><\/a>\n                        <\/div>\n                    <\/div>\n                    \n\t\t\t\t\t\t\t\t\t\t\n\t\t\t\t\t<div class=\"col-sm-6\">\n                        <div class=\"single-what-we-do-one hvr-bounce-to-bottom\">\n                            <i class=\"printify-icon printify-icon-paper-drill\"><\/i>\n                            <a href=\"https:\/\/label-engineering.eu\/?page_id=10\"><h3>Digital Printing<\/h3><\/a>\n                            <p>There are many people variation of passages of lorem Ipsum available in the majority have suffer alteration in some.<\/p>\n                            <a href=\"https:\/\/label-engineering.eu\/?page_id=10\" class=\"read-more fas fa-angle-right\"><\/a>\n                        <\/div>\n                    <\/div>\n                    \n\t\t\t\t\t\t\t\t\t\t\n\t\t\t\t\t<div class=\"col-sm-6\">\n                        <div class=\"single-what-we-do-one hvr-bounce-to-bottom\">\n                            <i class=\"printify-icon printify-icon-printing-text\"><\/i>\n                            <a href=\"https:\/\/label-engineering.eu\/?page_id=10\"><h3>Offset Printing<\/h3><\/a>\n                            <p>There are many people variation of passages of lorem Ipsum available in the majority have suffer alteration in some.<\/p>\n                            <a href=\"https:\/\/label-engineering.eu\/?page_id=10\" class=\"read-more fas fa-angle-right\"><\/a>\n                        <\/div>\n                    <\/div>\n                    \n\t\t\t\t\t                <\/div>\n            <\/div>\n        <\/div>\n    <\/div>\n<\/section><\/div><\/div><\/div><\/div><\/section><section data-kc-equalheight=\"true\" data-kc-equalheight-align=\"top\" class=\"kc-elm kc-css-929520 kc_row\"><div class=\"kc-row-container  kc-container\"><div class=\"kc-wrap-columns\"><div class=\"kc-elm kc-css-99719 kc_col-sm-4 kc_column kc_col-sm-4\"><div class=\"kc-col-container\"><div class=\"kc-elm kc-css-515727 kc-feature-boxes kc-fb-layout-2\">\n\n\t<figure class=\"content-image\"><img src=\"https:\/\/label-engineering.eu\/wp-content\/uploads\/2020\/11\/01010014-1.jpg\" alt=\"\"><\/figure><div class=\"content-title\">Application d\u2019\u00e9tiquettes autocollantes pr\u00e9-imprim\u00e9es<\/div><div class=\"content-desc\">\u00c9tiqueteuses automatiques \r\nen diff\u00e9rentes laizes pour permettre l'application \r\njusqu'\u00e0 300 mm, avec vitesses de distribution jusqu'\u00e0 \r\n100 m\u00e8tres\/min selon le mod\u00e8le de machine.\r\n<\/div>\n<\/div>\n<\/div><\/div><div class=\"kc-elm kc-css-574906 kc_col-sm-4 kc_column kc_col-sm-4\"><div class=\"kc-col-container\"><div class=\"kc-elm kc-css-343757 kc-feature-boxes kc-fb-layout-2\">\n\n\t<figure class=\"content-image\"><img src=\"https:\/\/label-engineering.eu\/wp-content\/uploads\/2020\/11\/stampa-e-applica.jpg\" alt=\"\"><\/figure><div class=\"content-title\">Syst\u00e8me Impression et Pose<\/div><div class=\"content-desc\">Syst\u00e8mes d'impression et pose d'\u00e9tiquettes autocollantes soit sur produits en mouvement qu\u2019en temps r\u00e9el.<\/div>\n<\/div>\n<\/div><\/div><div class=\"kc-elm kc-css-861648 kc_col-sm-4 kc_column kc_col-sm-4\"><div class=\"kc-col-container\"><div class=\"kc-elm kc-css-843735 kc-feature-boxes kc-fb-layout-2\">\n\n\t<figure class=\"content-image\"><img src=\"https:\/\/label-engineering.eu\/wp-content\/uploads\/2020\/11\/02260040.jpg\" alt=\"\"><\/figure><div class=\"content-title\">PROJETS SP\u00c9CIAUX<\/div><div class=\"content-desc\">Dispositifs d'\u00e9tiquetage ou de manipulation sur mesure pour r\u00e9pondre aux besoins sp\u00e9cifiques des applications.<\/div>\n<\/div>\n<\/div><\/div><\/div><\/div><\/section><\/p>\n","protected":false},"excerpt":{"rendered":"","protected":false},"author":1,"featured_media":0,"parent":0,"menu_order":0,"comment_status":"closed","ping_status":"closed","template":"tpl-king-composer.php","meta":[],"tags":[],"yoast_head":"<!-- This site is optimized with the Yoast SEO plugin v15.3 - https:\/\/yoast.com\/wordpress\/plugins\/seo\/ -->\n<title>Syst\u00e8mes pour l\u2019Etiquetage - Label Engineering<\/title>\n<meta name=\"robots\" content=\"index, follow, max-snippet:-1, max-image-preview:large, max-video-preview:-1\" \/>\n<link rel=\"canonical\" href=\"https:\/\/label-engineering.eu\/fr\/systemes-pour-letiquetage\/\" \/>\n<meta property=\"og:locale\" content=\"fr_FR\" \/>\n<meta property=\"og:type\" content=\"article\" \/>\n<meta property=\"og:title\" content=\"Syst\u00e8mes pour l\u2019Etiquetage - Label Engineering\" \/>\n<meta property=\"og:description\" content=\"Syst\u00e8mes pour Etiquetage et Identification Automatique Label Engineering con\u00e7oit et fabrique syst\u00e8mes et lignes d&#8217;\u00e9tiquetage capables d&#8217;appliquer, d&#8217;imprimer, de coder et de v\u00e9rifier les \u00e9tiquettes autocollantes sur bien de consommation conditionn\u00e9s. Digital Printing There are many people variation of passages of lorem Ipsum available in the majority have suffer alteration in some. Digital Printing There\" \/>\n<meta property=\"og:url\" content=\"https:\/\/label-engineering.eu\/fr\/systemes-pour-letiquetage\/\" \/>\n<meta property=\"og:site_name\" content=\"Label Engineering\" \/>\n<meta property=\"article:modified_time\" content=\"2021-09-13T08:12:36+00:00\" \/>\n<meta property=\"og:image\" content=\"http:\/\/label-engineering.eu\/wp-content\/uploads\/2020\/11\/01010014-1.jpg\" \/>\n<meta name=\"twitter:card\" content=\"summary_large_image\" \/>\n<meta name=\"twitter:label1\" content=\"\u00c9crit par\">\n\t<meta name=\"twitter:data1\" content=\"interjob\">\n\t<meta name=\"twitter:label2\" content=\"Dur\u00e9e de lecture est.\">\n\t<meta name=\"twitter:data2\" content=\"1 minute\">\n<script type=\"application\/ld+json\" class=\"yoast-schema-graph\">{\"@context\":\"https:\/\/schema.org\",\"@graph\":[{\"@type\":\"WebSite\",\"@id\":\"https:\/\/label-engineering.eu\/#website\",\"url\":\"https:\/\/label-engineering.eu\/\",\"name\":\"Label Engineering\",\"description\":\"Sistemi di etichettatura all&#039;avanguardia\",\"potentialAction\":[{\"@type\":\"SearchAction\",\"target\":\"https:\/\/label-engineering.eu\/?s={search_term_string}\",\"query-input\":\"required name=search_term_string\"}],\"inLanguage\":\"fr-FR\"},{\"@type\":\"ImageObject\",\"@id\":\"https:\/\/label-engineering.eu\/fr\/systemes-pour-letiquetage\/#primaryimage\",\"inLanguage\":\"fr-FR\",\"url\":\"http:\/\/label-engineering.eu\/wp-content\/uploads\/2020\/11\/01010014-1.jpg\"},{\"@type\":\"WebPage\",\"@id\":\"https:\/\/label-engineering.eu\/fr\/systemes-pour-letiquetage\/#webpage\",\"url\":\"https:\/\/label-engineering.eu\/fr\/systemes-pour-letiquetage\/\",\"name\":\"Syst\\u00e8mes pour l\\u2019Etiquetage - Label Engineering\",\"isPartOf\":{\"@id\":\"https:\/\/label-engineering.eu\/#website\"},\"primaryImageOfPage\":{\"@id\":\"https:\/\/label-engineering.eu\/fr\/systemes-pour-letiquetage\/#primaryimage\"},\"datePublished\":\"2020-11-18T11:51:20+00:00\",\"dateModified\":\"2021-09-13T08:12:36+00:00\",\"inLanguage\":\"fr-FR\",\"potentialAction\":[{\"@type\":\"ReadAction\",\"target\":[\"https:\/\/label-engineering.eu\/fr\/systemes-pour-letiquetage\/\"]}]}]}<\/script>\n<!-- \/ Yoast SEO plugin. -->","_links":{"self":[{"href":"https:\/\/label-engineering.eu\/fr\/wp-json\/wp\/v2\/pages\/1423"}],"collection":[{"href":"https:\/\/label-engineering.eu\/fr\/wp-json\/wp\/v2\/pages"}],"about":[{"href":"https:\/\/label-engineering.eu\/fr\/wp-json\/wp\/v2\/types\/page"}],"author":[{"embeddable":true,"href":"https:\/\/label-engineering.eu\/fr\/wp-json\/wp\/v2\/users\/1"}],"replies":[{"embeddable":true,"href":"https:\/\/label-engineering.eu\/fr\/wp-json\/wp\/v2\/comments?post=1423"}],"version-history":[{"count":13,"href":"https:\/\/label-engineering.eu\/fr\/wp-json\/wp\/v2\/pages\/1423\/revisions"}],"predecessor-version":[{"id":4654,"href":"https:\/\/label-engineering.eu\/fr\/wp-json\/wp\/v2\/pages\/1423\/revisions\/4654"}],"wp:attachment":[{"href":"https:\/\/label-engineering.eu\/fr\/wp-json\/wp\/v2\/media?parent=1423"}],"wp:term":[{"taxonomy":"post_tag","embeddable":true,"href":"https:\/\/label-engineering.eu\/fr\/wp-json\/wp\/v2\/tags?post=1423"}],"curies":[{"name":"wp","href":"https:\/\/api.w.org\/{rel}","templated":true}]}}