{"id":1427,"date":"2019-03-25T05:07:25","date_gmt":"2019-03-25T05:07:25","guid":{"rendered":"http:\/\/label-engineering.eu\/azienda\/"},"modified":"2021-09-20T17:17:21","modified_gmt":"2021-09-20T15:17:21","slug":"entreprise","status":"publish","type":"page","link":"https:\/\/label-engineering.eu\/fr\/entreprise\/","title":{"rendered":"Entreprise"},"content":{"rendered":"<p><section data-kc-fullwidth=\"content\" class=\"kc-elm kc-css-244504 kc_row\"><div class=\"kc-row-container\"><div class=\"kc-wrap-columns\"><div class=\"kc-elm kc-css-584286 kc_col-sm-12 kc_column kc_col-sm-12\"><div class=\"kc-col-container\"><section class=\" welcome-section sec-pad\">\n    <div class=\"thm-container\">\n        <div class=\"row\">\n            <div class=\"col-md-6\">\n                \n\t\t\t\t\t\t\t\t<div class=\"welcome-img-box\">\n                    <img src=\"http:\/\/label-engineering.eu\/wp-content\/uploads\/2020\/11\/01010015_1-e1605793437663.jpg\" alt=\"Image\"\/>\n                <\/div>\n\t\t\t\t\t\t\t\t\n            <\/div>\n            <div class=\"col-md-6\">\n                <div class=\"welcome-content\">\n                    <div class=\"title\">\n                        <p>Les protagonistes dans le monde de l:apos:\u00e9tiquetage<\/p>\n                        <h3>LABEL ENGINEERING<\/h3>\n                    <\/div>\n                    <p>La cr\u00e9ation de <strong>Label Engineering<\/strong>, qui a eu lieu en 1998, est l'aboutissement naturel d'ann\u00e9es d'exp\u00e9rience dans le domaine de l'\u00e9tiquetage et de l'identification vant\u00e9es par ses fondateurs.<br>\r\nGr\u00e2ce \u00e0 une croissance technique constante et aux technologies de pointe utilis\u00e9es, Label Engineering est  en mesure de r\u00e9pondre aux diff\u00e9rents besoins d'\u00e9tiquetage et d'identification que tous les secteurs de production requi\u00e8rent: <i>solutions pour l'application d'\u00e9tiquettes pr\u00e9-imprim\u00e9es sur bobines, syst\u00e8mes d\u2019Impression et Pose qui int\u00e8grent, selon la version, groupes d'impression 4\"et 6\" ou imprimantes 8\" ou 12\", dispositif de codage et d'identification.<\/i>\r\n<br><br>\r\nL'innovation, la comp\u00e9tence et la technologie, associ\u00e9es \u00e0 un r\u00e9seau de vente national et international bien ancr\u00e9 dans les secteurs de comp\u00e9tence, sont les \u00e9l\u00e9ments qui ont contribu\u00e9 \u00e0 rendre Label Engineering le point de r\u00e9f\u00e9rence dans le monde de l'\u00e9tiquetage pour les entreprises de haut niveau qui composent le panorama international de l'agroalimentaire, de la cosm\u00e9tique, de la logistique et du secteur de l\u2019automobile.\r\n<\/p>\n                    \n\t\t\t\t\t\t\t\t\t\t\n                <\/div>\n            <\/div>\n        <\/div>\n    <\/div>\n<\/section><\/div><\/div><\/div><\/div><\/section><section data-kc-fullwidth=\"content\" class=\"kc-elm kc-css-720739 kc_row\"><div class=\"kc-row-container\"><div class=\"kc-wrap-columns\"><div class=\"kc-elm kc-css-698840 kc_col-sm-12 kc_column kc_col-sm-12\"><div class=\"kc-col-container\"><section class=\"home-slide faq-section\">\n    <div class=\"thm-container\">\n        <div class=\"row\">\n            <div class=\"col-md-5\">\n                <div class=\"we-believe-carousel owl-carousel owl-theme\">\n                    \n\t\t\t\t\t\t\t\t\t\t\n\t\t\t\t\t<div class=\"item\">\n                        <div class=\"single-we-believe text-center\">\n                            <div class=\"img-box\">\n                                \n\t\t\t\t\t\t\t\t\t\t\t\t\t\t\t\t<img src=\"https:\/\/label-engineering.eu\/wp-content\/uploads\/2020\/11\/etichettatrici.jpg\" alt=\"Image\"\/>\n\t\t\t\t\t\t\t\t\t\t\t\t\t\t\t\t\n                            <\/div>\n                            <div class=\"text-box\">\n                                <h3>Etiqueteuses <br>Label Engineering<\/h3>\n                                <p>Disponibles en diff\u00e9rentes laizes pour permettre l'application d'\u00e9tiquettes d'une largeur de min. 10 mm \u00e0 max. 300 mm, vitesse de sortie de 5 \u00e0 100 m\u00e8tres\/min., selon le mod\u00e8le de machine, l'\u00e9quipement et le type de contr\u00f4leur \u00e9lectronique.<br> Label Engineering propose \u00e9galement imprimantes \u00e0 transfert thermique, rubans et t\u00eates d'impression TTR, \u00e9tiquettes neutres et logiciels pour la cr\u00e9ation et l'impression d'\u00e9tiquettes.<\/p>\n                                \n\t\t\t\t\t\t\t\t\t\t\t\t\t\t\t\t<a href=\"https:\/\/label-engineering.eu\/fr\/etiquetage-sur-mesure-pour-tous-les-secteurs\/\" class=\"thm-btn yellow-bg\">D\u00e9couvrez nos lignes<\/a>\n\t\t\t\t\t\t\t\t\t\t\t\t\t\t\t\t\n                            <\/div>\n                        <\/div>\n                    <\/div>\n                    \n\t\t\t\t\t\t\t\t\t\t\n\t\t\t\t\t<div class=\"item\">\n                        <div class=\"single-we-believe text-center\">\n                            <div class=\"img-box\">\n                                \n\t\t\t\t\t\t\t\t\t\t\t\t\t\t\t\t<img src=\"https:\/\/label-engineering.eu\/wp-content\/uploads\/2021\/04\/linee-di-etichettatura.jpg\" alt=\"Image\"\/>\n\t\t\t\t\t\t\t\t\t\t\t\t\t\t\t\t\n                            <\/div>\n                            <div class=\"text-box\">\n                                <h3>Syst\u00e8mes<br>Impression et Pose<\/h3>\n                                <p><strong>LABEL ENGINEERING<\/strong> fabrique syst\u00e8mes d'impression et pose d'\u00e9tiquettes en int\u00e9grant imprimantes industrielles et moteurs d'impression des plus grands fabricants mondiaux, tels que ZEBRA, SATO, NOVEXX et TSC. \r\nDans la large gamme de solutions standards et sp\u00e9ciales, un grand int\u00e9r\u00eat est r\u00e9serv\u00e9 aux syst\u00e8mes d'application sur palettes d'une ou plusieurs \u00e9tiquettes au <strong>format A5<\/strong>, en plus des versions au <strong>format A4 et A3.<\/strong><\/p>\n                                \n\t\t\t\t\t\t\t\t\t\t\t\t\t\t\t\t<a href=\"https:\/\/label-engineering.eu\/fr\/systemes-pour-letiquetage\/\" class=\"thm-btn yellow-bg\">D\u00e9couvrez nos lignes<\/a>\n\t\t\t\t\t\t\t\t\t\t\t\t\t\t\t\t\n                            <\/div>\n                        <\/div>\n                    <\/div>\n                    \n\t\t\t\t\t                <\/div><!-- \/.we-believe-carousel -->\n            <\/div><!-- \/.col-md-5 -->\n            <div class=\"col-md-7\">\n                <div class=\"faq-content\">\n                    <div class=\"title\">\n                        <span>Points de force<\/span>\n                        <h2>Pourquoi choisir<br> Label Engineering<\/h2>\n                    <\/div><!-- \/.title -->\n                    <div class=\"accrodion-grp\" data-grp-name=\"faq-accrodion\">\n                        \n\t\t\t\t\t\t\t\t\t\t\t\t\n\t\t\t\t\t\t<div class=\"accrodion active\">\n                            <div class=\"accrodion-title\">\n                                <h4>CONNAISSANCE et COMP\u00c9TENCE<\/h4>\n                            <\/div>\n                            <div class=\"accrodion-content\">\n                                <p><\/p>\n                                <p>Les connaissances techniques de nos designers nous permettent de proposer la solution la plus adapt\u00e9e \u00e0 chaque besoin d\u2019\u00e9tiquetage.<br>\r\nLa comp\u00e9tence de nos ing\u00e9nieurs assure la v\u00e9rification et le suivi du cycle de production dans toutes ses phases, la pr\u00e9cision dans l'\u00e9laboration de la documentation technique et des certifications n\u00e9cessaires, dans le respect des lois et directives europ\u00e9ennes.\r\n<\/p>\n                            <\/div>\n                        <\/div>\n                        \n\t\t\t\t\t\t\t\t\t\t\t\t\n\t\t\t\t\t\t<div class=\"accrodion \">\n                            <div class=\"accrodion-title\">\n                                <h4>FIABILIT\u00c9 DE NOS SYST\u00c8MES<\/h4>\n                            <\/div>\n                            <div class=\"accrodion-content\">\n                                <p><\/p>\n                                <p>Plus de 20 ans d'activit\u00e9 dans le domaine de l'\u00e9tiquetage et les investissements li\u00e9s au d\u00e9veloppement technologique, nous ont permis de produire et de fournir des syst\u00e8mes d'\u00e9tiquetage et d'identification extr\u00eamement fiables, conformes aux crit\u00e8res de s\u00e9curit\u00e9 que le monde de l\u2019emballage exige.<\/p>\n                            <\/div>\n                        <\/div>\n                        \n\t\t\t\t\t\t\t\t\t\t\t\t\n\t\t\t\t\t\t<div class=\"accrodion \">\n                            <div class=\"accrodion-title\">\n                                <h4>ASSISTANCE TECHNIQUE ET APR\u00c8S-VENTE<\/h4>\n                            <\/div>\n                            <div class=\"accrodion-content\">\n                                <p><\/p>\n                                <p>Aspect fondamental dans la relation client\/fournisseur est  la disponibilit\u00e9 imm\u00e9diate de nos ing\u00e9nieurs pour r\u00e9pondre rapidement et pr\u00e9cis\u00e9ment aux besoins des clients.<\/p>\n                            <\/div>\n                        <\/div>\n                        \n\t\t\t\t\t\t\t\t\t\t\t\t\n\t\t\t\t\t\t<div class=\"accrodion \">\n                            <div class=\"accrodion-title\">\n                                <h4>RAPPORT QUALIT\u00c9 PRIX<\/h4>\n                            <\/div>\n                            <div class=\"accrodion-content\">\n                                <p><\/p>\n                                <p>Ce n'est pas nous qui le disons mais nos clients qui l\u2019affirment.<\/p>\n                            <\/div>\n                        <\/div>\n                        \n\t\t\t\t\t\t                    <\/div>\n                <\/div><!-- \/.faq-content -->\n            <\/div><!-- \/.col-md-7 -->\n        <\/div><!-- \/.row -->\n    <\/div><!-- \/.thm-container -->\n<\/section><\/div><\/div><\/div><\/div><\/section><section class=\"kc-elm kc-css-735172 kc_row\"><div class=\"kc-row-container  kc-container\"><div class=\"kc-wrap-columns\"><div class=\"kc-elm kc-css-430143 kc_col-sm-12 kc_column kc_col-sm-12\"><div class=\"kc-col-container\">   \n\t\t\t\n\t\t\t\t<\/div><\/div><\/div><\/div><\/section><\/p>\n","protected":false},"excerpt":{"rendered":"","protected":false},"author":1,"featured_media":0,"parent":0,"menu_order":0,"comment_status":"closed","ping_status":"closed","template":"tpl-king-composer.php","meta":[],"tags":[],"yoast_head":"<!-- This site is optimized with the Yoast SEO plugin v15.3 - https:\/\/yoast.com\/wordpress\/plugins\/seo\/ -->\n<title>Entreprise - Label Engineering<\/title>\n<meta name=\"robots\" content=\"index, follow, max-snippet:-1, max-image-preview:large, max-video-preview:-1\" \/>\n<link rel=\"canonical\" href=\"https:\/\/label-engineering.eu\/fr\/entreprise\/\" \/>\n<meta property=\"og:locale\" content=\"fr_FR\" \/>\n<meta property=\"og:type\" content=\"article\" \/>\n<meta property=\"og:title\" content=\"Entreprise - Label Engineering\" \/>\n<meta property=\"og:description\" content=\"Les protagonistes dans le monde de l&#039;\u00e9tiquetage LABEL ENGINEERING La cr\u00e9ation de Label Engineering, qui a eu lieu en 1998, est l&#8217;aboutissement naturel d&#8217;ann\u00e9es d&#8217;exp\u00e9rience dans le domaine de l&#8217;\u00e9tiquetage et de l&#8217;identification vant\u00e9es par ses fondateurs. Gr\u00e2ce \u00e0 une croissance technique constante et aux technologies de pointe utilis\u00e9es, Label Engineering est en mesure de\" \/>\n<meta property=\"og:url\" content=\"https:\/\/label-engineering.eu\/fr\/entreprise\/\" \/>\n<meta property=\"og:site_name\" content=\"Label Engineering\" \/>\n<meta property=\"article:modified_time\" content=\"2021-09-20T15:17:21+00:00\" \/>\n<meta property=\"og:image\" content=\"http:\/\/label-engineering.eu\/wp-content\/uploads\/2020\/11\/01010015_1-e1605793437663.jpg\" \/>\n<meta name=\"twitter:card\" content=\"summary_large_image\" \/>\n<meta name=\"twitter:label1\" content=\"\u00c9crit par\">\n\t<meta name=\"twitter:data1\" content=\"interjob\">\n\t<meta name=\"twitter:label2\" content=\"Dur\u00e9e de lecture est.\">\n\t<meta name=\"twitter:data2\" content=\"2 minutes\">\n<script type=\"application\/ld+json\" class=\"yoast-schema-graph\">{\"@context\":\"https:\/\/schema.org\",\"@graph\":[{\"@type\":\"WebSite\",\"@id\":\"https:\/\/label-engineering.eu\/#website\",\"url\":\"https:\/\/label-engineering.eu\/\",\"name\":\"Label Engineering\",\"description\":\"Sistemi di etichettatura all&#039;avanguardia\",\"potentialAction\":[{\"@type\":\"SearchAction\",\"target\":\"https:\/\/label-engineering.eu\/?s={search_term_string}\",\"query-input\":\"required name=search_term_string\"}],\"inLanguage\":\"fr-FR\"},{\"@type\":\"ImageObject\",\"@id\":\"https:\/\/label-engineering.eu\/fr\/entreprise\/#primaryimage\",\"inLanguage\":\"fr-FR\",\"url\":\"http:\/\/label-engineering.eu\/wp-content\/uploads\/2020\/11\/01010015_1-e1605793437663.jpg\"},{\"@type\":\"WebPage\",\"@id\":\"https:\/\/label-engineering.eu\/fr\/entreprise\/#webpage\",\"url\":\"https:\/\/label-engineering.eu\/fr\/entreprise\/\",\"name\":\"Entreprise - Label Engineering\",\"isPartOf\":{\"@id\":\"https:\/\/label-engineering.eu\/#website\"},\"primaryImageOfPage\":{\"@id\":\"https:\/\/label-engineering.eu\/fr\/entreprise\/#primaryimage\"},\"datePublished\":\"2019-03-25T05:07:25+00:00\",\"dateModified\":\"2021-09-20T15:17:21+00:00\",\"inLanguage\":\"fr-FR\",\"potentialAction\":[{\"@type\":\"ReadAction\",\"target\":[\"https:\/\/label-engineering.eu\/fr\/entreprise\/\"]}]}]}<\/script>\n<!-- \/ Yoast SEO plugin. -->","_links":{"self":[{"href":"https:\/\/label-engineering.eu\/fr\/wp-json\/wp\/v2\/pages\/1427"}],"collection":[{"href":"https:\/\/label-engineering.eu\/fr\/wp-json\/wp\/v2\/pages"}],"about":[{"href":"https:\/\/label-engineering.eu\/fr\/wp-json\/wp\/v2\/types\/page"}],"author":[{"embeddable":true,"href":"https:\/\/label-engineering.eu\/fr\/wp-json\/wp\/v2\/users\/1"}],"replies":[{"embeddable":true,"href":"https:\/\/label-engineering.eu\/fr\/wp-json\/wp\/v2\/comments?post=1427"}],"version-history":[{"count":25,"href":"https:\/\/label-engineering.eu\/fr\/wp-json\/wp\/v2\/pages\/1427\/revisions"}],"predecessor-version":[{"id":5736,"href":"https:\/\/label-engineering.eu\/fr\/wp-json\/wp\/v2\/pages\/1427\/revisions\/5736"}],"wp:attachment":[{"href":"https:\/\/label-engineering.eu\/fr\/wp-json\/wp\/v2\/media?parent=1427"}],"wp:term":[{"taxonomy":"post_tag","embeddable":true,"href":"https:\/\/label-engineering.eu\/fr\/wp-json\/wp\/v2\/tags?post=1427"}],"curies":[{"name":"wp","href":"https:\/\/api.w.org\/{rel}","templated":true}]}}