{"id":4667,"date":"2021-08-19T15:13:25","date_gmt":"2021-08-19T13:13:25","guid":{"rendered":"http:\/\/label-engineering.eu\/?page_id=4667"},"modified":"2021-09-22T10:52:54","modified_gmt":"2021-09-22T08:52:54","slug":"apply-code-128-2","status":"publish","type":"page","link":"https:\/\/label-engineering.eu\/fr\/apply-code-128-2\/","title":{"rendered":"Apply Code 128\/2"},"content":{"rendered":"<p><section class=\"kc-elm kc-css-778368 kc_row\"><div class=\"kc-row-container  kc-container\"><div class=\"kc-wrap-columns\"><div class=\"kc-elm kc-css-54559 kc_col-sm-12 kc_column kc_col-sm-12\"><div class=\"kc-col-container\"><section class=\" what-we-do sec-pad\">\n    <div class=\"thm-container\">\n        <div class=\"sec-title text-center\">\n            <span>Solutions Label Engineering<\/span>\n            <h3>Systeme Impression &amp; Pose<\/h3>\n            <p>Double syst\u00e8me d'impression et  pose mod. CODE APPY sur 2 niveaux. A partir de l'\u00e9volution du module APPLY CODE 128 et des besoins sp\u00e9cifiques du client, on a d\u00e9velopp\u00e9 un dispositif pour l'application d'un DOUBLE ETIQUETTE, chacune au format A5, SUR PALETTE.<\/p>\n        <\/div>\n        <div class=\"row\">\n            <div class=\"col-lg-6 col-md-12\">\n                <div class=\"single-what-we-do\">\n                    \n\t\t\t\t\t\t\t\t\t\t\n                    <div class=\"text-box hvr-bounce-to-bottom\">\n                        <a href=\"#\"><h3><\/h3><\/a>\n                        <p><\/p>\n                        <a href=\"#\" class=\"read-more fas fa-angle-right\"><\/a>\n                    <\/div>\n                <\/div>\n            <\/div>\n            <div class=\"col-lg-6 col-md-12\">\n                <div class=\"row\">\n                    \n\t\t\t\t\t\t\t\t\t\t\n\t\t\t\t\t<div class=\"col-sm-2\">\n                        <div class=\"single-what-we-do-one hvr-bounce-to-bottom\">\n                            <i class=\"printify-icon fa-star\"><\/i>\n                            <a href=\"\"><h3><\/h3><\/a>\n                            <p><\/p>\n                            <a href=\"\" class=\"read-more fas fa-angle-right\"><\/a>\n                        <\/div>\n                    <\/div>\n                    \n\t\t\t\t\t                <\/div>\n            <\/div>\n        <\/div>\n    <\/div>\n<\/section><\/div><\/div><\/div><\/div><\/section><section class=\"kc-elm kc-css-336326 kc_row\"><div class=\"kc-row-container  kc-container\"><div class=\"kc-wrap-columns\"><div class=\"kc-elm kc-css-380672 kc_col-sm-7 kc_column kc_col-sm-7\"><div class=\"kc-col-container\"><div class=\"kc-elm kc-css-642768 kc_text_block\"><\/p>\n<p>\nLa particularit\u00e9 de ce module est la n\u00e9cessit\u00e9 de travailler sur des <strong>palettes d&#039;une hauteur de 3,5 m\u00e8tres du sol.<\/strong><\/p>\n<p>La structure de support, en aluminium anodis\u00e9, a \u00e9t\u00e9 con\u00e7ue pour <strong>accueillir 2 moteurs d&#039;impression 6\"<\/strong>, le porte-bobine, l&#039;unit\u00e9 de rembobinage du papier silicon\u00e9 et les cylindres d&#039;application.<\/p>\n<p>Le syst\u00e8me est compl\u00e9t\u00e9 par une protection \u00e9quip\u00e9e de portes \u00e0 double ouverture avec interrupteurs de s\u00e9curit\u00e9 pour l&#039;acc\u00e8s et l&#039;inspection de la machine.<\/p>\n<p><strong>Double syst\u00e8me Impression et Pose sp\u00e9cifique pour une application en temps r\u00e9el sur palettes avec une hauteur du sol de 3,5 mt.<\/strong><\/p>\n<p>\n<\/div><div class=\"kc-elm kc-css-571466 kc_text_block\"><\/p>\n<p>\n<b>Moteurs d\u2019impression <\/b><br \/>\n<a href=\"https:\/\/label-engineering.eu\/wp-content\/uploads\/2021\/09\/bloc-ZE500-Zebra-1.pdf\" target=\"_blank\" rel=\"noopener noreferrer\">Zebra<\/a>, <a href=\"https:\/\/label-engineering.eu\/wp-content\/uploads\/2021\/09\/sato-s84-ex-s86-ex-datasheet-french.pdf\">Sato<\/a>, <a href=\"https:\/\/label-engineering.eu\/wp-content\/uploads\/2021\/09\/pex-1000_fr_datasheet_16062020.pdf\" target=\"_blank\" rel=\"noopener noreferrer\">TSC<\/a>, <a href=\"https:\/\/label-engineering.eu\/wp-content\/uploads\/2021\/09\/Fiche_technique_Avery_Novexx_DPM_PEM.pdf\" target=\"_blank\" rel=\"noopener noreferrer\">Novexx<\/a><\/p>\n<p>\n<\/div><\/div><\/div><div class=\"kc-elm kc-css-529924 kc_col-sm-5 kc_column kc_col-sm-5\"><div class=\"kc-col-container\"><div class=\"kc-elm kc-css-464659 kc-raw-code\"><!--<div class=\"video-box\" ><img src=\"https:\/\/label-engineering.eu\/wp-content\/uploads\/2021\/03\/APPLY-CODE-128-DOPPIO.jpg\" alt=\"Image\"\/>\r\n<a href=\"https:\/\/www.youtube.com\/watch?v=qEwTWqNQFz8\" class=\"video-btn html5lightbox ripple\"><i class=\"fas fa-play\"><\/i><\/a>\r\n<\/div>--!>\r\n\r\n<img src=\"https:\/\/label-engineering.eu\/wp-content\/uploads\/2021\/03\/APPLY-CODE-128-DOPPIO.jpg\" alt=\"Image\"\/><\/div><\/div><\/div><\/div><\/div><\/section><section class=\"kc-elm kc-css-934250 kc_row\"><div class=\"kc-row-container  kc-container\"><div class=\"kc-wrap-columns\"><div class=\"kc-elm kc-css-17352 kc_col-sm-2 kc_column kc_col-sm-2\"><div class=\"kc-col-container\"><\/div><\/div><div class=\"kc-elm kc-css-82448 kc_col-sm-8 kc_column kc_col-sm-8\"><div class=\"kc-col-container\"><div class=\"kc-elm kc-css-16887 kc_row kc_row_inner\"><div class=\"kc-elm kc-css-548123 kc_col-sm-6 kc_column_inner kc_col-sm-6\"><div class=\"kc_wrapper kc-col-inner-container\"><div class=\"kc-elm kc-css-375697 kc_text_block\"><\/p>\n<p>\n<strong>Groupe d\u2019impression<\/strong><\/p>\n<table id=\"table-mod\" width=\"100%\">\n<tbody>\n<tr>\n<td width=\"164\">M\u00e9thode d&#039;impression<\/td>\n<td width=\"86\">transfert thermique et \/ ou thermique direct<\/td>\n<\/tr>\n<tr>\n<td>Largeur d&#039;impression<\/td>\n<td>6\"<\/td>\n<\/tr>\n<tr>\n<td>R\u00e9solution d&#039;impression<\/td>\n<td>300 dpi<\/td>\n<\/tr>\n<tr>\n<td>Interface<\/td>\n<td>Ethernet<\/td>\n<\/tr>\n<\/tbody>\n<\/table>\n<p>\n<\/div><\/div><\/div><div class=\"kc-elm kc-css-447152 kc_col-sm-6 kc_column_inner kc_col-sm-6\"><div class=\"kc_wrapper kc-col-inner-container\"><div class=\"kc-elm kc-css-64109 kc_text_block\"><\/p>\n<p>\n<strong>Groupe applicateur<\/strong><\/p>\n<table id=\"table-mod\" width=\"100%\">\n<tbody>\n<tr>\n<td width=\"164\">Plaque d\u2019application<\/td>\n<td width=\"86\">150&#215;210 mm<\/td>\n<\/tr>\n<tr>\n<td>Course du v\u00e9rin principal<\/td>\n<td>700 mm<\/td>\n<\/tr>\n<tr>\n<td><strong>Configuration d\u2019application<\/strong><\/td>\n<td><strong>par contact<\/strong><\/td>\n<\/tr>\n<\/tbody>\n<\/table>\n<p>\n<\/div><\/div><\/div><\/div><\/div><\/div><div class=\"kc-elm kc-css-337313 kc_col-sm-2 kc_column kc_col-sm-2\"><div class=\"kc-col-container\"><\/div><\/div><\/div><\/div><\/section><section data-kc-fullwidth=\"content\" class=\"kc-elm kc-css-267905 kc_row\"><div class=\"kc-row-container\"><div class=\"kc-wrap-columns\"><div class=\"kc-elm kc-css-759923 kc_col-sm-12 kc_column kc_col-sm-12\"><div class=\"kc-col-container\"><div class=\"kc-elm kc-css-458457\">\n\t<div class=\"kc-carousel_images kc-elm kc-css-458457\">\n\t\n\t\t<div class=\"kc-carousel-images owl-carousel-images kc-sync1 \" data-owl-i-options='{\"items\":\"3\",\"tablet\":\"2\",\"mobile\":\"1\",\"speed\":\"500\",\"navigation\":\"\",\"pagination\":\"\",\"autoheight\":\"\",\"progressbar\":\"\",\"delay\":\"8\",\"autoplay\":\"yes\",\"showthumb\":\"\",\"num_thumb\":\"5\"}'>\n\t\n\t\t\t\t\t<div class=\"item\">\n\t\n\t\t\t<a class=\"kc-image-link kc-pretty-photo\" data-lightbox=\"kc-lightbox\" rel=\"prettyPhoto[458457]\" href=\"https:\/\/label-engineering.eu\/wp-content\/uploads\/2021\/05\/Immagine.png\"><img src=\"https:\/\/label-engineering.eu\/wp-content\/uploads\/2021\/05\/Immagine.png\" alt=\"\" \/><\/a>\t\n\t\t\t<\/div>\n\t\n\t\t\t\t\t<div class=\"item\">\n\t\n\t\t\t<a class=\"kc-image-link kc-pretty-photo\" data-lightbox=\"kc-lightbox\" rel=\"prettyPhoto[458457]\" href=\"https:\/\/label-engineering.eu\/wp-content\/uploads\/2021\/05\/APPLY-CODE-128-DOPPIO.jpg\"><img src=\"https:\/\/label-engineering.eu\/wp-content\/uploads\/2021\/05\/APPLY-CODE-128-DOPPIO.jpg\" alt=\"\" \/><\/a>\t\n\t\t\t<\/div>\n\t\n\t\t\t\t\t<div class=\"item\">\n\t\n\t\t\t<a class=\"kc-image-link kc-pretty-photo\" data-lightbox=\"kc-lightbox\" rel=\"prettyPhoto[458457]\" href=\"https:\/\/label-engineering.eu\/wp-content\/uploads\/2021\/05\/128-2e.png\"><img src=\"https:\/\/label-engineering.eu\/wp-content\/uploads\/2021\/05\/128-2e.png\" alt=\"\" \/><\/a>\t\n\t\t\t<\/div>\n\t\n\t\t\t\t\t<div class=\"item\">\n\t\n\t\t\t<a class=\"kc-image-link kc-pretty-photo\" data-lightbox=\"kc-lightbox\" rel=\"prettyPhoto[458457]\" href=\"https:\/\/label-engineering.eu\/wp-content\/uploads\/2021\/05\/128-2.png\"><img src=\"https:\/\/label-engineering.eu\/wp-content\/uploads\/2021\/05\/128-2.png\" alt=\"\" \/><\/a>\t\n\t\t\t<\/div>\n\t\n\t\t\t\n\t\t<\/div>\n\t\n\t\t\t<\/div>\n<\/div>\n<\/div><\/div><\/div><\/div><\/section><section data-kc-fullwidth=\"content\" class=\"kc-elm kc-css-736739 kc_row\"><div class=\"kc-row-container\"><div class=\"kc-wrap-columns\"><div class=\"kc-elm kc-css-834752 kc_col-sm-12 kc_column kc_col-sm-12\"><div class=\"kc-col-container\"><section class=\" service-details-cost-calculator sec-pad\">\n    <div class=\"thm-container\">\n        <div class=\"row\">\n           \n            <div class=\"col-md-12\">\n                <div class=\"table-responsive pricing-table\">\n                    <table class=\"table\">\n                        <thead>\n                            <tr>\n\n                            <th>Fiche technique<\/th>\n                            <th style=\"text-align: right;\"><a href=\"https:\/\/label-engineering.eu\/wp-content\/uploads\/2021\/09\/APPLY-CODE-128-doppio-livello-1.pdf\"><i class=\"printify-icon-big-brochure\"><\/i> SCARICA IL PDF<\/a><\/th>\n                            <\/tr>\n                        <\/thead>\n                        <tbody>\n                            \n\t\t\t\t\t\t\t\t\t\t\t\t\t\t\n\t\t\t\t\t\t\t<tr>\n                                <td><div class=\"inner\">Larghezza passaggio carta<\/div><\/td>\n                                <td><div class=\"inner\">30 mm min. \u2013 200 mm max<\/div><\/td>\n                            <\/tr>\n                            \n\t\t\t\t\t\t\t\t\t\t\t\t\t\t\n\t\t\t\t\t\t\t<tr>\n                                <td><div class=\"inner\">Lunghezza etichetta<\/div><\/td>\n                                <td><div class=\"inner\">30 mm min. \u2013 330 mm max<\/div><\/td>\n                            <\/tr>\n                            \n\t\t\t\t\t\t\t\t\t\t\t\t\t\t\n\t\t\t\t\t\t\t<tr>\n                                <td><div class=\"inner\">Portabobina<\/div><\/td>\n                                <td><div class=\"inner\">\u00d8 esterno 250 mm max<\/br>\r\n\u00d8 anima 40 mm<\/br>\r\n\u00d8 45\u201376 mm con adattatori<\/br>\r\n<\/div><\/td>\n                            <\/tr>\n                            \n\t\t\t\t\t\t\t\t\t\t\t\t\t\t\n\t\t\t\t\t\t\t<tr>\n                                <td><div class=\"inner\">Lettura interspazio etichette<\/div><\/td>\n                                <td><div class=\"inner\">con fotocellula a forcella<\/div><\/td>\n                            <\/tr>\n                            \n\t\t\t\t\t\t\t\t\t\t\t\t\t\t\n\t\t\t\t\t\t\t<tr>\n                                <td><div class=\"inner\">Regolazione pre erogazione<\/div><\/td>\n                                <td><div class=\"inner\">elettronica ad impostazione digitale<\/div><\/td>\n                            <\/tr>\n                            \n\t\t\t\t\t\t\t\t\t\t\t\t\t\t\n\t\t\t\t\t\t\t<tr>\n                                <td><div class=\"inner\">Velocit\u00e0 avanzamento etichetta<\/div><\/td>\n                                <td><div class=\"inner\">etichetta:~ 12 m\/min. (valore<\/div><\/td>\n                            <\/tr>\n                            \n\t\t\t\t\t\t\t\t\t\t\t\t\t\t\n\t\t\t\t\t\t\t<tr>\n                                <td><div class=\"inner\">Velocit\u00e0 rotazione prodotto<\/div><\/td>\n                                <td><div class=\"inner\">~ 12 m\/min. (valore fisso)<\/div><\/td>\n                            <\/tr>\n                            \n\t\t\t\t\t\t\t\t\t\t\t\t\t\t\n\t\t\t\t\t\t\t<tr>\n                                <td><div class=\"inner\">Selezione 1-2 etichette<\/div><\/td>\n                                <td><div class=\"inner\">elettronica ad impostazione digitale \r\n<\/div><\/td>\n                            <\/tr>\n                            \n\t\t\t\t\t\t\t\t\t\t\t\t\t\t\n\t\t\t\t\t\t\t<tr>\n                                <td><div class=\"inner\">Alimentazione elettrica<\/div><\/td>\n                                <td><div class=\"inner\">220-230 V, 50-60 Hz, 200 W\r\n<\/div><\/td>\n                            <\/tr>\n                            \n\t\t\t\t\t\t\t\t\t\t\t\t\t\t\n\t\t\t\t\t\t\t<tr>\n                                <td><div class=\"inner\">Dimensioni<\/div><\/td>\n                                <td><div class=\"inner\">750 x 450 x 450 mm<\/div><\/td>\n                            <\/tr>\n                            \n\t\t\t\t\t\t\t\t\t\t\t\t\t\t\n\t\t\t\t\t\t\t<tr>\n                                <td><div class=\"inner\">Peso<\/div><\/td>\n                                <td><div class=\"inner\">26 Kg. (bobina etichette esclusa)<\/div><\/td>\n                            <\/tr>\n                            \n\t\t\t\t\t\t\t                        <\/tbody>\n                    <\/table><!-- \/.table -->\n                <\/div><!-- \/.table-responsive -->\n            <\/div><!-- \/.col-md-8 -->\n\n\n\n\n\n\n        <\/div><!-- \/.row -->\n\n        <div class=\"row\">\n\n        <div class=\"col-md-12\">\n                <div class=\"cost-calc-content\">\n                    \n                    <p>Label Engineering se r\u00e9serve le droit d'apporter, sans pr\u00e9avis, des modifications de construction qui peuvent entra\u00eener des changements dans les caract\u00e9ristiques ou les performances indiqu\u00e9es.<\/p>\n                    \n\t\t\t\t\t\n\t\t\t\t\t\n                <\/div><!-- \/.cost-calc-content -->\n            <\/div><!-- \/.col-md-4 -->\n\n            <\/div><!-- \/.row -->\n\n    <\/div><!-- \/.thm-container -->\n<\/section><\/div><\/div><\/div><\/div><\/section><\/p>\n","protected":false},"excerpt":{"rendered":"<p>WR FEEDER \u00e8 un mettifoglio a frizione in grado di trattare fogli, cartellini, astucci e coupon stesi, disponibile in 3 versioni. Un potente motore passo-passo garantisce una velocit\u00e0 di alimentazione fino a 60 metri\/min.<\/p>\n","protected":false},"author":1,"featured_media":3355,"parent":0,"menu_order":0,"comment_status":"closed","ping_status":"closed","template":"tpl-king-composer.php","meta":[],"tags":[],"yoast_head":"<!-- This site is optimized with the Yoast SEO plugin v15.3 - https:\/\/yoast.com\/wordpress\/plugins\/seo\/ -->\n<title>Apply Code 128\/2 - Label Engineering<\/title>\n<meta name=\"robots\" content=\"index, follow, max-snippet:-1, max-image-preview:large, max-video-preview:-1\" \/>\n<link rel=\"canonical\" href=\"https:\/\/label-engineering.eu\/fr\/apply-code-128-2\/\" \/>\n<meta property=\"og:locale\" content=\"fr_FR\" \/>\n<meta property=\"og:type\" content=\"article\" \/>\n<meta property=\"og:title\" content=\"Apply Code 128\/2 - Label Engineering\" \/>\n<meta property=\"og:description\" content=\"WR FEEDER \u00e8 un mettifoglio a frizione in grado di trattare fogli, cartellini, astucci e coupon stesi, disponibile in 3 versioni. Un potente motore passo-passo garantisce una velocit\u00e0 di alimentazione fino a 60 metri\/min.\" \/>\n<meta property=\"og:url\" content=\"https:\/\/label-engineering.eu\/fr\/apply-code-128-2\/\" \/>\n<meta property=\"og:site_name\" content=\"Label Engineering\" \/>\n<meta property=\"article:modified_time\" content=\"2021-09-22T08:52:54+00:00\" \/>\n<meta property=\"og:image\" content=\"https:\/\/label-engineering.eu\/wp-content\/uploads\/2021\/03\/APPLY-CODE-128-DOPPIO.jpg\" \/>\n\t<meta property=\"og:image:width\" content=\"960\" \/>\n\t<meta property=\"og:image:height\" content=\"1280\" \/>\n<meta name=\"twitter:card\" content=\"summary_large_image\" \/>\n<meta name=\"twitter:label1\" content=\"\u00c9crit par\">\n\t<meta name=\"twitter:data1\" content=\"interjob\">\n\t<meta name=\"twitter:label2\" content=\"Dur\u00e9e de lecture est.\">\n\t<meta name=\"twitter:data2\" content=\"1 minute\">\n<script type=\"application\/ld+json\" class=\"yoast-schema-graph\">{\"@context\":\"https:\/\/schema.org\",\"@graph\":[{\"@type\":\"WebSite\",\"@id\":\"https:\/\/label-engineering.eu\/#website\",\"url\":\"https:\/\/label-engineering.eu\/\",\"name\":\"Label Engineering\",\"description\":\"Sistemi di etichettatura all&#039;avanguardia\",\"potentialAction\":[{\"@type\":\"SearchAction\",\"target\":\"https:\/\/label-engineering.eu\/?s={search_term_string}\",\"query-input\":\"required name=search_term_string\"}],\"inLanguage\":\"fr-FR\"},{\"@type\":\"ImageObject\",\"@id\":\"https:\/\/label-engineering.eu\/fr\/apply-code-128-2\/#primaryimage\",\"inLanguage\":\"fr-FR\",\"url\":\"https:\/\/label-engineering.eu\/wp-content\/uploads\/2021\/03\/APPLY-CODE-128-DOPPIO.jpg\",\"width\":960,\"height\":1280},{\"@type\":\"WebPage\",\"@id\":\"https:\/\/label-engineering.eu\/fr\/apply-code-128-2\/#webpage\",\"url\":\"https:\/\/label-engineering.eu\/fr\/apply-code-128-2\/\",\"name\":\"Apply Code 128\/2 - Label Engineering\",\"isPartOf\":{\"@id\":\"https:\/\/label-engineering.eu\/#website\"},\"primaryImageOfPage\":{\"@id\":\"https:\/\/label-engineering.eu\/fr\/apply-code-128-2\/#primaryimage\"},\"datePublished\":\"2021-08-19T13:13:25+00:00\",\"dateModified\":\"2021-09-22T08:52:54+00:00\",\"inLanguage\":\"fr-FR\",\"potentialAction\":[{\"@type\":\"ReadAction\",\"target\":[\"https:\/\/label-engineering.eu\/fr\/apply-code-128-2\/\"]}]}]}<\/script>\n<!-- \/ Yoast SEO plugin. -->","_links":{"self":[{"href":"https:\/\/label-engineering.eu\/fr\/wp-json\/wp\/v2\/pages\/4667"}],"collection":[{"href":"https:\/\/label-engineering.eu\/fr\/wp-json\/wp\/v2\/pages"}],"about":[{"href":"https:\/\/label-engineering.eu\/fr\/wp-json\/wp\/v2\/types\/page"}],"author":[{"embeddable":true,"href":"https:\/\/label-engineering.eu\/fr\/wp-json\/wp\/v2\/users\/1"}],"replies":[{"embeddable":true,"href":"https:\/\/label-engineering.eu\/fr\/wp-json\/wp\/v2\/comments?post=4667"}],"version-history":[{"count":8,"href":"https:\/\/label-engineering.eu\/fr\/wp-json\/wp\/v2\/pages\/4667\/revisions"}],"predecessor-version":[{"id":5773,"href":"https:\/\/label-engineering.eu\/fr\/wp-json\/wp\/v2\/pages\/4667\/revisions\/5773"}],"wp:featuredmedia":[{"embeddable":true,"href":"https:\/\/label-engineering.eu\/fr\/wp-json\/wp\/v2\/media\/3355"}],"wp:attachment":[{"href":"https:\/\/label-engineering.eu\/fr\/wp-json\/wp\/v2\/media?parent=4667"}],"wp:term":[{"taxonomy":"post_tag","embeddable":true,"href":"https:\/\/label-engineering.eu\/fr\/wp-json\/wp\/v2\/tags?post=4667"}],"curies":[{"name":"wp","href":"https:\/\/api.w.org\/{rel}","templated":true}]}}