{"id":4684,"date":"2021-08-19T15:46:37","date_gmt":"2021-08-19T13:46:37","guid":{"rendered":"http:\/\/label-engineering.eu\/?page_id=4684"},"modified":"2021-09-16T17:53:47","modified_gmt":"2021-09-16T15:53:47","slug":"apply-code","status":"publish","type":"page","link":"https:\/\/label-engineering.eu\/fr\/apply-code\/","title":{"rendered":"Apply Code"},"content":{"rendered":"<p><section class=\"kc-elm kc-css-33553 kc_row\"><div class=\"kc-row-container  kc-container\"><div class=\"kc-wrap-columns\"><div class=\"kc-elm kc-css-239857 kc_col-sm-12 kc_column kc_col-sm-12\"><div class=\"kc-col-container\"><section class=\" what-we-do sec-pad\">\n    <div class=\"thm-container\">\n        <div class=\"sec-title text-center\">\n            <span>Solutions Label Engineering<\/span>\n            <h3>Applicateur de feuille en format A3<\/h3>\n            <p>Dispositif d'impression et pose de feuilles au format A3 avec colle \u00e0 chaude. Le syst\u00e8me, mont\u00e9 sur une structure en fer \u00e0 int\u00e9grer \u00e0 la ligne de production existante, est \u00e9quip\u00e9 d'une imprimante laser adapt\u00e9e \u00e0 l'application en temps r\u00e9el de feuilles au format A3.<\/p>\n        <\/div>\n        <div class=\"row\">\n            <div class=\"col-lg-6 col-md-12\">\n                <div class=\"single-what-we-do\">\n                    \n\t\t\t\t\t\t\t\t\t\t\n                    <div class=\"text-box hvr-bounce-to-bottom\">\n                        <a href=\"#\"><h3><\/h3><\/a>\n                        <p><\/p>\n                        <a href=\"#\" class=\"read-more fas fa-angle-right\"><\/a>\n                    <\/div>\n                <\/div>\n            <\/div>\n            <div class=\"col-lg-6 col-md-12\">\n                <div class=\"row\">\n                    \n\t\t\t\t\t\t\t\t\t\t\n\t\t\t\t\t<div class=\"col-sm-2\">\n                        <div class=\"single-what-we-do-one hvr-bounce-to-bottom\">\n                            <i class=\"printify-icon fa-star\"><\/i>\n                            <a href=\"\"><h3><\/h3><\/a>\n                            <p><\/p>\n                            <a href=\"\" class=\"read-more fas fa-angle-right\"><\/a>\n                        <\/div>\n                    <\/div>\n                    \n\t\t\t\t\t                <\/div>\n            <\/div>\n        <\/div>\n    <\/div>\n<\/section><\/div><\/div><\/div><\/div><\/section><section class=\"kc-elm kc-css-69584 kc_row\"><div class=\"kc-row-container  kc-container\"><div class=\"kc-wrap-columns\"><div class=\"kc-elm kc-css-215894 kc_col-sm-7 kc_column kc_col-sm-7\"><div class=\"kc-col-container\"><div class=\"kc-elm kc-css-375926 kc_text_block\"><\/p>\n<p>\n<strong>Contextuellement \u00e0 la distribution de la feuille, le groupe de pulv\u00e9risation, dont le syst\u00e8me est \u00e9quip\u00e9, proc\u00e8de \u00e0 l&#039;application de la colle.<\/strong><\/p>\n<p>La ligne est compl\u00e9t\u00e9e par <strong>un dispositif qui collecte les feuilles et qui les transporte jusqu&#039;\u00e0 la zone d&#039;application <\/strong>o\u00f9 un v\u00e9rin pneumatique \u00e9quip\u00e9 d&#039;un PAD les r\u00e9cup\u00e8re pour proc\u00e9der \u00e0 l&#039;application.<\/p>\n<p><strong>Syst\u00e8me d&#039;impression et pose de feuilles A3, avec unit\u00e9 de pulv\u00e9risation de colle \u00e0 chaude.<\/strong><\/p>\n<p>\n<\/div><div class=\"kc-elm kc-css-277208 kc_shortcode kc_single_image\">\n\n        <img src=\"https:\/\/label-engineering.eu\/wp-content\/uploads\/2021\/03\/APPLICATOREFOGLIA3-02.png\" class=\"\" alt=\"\" \/>    <\/div>\n<\/div><\/div><div class=\"kc-elm kc-css-179591 kc_col-sm-5 kc_column kc_col-sm-5\"><div class=\"kc-col-container\"><div class=\"kc-elm kc-css-581532 kc-raw-code\"><div class=\"video-box\"  ><img src=\"https:\/\/label-engineering.eu\/wp-content\/uploads\/2021\/03\/APPLICAZIONE-FOGLI-A3.jpg\" alt=\"Image\" width=\"100%\"\/>\r\n<a href=\"https:\/\/www.youtube.com\/watch?v=lPXH7sUmnxQ\" class=\"video-btn html5lightbox ripple\"><i class=\"fas fa-play\"><\/i><\/a>\r\n<\/div><\/div><\/div><\/div><\/div><\/div><\/section><section class=\"kc-elm kc-css-119800 kc_row\"><div class=\"kc-row-container  kc-container\"><div class=\"kc-wrap-columns\"><div class=\"kc-elm kc-css-271967 kc_col-sm-2 kc_column kc_col-sm-2\"><div class=\"kc-col-container\"><\/div><\/div><div class=\"kc-elm kc-css-549174 kc_col-sm-8 kc_column kc_col-sm-8\"><div class=\"kc-col-container\"><div class=\"kc-elm kc-css-846900 kc_text_block\"><\/p>\n<p>\n<strong>APPLY CODE<\/strong><\/p>\n<p>\n<\/div><div class=\"kc-elm kc-css-986916 kc_row kc_row_inner\"><div class=\"kc-elm kc-css-879015 kc_col-sm-6 kc_column_inner kc_col-sm-6\"><div class=\"kc_wrapper kc-col-inner-container\"><div class=\"kc-elm kc-css-916804 kc_text_block\"><\/p>\n<p>\n<strong>Groupe d\u2019impression \u2013 Imprimante Laser HP<\/strong><\/p>\n<table id=\"table-mod\" width=\"100%\">\n<tbody>\n<tr>\n<td width=\"164\">Largeur impression<\/td>\n<td width=\"86\">12\"<\/td>\n<\/tr>\n<tr>\n<td>R\u00e9solution impression<\/td>\n<td>300 dpi<\/td>\n<\/tr>\n<tr>\n<td>Interface<\/td>\n<td>Ethernet<\/td>\n<\/tr>\n<\/tbody>\n<\/table>\n<p>\n<\/div><\/div><\/div><div class=\"kc-elm kc-css-398516 kc_col-sm-6 kc_column_inner kc_col-sm-6\"><div class=\"kc_wrapper kc-col-inner-container\"><div class=\"kc-elm kc-css-550170 kc_text_block\"><\/p>\n<p>\n<strong>Groupe applicateur<\/strong><\/p>\n<table id=\"table-mod\" width=\"100%\">\n<tbody>\n<tr>\n<td width=\"164\">Plaque d\u2019application<\/td>\n<td width=\"86\">300 x 420 mm<\/td>\n<\/tr>\n<tr>\n<td>Course du v\u00e9rin principal<\/td>\n<td>1200 m<\/td>\n<\/tr>\n<tr>\n<td><strong>Configuration d\u2019application<\/strong><\/td>\n<td><strong>par contact<\/strong><\/td>\n<\/tr>\n<\/tbody>\n<\/table>\n<p>\n<\/div><\/div><\/div><\/div><\/div><\/div><div class=\"kc-elm kc-css-871450 kc_col-sm-2 kc_column kc_col-sm-2\"><div class=\"kc-col-container\"><\/div><\/div><\/div><\/div><\/section><section data-kc-fullwidth=\"content\" class=\"kc-elm kc-css-503958 kc_row\"><div class=\"kc-row-container\"><div class=\"kc-wrap-columns\"><div class=\"kc-elm kc-css-323367 kc_col-sm-12 kc_column kc_col-sm-12\"><div class=\"kc-col-container\"><section class=\" service-details-cost-calculator sec-pad\">\n    <div class=\"thm-container\">\n        <div class=\"row\">\n           \n            <div class=\"col-md-12\">\n                <div class=\"table-responsive pricing-table\">\n                    <table class=\"table\">\n                        <thead>\n                            <tr>\n\n                            <th>Fiche technique<\/th>\n                            <th style=\"text-align: right;\"><a href=\"https:\/\/label-engineering.eu\/wp-content\/uploads\/2021\/09\/APPLICATORE-FOGLI-A3-1.pdf\"><i class=\"printify-icon-big-brochure\"><\/i> SCARICA IL PDF<\/a><\/th>\n                            <\/tr>\n                        <\/thead>\n                        <tbody>\n                            \n\t\t\t\t\t\t\t\t\t\t\t\t\t\t\n\t\t\t\t\t\t\t<tr>\n                                <td><div class=\"inner\">Larghezza passaggio carta<\/div><\/td>\n                                <td><div class=\"inner\">30 mm min. \u2013 200 mm max<\/div><\/td>\n                            <\/tr>\n                            \n\t\t\t\t\t\t\t\t\t\t\t\t\t\t\n\t\t\t\t\t\t\t<tr>\n                                <td><div class=\"inner\">Lunghezza etichetta<\/div><\/td>\n                                <td><div class=\"inner\">30 mm min. \u2013 330 mm max<\/div><\/td>\n                            <\/tr>\n                            \n\t\t\t\t\t\t\t\t\t\t\t\t\t\t\n\t\t\t\t\t\t\t<tr>\n                                <td><div class=\"inner\">Portabobina<\/div><\/td>\n                                <td><div class=\"inner\">\u00d8 esterno 250 mm max<\/br>\r\n\u00d8 anima 40 mm<\/br>\r\n\u00d8 45\u201376 mm con adattatori<\/br>\r\n<\/div><\/td>\n                            <\/tr>\n                            \n\t\t\t\t\t\t\t\t\t\t\t\t\t\t\n\t\t\t\t\t\t\t<tr>\n                                <td><div class=\"inner\">Lettura interspazio etichette<\/div><\/td>\n                                <td><div class=\"inner\">con fotocellula a forcella<\/div><\/td>\n                            <\/tr>\n                            \n\t\t\t\t\t\t\t\t\t\t\t\t\t\t\n\t\t\t\t\t\t\t<tr>\n                                <td><div class=\"inner\">Regolazione pre erogazione<\/div><\/td>\n                                <td><div class=\"inner\">elettronica ad impostazione digitale<\/div><\/td>\n                            <\/tr>\n                            \n\t\t\t\t\t\t\t\t\t\t\t\t\t\t\n\t\t\t\t\t\t\t<tr>\n                                <td><div class=\"inner\">Velocit\u00e0 avanzamento etichetta<\/div><\/td>\n                                <td><div class=\"inner\">etichetta:~ 12 m\/min. (valore<\/div><\/td>\n                            <\/tr>\n                            \n\t\t\t\t\t\t\t\t\t\t\t\t\t\t\n\t\t\t\t\t\t\t<tr>\n                                <td><div class=\"inner\">Velocit\u00e0 rotazione prodotto<\/div><\/td>\n                                <td><div class=\"inner\">~ 12 m\/min. (valore fisso)<\/div><\/td>\n                            <\/tr>\n                            \n\t\t\t\t\t\t\t\t\t\t\t\t\t\t\n\t\t\t\t\t\t\t<tr>\n                                <td><div class=\"inner\">Selezione 1-2 etichette<\/div><\/td>\n                                <td><div class=\"inner\">elettronica ad impostazione digitale \r\n<\/div><\/td>\n                            <\/tr>\n                            \n\t\t\t\t\t\t\t\t\t\t\t\t\t\t\n\t\t\t\t\t\t\t<tr>\n                                <td><div class=\"inner\">Alimentazione elettrica<\/div><\/td>\n                                <td><div class=\"inner\">220-230 V, 50-60 Hz, 200 W\r\n<\/div><\/td>\n                            <\/tr>\n                            \n\t\t\t\t\t\t\t\t\t\t\t\t\t\t\n\t\t\t\t\t\t\t<tr>\n                                <td><div class=\"inner\">Dimensioni<\/div><\/td>\n                                <td><div class=\"inner\">750 x 450 x 450 mm<\/div><\/td>\n                            <\/tr>\n                            \n\t\t\t\t\t\t\t\t\t\t\t\t\t\t\n\t\t\t\t\t\t\t<tr>\n                                <td><div class=\"inner\">Peso<\/div><\/td>\n                                <td><div class=\"inner\">26 Kg. (bobina etichette esclusa)<\/div><\/td>\n                            <\/tr>\n                            \n\t\t\t\t\t\t\t                        <\/tbody>\n                    <\/table><!-- \/.table -->\n                <\/div><!-- \/.table-responsive -->\n            <\/div><!-- \/.col-md-8 -->\n\n\n\n\n\n\n        <\/div><!-- \/.row -->\n\n        <div class=\"row\">\n\n        <div class=\"col-md-12\">\n                <div class=\"cost-calc-content\">\n                    \n                    <p>Label Engineering se r\u00e9serve le droit d'apporter, sans pr\u00e9avis, des modifications de construction qui peuvent entra\u00eener des changements dans les caract\u00e9ristiques ou les performances indiqu\u00e9es.<\/p>\n                    \n\t\t\t\t\t\n\t\t\t\t\t\n                <\/div><!-- \/.cost-calc-content -->\n            <\/div><!-- \/.col-md-4 -->\n\n            <\/div><!-- \/.row -->\n\n    <\/div><!-- \/.thm-container -->\n<\/section><\/div><\/div><\/div><\/div><\/section><\/p>\n","protected":false},"excerpt":{"rendered":"<p>WR FEEDER \u00e8 un mettifoglio a frizione in grado di trattare fogli, cartellini, astucci e coupon stesi, disponibile in 3 versioni. Un potente motore passo-passo garantisce una velocit\u00e0 di alimentazione fino a 60 metri\/min.<\/p>\n","protected":false},"author":1,"featured_media":3266,"parent":0,"menu_order":0,"comment_status":"closed","ping_status":"closed","template":"tpl-king-composer.php","meta":[],"tags":[],"yoast_head":"<!-- This site is optimized with the Yoast SEO plugin v15.3 - https:\/\/yoast.com\/wordpress\/plugins\/seo\/ -->\n<title>Apply Code - Label Engineering<\/title>\n<meta name=\"robots\" content=\"index, follow, max-snippet:-1, max-image-preview:large, max-video-preview:-1\" \/>\n<link rel=\"canonical\" href=\"https:\/\/label-engineering.eu\/fr\/apply-code\/\" \/>\n<meta property=\"og:locale\" content=\"fr_FR\" \/>\n<meta property=\"og:type\" content=\"article\" \/>\n<meta property=\"og:title\" content=\"Apply Code - Label Engineering\" \/>\n<meta property=\"og:description\" content=\"WR FEEDER \u00e8 un mettifoglio a frizione in grado di trattare fogli, cartellini, astucci e coupon stesi, disponibile in 3 versioni. Un potente motore passo-passo garantisce una velocit\u00e0 di alimentazione fino a 60 metri\/min.\" \/>\n<meta property=\"og:url\" content=\"https:\/\/label-engineering.eu\/fr\/apply-code\/\" \/>\n<meta property=\"og:site_name\" content=\"Label Engineering\" \/>\n<meta property=\"article:modified_time\" content=\"2021-09-16T15:53:47+00:00\" \/>\n<meta property=\"og:image\" content=\"https:\/\/label-engineering.eu\/wp-content\/uploads\/2021\/03\/APPLICATOREFOGLIA3-02.png\" \/>\n\t<meta property=\"og:image:width\" content=\"433\" \/>\n\t<meta property=\"og:image:height\" content=\"308\" \/>\n<meta name=\"twitter:card\" content=\"summary_large_image\" \/>\n<meta name=\"twitter:label1\" content=\"\u00c9crit par\">\n\t<meta name=\"twitter:data1\" content=\"interjob\">\n\t<meta name=\"twitter:label2\" content=\"Dur\u00e9e de lecture est.\">\n\t<meta name=\"twitter:data2\" content=\"1 minute\">\n<script type=\"application\/ld+json\" class=\"yoast-schema-graph\">{\"@context\":\"https:\/\/schema.org\",\"@graph\":[{\"@type\":\"WebSite\",\"@id\":\"https:\/\/label-engineering.eu\/#website\",\"url\":\"https:\/\/label-engineering.eu\/\",\"name\":\"Label Engineering\",\"description\":\"Sistemi di etichettatura all&#039;avanguardia\",\"potentialAction\":[{\"@type\":\"SearchAction\",\"target\":\"https:\/\/label-engineering.eu\/?s={search_term_string}\",\"query-input\":\"required name=search_term_string\"}],\"inLanguage\":\"fr-FR\"},{\"@type\":\"ImageObject\",\"@id\":\"https:\/\/label-engineering.eu\/fr\/apply-code\/#primaryimage\",\"inLanguage\":\"fr-FR\",\"url\":\"https:\/\/label-engineering.eu\/wp-content\/uploads\/2021\/03\/APPLICATOREFOGLIA3-02.png\",\"width\":433,\"height\":308},{\"@type\":\"WebPage\",\"@id\":\"https:\/\/label-engineering.eu\/fr\/apply-code\/#webpage\",\"url\":\"https:\/\/label-engineering.eu\/fr\/apply-code\/\",\"name\":\"Apply Code - Label Engineering\",\"isPartOf\":{\"@id\":\"https:\/\/label-engineering.eu\/#website\"},\"primaryImageOfPage\":{\"@id\":\"https:\/\/label-engineering.eu\/fr\/apply-code\/#primaryimage\"},\"datePublished\":\"2021-08-19T13:46:37+00:00\",\"dateModified\":\"2021-09-16T15:53:47+00:00\",\"inLanguage\":\"fr-FR\",\"potentialAction\":[{\"@type\":\"ReadAction\",\"target\":[\"https:\/\/label-engineering.eu\/fr\/apply-code\/\"]}]}]}<\/script>\n<!-- \/ Yoast SEO plugin. -->","_links":{"self":[{"href":"https:\/\/label-engineering.eu\/fr\/wp-json\/wp\/v2\/pages\/4684"}],"collection":[{"href":"https:\/\/label-engineering.eu\/fr\/wp-json\/wp\/v2\/pages"}],"about":[{"href":"https:\/\/label-engineering.eu\/fr\/wp-json\/wp\/v2\/types\/page"}],"author":[{"embeddable":true,"href":"https:\/\/label-engineering.eu\/fr\/wp-json\/wp\/v2\/users\/1"}],"replies":[{"embeddable":true,"href":"https:\/\/label-engineering.eu\/fr\/wp-json\/wp\/v2\/comments?post=4684"}],"version-history":[{"count":4,"href":"https:\/\/label-engineering.eu\/fr\/wp-json\/wp\/v2\/pages\/4684\/revisions"}],"predecessor-version":[{"id":5674,"href":"https:\/\/label-engineering.eu\/fr\/wp-json\/wp\/v2\/pages\/4684\/revisions\/5674"}],"wp:featuredmedia":[{"embeddable":true,"href":"https:\/\/label-engineering.eu\/fr\/wp-json\/wp\/v2\/media\/3266"}],"wp:attachment":[{"href":"https:\/\/label-engineering.eu\/fr\/wp-json\/wp\/v2\/media?parent=4684"}],"wp:term":[{"taxonomy":"post_tag","embeddable":true,"href":"https:\/\/label-engineering.eu\/fr\/wp-json\/wp\/v2\/tags?post=4684"}],"curies":[{"name":"wp","href":"https:\/\/api.w.org\/{rel}","templated":true}]}}