{"id":4690,"date":"2021-08-19T16:01:32","date_gmt":"2021-08-19T14:01:32","guid":{"rendered":"http:\/\/label-engineering.eu\/?page_id=4690"},"modified":"2021-08-19T16:06:16","modified_gmt":"2021-08-19T14:06:16","slug":"case-history-manipulation-barquettes","status":"publish","type":"page","link":"https:\/\/label-engineering.eu\/fr\/case-history-manipulation-barquettes\/","title":{"rendered":"Case history &#8211; Manipulation barquettes"},"content":{"rendered":"<p><section class=\"kc-elm kc-css-187426 kc_row\"><div class=\"kc-row-container  kc-container\"><div class=\"kc-wrap-columns\"><div class=\"kc-elm kc-css-31859 kc_col-sm-12 kc_column kc_col-sm-12\"><div class=\"kc-col-container\"><section class=\" project-details-page sec-pad\">\n    <div class=\"thm-container\">\n        <div class=\"row\">\n            <div class=\"col-md-12\">\n                <div class=\"project-details-content\">\n                    <div class=\"project-details-table\">\n                        \n\t\t\t\t\t\t\t\t\t\t\t\t\n\t\t\t\t\t\t<div class=\"single-project-details-table clearfix\">\n                            <span class=\"title\">Macchinario:<\/span>\n                            <span class=\"name\">Avvolgente con prodotto in verticale<\/span>\n                        <\/div>\n                        \n\t\t\t\t\t\t\t\t\t\t\t\t\n\t\t\t\t\t\t<div class=\"single-project-details-table clearfix\">\n                            <span class=\"title\">Data Progetto:<\/span>\n                            <span class=\"name\">05.12.2019<\/span>\n                        <\/div>\n                        \n\t\t\t\t\t\t\t\t\t\t\t\t\n\t\t\t\t\t\t<div class=\"single-project-details-table clearfix\">\n                            <span class=\"title\">Cliente:<\/span>\n                            <span class=\"name\">Privato<\/span>\n                        <\/div>\n                        \n\t\t\t\t\t\t\t\t\t\t\t\t\n\t\t\t\t\t\t<div class=\"single-project-details-table clearfix\">\n                            <span class=\"title\">Categoria:<\/span>\n                            <span class=\"name\">Macchina Stampa e Applica<\/span>\n                        <\/div>\n                        \n\t\t\t\t\t\t                    <\/div>\n                    <br \/>\n                    <br \/>\n                    <p>Le secteur alimentaire, avec ses innombrables r\u00e9alit\u00e9s de production, n\u00e9cessite de solutions de conditionnement toujours diff\u00e9rents mais avec une caract\u00e9ristique commune \u00e0 tous: <strong>la fiabilit\u00e9 des syst\u00e8mes.<\/strong><\/p>\n                    <br \/>\n                    <h3>Manipulation de barquettes avec application d:apos:\u00e9tiquettes<\/h3>\n                    <br \/>\n                    <p>Pour r\u00e9pondre \u00e0 la demande sp\u00e9cifique de notre Client op\u00e9rant dans le secteur alimentaire, nous avons con\u00e7u une solution de <strong>manipulation  et application d\u2019\u00e9tiquette personnalis\u00e9e sur des barquette<\/strong>. Le besoin de notre client \u00e9tait d'imprimer et d'appliquer des \u00e9tiquettes en petit format sur des plateaux empil\u00e9s et recr\u00e9er la m\u00eame pile apr\u00e8s l'\u00e9tiquetage.<\/p>\n                    <br \/>\n                    <h3>R\u00e9sultat<\/h3>\n                    <br \/>\n                    <p>Gr\u00e2ce \u00e0 l'expertise de notre service technique, nous avons cr\u00e9\u00e9 un <strong>groupe de d\u00e9pilage o\u00f9, en phase de manipulation des barquettes, le v\u00e9rin pneumatique du syst\u00e8me d\u2019\u00e9tiquetage applique l'\u00e9tiquette pr\u00e9alablement imprim\u00e9e par l'unit\u00e9 d'impression dont notre machine est \u00e9quip\u00e9e<\/strong>. Les barquettes, une fois \u00e9tiquet\u00e9es, sont empil\u00e9s pour une facile gestion par l'op\u00e9rateur. \r\nGrand succ\u00e8s de ce syst\u00e8me qui est utilis\u00e9 dans diff\u00e9rents domaines de production.\r\n<\/p>\n                <\/div>\n            <\/div>\n           \n            <\/div>\n        <\/div>\n    <\/div>\n<\/section><\/div><\/div><\/div><\/div><\/section><section class=\"kc-elm kc-css-312619 kc_row\"><div class=\"kc-row-container  kc-container\"><div class=\"kc-wrap-columns\"><div class=\"kc-elm kc-css-799775 kc_col-sm-6 kc_column kc_col-sm-6\"><div class=\"kc-col-container\"><div class=\"kc-elm kc-css-555546 kc_shortcode kc_single_image\">\n\n        <a rel=\"prettyPhoto\" class=\"kc-pretty-photo\" href=\"https:\/\/label-engineering.eu\/wp-content\/uploads\/2021\/03\/vaschette-alimentari.jpg\" title=\"\" target=\"\">\n        <img src=\"https:\/\/label-engineering.eu\/wp-content\/uploads\/2021\/03\/vaschette-alimentari.jpg\" class=\"\" alt=\"\" \/>    <\/a>\n    <\/div>\n<\/div><\/div><div class=\"kc-elm kc-css-639479 kc_col-sm-6 kc_column kc_col-sm-6\"><div class=\"kc-col-container\"><div class=\"kc-elm kc-css-94248 kc-raw-code\"><iframe width=\"100%\" height=\"450\" src=\"https:\/\/www.youtube.com\/embed\/o8opWIGU5eA?rel=0\" title=\"YouTube video player\" frameborder=\"0\" allow=\"accelerometer; autoplay; clipboard-write; encrypted-media; gyroscope; picture-in-picture\" allowfullscreen><\/iframe><\/div><\/div><\/div><\/div><\/div><\/section><\/p>\n","protected":false},"excerpt":{"rendered":"","protected":false},"author":1,"featured_media":2884,"parent":0,"menu_order":0,"comment_status":"closed","ping_status":"closed","template":"tpl-king-composer.php","meta":[],"tags":[],"yoast_head":"<!-- This site is optimized with the Yoast SEO plugin v15.3 - https:\/\/yoast.com\/wordpress\/plugins\/seo\/ -->\n<title>Case history - Manipulation barquettes - Label Engineering<\/title>\n<meta name=\"robots\" content=\"index, follow, max-snippet:-1, max-image-preview:large, max-video-preview:-1\" \/>\n<link rel=\"canonical\" href=\"https:\/\/label-engineering.eu\/fr\/case-history-manipulation-barquettes\/\" \/>\n<meta property=\"og:locale\" content=\"fr_FR\" \/>\n<meta property=\"og:type\" content=\"article\" \/>\n<meta property=\"og:title\" content=\"Case history - Manipulation barquettes - Label Engineering\" \/>\n<meta property=\"og:description\" content=\"Macchinario: Avvolgente con prodotto in verticale Data Progetto: 05.12.2019 Cliente: Privato Categoria: Macchina Stampa e Applica Le secteur alimentaire, avec ses innombrables r\u00e9alit\u00e9s de production, n\u00e9cessite de solutions de conditionnement toujours diff\u00e9rents mais avec une caract\u00e9ristique commune \u00e0 tous: la fiabilit\u00e9 des syst\u00e8mes. Manipulation de barquettes avec application d&#039;\u00e9tiquettes Pour r\u00e9pondre \u00e0 la demande sp\u00e9cifique\" \/>\n<meta property=\"og:url\" content=\"https:\/\/label-engineering.eu\/fr\/case-history-manipulation-barquettes\/\" \/>\n<meta property=\"og:site_name\" content=\"Label Engineering\" \/>\n<meta property=\"article:modified_time\" content=\"2021-08-19T14:06:16+00:00\" \/>\n<meta property=\"og:image\" content=\"https:\/\/label-engineering.eu\/wp-content\/uploads\/2021\/03\/vaschette-alimentari.jpg\" \/>\n\t<meta property=\"og:image:width\" content=\"918\" \/>\n\t<meta property=\"og:image:height\" content=\"738\" \/>\n<meta name=\"twitter:card\" content=\"summary_large_image\" \/>\n<meta name=\"twitter:label1\" content=\"\u00c9crit par\">\n\t<meta name=\"twitter:data1\" content=\"interjob\">\n\t<meta name=\"twitter:label2\" content=\"Dur\u00e9e de lecture est.\">\n\t<meta name=\"twitter:data2\" content=\"1 minute\">\n<script type=\"application\/ld+json\" class=\"yoast-schema-graph\">{\"@context\":\"https:\/\/schema.org\",\"@graph\":[{\"@type\":\"WebSite\",\"@id\":\"https:\/\/label-engineering.eu\/#website\",\"url\":\"https:\/\/label-engineering.eu\/\",\"name\":\"Label Engineering\",\"description\":\"Sistemi di etichettatura all&#039;avanguardia\",\"potentialAction\":[{\"@type\":\"SearchAction\",\"target\":\"https:\/\/label-engineering.eu\/?s={search_term_string}\",\"query-input\":\"required name=search_term_string\"}],\"inLanguage\":\"fr-FR\"},{\"@type\":\"ImageObject\",\"@id\":\"https:\/\/label-engineering.eu\/fr\/case-history-manipulation-barquettes\/#primaryimage\",\"inLanguage\":\"fr-FR\",\"url\":\"https:\/\/label-engineering.eu\/wp-content\/uploads\/2021\/03\/vaschette-alimentari.jpg\",\"width\":918,\"height\":738},{\"@type\":\"WebPage\",\"@id\":\"https:\/\/label-engineering.eu\/fr\/case-history-manipulation-barquettes\/#webpage\",\"url\":\"https:\/\/label-engineering.eu\/fr\/case-history-manipulation-barquettes\/\",\"name\":\"Case history - Manipulation barquettes - Label Engineering\",\"isPartOf\":{\"@id\":\"https:\/\/label-engineering.eu\/#website\"},\"primaryImageOfPage\":{\"@id\":\"https:\/\/label-engineering.eu\/fr\/case-history-manipulation-barquettes\/#primaryimage\"},\"datePublished\":\"2021-08-19T14:01:32+00:00\",\"dateModified\":\"2021-08-19T14:06:16+00:00\",\"inLanguage\":\"fr-FR\",\"potentialAction\":[{\"@type\":\"ReadAction\",\"target\":[\"https:\/\/label-engineering.eu\/fr\/case-history-manipulation-barquettes\/\"]}]}]}<\/script>\n<!-- \/ Yoast SEO plugin. -->","_links":{"self":[{"href":"https:\/\/label-engineering.eu\/fr\/wp-json\/wp\/v2\/pages\/4690"}],"collection":[{"href":"https:\/\/label-engineering.eu\/fr\/wp-json\/wp\/v2\/pages"}],"about":[{"href":"https:\/\/label-engineering.eu\/fr\/wp-json\/wp\/v2\/types\/page"}],"author":[{"embeddable":true,"href":"https:\/\/label-engineering.eu\/fr\/wp-json\/wp\/v2\/users\/1"}],"replies":[{"embeddable":true,"href":"https:\/\/label-engineering.eu\/fr\/wp-json\/wp\/v2\/comments?post=4690"}],"version-history":[{"count":3,"href":"https:\/\/label-engineering.eu\/fr\/wp-json\/wp\/v2\/pages\/4690\/revisions"}],"predecessor-version":[{"id":4697,"href":"https:\/\/label-engineering.eu\/fr\/wp-json\/wp\/v2\/pages\/4690\/revisions\/4697"}],"wp:featuredmedia":[{"embeddable":true,"href":"https:\/\/label-engineering.eu\/fr\/wp-json\/wp\/v2\/media\/2884"}],"wp:attachment":[{"href":"https:\/\/label-engineering.eu\/fr\/wp-json\/wp\/v2\/media?parent=4690"}],"wp:term":[{"taxonomy":"post_tag","embeddable":true,"href":"https:\/\/label-engineering.eu\/fr\/wp-json\/wp\/v2\/tags?post=4690"}],"curies":[{"name":"wp","href":"https:\/\/api.w.org\/{rel}","templated":true}]}}