{"id":4693,"date":"2021-08-19T16:05:19","date_gmt":"2021-08-19T14:05:19","guid":{"rendered":"http:\/\/label-engineering.eu\/?page_id=4693"},"modified":"2021-08-19T16:05:43","modified_gmt":"2021-08-19T14:05:43","slug":"case-history-application-en-cycle-continu","status":"publish","type":"page","link":"https:\/\/label-engineering.eu\/fr\/case-history-application-en-cycle-continu\/","title":{"rendered":"Case history &#8211; Application en cycle continu"},"content":{"rendered":"<p><section class=\"kc-elm kc-css-458234 kc_row\"><div class=\"kc-row-container  kc-container\"><div class=\"kc-wrap-columns\"><div class=\"kc-elm kc-css-222814 kc_col-sm-12 kc_column kc_col-sm-12\"><div class=\"kc-col-container\"><section class=\" project-details-page sec-pad\">\n    <div class=\"thm-container\">\n        <div class=\"row\">\n            <div class=\"col-md-12\">\n                <div class=\"project-details-content\">\n                    <div class=\"project-details-table\">\n                        \n\t\t\t\t\t\t\t\t\t\t\t\t\n\t\t\t\t\t\t<div class=\"single-project-details-table clearfix\">\n                            <span class=\"title\">Macchinario:<\/span>\n                            <span class=\"name\">Avvolgente con prodotto in verticale<\/span>\n                        <\/div>\n                        \n\t\t\t\t\t\t\t\t\t\t\t\t\n\t\t\t\t\t\t<div class=\"single-project-details-table clearfix\">\n                            <span class=\"title\">Data Progetto:<\/span>\n                            <span class=\"name\">05.12.2019<\/span>\n                        <\/div>\n                        \n\t\t\t\t\t\t\t\t\t\t\t\t\n\t\t\t\t\t\t<div class=\"single-project-details-table clearfix\">\n                            <span class=\"title\">Cliente:<\/span>\n                            <span class=\"name\">Privato<\/span>\n                        <\/div>\n                        \n\t\t\t\t\t\t\t\t\t\t\t\t\n\t\t\t\t\t\t<div class=\"single-project-details-table clearfix\">\n                            <span class=\"title\">Categoria:<\/span>\n                            <span class=\"name\">Macchina Stampa e Applica<\/span>\n                        <\/div>\n                        \n\t\t\t\t\t\t                    <\/div>\n                    <br \/>\n                    <br \/>\n                    <p>Cette entreprise de haut niveau dans le monde alimentaire a demand\u00e9 une solution pour l'application d'une \u00e9tiquette sur les barquettes. Et jusqu'\u00e0 pr\u00e9sent, rien de nouveau. La particularit\u00e9 <strong>est l'application d'une seule \u00e9tiquette sur 3 faces, avec une productivit\u00e9 \"sans arr\u00eat\" et donc en cycle continu<\/strong>.<\/p>\n                    <br \/>\n                    <h3>Application en cycle continu<\/h3>\n                    <br \/>\n                    <p>Pour r\u00e9pondre aux besoins du Client tout en respectant la productivit\u00e9 horaire requise et la pr\u00e9cision d'application, nous avons cr\u00e9\u00e9 deux <strong>lignes \u00e9quip\u00e9es de 2 et de 4 t\u00eates d'\u00e9tiquetage qui s\u2019alternent dans l'application.<\/strong> Concr\u00e8tement, <strong>gr\u00e2ce \u00e0 un syst\u00e8me de vision, lorsqu\u2019une ou plusieurs bobines terminent les \u00e9tiquettes, les autres applicateurs entrent automatiquement en action et poursuivent le cycle d'\u00e9tiquetage, donnant ainsi \u00e0 l'op\u00e9rateur le temps de mettre en service la ligne avec les nouvelles bobines, sans arr\u00eater le cycle de production.<\/strong><\/p>\n                    <br \/>\n                    <h3>R\u00e9sultat<\/h3>\n                    <br \/>\n                    <p>Grande satisfaction pour l'\u00e9quipe Label Engineering non seulement pour avoir remport\u00e9 ce d\u00e9fi mais pour avoir aid\u00e9 le Client \u00e0 am\u00e9liorer son automatisation.<\/p>\n                <\/div>\n            <\/div>\n           \n            <\/div>\n        <\/div>\n    <\/div>\n<\/section><\/div><\/div><\/div><\/div><\/section><section class=\"kc-elm kc-css-466391 kc_row\"><div class=\"kc-row-container  kc-container\"><div class=\"kc-wrap-columns\"><div class=\"kc-elm kc-css-153621 kc_col-sm-4 kc_column kc_col-sm-4\"><div class=\"kc-col-container\"><div class=\"kc-elm kc-css-700269 kc_shortcode kc_single_image\">\n\n        <a rel=\"prettyPhoto\" class=\"kc-pretty-photo\" href=\"https:\/\/label-engineering.eu\/wp-content\/uploads\/2021\/03\/ciclocontinuo-case-scaled.jpg\" title=\"\" target=\"\">\n        <img src=\"https:\/\/label-engineering.eu\/wp-content\/uploads\/2021\/03\/ciclocontinuo-case-scaled.jpg\" class=\"\" alt=\"\" \/>    <\/a>\n    <\/div>\n<\/div><\/div><div class=\"kc-elm kc-css-644138 kc_col-sm-4 kc_column kc_col-sm-4\"><div class=\"kc-col-container\"><div class=\"kc-elm kc-css-617753 kc-raw-code\"><iframe width=\"100%\" height=\"280\" src=\"https:\/\/www.youtube.com\/embed\/aIdNbpz1bNo?rel=0\" title=\"YouTube video player\" frameborder=\"0\" allow=\"accelerometer; autoplay; clipboard-write; encrypted-media; gyroscope; picture-in-picture\" allowfullscreen><\/iframe><\/div><\/div><\/div><div class=\"kc-elm kc-css-710736 kc_col-sm-4 kc_column kc_col-sm-4\"><div class=\"kc-col-container\"><div class=\"kc-elm kc-css-784884 kc-raw-code\"><iframe width=\"100%\" height=\"280\" src=\"https:\/\/www.youtube.com\/embed\/mHjmvaQnv2U?rel=0\" title=\"YouTube video player\" frameborder=\"0\" allow=\"accelerometer; autoplay; clipboard-write; encrypted-media; gyroscope; picture-in-picture\" allowfullscreen><\/iframe><\/div><\/div><\/div><\/div><\/div><\/section><\/p>\n","protected":false},"excerpt":{"rendered":"","protected":false},"author":1,"featured_media":0,"parent":0,"menu_order":0,"comment_status":"closed","ping_status":"closed","template":"tpl-king-composer.php","meta":[],"tags":[],"yoast_head":"<!-- This site is optimized with the Yoast SEO plugin v15.3 - https:\/\/yoast.com\/wordpress\/plugins\/seo\/ -->\n<title>Case history - Application en cycle continu - Label Engineering<\/title>\n<meta name=\"robots\" content=\"index, follow, max-snippet:-1, max-image-preview:large, max-video-preview:-1\" \/>\n<link rel=\"canonical\" href=\"https:\/\/label-engineering.eu\/fr\/case-history-application-en-cycle-continu\/\" \/>\n<meta property=\"og:locale\" content=\"fr_FR\" \/>\n<meta property=\"og:type\" content=\"article\" \/>\n<meta property=\"og:title\" content=\"Case history - Application en cycle continu - Label Engineering\" \/>\n<meta property=\"og:description\" content=\"Macchinario: Avvolgente con prodotto in verticale Data Progetto: 05.12.2019 Cliente: Privato Categoria: Macchina Stampa e Applica Cette entreprise de haut niveau dans le monde alimentaire a demand\u00e9 une solution pour l&#8217;application d&#8217;une \u00e9tiquette sur les barquettes. Et jusqu&#8217;\u00e0 pr\u00e9sent, rien de nouveau. La particularit\u00e9 est l&#8217;application d&#8217;une seule \u00e9tiquette sur 3 faces, avec une productivit\u00e9\" \/>\n<meta property=\"og:url\" content=\"https:\/\/label-engineering.eu\/fr\/case-history-application-en-cycle-continu\/\" \/>\n<meta property=\"og:site_name\" content=\"Label Engineering\" \/>\n<meta property=\"article:modified_time\" content=\"2021-08-19T14:05:43+00:00\" \/>\n<meta property=\"og:image\" content=\"http:\/\/label-engineering.eu\/wp-content\/uploads\/2021\/03\/ciclocontinuo-case-scaled.jpg\" \/>\n<meta name=\"twitter:card\" content=\"summary_large_image\" \/>\n<meta name=\"twitter:label1\" content=\"\u00c9crit par\">\n\t<meta name=\"twitter:data1\" content=\"interjob\">\n\t<meta name=\"twitter:label2\" content=\"Dur\u00e9e de lecture est.\">\n\t<meta name=\"twitter:data2\" content=\"1 minute\">\n<script type=\"application\/ld+json\" class=\"yoast-schema-graph\">{\"@context\":\"https:\/\/schema.org\",\"@graph\":[{\"@type\":\"WebSite\",\"@id\":\"https:\/\/label-engineering.eu\/#website\",\"url\":\"https:\/\/label-engineering.eu\/\",\"name\":\"Label Engineering\",\"description\":\"Sistemi di etichettatura all&#039;avanguardia\",\"potentialAction\":[{\"@type\":\"SearchAction\",\"target\":\"https:\/\/label-engineering.eu\/?s={search_term_string}\",\"query-input\":\"required name=search_term_string\"}],\"inLanguage\":\"fr-FR\"},{\"@type\":\"ImageObject\",\"@id\":\"https:\/\/label-engineering.eu\/fr\/case-history-application-en-cycle-continu\/#primaryimage\",\"inLanguage\":\"fr-FR\",\"url\":\"http:\/\/label-engineering.eu\/wp-content\/uploads\/2021\/03\/ciclocontinuo-case-scaled.jpg\"},{\"@type\":\"WebPage\",\"@id\":\"https:\/\/label-engineering.eu\/fr\/case-history-application-en-cycle-continu\/#webpage\",\"url\":\"https:\/\/label-engineering.eu\/fr\/case-history-application-en-cycle-continu\/\",\"name\":\"Case history - Application en cycle continu - Label Engineering\",\"isPartOf\":{\"@id\":\"https:\/\/label-engineering.eu\/#website\"},\"primaryImageOfPage\":{\"@id\":\"https:\/\/label-engineering.eu\/fr\/case-history-application-en-cycle-continu\/#primaryimage\"},\"datePublished\":\"2021-08-19T14:05:19+00:00\",\"dateModified\":\"2021-08-19T14:05:43+00:00\",\"inLanguage\":\"fr-FR\",\"potentialAction\":[{\"@type\":\"ReadAction\",\"target\":[\"https:\/\/label-engineering.eu\/fr\/case-history-application-en-cycle-continu\/\"]}]}]}<\/script>\n<!-- \/ Yoast SEO plugin. -->","_links":{"self":[{"href":"https:\/\/label-engineering.eu\/fr\/wp-json\/wp\/v2\/pages\/4693"}],"collection":[{"href":"https:\/\/label-engineering.eu\/fr\/wp-json\/wp\/v2\/pages"}],"about":[{"href":"https:\/\/label-engineering.eu\/fr\/wp-json\/wp\/v2\/types\/page"}],"author":[{"embeddable":true,"href":"https:\/\/label-engineering.eu\/fr\/wp-json\/wp\/v2\/users\/1"}],"replies":[{"embeddable":true,"href":"https:\/\/label-engineering.eu\/fr\/wp-json\/wp\/v2\/comments?post=4693"}],"version-history":[{"count":3,"href":"https:\/\/label-engineering.eu\/fr\/wp-json\/wp\/v2\/pages\/4693\/revisions"}],"predecessor-version":[{"id":4696,"href":"https:\/\/label-engineering.eu\/fr\/wp-json\/wp\/v2\/pages\/4693\/revisions\/4696"}],"wp:attachment":[{"href":"https:\/\/label-engineering.eu\/fr\/wp-json\/wp\/v2\/media?parent=4693"}],"wp:term":[{"taxonomy":"post_tag","embeddable":true,"href":"https:\/\/label-engineering.eu\/fr\/wp-json\/wp\/v2\/tags?post=4693"}],"curies":[{"name":"wp","href":"https:\/\/api.w.org\/{rel}","templated":true}]}}