{"id":4698,"date":"2021-08-19T16:07:47","date_gmt":"2021-08-19T14:07:47","guid":{"rendered":"http:\/\/label-engineering.eu\/?page_id=4698"},"modified":"2021-08-19T16:07:47","modified_gmt":"2021-08-19T14:07:47","slug":"case-history-application-sur-paquets-doeufs","status":"publish","type":"page","link":"https:\/\/label-engineering.eu\/fr\/case-history-application-sur-paquets-doeufs\/","title":{"rendered":"Case history &#8211; Application sur paquets d\u2019\u0153ufs"},"content":{"rendered":"<p><section class=\"kc-elm kc-css-7512 kc_row\"><div class=\"kc-row-container  kc-container\"><div class=\"kc-wrap-columns\"><div class=\"kc-elm kc-css-917905 kc_col-sm-12 kc_column kc_col-sm-12\"><div class=\"kc-col-container\"><section class=\" project-details-page sec-pad\">\n    <div class=\"thm-container\">\n        <div class=\"row\">\n            <div class=\"col-md-12\">\n                <div class=\"project-details-content\">\n                    <div class=\"project-details-table\">\n                        \n\t\t\t\t\t\t\t\t\t\t\t\t\n\t\t\t\t\t\t<div class=\"single-project-details-table clearfix\">\n                            <span class=\"title\">Macchinario:<\/span>\n                            <span class=\"name\">Avvolgente con prodotto in verticale<\/span>\n                        <\/div>\n                        \n\t\t\t\t\t\t\t\t\t\t\t\t\n\t\t\t\t\t\t<div class=\"single-project-details-table clearfix\">\n                            <span class=\"title\">Data Progetto:<\/span>\n                            <span class=\"name\">05.12.2019<\/span>\n                        <\/div>\n                        \n\t\t\t\t\t\t\t\t\t\t\t\t\n\t\t\t\t\t\t<div class=\"single-project-details-table clearfix\">\n                            <span class=\"title\">Cliente:<\/span>\n                            <span class=\"name\">Privato<\/span>\n                        <\/div>\n                        \n\t\t\t\t\t\t\t\t\t\t\t\t\n\t\t\t\t\t\t<div class=\"single-project-details-table clearfix\">\n                            <span class=\"title\">Categoria:<\/span>\n                            <span class=\"name\">Macchina Stampa e Applica<\/span>\n                        <\/div>\n                        \n\t\t\t\t\t\t                    <\/div>\n                    <br \/>\n                    <br \/>\n                    <p>L'application d'une \u00e9tiquette sur un paquet d'\u0153uf peut sembler tr\u00e8s simple alors qu'en r\u00e9alit\u00e9 la l\u00e9g\u00e8ret\u00e9 de l'emballage peut conduire \u00e0 un d\u00e9calage pendant la phase de d\u00e9placement sur le tapis; d\u00e9placement qui peut compromettre la pr\u00e9cision de l'application.\r\n<strong>Gr\u00e2ce \u00e0 un syst\u00e8me de direction qui transporte et maintient la bo\u00eete dans sa phase d'\u00e9tiquetage, nous avons r\u00e9solu le probl\u00e8me en assurant une application parfaite, en garantissant la vitesse de production exig\u00e9e par le client.<\/strong><\/p>\n                    <br \/>\n                    <h3><\/h3>\n                    <br \/>\n                    <p><\/p>\n                    <br \/>\n                    <h3><\/h3>\n                    <br \/>\n                    <p><\/p>\n                <\/div>\n            <\/div>\n           \n            <\/div>\n        <\/div>\n    <\/div>\n<\/section><\/div><\/div><\/div><\/div><\/section><section class=\"kc-elm kc-css-480490 kc_row\"><div class=\"kc-row-container  kc-container\"><div class=\"kc-wrap-columns\"><div class=\"kc-elm kc-css-998062 kc_col-sm-6 kc_column kc_col-sm-6\"><div class=\"kc-col-container\"><div class=\"kc-elm kc-css-967131 kc_shortcode kc_single_image\">\n\n        <a rel=\"prettyPhoto\" class=\"kc-pretty-photo\" href=\"https:\/\/label-engineering.eu\/wp-content\/uploads\/2021\/03\/Etichettatura-uova.jpg\" title=\"\" target=\"\">\n        <img src=\"https:\/\/label-engineering.eu\/wp-content\/uploads\/2021\/03\/Etichettatura-uova.jpg\" class=\"\" alt=\"\" \/>    <\/a>\n    <\/div>\n<\/div><\/div><div class=\"kc-elm kc-css-761555 kc_col-sm-6 kc_column kc_col-sm-6\"><div class=\"kc-col-container\"><div class=\"kc-elm kc-css-291880 kc-raw-code\"><iframe width=\"100%\" height=\"420\" src=\"https:\/\/www.youtube.com\/embed\/LYKAdsSHmok?rel=0\" title=\"YouTube video player\" frameborder=\"0\" allow=\"accelerometer; autoplay; clipboard-write; encrypted-media; gyroscope; picture-in-picture\" allowfullscreen><\/iframe><\/div><\/div><\/div><\/div><\/div><\/section><\/p>\n","protected":false},"excerpt":{"rendered":"","protected":false},"author":1,"featured_media":0,"parent":0,"menu_order":0,"comment_status":"closed","ping_status":"closed","template":"tpl-king-composer.php","meta":[],"tags":[],"yoast_head":"<!-- This site is optimized with the Yoast SEO plugin v15.3 - https:\/\/yoast.com\/wordpress\/plugins\/seo\/ -->\n<title>Case history - Application sur paquets d\u2019\u0153ufs - Label Engineering<\/title>\n<meta name=\"robots\" content=\"index, follow, max-snippet:-1, max-image-preview:large, max-video-preview:-1\" \/>\n<link rel=\"canonical\" href=\"https:\/\/label-engineering.eu\/fr\/case-history-application-sur-paquets-doeufs\/\" \/>\n<meta property=\"og:locale\" content=\"fr_FR\" \/>\n<meta property=\"og:type\" content=\"article\" \/>\n<meta property=\"og:title\" content=\"Case history - Application sur paquets d\u2019\u0153ufs - Label Engineering\" \/>\n<meta property=\"og:description\" content=\"Macchinario: Avvolgente con prodotto in verticale Data Progetto: 05.12.2019 Cliente: Privato Categoria: Macchina Stampa e Applica L&#8217;application d&#8217;une \u00e9tiquette sur un paquet d&#8217;\u0153uf peut sembler tr\u00e8s simple alors qu&#8217;en r\u00e9alit\u00e9 la l\u00e9g\u00e8ret\u00e9 de l&#8217;emballage peut conduire \u00e0 un d\u00e9calage pendant la phase de d\u00e9placement sur le tapis; d\u00e9placement qui peut compromettre la pr\u00e9cision de l&#8217;application.\" \/>\n<meta property=\"og:url\" content=\"https:\/\/label-engineering.eu\/fr\/case-history-application-sur-paquets-doeufs\/\" \/>\n<meta property=\"og:site_name\" content=\"Label Engineering\" \/>\n<meta property=\"og:image\" content=\"http:\/\/label-engineering.eu\/wp-content\/uploads\/2021\/03\/Etichettatura-uova.jpg\" \/>\n<meta name=\"twitter:card\" content=\"summary_large_image\" \/>\n<meta name=\"twitter:label1\" content=\"\u00c9crit par\">\n\t<meta name=\"twitter:data1\" content=\"interjob\">\n\t<meta name=\"twitter:label2\" content=\"Dur\u00e9e de lecture est.\">\n\t<meta name=\"twitter:data2\" content=\"0 minute\">\n<script type=\"application\/ld+json\" class=\"yoast-schema-graph\">{\"@context\":\"https:\/\/schema.org\",\"@graph\":[{\"@type\":\"WebSite\",\"@id\":\"https:\/\/label-engineering.eu\/#website\",\"url\":\"https:\/\/label-engineering.eu\/\",\"name\":\"Label Engineering\",\"description\":\"Sistemi di etichettatura all&#039;avanguardia\",\"potentialAction\":[{\"@type\":\"SearchAction\",\"target\":\"https:\/\/label-engineering.eu\/?s={search_term_string}\",\"query-input\":\"required name=search_term_string\"}],\"inLanguage\":\"fr-FR\"},{\"@type\":\"ImageObject\",\"@id\":\"https:\/\/label-engineering.eu\/fr\/case-history-application-sur-paquets-doeufs\/#primaryimage\",\"inLanguage\":\"fr-FR\",\"url\":\"http:\/\/label-engineering.eu\/wp-content\/uploads\/2021\/03\/Etichettatura-uova.jpg\"},{\"@type\":\"WebPage\",\"@id\":\"https:\/\/label-engineering.eu\/fr\/case-history-application-sur-paquets-doeufs\/#webpage\",\"url\":\"https:\/\/label-engineering.eu\/fr\/case-history-application-sur-paquets-doeufs\/\",\"name\":\"Case history - Application sur paquets d\\u2019\\u0153ufs - Label Engineering\",\"isPartOf\":{\"@id\":\"https:\/\/label-engineering.eu\/#website\"},\"primaryImageOfPage\":{\"@id\":\"https:\/\/label-engineering.eu\/fr\/case-history-application-sur-paquets-doeufs\/#primaryimage\"},\"datePublished\":\"2021-08-19T14:07:47+00:00\",\"dateModified\":\"2021-08-19T14:07:47+00:00\",\"inLanguage\":\"fr-FR\",\"potentialAction\":[{\"@type\":\"ReadAction\",\"target\":[\"https:\/\/label-engineering.eu\/fr\/case-history-application-sur-paquets-doeufs\/\"]}]}]}<\/script>\n<!-- \/ Yoast SEO plugin. -->","_links":{"self":[{"href":"https:\/\/label-engineering.eu\/fr\/wp-json\/wp\/v2\/pages\/4698"}],"collection":[{"href":"https:\/\/label-engineering.eu\/fr\/wp-json\/wp\/v2\/pages"}],"about":[{"href":"https:\/\/label-engineering.eu\/fr\/wp-json\/wp\/v2\/types\/page"}],"author":[{"embeddable":true,"href":"https:\/\/label-engineering.eu\/fr\/wp-json\/wp\/v2\/users\/1"}],"replies":[{"embeddable":true,"href":"https:\/\/label-engineering.eu\/fr\/wp-json\/wp\/v2\/comments?post=4698"}],"version-history":[{"count":2,"href":"https:\/\/label-engineering.eu\/fr\/wp-json\/wp\/v2\/pages\/4698\/revisions"}],"predecessor-version":[{"id":4700,"href":"https:\/\/label-engineering.eu\/fr\/wp-json\/wp\/v2\/pages\/4698\/revisions\/4700"}],"wp:attachment":[{"href":"https:\/\/label-engineering.eu\/fr\/wp-json\/wp\/v2\/media?parent=4698"}],"wp:term":[{"taxonomy":"post_tag","embeddable":true,"href":"https:\/\/label-engineering.eu\/fr\/wp-json\/wp\/v2\/tags?post=4698"}],"curies":[{"name":"wp","href":"https:\/\/api.w.org\/{rel}","templated":true}]}}