{"id":4701,"date":"2021-08-19T16:09:48","date_gmt":"2021-08-19T14:09:48","guid":{"rendered":"http:\/\/label-engineering.eu\/?page_id=4701"},"modified":"2021-08-19T16:09:48","modified_gmt":"2021-08-19T14:09:48","slug":"case-history-application-angulaire","status":"publish","type":"page","link":"https:\/\/label-engineering.eu\/fr\/case-history-application-angulaire\/","title":{"rendered":"Case history &#8211; Application angulaire"},"content":{"rendered":"<p><section class=\"kc-elm kc-css-105121 kc_row\"><div class=\"kc-row-container  kc-container\"><div class=\"kc-wrap-columns\"><div class=\"kc-elm kc-css-549825 kc_col-sm-12 kc_column kc_col-sm-12\"><div class=\"kc-col-container\"><section class=\" project-details-page sec-pad\">\n    <div class=\"thm-container\">\n        <div class=\"row\">\n            <div class=\"col-md-12\">\n                <div class=\"project-details-content\">\n                    <div class=\"project-details-table\">\n                        \n\t\t\t\t\t\t\t\t\t\t\t\t\n\t\t\t\t\t\t<div class=\"single-project-details-table clearfix\">\n                            <span class=\"title\">Macchinario:<\/span>\n                            <span class=\"name\">Avvolgente con prodotto in verticale<\/span>\n                        <\/div>\n                        \n\t\t\t\t\t\t\t\t\t\t\t\t\n\t\t\t\t\t\t<div class=\"single-project-details-table clearfix\">\n                            <span class=\"title\">Data Progetto:<\/span>\n                            <span class=\"name\">05.12.2019<\/span>\n                        <\/div>\n                        \n\t\t\t\t\t\t\t\t\t\t\t\t\n\t\t\t\t\t\t<div class=\"single-project-details-table clearfix\">\n                            <span class=\"title\">Cliente:<\/span>\n                            <span class=\"name\">Privato<\/span>\n                        <\/div>\n                        \n\t\t\t\t\t\t\t\t\t\t\t\t\n\t\t\t\t\t\t<div class=\"single-project-details-table clearfix\">\n                            <span class=\"title\">Categoria:<\/span>\n                            <span class=\"name\">Macchina Stampa e Applica<\/span>\n                        <\/div>\n                        \n\t\t\t\t\t\t                    <\/div>\n                    <br \/>\n                    <br \/>\n                    <p>Un accent particulier pour l\u2019industrie alimentaire et en particulier sur le SECTEUR DU CAF\u00c9, une excellence dans le panorama productif italien.<\/p>\n                    <br \/>\n                    <h3>Application angulaire de scellage<\/h3>\n                    <br \/>\n                    <p>Pour r\u00e9pondre sp\u00e9cifiquement aux besoins de notre Client, marque reconnue internationalement, nous avons cr\u00e9\u00e9 un dispositif Impression et Pose \u00e9quip\u00e9 d'un <strong>applicateur pneumatique avec un syst\u00e8me de basculement utile \u00e0 l'application angulaire d\u2019une \u00e9tiquette de scellage sur la bo\u00eete.<\/strong><\/p>\n                    <br \/>\n                    <h3>R\u00e9sultat<\/h3>\n                    <br \/>\n                    <p>Ce module, con\u00e7u pour r\u00e9pondre \u00e0 un besoin de pr\u00e9cision d'impression et d'application, permet d'\u00e9tiqueter la bo\u00eete en TEMPS R\u00c9EL avec le respect de la productivit\u00e9 exig\u00e9e par le client.<\/p>\n                <\/div>\n            <\/div>\n           \n            <\/div>\n        <\/div>\n    <\/div>\n<\/section><\/div><\/div><\/div><\/div><\/section><section class=\"kc-elm kc-css-459514 kc_row\"><div class=\"kc-row-container  kc-container\"><div class=\"kc-wrap-columns\"><div class=\"kc-elm kc-css-565626 kc_col-of-5 kc_column kc_col-of-5\"><div class=\"kc-col-container\"><\/div><\/div><div class=\"kc-elm kc-css-118481 kc_col-sm-7 kc_column kc_col-sm-7\"><div class=\"kc-col-container\"><div class=\"kc-elm kc-css-648063 kc-raw-code\"><iframe width=\"100%\" height=\"450\" src=\"https:\/\/www.youtube.com\/embed\/OAzrlVjtbwU?rel=0\" title=\"YouTube video player\" frameborder=\"0\" allow=\"accelerometer; autoplay; clipboard-write; encrypted-media; gyroscope; picture-in-picture\" allowfullscreen><\/iframe><\/div><\/div><\/div><div class=\"kc-elm kc-css-307348 kc_col-of-5 kc_column kc_col-of-5\"><div class=\"kc-col-container\"><\/div><\/div><\/div><\/div><\/section><section data-kc-equalheight=\"true\" data-kc-equalheight-align=\"middle\" data-kc-fullwidth=\"content\" class=\"kc-elm kc-css-801691 kc_row\"><div class=\"kc-row-container\"><div class=\"kc-wrap-columns\"><div class=\"kc-elm kc-css-246935 kc_col-sm-12 kc_column kc_col-sm-12\"><div class=\"kc-col-container\"><div class=\"kc-elm kc-css-736193\">\n\t<div class=\"kc-carousel_images kc-elm kc-css-736193\">\n\t\n\t\t<div class=\"kc-carousel-images owl-carousel-images kc-sync1 \" data-owl-i-options='{\"items\":\"5\",\"tablet\":\"2\",\"mobile\":\"1\",\"speed\":\"500\",\"navigation\":\"\",\"pagination\":\"\",\"autoheight\":\"yes\",\"progressbar\":\"\",\"delay\":\"8\",\"autoplay\":\"yes\",\"showthumb\":\"\",\"num_thumb\":\"5\"}'>\n\t\n\t\t\t\t\t<div class=\"item\">\n\t\n\t\t\t<a class=\"kc-image-link kc-pretty-photo\" data-lightbox=\"kc-lightbox\" rel=\"prettyPhoto[736193]\" href=\"https:\/\/label-engineering.eu\/wp-content\/uploads\/2021\/03\/IMG1_.jpg\"><img src=\"https:\/\/label-engineering.eu\/wp-content\/uploads\/2021\/03\/IMG1_.jpg\" alt=\"\" \/><\/a>\t\n\t\t\t<\/div>\n\t\n\t\t\t\t\t<div class=\"item\">\n\t\n\t\t\t<a class=\"kc-image-link kc-pretty-photo\" data-lightbox=\"kc-lightbox\" rel=\"prettyPhoto[736193]\" href=\"https:\/\/label-engineering.eu\/wp-content\/uploads\/2021\/03\/IMG_20200730_101123_2.jpg\"><img src=\"https:\/\/label-engineering.eu\/wp-content\/uploads\/2021\/03\/IMG_20200730_101123_2.jpg\" alt=\"\" \/><\/a>\t\n\t\t\t<\/div>\n\t\n\t\t\t\t\t<div class=\"item\">\n\t\n\t\t\t<a class=\"kc-image-link kc-pretty-photo\" data-lightbox=\"kc-lightbox\" rel=\"prettyPhoto[736193]\" href=\"https:\/\/label-engineering.eu\/wp-content\/uploads\/2021\/03\/IMG_20200730_101123-1.jpg\"><img src=\"https:\/\/label-engineering.eu\/wp-content\/uploads\/2021\/03\/IMG_20200730_101123-1.jpg\" alt=\"\" \/><\/a>\t\n\t\t\t<\/div>\n\t\n\t\t\t\t\t<div class=\"item\">\n\t\n\t\t\t<a class=\"kc-image-link kc-pretty-photo\" data-lightbox=\"kc-lightbox\" rel=\"prettyPhoto[736193]\" href=\"https:\/\/label-engineering.eu\/wp-content\/uploads\/2021\/03\/IMG_20200729_164805-scaled.jpg\"><img src=\"https:\/\/label-engineering.eu\/wp-content\/uploads\/2021\/03\/IMG_20200729_164805-scaled.jpg\" alt=\"\" \/><\/a>\t\n\t\t\t<\/div>\n\t\n\t\t\t\t\t<div class=\"item\">\n\t\n\t\t\t<a class=\"kc-image-link kc-pretty-photo\" data-lightbox=\"kc-lightbox\" rel=\"prettyPhoto[736193]\" href=\"https:\/\/label-engineering.eu\/wp-content\/uploads\/2021\/03\/IMG_20200728_165309-scaled.jpg\"><img src=\"https:\/\/label-engineering.eu\/wp-content\/uploads\/2021\/03\/IMG_20200728_165309-scaled.jpg\" alt=\"\" \/><\/a>\t\n\t\t\t<\/div>\n\t\n\t\t\t\t\t<div class=\"item\">\n\t\n\t\t\t<a class=\"kc-image-link kc-pretty-photo\" data-lightbox=\"kc-lightbox\" rel=\"prettyPhoto[736193]\" href=\"https:\/\/label-engineering.eu\/wp-content\/uploads\/2021\/03\/IMG_20200728_165243-scaled.jpg\"><img src=\"https:\/\/label-engineering.eu\/wp-content\/uploads\/2021\/03\/IMG_20200728_165243-scaled.jpg\" alt=\"\" \/><\/a>\t\n\t\t\t<\/div>\n\t\n\t\t\t\t\t<div class=\"item\">\n\t\n\t\t\t<a class=\"kc-image-link kc-pretty-photo\" data-lightbox=\"kc-lightbox\" rel=\"prettyPhoto[736193]\" href=\"https:\/\/label-engineering.eu\/wp-content\/uploads\/2021\/03\/IMG_.jpg\"><img src=\"https:\/\/label-engineering.eu\/wp-content\/uploads\/2021\/03\/IMG_.jpg\" alt=\"\" \/><\/a>\t\n\t\t\t<\/div>\n\t\n\t\t\t\t\t<div class=\"item\">\n\t\n\t\t\t<a class=\"kc-image-link kc-pretty-photo\" data-lightbox=\"kc-lightbox\" rel=\"prettyPhoto[736193]\" href=\"https:\/\/label-engineering.eu\/wp-content\/uploads\/2021\/03\/Immagine1.png\"><img src=\"https:\/\/label-engineering.eu\/wp-content\/uploads\/2021\/03\/Immagine1.png\" alt=\"\" \/><\/a>\t\n\t\t\t<\/div>\n\t\n\t\t\t\n\t\t<\/div>\n\t\n\t\t\t<\/div>\n<\/div>\n<\/div><\/div><\/div><\/div><\/section><\/p>\n","protected":false},"excerpt":{"rendered":"","protected":false},"author":1,"featured_media":0,"parent":0,"menu_order":0,"comment_status":"closed","ping_status":"closed","template":"tpl-king-composer.php","meta":[],"tags":[],"yoast_head":"<!-- This site is optimized with the Yoast SEO plugin v15.3 - https:\/\/yoast.com\/wordpress\/plugins\/seo\/ -->\n<title>Case history - Application angulaire - Label Engineering<\/title>\n<meta name=\"robots\" content=\"index, follow, max-snippet:-1, max-image-preview:large, max-video-preview:-1\" \/>\n<link rel=\"canonical\" href=\"https:\/\/label-engineering.eu\/fr\/case-history-application-angulaire\/\" \/>\n<meta property=\"og:locale\" content=\"fr_FR\" \/>\n<meta property=\"og:type\" content=\"article\" \/>\n<meta property=\"og:title\" content=\"Case history - Application angulaire - Label Engineering\" \/>\n<meta property=\"og:description\" content=\"Macchinario: Avvolgente con prodotto in verticale Data Progetto: 05.12.2019 Cliente: Privato Categoria: Macchina Stampa e Applica Un accent particulier pour l\u2019industrie alimentaire et en particulier sur le SECTEUR DU CAF\u00c9, une excellence dans le panorama productif italien. Application angulaire de scellage Pour r\u00e9pondre sp\u00e9cifiquement aux besoins de notre Client, marque reconnue internationalement, nous avons cr\u00e9\u00e9\" \/>\n<meta property=\"og:url\" content=\"https:\/\/label-engineering.eu\/fr\/case-history-application-angulaire\/\" \/>\n<meta property=\"og:site_name\" content=\"Label Engineering\" \/>\n<meta property=\"og:image\" content=\"http:\/\/label-engineering.eu\/wp-content\/uploads\/2021\/03\/IMG1_.jpg\" \/>\n<meta name=\"twitter:card\" content=\"summary_large_image\" \/>\n<meta name=\"twitter:label1\" content=\"\u00c9crit par\">\n\t<meta name=\"twitter:data1\" content=\"interjob\">\n\t<meta name=\"twitter:label2\" content=\"Dur\u00e9e de lecture est.\">\n\t<meta name=\"twitter:data2\" content=\"0 minute\">\n<script type=\"application\/ld+json\" class=\"yoast-schema-graph\">{\"@context\":\"https:\/\/schema.org\",\"@graph\":[{\"@type\":\"WebSite\",\"@id\":\"https:\/\/label-engineering.eu\/#website\",\"url\":\"https:\/\/label-engineering.eu\/\",\"name\":\"Label Engineering\",\"description\":\"Sistemi di etichettatura all&#039;avanguardia\",\"potentialAction\":[{\"@type\":\"SearchAction\",\"target\":\"https:\/\/label-engineering.eu\/?s={search_term_string}\",\"query-input\":\"required name=search_term_string\"}],\"inLanguage\":\"fr-FR\"},{\"@type\":\"ImageObject\",\"@id\":\"https:\/\/label-engineering.eu\/fr\/case-history-application-angulaire\/#primaryimage\",\"inLanguage\":\"fr-FR\",\"url\":\"http:\/\/label-engineering.eu\/wp-content\/uploads\/2021\/03\/IMG1_.jpg\"},{\"@type\":\"WebPage\",\"@id\":\"https:\/\/label-engineering.eu\/fr\/case-history-application-angulaire\/#webpage\",\"url\":\"https:\/\/label-engineering.eu\/fr\/case-history-application-angulaire\/\",\"name\":\"Case history - Application angulaire - Label Engineering\",\"isPartOf\":{\"@id\":\"https:\/\/label-engineering.eu\/#website\"},\"primaryImageOfPage\":{\"@id\":\"https:\/\/label-engineering.eu\/fr\/case-history-application-angulaire\/#primaryimage\"},\"datePublished\":\"2021-08-19T14:09:48+00:00\",\"dateModified\":\"2021-08-19T14:09:48+00:00\",\"inLanguage\":\"fr-FR\",\"potentialAction\":[{\"@type\":\"ReadAction\",\"target\":[\"https:\/\/label-engineering.eu\/fr\/case-history-application-angulaire\/\"]}]}]}<\/script>\n<!-- \/ Yoast SEO plugin. -->","_links":{"self":[{"href":"https:\/\/label-engineering.eu\/fr\/wp-json\/wp\/v2\/pages\/4701"}],"collection":[{"href":"https:\/\/label-engineering.eu\/fr\/wp-json\/wp\/v2\/pages"}],"about":[{"href":"https:\/\/label-engineering.eu\/fr\/wp-json\/wp\/v2\/types\/page"}],"author":[{"embeddable":true,"href":"https:\/\/label-engineering.eu\/fr\/wp-json\/wp\/v2\/users\/1"}],"replies":[{"embeddable":true,"href":"https:\/\/label-engineering.eu\/fr\/wp-json\/wp\/v2\/comments?post=4701"}],"version-history":[{"count":2,"href":"https:\/\/label-engineering.eu\/fr\/wp-json\/wp\/v2\/pages\/4701\/revisions"}],"predecessor-version":[{"id":4703,"href":"https:\/\/label-engineering.eu\/fr\/wp-json\/wp\/v2\/pages\/4701\/revisions\/4703"}],"wp:attachment":[{"href":"https:\/\/label-engineering.eu\/fr\/wp-json\/wp\/v2\/media?parent=4701"}],"wp:term":[{"taxonomy":"post_tag","embeddable":true,"href":"https:\/\/label-engineering.eu\/fr\/wp-json\/wp\/v2\/tags?post=4701"}],"curies":[{"name":"wp","href":"https:\/\/api.w.org\/{rel}","templated":true}]}}