{"id":4710,"date":"2021-08-19T16:16:57","date_gmt":"2021-08-19T14:16:57","guid":{"rendered":"http:\/\/label-engineering.eu\/?page_id=4710"},"modified":"2021-08-19T16:16:57","modified_gmt":"2021-08-19T14:16:57","slug":"case-history-application-enveloppante-sur-seaux-avec-poignee","status":"publish","type":"page","link":"https:\/\/label-engineering.eu\/fr\/case-history-application-enveloppante-sur-seaux-avec-poignee\/","title":{"rendered":"Case history &#8211; Application enveloppante sur seaux avec poign\u00e9e"},"content":{"rendered":"<p><section class=\"kc-elm kc-css-127225 kc_row\"><div class=\"kc-row-container  kc-container\"><div class=\"kc-wrap-columns\"><div class=\"kc-elm kc-css-99900 kc_col-sm-12 kc_column kc_col-sm-12\"><div class=\"kc-col-container\"><section class=\" project-details-page sec-pad\">\n    <div class=\"thm-container\">\n        <div class=\"row\">\n            <div class=\"col-md-12\">\n                <div class=\"project-details-content\">\n                    <div class=\"project-details-table\">\n                        \n\t\t\t\t\t\t\t\t\t\t\t\t\n\t\t\t\t\t\t<div class=\"single-project-details-table clearfix\">\n                            <span class=\"title\">Macchinario:<\/span>\n                            <span class=\"name\">Avvolgente con prodotto in verticale<\/span>\n                        <\/div>\n                        \n\t\t\t\t\t\t\t\t\t\t\t\t\n\t\t\t\t\t\t<div class=\"single-project-details-table clearfix\">\n                            <span class=\"title\">Data Progetto:<\/span>\n                            <span class=\"name\">05.12.2019<\/span>\n                        <\/div>\n                        \n\t\t\t\t\t\t\t\t\t\t\t\t\n\t\t\t\t\t\t<div class=\"single-project-details-table clearfix\">\n                            <span class=\"title\">Cliente:<\/span>\n                            <span class=\"name\">Privato<\/span>\n                        <\/div>\n                        \n\t\t\t\t\t\t\t\t\t\t\t\t\n\t\t\t\t\t\t<div class=\"single-project-details-table clearfix\">\n                            <span class=\"title\">Categoria:<\/span>\n                            <span class=\"name\">Macchina Stampa e Applica<\/span>\n                        <\/div>\n                        \n\t\t\t\t\t\t                    <\/div>\n                    <br \/>\n                    <br \/>\n                    <p>La conception de cette ligne d'\u00e9tiquetage est n\u00e9e du besoin sp\u00e9cifique du client qui recherchait une solution adapt\u00e9e pour<strong> l'application d'une \u00e9tiquette sur des seaux en t\u00f4le et en plastique.<\/strong><\/p>\n                    <br \/>\n                    <h3>Groupes de rotation<\/h3>\n                    <br \/>\n                    <p>La difficult\u00e9 n'\u00e9tait \u00e9videmment pas l'application de l'\u00e9tiquette mais la<strong> rotation du seau due \u00e0 la pr\u00e9sence d\u2019une anse mobile et de ses boitiers, ainsi que la pr\u00e9cision de l'application.<\/strong> La solution con\u00e7ue a \u00e9t\u00e9 celle <strong>d'\u00e9quiper la ligne d'\u00e9tiquetage de deux groupes de rotation: le premier pour permettre l'application sur le corps du seau; le deuxi\u00e8me pour accompagner l\u2019anse dans la phase de rotation.<\/strong><\/p>\n                    <br \/>\n                    <h3>R\u00e9sultat<\/h3>\n                    <br \/>\n                    <p>La synchronisation des deux syst\u00e8mes a \u00e9vit\u00e9 que l\u2019anse et les boitiers puissent compromettre l'application, permettant ainsi la continuit\u00e9 et la fiabilit\u00e9 du processus d'\u00e9tiquetage.<\/p>\n                <\/div>\n            <\/div>\n           \n            <\/div>\n        <\/div>\n    <\/div>\n<\/section><\/div><\/div><\/div><\/div><\/section><section class=\"kc-elm kc-css-651323 kc_row\"><div class=\"kc-row-container  kc-container\"><div class=\"kc-wrap-columns\"><div class=\"kc-elm kc-css-524976 kc_col-of-5 kc_column kc_col-of-5\"><div class=\"kc-col-container\"><\/div><\/div><div class=\"kc-elm kc-css-583325 kc_col-sm-7 kc_column kc_col-sm-7\"><div class=\"kc-col-container\"><div class=\"kc-elm kc-css-173214 kc-raw-code\"><iframe width=\"560\" height=\"315\" src=\"https:\/\/www.youtube.com\/embed\/Q1x2WfHPqVs?rel=0\" title=\"YouTube video player\" frameborder=\"0\" allow=\"accelerometer; autoplay; clipboard-write; encrypted-media; gyroscope; picture-in-picture\" allowfullscreen><\/iframe><\/div><\/div><\/div><div class=\"kc-elm kc-css-822552 kc_col-of-5 kc_column kc_col-of-5\"><div class=\"kc-col-container\"><\/div><\/div><\/div><\/div><\/section><section data-kc-fullwidth=\"content\" class=\"kc-elm kc-css-927613 kc_row\"><div class=\"kc-row-container\"><div class=\"kc-wrap-columns\"><div class=\"kc-elm kc-css-299342 kc_col-sm-12 kc_column kc_col-sm-12\"><div class=\"kc-col-container\"><div class=\"kc-elm kc-css-987687\">\n\t<div class=\"kc-carousel_images kc-elm kc-css-987687\">\n\t\n\t\t<div class=\"kc-carousel-images owl-carousel-images kc-sync1 \" data-owl-i-options='{\"items\":\"3\",\"tablet\":\"2\",\"mobile\":\"1\",\"speed\":\"500\",\"navigation\":\"\",\"pagination\":\"\",\"autoheight\":\"\",\"progressbar\":\"\",\"delay\":\"8\",\"autoplay\":\"yes\",\"showthumb\":\"\",\"num_thumb\":\"5\"}'>\n\t\n\t\t\t\t\t<div class=\"item\">\n\t\n\t\t\t<a class=\"kc-image-link kc-pretty-photo\" data-lightbox=\"kc-lightbox\" rel=\"prettyPhoto[987687]\" href=\"https:\/\/label-engineering.eu\/wp-content\/uploads\/2021\/03\/IMG_20200722_162938.jpg\"><img src=\"https:\/\/label-engineering.eu\/wp-content\/uploads\/2021\/03\/IMG_20200722_162938.jpg\" alt=\"\" \/><\/a>\t\n\t\t\t<\/div>\n\t\n\t\t\t\t\t<div class=\"item\">\n\t\n\t\t\t<a class=\"kc-image-link kc-pretty-photo\" data-lightbox=\"kc-lightbox\" rel=\"prettyPhoto[987687]\" href=\"https:\/\/label-engineering.eu\/wp-content\/uploads\/2021\/03\/IMG_20200722_163016.jpg\"><img src=\"https:\/\/label-engineering.eu\/wp-content\/uploads\/2021\/03\/IMG_20200722_163016.jpg\" alt=\"\" \/><\/a>\t\n\t\t\t<\/div>\n\t\n\t\t\t\t\t<div class=\"item\">\n\t\n\t\t\t<a class=\"kc-image-link kc-pretty-photo\" data-lightbox=\"kc-lightbox\" rel=\"prettyPhoto[987687]\" href=\"https:\/\/label-engineering.eu\/wp-content\/uploads\/2021\/03\/IMG_20200722_162953-1.jpg\"><img src=\"https:\/\/label-engineering.eu\/wp-content\/uploads\/2021\/03\/IMG_20200722_162953-1.jpg\" alt=\"\" \/><\/a>\t\n\t\t\t<\/div>\n\t\n\t\t\t\n\t\t<\/div>\n\t\n\t\t\t<\/div>\n<\/div>\n<\/div><\/div><\/div><\/div><\/section><\/p>\n","protected":false},"excerpt":{"rendered":"","protected":false},"author":1,"featured_media":2855,"parent":0,"menu_order":0,"comment_status":"closed","ping_status":"closed","template":"tpl-king-composer.php","meta":[],"tags":[],"yoast_head":"<!-- This site is optimized with the Yoast SEO plugin v15.3 - https:\/\/yoast.com\/wordpress\/plugins\/seo\/ -->\n<title>Case history - Application enveloppante sur seaux avec poign\u00e9e - Label Engineering<\/title>\n<meta name=\"robots\" content=\"index, follow, max-snippet:-1, max-image-preview:large, max-video-preview:-1\" \/>\n<link rel=\"canonical\" href=\"https:\/\/label-engineering.eu\/fr\/case-history-application-enveloppante-sur-seaux-avec-poignee\/\" \/>\n<meta property=\"og:locale\" content=\"fr_FR\" \/>\n<meta property=\"og:type\" content=\"article\" \/>\n<meta property=\"og:title\" content=\"Case history - Application enveloppante sur seaux avec poign\u00e9e - Label Engineering\" \/>\n<meta property=\"og:description\" content=\"Macchinario: Avvolgente con prodotto in verticale Data Progetto: 05.12.2019 Cliente: Privato Categoria: Macchina Stampa e Applica La conception de cette ligne d&#8217;\u00e9tiquetage est n\u00e9e du besoin sp\u00e9cifique du client qui recherchait une solution adapt\u00e9e pour l&#8217;application d&#8217;une \u00e9tiquette sur des seaux en t\u00f4le et en plastique. Groupes de rotation La difficult\u00e9 n&#8217;\u00e9tait \u00e9videmment pas l&#8217;application\" \/>\n<meta property=\"og:url\" content=\"https:\/\/label-engineering.eu\/fr\/case-history-application-enveloppante-sur-seaux-avec-poignee\/\" \/>\n<meta property=\"og:site_name\" content=\"Label Engineering\" \/>\n<meta property=\"og:image\" content=\"https:\/\/label-engineering.eu\/wp-content\/uploads\/2021\/03\/IMG_20200722_162953-scaled.jpg\" \/>\n\t<meta property=\"og:image:width\" content=\"2560\" \/>\n\t<meta property=\"og:image:height\" content=\"1180\" \/>\n<meta name=\"twitter:card\" content=\"summary_large_image\" \/>\n<meta name=\"twitter:label1\" content=\"\u00c9crit par\">\n\t<meta name=\"twitter:data1\" content=\"interjob\">\n\t<meta name=\"twitter:label2\" content=\"Dur\u00e9e de lecture est.\">\n\t<meta name=\"twitter:data2\" content=\"1 minute\">\n<script type=\"application\/ld+json\" class=\"yoast-schema-graph\">{\"@context\":\"https:\/\/schema.org\",\"@graph\":[{\"@type\":\"WebSite\",\"@id\":\"https:\/\/label-engineering.eu\/#website\",\"url\":\"https:\/\/label-engineering.eu\/\",\"name\":\"Label Engineering\",\"description\":\"Sistemi di etichettatura all&#039;avanguardia\",\"potentialAction\":[{\"@type\":\"SearchAction\",\"target\":\"https:\/\/label-engineering.eu\/?s={search_term_string}\",\"query-input\":\"required name=search_term_string\"}],\"inLanguage\":\"fr-FR\"},{\"@type\":\"ImageObject\",\"@id\":\"https:\/\/label-engineering.eu\/fr\/case-history-application-enveloppante-sur-seaux-avec-poignee\/#primaryimage\",\"inLanguage\":\"fr-FR\",\"url\":\"https:\/\/label-engineering.eu\/wp-content\/uploads\/2021\/03\/IMG_20200722_162953-scaled.jpg\",\"width\":2560,\"height\":1180},{\"@type\":\"WebPage\",\"@id\":\"https:\/\/label-engineering.eu\/fr\/case-history-application-enveloppante-sur-seaux-avec-poignee\/#webpage\",\"url\":\"https:\/\/label-engineering.eu\/fr\/case-history-application-enveloppante-sur-seaux-avec-poignee\/\",\"name\":\"Case history - Application enveloppante sur seaux avec poign\\u00e9e - Label Engineering\",\"isPartOf\":{\"@id\":\"https:\/\/label-engineering.eu\/#website\"},\"primaryImageOfPage\":{\"@id\":\"https:\/\/label-engineering.eu\/fr\/case-history-application-enveloppante-sur-seaux-avec-poignee\/#primaryimage\"},\"datePublished\":\"2021-08-19T14:16:57+00:00\",\"dateModified\":\"2021-08-19T14:16:57+00:00\",\"inLanguage\":\"fr-FR\",\"potentialAction\":[{\"@type\":\"ReadAction\",\"target\":[\"https:\/\/label-engineering.eu\/fr\/case-history-application-enveloppante-sur-seaux-avec-poignee\/\"]}]}]}<\/script>\n<!-- \/ Yoast SEO plugin. -->","_links":{"self":[{"href":"https:\/\/label-engineering.eu\/fr\/wp-json\/wp\/v2\/pages\/4710"}],"collection":[{"href":"https:\/\/label-engineering.eu\/fr\/wp-json\/wp\/v2\/pages"}],"about":[{"href":"https:\/\/label-engineering.eu\/fr\/wp-json\/wp\/v2\/types\/page"}],"author":[{"embeddable":true,"href":"https:\/\/label-engineering.eu\/fr\/wp-json\/wp\/v2\/users\/1"}],"replies":[{"embeddable":true,"href":"https:\/\/label-engineering.eu\/fr\/wp-json\/wp\/v2\/comments?post=4710"}],"version-history":[{"count":2,"href":"https:\/\/label-engineering.eu\/fr\/wp-json\/wp\/v2\/pages\/4710\/revisions"}],"predecessor-version":[{"id":4712,"href":"https:\/\/label-engineering.eu\/fr\/wp-json\/wp\/v2\/pages\/4710\/revisions\/4712"}],"wp:featuredmedia":[{"embeddable":true,"href":"https:\/\/label-engineering.eu\/fr\/wp-json\/wp\/v2\/media\/2855"}],"wp:attachment":[{"href":"https:\/\/label-engineering.eu\/fr\/wp-json\/wp\/v2\/media?parent=4710"}],"wp:term":[{"taxonomy":"post_tag","embeddable":true,"href":"https:\/\/label-engineering.eu\/fr\/wp-json\/wp\/v2\/tags?post=4710"}],"curies":[{"name":"wp","href":"https:\/\/api.w.org\/{rel}","templated":true}]}}