{"id":4713,"date":"2021-08-19T16:19:17","date_gmt":"2021-08-19T14:19:17","guid":{"rendered":"http:\/\/label-engineering.eu\/?page_id=4713"},"modified":"2021-08-19T16:19:17","modified_gmt":"2021-08-19T14:19:17","slug":"case-history-etiquetage-sur-le-bouchon-de-bouteilles-de-vernis-a-ongles","status":"publish","type":"page","link":"https:\/\/label-engineering.eu\/fr\/case-history-etiquetage-sur-le-bouchon-de-bouteilles-de-vernis-a-ongles\/","title":{"rendered":"Case history &#8211; Etiquetage sur le bouchon de bouteilles de vernis \u00e0 ongles"},"content":{"rendered":"<p><section class=\"kc-elm kc-css-469525 kc_row\"><div class=\"kc-row-container  kc-container\"><div class=\"kc-wrap-columns\"><div class=\"kc-elm kc-css-231240 kc_col-sm-12 kc_column kc_col-sm-12\"><div class=\"kc-col-container\"><section class=\" project-details-page sec-pad\">\n    <div class=\"thm-container\">\n        <div class=\"row\">\n            <div class=\"col-md-12\">\n                <div class=\"project-details-content\">\n                    <div class=\"project-details-table\">\n                        \n\t\t\t\t\t\t\t\t\t\t\t\t\n\t\t\t\t\t\t<div class=\"single-project-details-table clearfix\">\n                            <span class=\"title\">Macchinario:<\/span>\n                            <span class=\"name\">Avvolgente con prodotto in verticale<\/span>\n                        <\/div>\n                        \n\t\t\t\t\t\t\t\t\t\t\t\t\n\t\t\t\t\t\t<div class=\"single-project-details-table clearfix\">\n                            <span class=\"title\">Data Progetto:<\/span>\n                            <span class=\"name\">05.12.2019<\/span>\n                        <\/div>\n                        \n\t\t\t\t\t\t\t\t\t\t\t\t\n\t\t\t\t\t\t<div class=\"single-project-details-table clearfix\">\n                            <span class=\"title\">Cliente:<\/span>\n                            <span class=\"name\">Privato<\/span>\n                        <\/div>\n                        \n\t\t\t\t\t\t\t\t\t\t\t\t\n\t\t\t\t\t\t<div class=\"single-project-details-table clearfix\">\n                            <span class=\"title\">Categoria:<\/span>\n                            <span class=\"name\">Macchina Stampa e Applica<\/span>\n                        <\/div>\n                        \n\t\t\t\t\t\t                    <\/div>\n                    <br \/>\n                    <br \/>\n                    <p>Nous voulons donner un exemple <strong>d'int\u00e9gration de nos syst\u00e8mes d'\u00e9tiquetage <\/strong>en pr\u00e9sentant la solution install\u00e9e chez notre Client qui op\u00e8re dans le domaine de la cosm\u00e9tique.<\/p>\n                    <br \/>\n                    <h3>\u00c9tiquette de petite taille<\/h3>\n                    <br \/>\n                    <p>L'entreprise, notre cliente depuis un certain temps, avait besoin d'un <strong>dispositif pour appliquer une \u00e9tiquette sur le bouchon d'une bouteille de vernis \u00e0 ongles.<\/strong> La particularit\u00e9 du syst\u00e8me est donn\u00e9e par la construction du corps de la machine d'\u00e9tiquetage et la longueur de la lame qui \"p\u00e9n\u00e8tre\" le carrousel du syst\u00e8me <strong>d'emballage pour appliquer l'\u00e9tiquette de petite taille dans l\u2019exacte position demand\u00e9e.<\/strong>\r\nLe syst\u00e8me d'\u00e9tiquetage est \u00e9quip\u00e9 d'une unit\u00e9 de surimpression pour le marquage des donn\u00e9es variables.\r\n<\/p>\n                    <br \/>\n                    <h3>R\u00e9sultat<\/h3>\n                    <br \/>\n                    <p>L'int\u00e9gration du syst\u00e8me d'\u00e9tiquetage a permis l'ach\u00e8vement de l'automatisation du cycle d'emballage.<\/p>\n                <\/div>\n            <\/div>\n           \n            <\/div>\n        <\/div>\n    <\/div>\n<\/section><\/div><\/div><\/div><\/div><\/section><section class=\"kc-elm kc-css-240812 kc_row\"><div class=\"kc-row-container  kc-container\"><div class=\"kc-wrap-columns\"><div class=\"kc-elm kc-css-707369 kc_col-sm-6 kc_column kc_col-sm-6\"><div class=\"kc-col-container\"><div class=\"kc-elm kc-css-436504 kc_shortcode kc_single_image\">\n\n        <a rel=\"prettyPhoto\" class=\"kc-pretty-photo\" href=\"https:\/\/label-engineering.eu\/wp-content\/uploads\/2021\/04\/Cattura-1-rotated.jpg\" title=\"\" target=\"\">\n        <img src=\"https:\/\/label-engineering.eu\/wp-content\/uploads\/2021\/04\/Cattura-1-rotated.jpg\" class=\"\" alt=\"\" \/>    <\/a>\n    <\/div>\n<\/div><\/div><div class=\"kc-elm kc-css-635658 kc_col-sm-6 kc_column kc_col-sm-6\"><div class=\"kc-col-container\"><div class=\"kc-elm kc-css-657994 kc-raw-code\"><iframe width=\"560\" height=\"315\" src=\"https:\/\/www.youtube.com\/embed\/GkvOYcqPDu8?rel=0\" title=\"YouTube video player\" frameborder=\"0\" allow=\"accelerometer; autoplay; clipboard-write; encrypted-media; gyroscope; picture-in-picture\" allowfullscreen><\/iframe><\/div><\/div><\/div><\/div><\/div><\/section><\/p>\n","protected":false},"excerpt":{"rendered":"","protected":false},"author":1,"featured_media":0,"parent":0,"menu_order":0,"comment_status":"closed","ping_status":"closed","template":"tpl-king-composer.php","meta":[],"tags":[],"yoast_head":"<!-- This site is optimized with the Yoast SEO plugin v15.3 - https:\/\/yoast.com\/wordpress\/plugins\/seo\/ -->\n<title>Case history - Etiquetage sur le bouchon de bouteilles de vernis \u00e0 ongles - Label Engineering<\/title>\n<meta name=\"robots\" content=\"index, follow, max-snippet:-1, max-image-preview:large, max-video-preview:-1\" \/>\n<link rel=\"canonical\" href=\"https:\/\/label-engineering.eu\/fr\/case-history-etiquetage-sur-le-bouchon-de-bouteilles-de-vernis-a-ongles\/\" \/>\n<meta property=\"og:locale\" content=\"fr_FR\" \/>\n<meta property=\"og:type\" content=\"article\" \/>\n<meta property=\"og:title\" content=\"Case history - Etiquetage sur le bouchon de bouteilles de vernis \u00e0 ongles - Label Engineering\" \/>\n<meta property=\"og:description\" content=\"Macchinario: Avvolgente con prodotto in verticale Data Progetto: 05.12.2019 Cliente: Privato Categoria: Macchina Stampa e Applica Nous voulons donner un exemple d&#8217;int\u00e9gration de nos syst\u00e8mes d&#8217;\u00e9tiquetage en pr\u00e9sentant la solution install\u00e9e chez notre Client qui op\u00e8re dans le domaine de la cosm\u00e9tique. \u00c9tiquette de petite taille L&#8217;entreprise, notre cliente depuis un certain temps, avait besoin\" \/>\n<meta property=\"og:url\" content=\"https:\/\/label-engineering.eu\/fr\/case-history-etiquetage-sur-le-bouchon-de-bouteilles-de-vernis-a-ongles\/\" \/>\n<meta property=\"og:site_name\" content=\"Label Engineering\" \/>\n<meta property=\"og:image\" content=\"http:\/\/label-engineering.eu\/wp-content\/uploads\/2021\/04\/Cattura-1-rotated.jpg\" \/>\n<meta name=\"twitter:card\" content=\"summary_large_image\" \/>\n<meta name=\"twitter:label1\" content=\"\u00c9crit par\">\n\t<meta name=\"twitter:data1\" content=\"interjob\">\n\t<meta name=\"twitter:label2\" content=\"Dur\u00e9e de lecture est.\">\n\t<meta name=\"twitter:data2\" content=\"1 minute\">\n<script type=\"application\/ld+json\" class=\"yoast-schema-graph\">{\"@context\":\"https:\/\/schema.org\",\"@graph\":[{\"@type\":\"WebSite\",\"@id\":\"https:\/\/label-engineering.eu\/#website\",\"url\":\"https:\/\/label-engineering.eu\/\",\"name\":\"Label Engineering\",\"description\":\"Sistemi di etichettatura all&#039;avanguardia\",\"potentialAction\":[{\"@type\":\"SearchAction\",\"target\":\"https:\/\/label-engineering.eu\/?s={search_term_string}\",\"query-input\":\"required name=search_term_string\"}],\"inLanguage\":\"fr-FR\"},{\"@type\":\"ImageObject\",\"@id\":\"https:\/\/label-engineering.eu\/fr\/case-history-etiquetage-sur-le-bouchon-de-bouteilles-de-vernis-a-ongles\/#primaryimage\",\"inLanguage\":\"fr-FR\",\"url\":\"http:\/\/label-engineering.eu\/wp-content\/uploads\/2021\/04\/Cattura-1-rotated.jpg\"},{\"@type\":\"WebPage\",\"@id\":\"https:\/\/label-engineering.eu\/fr\/case-history-etiquetage-sur-le-bouchon-de-bouteilles-de-vernis-a-ongles\/#webpage\",\"url\":\"https:\/\/label-engineering.eu\/fr\/case-history-etiquetage-sur-le-bouchon-de-bouteilles-de-vernis-a-ongles\/\",\"name\":\"Case history - Etiquetage sur le bouchon de bouteilles de vernis \\u00e0 ongles - Label Engineering\",\"isPartOf\":{\"@id\":\"https:\/\/label-engineering.eu\/#website\"},\"primaryImageOfPage\":{\"@id\":\"https:\/\/label-engineering.eu\/fr\/case-history-etiquetage-sur-le-bouchon-de-bouteilles-de-vernis-a-ongles\/#primaryimage\"},\"datePublished\":\"2021-08-19T14:19:17+00:00\",\"dateModified\":\"2021-08-19T14:19:17+00:00\",\"inLanguage\":\"fr-FR\",\"potentialAction\":[{\"@type\":\"ReadAction\",\"target\":[\"https:\/\/label-engineering.eu\/fr\/case-history-etiquetage-sur-le-bouchon-de-bouteilles-de-vernis-a-ongles\/\"]}]}]}<\/script>\n<!-- \/ Yoast SEO plugin. -->","_links":{"self":[{"href":"https:\/\/label-engineering.eu\/fr\/wp-json\/wp\/v2\/pages\/4713"}],"collection":[{"href":"https:\/\/label-engineering.eu\/fr\/wp-json\/wp\/v2\/pages"}],"about":[{"href":"https:\/\/label-engineering.eu\/fr\/wp-json\/wp\/v2\/types\/page"}],"author":[{"embeddable":true,"href":"https:\/\/label-engineering.eu\/fr\/wp-json\/wp\/v2\/users\/1"}],"replies":[{"embeddable":true,"href":"https:\/\/label-engineering.eu\/fr\/wp-json\/wp\/v2\/comments?post=4713"}],"version-history":[{"count":3,"href":"https:\/\/label-engineering.eu\/fr\/wp-json\/wp\/v2\/pages\/4713\/revisions"}],"predecessor-version":[{"id":4716,"href":"https:\/\/label-engineering.eu\/fr\/wp-json\/wp\/v2\/pages\/4713\/revisions\/4716"}],"wp:attachment":[{"href":"https:\/\/label-engineering.eu\/fr\/wp-json\/wp\/v2\/media?parent=4713"}],"wp:term":[{"taxonomy":"post_tag","embeddable":true,"href":"https:\/\/label-engineering.eu\/fr\/wp-json\/wp\/v2\/tags?post=4713"}],"curies":[{"name":"wp","href":"https:\/\/api.w.org\/{rel}","templated":true}]}}