{"id":4723,"date":"2021-08-19T16:25:40","date_gmt":"2021-08-19T14:25:40","guid":{"rendered":"http:\/\/label-engineering.eu\/?page_id=4723"},"modified":"2021-08-19T16:25:40","modified_gmt":"2021-08-19T14:25:40","slug":"case-history-double-etiquetage-a-linterieur-des-bobines","status":"publish","type":"page","link":"https:\/\/label-engineering.eu\/fr\/case-history-double-etiquetage-a-linterieur-des-bobines\/","title":{"rendered":"Case history &#8211; Double \u00e9tiquetage \u00e0 l\u2019int\u00e9rieur des bobines"},"content":{"rendered":"<p><section class=\"kc-elm kc-css-14509 kc_row\"><div class=\"kc-row-container  kc-container\"><div class=\"kc-wrap-columns\"><div class=\"kc-elm kc-css-65702 kc_col-sm-12 kc_column kc_col-sm-12\"><div class=\"kc-col-container\"><section class=\" project-details-page sec-pad\">\n    <div class=\"thm-container\">\n        <div class=\"row\">\n            <div class=\"col-md-12\">\n                <div class=\"project-details-content\">\n                    <div class=\"project-details-table\">\n                        \n\t\t\t\t\t\t\t\t\t\t\t\t\n\t\t\t\t\t\t<div class=\"single-project-details-table clearfix\">\n                            <span class=\"title\">Macchinario:<\/span>\n                            <span class=\"name\">Avvolgente con prodotto in verticale<\/span>\n                        <\/div>\n                        \n\t\t\t\t\t\t\t\t\t\t\t\t\n\t\t\t\t\t\t<div class=\"single-project-details-table clearfix\">\n                            <span class=\"title\">Data Progetto:<\/span>\n                            <span class=\"name\">05.12.2019<\/span>\n                        <\/div>\n                        \n\t\t\t\t\t\t\t\t\t\t\t\t\n\t\t\t\t\t\t<div class=\"single-project-details-table clearfix\">\n                            <span class=\"title\">Cliente:<\/span>\n                            <span class=\"name\">Privato<\/span>\n                        <\/div>\n                        \n\t\t\t\t\t\t\t\t\t\t\t\t\n\t\t\t\t\t\t<div class=\"single-project-details-table clearfix\">\n                            <span class=\"title\">Categoria:<\/span>\n                            <span class=\"name\">Macchina Stampa e Applica<\/span>\n                        <\/div>\n                        \n\t\t\t\t\t\t                    <\/div>\n                    <br \/>\n                    <br \/>\n                    <p>L'<strong>industrie textile<\/strong>, qui est une composante fondamentale du secteur manufacturier italien et europ\u00e9en, doit g\u00e9rer des emballages tr\u00e8s sp\u00e9ciaux.<\/p>\n                    <br \/>\n                    <h3>Double \u00e9tiquetage \u00e0 l:apos:int\u00e9rieur des bobines<\/h3>\n                    <br \/>\n                    <p>Pour donner suite \u00e0 la demande sp\u00e9cifique d'une importante industrie nationale de la filature, nous avons \u00e9tudi\u00e9 et r\u00e9alis\u00e9 un <strong>double syst\u00e8me IMPRESSION ET POSE \u00e9quip\u00e9 de deux v\u00e9rins pneumatiques avec une course de 350 mm, adapt\u00e9 \u00e0 l'application d'\u00e9tiquettes \u00e0 l'int\u00e9rieur de bobines plac\u00e9es sur des supports \u00e0 double niveau.<\/strong><\/p>\n                    <br \/>\n                    <h3>R\u00e9sultat<\/h3>\n                    <br \/>\n                    <p>Gr\u00e2ce au mouvement synchronis\u00e9 des deux v\u00e9rins pneumatiques, les tampons appliquent les \u00e9tiquettes <strong>directement \u00e0 l'int\u00e9rieur du noyau des bobines, en respectant le point d'application souhait\u00e9 par le client.<\/strong><\/p>\n                <\/div>\n            <\/div>\n           \n            <\/div>\n        <\/div>\n    <\/div>\n<\/section><\/div><\/div><\/div><\/div><\/section><section class=\"kc-elm kc-css-567253 kc_row\"><div class=\"kc-row-container  kc-container\"><div class=\"kc-wrap-columns\"><div class=\"kc-elm kc-css-9751 kc_col-of-5 kc_column kc_col-of-5\"><div class=\"kc-col-container\"><\/div><\/div><div class=\"kc-elm kc-css-776986 kc_col-sm-7 kc_column kc_col-sm-7\"><div class=\"kc-col-container\"><div class=\"kc-elm kc-css-506169 kc-raw-code\"><iframe width=\"100%\" height=\"450\" src=\"https:\/\/www.youtube.com\/embed\/KGYwUhRvm3E?rel=0\" title=\"YouTube video player\" frameborder=\"0\" allow=\"accelerometer; autoplay; clipboard-write; encrypted-media; gyroscope; picture-in-picture\" allowfullscreen><\/iframe><\/div><\/div><\/div><div class=\"kc-elm kc-css-602941 kc_col-of-5 kc_column kc_col-of-5\"><div class=\"kc-col-container\"><\/div><\/div><\/div><\/div><\/section><section data-kc-fullwidth=\"content\" class=\"kc-elm kc-css-421252 kc_row\"><div class=\"kc-row-container\"><div class=\"kc-wrap-columns\"><div class=\"kc-elm kc-css-405884 kc_col-sm-12 kc_column kc_col-sm-12\"><div class=\"kc-col-container\"><div class=\"kc-elm kc-css-341237\">\n\t<div class=\"kc-carousel_images kc-elm kc-css-341237\">\n\t\n\t\t<div class=\"kc-carousel-images owl-carousel-images kc-sync1 \" data-owl-i-options='{\"items\":\"4\",\"tablet\":\"2\",\"mobile\":\"1\",\"speed\":\"500\",\"navigation\":\"\",\"pagination\":\"\",\"autoheight\":\"yes\",\"progressbar\":\"\",\"delay\":\"8\",\"autoplay\":\"yes\",\"showthumb\":\"\",\"num_thumb\":\"5\"}'>\n\t\n\t\t\t\t\t<div class=\"item\">\n\t\n\t\t\t<a class=\"kc-image-link kc-pretty-photo\" data-lightbox=\"kc-lightbox\" rel=\"prettyPhoto[341237]\" href=\"https:\/\/label-engineering.eu\/wp-content\/uploads\/2021\/03\/DSCN8125-Copia-1.jpg\"><img src=\"https:\/\/label-engineering.eu\/wp-content\/uploads\/2021\/03\/DSCN8125-Copia-1.jpg\" alt=\"\" \/><\/a>\t\n\t\t\t<\/div>\n\t\n\t\t\t\t\t<div class=\"item\">\n\t\n\t\t\t<a class=\"kc-image-link kc-pretty-photo\" data-lightbox=\"kc-lightbox\" rel=\"prettyPhoto[341237]\" href=\"https:\/\/label-engineering.eu\/wp-content\/uploads\/2021\/03\/DSCN2920.jpg\"><img src=\"https:\/\/label-engineering.eu\/wp-content\/uploads\/2021\/03\/DSCN2920.jpg\" alt=\"\" \/><\/a>\t\n\t\t\t<\/div>\n\t\n\t\t\t\t\t<div class=\"item\">\n\t\n\t\t\t<a class=\"kc-image-link kc-pretty-photo\" data-lightbox=\"kc-lightbox\" rel=\"prettyPhoto[341237]\" href=\"https:\/\/label-engineering.eu\/wp-content\/uploads\/2021\/03\/06030003.jpg\"><img src=\"https:\/\/label-engineering.eu\/wp-content\/uploads\/2021\/03\/06030003.jpg\" alt=\"\" \/><\/a>\t\n\t\t\t<\/div>\n\t\n\t\t\t\t\t<div class=\"item\">\n\t\n\t\t\t<a class=\"kc-image-link kc-pretty-photo\" data-lightbox=\"kc-lightbox\" rel=\"prettyPhoto[341237]\" href=\"https:\/\/label-engineering.eu\/wp-content\/uploads\/2021\/03\/DSCN8125-1-scaled.jpg\"><img src=\"https:\/\/label-engineering.eu\/wp-content\/uploads\/2021\/03\/DSCN8125-1-scaled.jpg\" alt=\"\" \/><\/a>\t\n\t\t\t<\/div>\n\t\n\t\t\t\n\t\t<\/div>\n\t\n\t\t\t<\/div>\n<\/div>\n<\/div><\/div><\/div><\/div><\/section><\/p>\n","protected":false},"excerpt":{"rendered":"","protected":false},"author":1,"featured_media":0,"parent":0,"menu_order":0,"comment_status":"closed","ping_status":"closed","template":"tpl-king-composer.php","meta":[],"tags":[],"yoast_head":"<!-- This site is optimized with the Yoast SEO plugin v15.3 - https:\/\/yoast.com\/wordpress\/plugins\/seo\/ -->\n<title>Case history - Double \u00e9tiquetage \u00e0 l\u2019int\u00e9rieur des bobines - Label Engineering<\/title>\n<meta name=\"robots\" content=\"index, follow, max-snippet:-1, max-image-preview:large, max-video-preview:-1\" \/>\n<link rel=\"canonical\" href=\"https:\/\/label-engineering.eu\/fr\/case-history-double-etiquetage-a-linterieur-des-bobines\/\" \/>\n<meta property=\"og:locale\" content=\"fr_FR\" \/>\n<meta property=\"og:type\" content=\"article\" \/>\n<meta property=\"og:title\" content=\"Case history - Double \u00e9tiquetage \u00e0 l\u2019int\u00e9rieur des bobines - Label Engineering\" \/>\n<meta property=\"og:description\" content=\"Macchinario: Avvolgente con prodotto in verticale Data Progetto: 05.12.2019 Cliente: Privato Categoria: Macchina Stampa e Applica L&#8217;industrie textile, qui est une composante fondamentale du secteur manufacturier italien et europ\u00e9en, doit g\u00e9rer des emballages tr\u00e8s sp\u00e9ciaux. Double \u00e9tiquetage \u00e0 l&#039;int\u00e9rieur des bobines Pour donner suite \u00e0 la demande sp\u00e9cifique d&#8217;une importante industrie nationale de la filature,\" \/>\n<meta property=\"og:url\" content=\"https:\/\/label-engineering.eu\/fr\/case-history-double-etiquetage-a-linterieur-des-bobines\/\" \/>\n<meta property=\"og:site_name\" content=\"Label Engineering\" \/>\n<meta property=\"og:image\" content=\"http:\/\/label-engineering.eu\/wp-content\/uploads\/2021\/03\/DSCN8125-Copia-1.jpg\" \/>\n<meta name=\"twitter:card\" content=\"summary_large_image\" \/>\n<meta name=\"twitter:label1\" content=\"\u00c9crit par\">\n\t<meta name=\"twitter:data1\" content=\"interjob\">\n\t<meta name=\"twitter:label2\" content=\"Dur\u00e9e de lecture est.\">\n\t<meta name=\"twitter:data2\" content=\"1 minute\">\n<script type=\"application\/ld+json\" class=\"yoast-schema-graph\">{\"@context\":\"https:\/\/schema.org\",\"@graph\":[{\"@type\":\"WebSite\",\"@id\":\"https:\/\/label-engineering.eu\/#website\",\"url\":\"https:\/\/label-engineering.eu\/\",\"name\":\"Label Engineering\",\"description\":\"Sistemi di etichettatura all&#039;avanguardia\",\"potentialAction\":[{\"@type\":\"SearchAction\",\"target\":\"https:\/\/label-engineering.eu\/?s={search_term_string}\",\"query-input\":\"required name=search_term_string\"}],\"inLanguage\":\"fr-FR\"},{\"@type\":\"ImageObject\",\"@id\":\"https:\/\/label-engineering.eu\/fr\/case-history-double-etiquetage-a-linterieur-des-bobines\/#primaryimage\",\"inLanguage\":\"fr-FR\",\"url\":\"http:\/\/label-engineering.eu\/wp-content\/uploads\/2021\/03\/DSCN8125-Copia-1.jpg\"},{\"@type\":\"WebPage\",\"@id\":\"https:\/\/label-engineering.eu\/fr\/case-history-double-etiquetage-a-linterieur-des-bobines\/#webpage\",\"url\":\"https:\/\/label-engineering.eu\/fr\/case-history-double-etiquetage-a-linterieur-des-bobines\/\",\"name\":\"Case history - Double \\u00e9tiquetage \\u00e0 l\\u2019int\\u00e9rieur des bobines - Label Engineering\",\"isPartOf\":{\"@id\":\"https:\/\/label-engineering.eu\/#website\"},\"primaryImageOfPage\":{\"@id\":\"https:\/\/label-engineering.eu\/fr\/case-history-double-etiquetage-a-linterieur-des-bobines\/#primaryimage\"},\"datePublished\":\"2021-08-19T14:25:40+00:00\",\"dateModified\":\"2021-08-19T14:25:40+00:00\",\"inLanguage\":\"fr-FR\",\"potentialAction\":[{\"@type\":\"ReadAction\",\"target\":[\"https:\/\/label-engineering.eu\/fr\/case-history-double-etiquetage-a-linterieur-des-bobines\/\"]}]}]}<\/script>\n<!-- \/ Yoast SEO plugin. -->","_links":{"self":[{"href":"https:\/\/label-engineering.eu\/fr\/wp-json\/wp\/v2\/pages\/4723"}],"collection":[{"href":"https:\/\/label-engineering.eu\/fr\/wp-json\/wp\/v2\/pages"}],"about":[{"href":"https:\/\/label-engineering.eu\/fr\/wp-json\/wp\/v2\/types\/page"}],"author":[{"embeddable":true,"href":"https:\/\/label-engineering.eu\/fr\/wp-json\/wp\/v2\/users\/1"}],"replies":[{"embeddable":true,"href":"https:\/\/label-engineering.eu\/fr\/wp-json\/wp\/v2\/comments?post=4723"}],"version-history":[{"count":3,"href":"https:\/\/label-engineering.eu\/fr\/wp-json\/wp\/v2\/pages\/4723\/revisions"}],"predecessor-version":[{"id":4726,"href":"https:\/\/label-engineering.eu\/fr\/wp-json\/wp\/v2\/pages\/4723\/revisions\/4726"}],"wp:attachment":[{"href":"https:\/\/label-engineering.eu\/fr\/wp-json\/wp\/v2\/media?parent=4723"}],"wp:term":[{"taxonomy":"post_tag","embeddable":true,"href":"https:\/\/label-engineering.eu\/fr\/wp-json\/wp\/v2\/tags?post=4723"}],"curies":[{"name":"wp","href":"https:\/\/api.w.org\/{rel}","templated":true}]}}