{"id":4935,"date":"2021-09-02T16:42:49","date_gmt":"2021-09-02T14:42:49","guid":{"rendered":"http:\/\/label-engineering.eu\/?page_id=4935"},"modified":"2021-09-08T12:12:24","modified_gmt":"2021-09-08T10:12:24","slug":"case-history","status":"publish","type":"page","link":"https:\/\/label-engineering.eu\/fr\/case-history\/","title":{"rendered":"Case History"},"content":{"rendered":"<section id=\"applicazioniCustom\" class=\"kc-elm kc-css-315196 kc_row\"><div class=\"kc-row-container  kc-container\"><div class=\"kc-wrap-columns\"><div class=\"kc-elm kc-css-316096 kc_col-sm-12 kc_column kc_col-sm-12\"><div class=\"kc-col-container\">   \n   \n<section class=\"sm recent-projects project-page sec-pad\">\n    <div class=\"thm-container\">\n        <div class=\"row masonary-layout\">\n            \n\t\t\t\t\t\t\n\t\t\t<div class=\"col-md-4 col-sm-6 col-xs-12\">\n                <div class=\"single-recent-project\">\n                    <div class=\"img-box\">\n                        <img width=\"768\" height=\"549\" src=\"https:\/\/label-engineering.eu\/wp-content\/uploads\/2021\/03\/vaschette-alimentari-Copia.jpg\" class=\"attachment-post-thumbnail size-post-thumbnail wp-post-image\" alt=\"\" loading=\"lazy\" srcset=\"https:\/\/label-engineering.eu\/wp-content\/uploads\/2021\/03\/vaschette-alimentari-Copia.jpg 768w, https:\/\/label-engineering.eu\/wp-content\/uploads\/2021\/03\/vaschette-alimentari-Copia-300x214.jpg 300w\" sizes=\"(max-width: 768px) 100vw, 768px\" \/>                    <\/div>\n                    <div class=\"text-box\">\n                        <a href=\"https:\/\/label-engineering.eu\/fr\/case-history-manipulation-barquettes\/\" class=\"more\"><i class=\"fas fa-plus\"><\/i><\/a>\n                        <div class=\"inner hvr-bounce-to-bottom\">\n                            <span>Industrie Alimentaire<\/span>\n                            <a href=\"https:\/\/label-engineering.eu\/fr\/case-history-manipulation-barquettes\/\"><h3>Manipulation barquettes<\/h3><\/a>\n                        <\/div>\n                    <\/div>\n                <\/div>\n            <\/div>\n\t\t\t\n\t\t\t\t\t\t\n\t\t\t<div class=\"col-md-4 col-sm-6 col-xs-12\">\n                <div class=\"single-recent-project\">\n                    <div class=\"img-box\">\n                        <img width=\"768\" height=\"549\" src=\"https:\/\/label-engineering.eu\/wp-content\/uploads\/2021\/03\/ciclocontinuo-case-scaled-Copia-1.jpg\" class=\"attachment-post-thumbnail size-post-thumbnail wp-post-image\" alt=\"\" loading=\"lazy\" srcset=\"https:\/\/label-engineering.eu\/wp-content\/uploads\/2021\/03\/ciclocontinuo-case-scaled-Copia-1.jpg 768w, https:\/\/label-engineering.eu\/wp-content\/uploads\/2021\/03\/ciclocontinuo-case-scaled-Copia-1-300x214.jpg 300w\" sizes=\"(max-width: 768px) 100vw, 768px\" \/>                    <\/div>\n                    <div class=\"text-box\">\n                        <a href=\"https:\/\/label-engineering.eu\/fr\/case-history-application-en-cycle-continu\/\" class=\"more\"><i class=\"fas fa-plus\"><\/i><\/a>\n                        <div class=\"inner hvr-bounce-to-bottom\">\n                            <span>Industrie Alimentaire<\/span>\n                            <a href=\"https:\/\/label-engineering.eu\/fr\/case-history-application-en-cycle-continu\/\"><h3>Application en cycle continu<\/h3><\/a>\n                        <\/div>\n                    <\/div>\n                <\/div>\n            <\/div>\n\t\t\t\n\t\t\t\t\t\t\n\t\t\t<div class=\"col-md-4 col-sm-6 col-xs-12\">\n                <div class=\"single-recent-project\">\n                    <div class=\"img-box\">\n                        <img width=\"768\" height=\"549\" src=\"https:\/\/label-engineering.eu\/wp-content\/uploads\/2021\/03\/Etichettatura-uova-Copia.jpg\" class=\"attachment-post-thumbnail size-post-thumbnail wp-post-image\" alt=\"\" loading=\"lazy\" srcset=\"https:\/\/label-engineering.eu\/wp-content\/uploads\/2021\/03\/Etichettatura-uova-Copia.jpg 768w, https:\/\/label-engineering.eu\/wp-content\/uploads\/2021\/03\/Etichettatura-uova-Copia-300x214.jpg 300w\" sizes=\"(max-width: 768px) 100vw, 768px\" \/>                    <\/div>\n                    <div class=\"text-box\">\n                        <a href=\"http:\/\/label-engineering.eu\/fr\/case-history-application-sur-paquets-doeufs\/\" class=\"more\"><i class=\"fas fa-plus\"><\/i><\/a>\n                        <div class=\"inner hvr-bounce-to-bottom\">\n                            <span>Industrie Alimentaire<\/span>\n                            <a href=\"http:\/\/label-engineering.eu\/fr\/case-history-application-sur-paquets-doeufs\/\"><h3>Application sur paquets d\u2019\u0153ufs<\/h3><\/a>\n                        <\/div>\n                    <\/div>\n                <\/div>\n            <\/div>\n\t\t\t\n\t\t\t\t\t\t\n\t\t\t<div class=\"col-md-4 col-sm-6 col-xs-12\">\n                <div class=\"single-recent-project\">\n                    <div class=\"img-box\">\n                        <img width=\"768\" height=\"549\" src=\"https:\/\/label-engineering.eu\/wp-content\/uploads\/2021\/03\/IMG_20200730_101123-Copia.jpg\" class=\"attachment-post-thumbnail size-post-thumbnail wp-post-image\" alt=\"\" loading=\"lazy\" srcset=\"https:\/\/label-engineering.eu\/wp-content\/uploads\/2021\/03\/IMG_20200730_101123-Copia.jpg 768w, https:\/\/label-engineering.eu\/wp-content\/uploads\/2021\/03\/IMG_20200730_101123-Copia-300x214.jpg 300w\" sizes=\"(max-width: 768px) 100vw, 768px\" \/>                    <\/div>\n                    <div class=\"text-box\">\n                        <a href=\"http:\/\/label-engineering.eu\/fr\/case-history-application-angulaire\/\" class=\"more\"><i class=\"fas fa-plus\"><\/i><\/a>\n                        <div class=\"inner hvr-bounce-to-bottom\">\n                            <span>Industrie du Caf\u00e9<\/span>\n                            <a href=\"http:\/\/label-engineering.eu\/fr\/case-history-application-angulaire\/\"><h3>Application angulaire<\/h3><\/a>\n                        <\/div>\n                    <\/div>\n                <\/div>\n            <\/div>\n\t\t\t\n\t\t\t\t\t\t\n\t\t\t<div class=\"col-md-4 col-sm-6 col-xs-12\">\n                <div class=\"single-recent-project\">\n                    <div class=\"img-box\">\n                        <img width=\"768\" height=\"549\" src=\"https:\/\/label-engineering.eu\/wp-content\/uploads\/2021\/03\/Immagine4-Copia-1.png\" class=\"attachment-post-thumbnail size-post-thumbnail wp-post-image\" alt=\"\" loading=\"lazy\" srcset=\"https:\/\/label-engineering.eu\/wp-content\/uploads\/2021\/03\/Immagine4-Copia-1.png 768w, https:\/\/label-engineering.eu\/wp-content\/uploads\/2021\/03\/Immagine4-Copia-1-300x214.png 300w\" sizes=\"(max-width: 768px) 100vw, 768px\" \/>                    <\/div>\n                    <div class=\"text-box\">\n                        <a href=\"https:\/\/label-engineering.eu\/fr\/case-history-application-sur-bobine\/\" class=\"more\"><i class=\"fas fa-plus\"><\/i><\/a>\n                        <div class=\"inner hvr-bounce-to-bottom\">\n                            <span>Industrie Papeti\u00e8re<\/span>\n                            <a href=\"https:\/\/label-engineering.eu\/fr\/case-history-application-sur-bobine\/\"><h3>Application sur bobine<\/h3><\/a>\n                        <\/div>\n                    <\/div>\n                <\/div>\n            <\/div>\n\t\t\t\n\t\t\t\t\t\t\n\t\t\t<div class=\"col-md-4 col-sm-6 col-xs-12\">\n                <div class=\"single-recent-project\">\n                    <div class=\"img-box\">\n                        <img width=\"768\" height=\"549\" src=\"https:\/\/label-engineering.eu\/wp-content\/uploads\/2021\/03\/IMG_20201120_162941-Copia.jpg\" class=\"attachment-post-thumbnail size-post-thumbnail wp-post-image\" alt=\"\" loading=\"lazy\" srcset=\"https:\/\/label-engineering.eu\/wp-content\/uploads\/2021\/03\/IMG_20201120_162941-Copia.jpg 768w, https:\/\/label-engineering.eu\/wp-content\/uploads\/2021\/03\/IMG_20201120_162941-Copia-300x214.jpg 300w\" sizes=\"(max-width: 768px) 100vw, 768px\" \/>                    <\/div>\n                    <div class=\"text-box\">\n                        <a href=\"https:\/\/label-engineering.eu\/fr\/case-history-etiquettes-transparentes-pour-application-sur-seaux-metalliques\/\" class=\"more\"><i class=\"fas fa-plus\"><\/i><\/a>\n                        <div class=\"inner hvr-bounce-to-bottom\">\n                            <span>Secteur de la Chimie<\/span>\n                            <a href=\"https:\/\/label-engineering.eu\/fr\/case-history-etiquettes-transparentes-pour-application-sur-seaux-metalliques\/\"><h3>Etiquettes transparentes pour application sur seaux m\u00e9talliques<\/h3><\/a>\n                        <\/div>\n                    <\/div>\n                <\/div>\n            <\/div>\n\t\t\t\n\t\t\t\t\t\t\n\t\t\t<div class=\"col-md-4 col-sm-6 col-xs-12\">\n                <div class=\"single-recent-project\">\n                    <div class=\"img-box\">\n                        <img width=\"768\" height=\"549\" src=\"https:\/\/label-engineering.eu\/wp-content\/uploads\/2021\/03\/IMG_20200722_162953-Copia.jpg\" class=\"attachment-post-thumbnail size-post-thumbnail wp-post-image\" alt=\"\" loading=\"lazy\" srcset=\"https:\/\/label-engineering.eu\/wp-content\/uploads\/2021\/03\/IMG_20200722_162953-Copia.jpg 768w, https:\/\/label-engineering.eu\/wp-content\/uploads\/2021\/03\/IMG_20200722_162953-Copia-300x214.jpg 300w\" sizes=\"(max-width: 768px) 100vw, 768px\" \/>                    <\/div>\n                    <div class=\"text-box\">\n                        <a href=\"https:\/\/label-engineering.eu\/fr\/case-history-application-enveloppante-sur-seaux-avec-poignee\/\" class=\"more\"><i class=\"fas fa-plus\"><\/i><\/a>\n                        <div class=\"inner hvr-bounce-to-bottom\">\n                            <span>Secteur de la Chimie<\/span>\n                            <a href=\"https:\/\/label-engineering.eu\/fr\/case-history-application-enveloppante-sur-seaux-avec-poignee\/\"><h3>Application enveloppante sur seaux avec poign\u00e9e<\/h3><\/a>\n                        <\/div>\n                    <\/div>\n                <\/div>\n            <\/div>\n\t\t\t\n\t\t\t\t\t\t\n\t\t\t<div class=\"col-md-4 col-sm-6 col-xs-12\">\n                <div class=\"single-recent-project\">\n                    <div class=\"img-box\">\n                        <img width=\"833\" height=\"1123\" src=\"https:\/\/label-engineering.eu\/wp-content\/uploads\/2021\/04\/Cattura-1-rotated.jpg\" class=\"attachment-post-thumbnail size-post-thumbnail wp-post-image\" alt=\"\" loading=\"lazy\" srcset=\"https:\/\/label-engineering.eu\/wp-content\/uploads\/2021\/04\/Cattura-1-rotated.jpg 833w, https:\/\/label-engineering.eu\/wp-content\/uploads\/2021\/04\/Cattura-1-223x300.jpg 223w, https:\/\/label-engineering.eu\/wp-content\/uploads\/2021\/04\/Cattura-1-760x1024.jpg 760w, https:\/\/label-engineering.eu\/wp-content\/uploads\/2021\/04\/Cattura-1-768x1035.jpg 768w\" sizes=\"(max-width: 833px) 100vw, 833px\" \/>                    <\/div>\n                    <div class=\"text-box\">\n                        <a href=\"https:\/\/label-engineering.eu\/fr\/case-history-etiquetage-sur-le-bouchon-de-bouteilles-de-vernis-a-ongles\/\" class=\"more\"><i class=\"fas fa-plus\"><\/i><\/a>\n                        <div class=\"inner hvr-bounce-to-bottom\">\n                            <span>Secteur de la Cosm\u00e9tique<\/span>\n                            <a href=\"https:\/\/label-engineering.eu\/fr\/case-history-etiquetage-sur-le-bouchon-de-bouteilles-de-vernis-a-ongles\/\"><h3>Etiquetage sur le bouchon de bouteilles de vernis \u00e0 ongles<\/h3><\/a>\n                        <\/div>\n                    <\/div>\n                <\/div>\n            <\/div>\n\t\t\t\n\t\t\t\t\t\t\n\t\t\t<div class=\"col-md-4 col-sm-6 col-xs-12\">\n                <div class=\"single-recent-project\">\n                    <div class=\"img-box\">\n                        <img width=\"768\" height=\"549\" src=\"https:\/\/label-engineering.eu\/wp-content\/uploads\/2021\/03\/Cattura-Copia-1.jpg\" class=\"attachment-post-thumbnail size-post-thumbnail wp-post-image\" alt=\"\" loading=\"lazy\" srcset=\"https:\/\/label-engineering.eu\/wp-content\/uploads\/2021\/03\/Cattura-Copia-1.jpg 768w, https:\/\/label-engineering.eu\/wp-content\/uploads\/2021\/03\/Cattura-Copia-1-300x214.jpg 300w\" sizes=\"(max-width: 768px) 100vw, 768px\" \/>                    <\/div>\n                    <div class=\"text-box\">\n                        <a href=\"https:\/\/label-engineering.eu\/fr\/case-history-etiquetage-du-manche-a-balai\/\" class=\"more\"><i class=\"fas fa-plus\"><\/i><\/a>\n                        <div class=\"inner hvr-bounce-to-bottom\">\n                            <span>Secteur de la d\u00e9tergence<\/span>\n                            <a href=\"https:\/\/label-engineering.eu\/fr\/case-history-etiquetage-du-manche-a-balai\/\"><h3>\u00c9tiquetage du manche \u00e0 balai<\/h3><\/a>\n                        <\/div>\n                    <\/div>\n                <\/div>\n            <\/div>\n\t\t\t\n\t\t\t\t\t\t\n\t\t\t<div class=\"col-md-4 col-sm-6 col-xs-12\">\n                <div class=\"single-recent-project\">\n                    <div class=\"img-box\">\n                        <img width=\"768\" height=\"549\" src=\"https:\/\/label-engineering.eu\/wp-content\/uploads\/2021\/03\/Cattura-Copia-2.jpg\" class=\"attachment-post-thumbnail size-post-thumbnail wp-post-image\" alt=\"\" loading=\"lazy\" srcset=\"https:\/\/label-engineering.eu\/wp-content\/uploads\/2021\/03\/Cattura-Copia-2.jpg 768w, https:\/\/label-engineering.eu\/wp-content\/uploads\/2021\/03\/Cattura-Copia-2-300x214.jpg 300w\" sizes=\"(max-width: 768px) 100vw, 768px\" \/>                    <\/div>\n                    <div class=\"text-box\">\n                        <a href=\"https:\/\/label-engineering.eu\/fr\/case-history-double-application-sur-bidons-avec-leur-rotation\/\" class=\"more\"><i class=\"fas fa-plus\"><\/i><\/a>\n                        <div class=\"inner hvr-bounce-to-bottom\">\n                            <span>Secteur Industriel<\/span>\n                            <a href=\"https:\/\/label-engineering.eu\/fr\/case-history-double-application-sur-bidons-avec-leur-rotation\/\"><h3>Double application sur bidons avec leur rotation<\/h3><\/a>\n                        <\/div>\n                    <\/div>\n                <\/div>\n            <\/div>\n\t\t\t\n\t\t\t\t\t\t\n\t\t\t<div class=\"col-md-4 col-sm-6 col-xs-12\">\n                <div class=\"single-recent-project\">\n                    <div class=\"img-box\">\n                        <img width=\"768\" height=\"549\" src=\"https:\/\/label-engineering.eu\/wp-content\/uploads\/2021\/03\/DSCN8125-Copia.jpg\" class=\"attachment-post-thumbnail size-post-thumbnail wp-post-image\" alt=\"\" loading=\"lazy\" srcset=\"https:\/\/label-engineering.eu\/wp-content\/uploads\/2021\/03\/DSCN8125-Copia.jpg 768w, https:\/\/label-engineering.eu\/wp-content\/uploads\/2021\/03\/DSCN8125-Copia-300x214.jpg 300w\" sizes=\"(max-width: 768px) 100vw, 768px\" \/>                    <\/div>\n                    <div class=\"text-box\">\n                        <a href=\"https:\/\/label-engineering.eu\/fr\/case-history-double-etiquetage-a-linterieur-des-bobines\/\" class=\"more\"><i class=\"fas fa-plus\"><\/i><\/a>\n                        <div class=\"inner hvr-bounce-to-bottom\">\n                            <span>Industrie textile<\/span>\n                            <a href=\"https:\/\/label-engineering.eu\/fr\/case-history-double-etiquetage-a-linterieur-des-bobines\/\"><h3>Double \u00e9tiquetage \u00e0 l\u2019int\u00e9rieur des bobines<\/h3><\/a>\n                        <\/div>\n                    <\/div>\n                <\/div>\n            <\/div>\n\t\t\t\n\t\t\t        <\/div>\n    <\/div>\n<\/section>\n\t\t<\/div><\/div><\/div><\/div><\/section>\n","protected":false},"excerpt":{"rendered":"","protected":false},"author":1,"featured_media":0,"parent":0,"menu_order":0,"comment_status":"closed","ping_status":"closed","template":"tpl-king-composer.php","meta":[],"tags":[],"yoast_head":"<!-- This site is optimized with the Yoast SEO plugin v15.3 - https:\/\/yoast.com\/wordpress\/plugins\/seo\/ -->\n<title>Case History - Label Engineering<\/title>\n<meta name=\"robots\" content=\"index, follow, max-snippet:-1, max-image-preview:large, max-video-preview:-1\" \/>\n<link rel=\"canonical\" href=\"https:\/\/label-engineering.eu\/fr\/case-history\/\" \/>\n<meta property=\"og:locale\" content=\"fr_FR\" \/>\n<meta property=\"og:type\" content=\"article\" \/>\n<meta property=\"og:title\" content=\"Case History - Label Engineering\" \/>\n<meta property=\"og:description\" content=\"Industrie Alimentaire Manipulation barquettes Industrie Alimentaire Application en cycle continu Industrie Alimentaire Application sur paquets d\u2019\u0153ufs Industrie du Caf\u00e9 Application angulaire Industrie Papeti\u00e8re Application sur bobine Secteur de la Chimie Etiquettes transparentes pour application sur seaux m\u00e9talliques Secteur de la Chimie Application enveloppante sur seaux avec poign\u00e9e Secteur de la Cosm\u00e9tique Etiquetage sur le bouchon\" \/>\n<meta property=\"og:url\" content=\"https:\/\/label-engineering.eu\/fr\/case-history\/\" \/>\n<meta property=\"og:site_name\" content=\"Label Engineering\" \/>\n<meta property=\"article:modified_time\" content=\"2021-09-08T10:12:24+00:00\" \/>\n<meta property=\"og:image\" content=\"http:\/\/label-engineering.eu\/wp-content\/uploads\/2021\/03\/vaschette-alimentari-Copia.jpg\" \/>\n<meta name=\"twitter:card\" content=\"summary_large_image\" \/>\n<meta name=\"twitter:label1\" content=\"\u00c9crit par\">\n\t<meta name=\"twitter:data1\" content=\"interjob\">\n\t<meta name=\"twitter:label2\" content=\"Dur\u00e9e de lecture est.\">\n\t<meta name=\"twitter:data2\" content=\"0 minute\">\n<script type=\"application\/ld+json\" class=\"yoast-schema-graph\">{\"@context\":\"https:\/\/schema.org\",\"@graph\":[{\"@type\":\"WebSite\",\"@id\":\"https:\/\/label-engineering.eu\/#website\",\"url\":\"https:\/\/label-engineering.eu\/\",\"name\":\"Label Engineering\",\"description\":\"Sistemi di etichettatura all&#039;avanguardia\",\"potentialAction\":[{\"@type\":\"SearchAction\",\"target\":\"https:\/\/label-engineering.eu\/?s={search_term_string}\",\"query-input\":\"required name=search_term_string\"}],\"inLanguage\":\"fr-FR\"},{\"@type\":\"ImageObject\",\"@id\":\"https:\/\/label-engineering.eu\/fr\/case-history\/#primaryimage\",\"inLanguage\":\"fr-FR\",\"url\":\"http:\/\/label-engineering.eu\/wp-content\/uploads\/2021\/03\/vaschette-alimentari-Copia.jpg\"},{\"@type\":\"WebPage\",\"@id\":\"https:\/\/label-engineering.eu\/fr\/case-history\/#webpage\",\"url\":\"https:\/\/label-engineering.eu\/fr\/case-history\/\",\"name\":\"Case History - Label Engineering\",\"isPartOf\":{\"@id\":\"https:\/\/label-engineering.eu\/#website\"},\"primaryImageOfPage\":{\"@id\":\"https:\/\/label-engineering.eu\/fr\/case-history\/#primaryimage\"},\"datePublished\":\"2021-09-02T14:42:49+00:00\",\"dateModified\":\"2021-09-08T10:12:24+00:00\",\"inLanguage\":\"fr-FR\",\"potentialAction\":[{\"@type\":\"ReadAction\",\"target\":[\"https:\/\/label-engineering.eu\/fr\/case-history\/\"]}]}]}<\/script>\n<!-- \/ Yoast SEO plugin. -->","_links":{"self":[{"href":"https:\/\/label-engineering.eu\/fr\/wp-json\/wp\/v2\/pages\/4935"}],"collection":[{"href":"https:\/\/label-engineering.eu\/fr\/wp-json\/wp\/v2\/pages"}],"about":[{"href":"https:\/\/label-engineering.eu\/fr\/wp-json\/wp\/v2\/types\/page"}],"author":[{"embeddable":true,"href":"https:\/\/label-engineering.eu\/fr\/wp-json\/wp\/v2\/users\/1"}],"replies":[{"embeddable":true,"href":"https:\/\/label-engineering.eu\/fr\/wp-json\/wp\/v2\/comments?post=4935"}],"version-history":[{"count":3,"href":"https:\/\/label-engineering.eu\/fr\/wp-json\/wp\/v2\/pages\/4935\/revisions"}],"predecessor-version":[{"id":5311,"href":"https:\/\/label-engineering.eu\/fr\/wp-json\/wp\/v2\/pages\/4935\/revisions\/5311"}],"wp:attachment":[{"href":"https:\/\/label-engineering.eu\/fr\/wp-json\/wp\/v2\/media?parent=4935"}],"wp:term":[{"taxonomy":"post_tag","embeddable":true,"href":"https:\/\/label-engineering.eu\/fr\/wp-json\/wp\/v2\/tags?post=4935"}],"curies":[{"name":"wp","href":"https:\/\/api.w.org\/{rel}","templated":true}]}}