{"id":4979,"date":"2019-03-25T05:07:34","date_gmt":"2019-03-25T05:07:34","guid":{"rendered":"http:\/\/label-engineering.eu\/home\/"},"modified":"2021-09-08T14:17:00","modified_gmt":"2021-09-08T12:17:00","slug":"home","status":"publish","type":"page","link":"https:\/\/label-engineering.eu\/fr\/","title":{"rendered":"Home"},"content":{"rendered":"<p><section data-kc-fullwidth=\"content\" class=\"kc-elm kc-css-881285 kc_row\"><div class=\"kc-row-container\"><div class=\"kc-wrap-columns\"><div class=\"kc-elm kc-css-368430 kc_col-sm-12 kc_column kc_col-sm-12\"><div class=\"kc-col-container\"><section class=\"home-slide banner-style-two\">\n    <div class=\"thm-container-fluid clearfix\">\n        <div class=\"col-md-6\">\n            <div class=\"banner-carousel-two owl-carousel owl-theme\">\n                \n\t\t\t\t\t\t\t\t\n\t\t\t\t<div class=\"item\">\n                    <div class=\"single-banner-carousel text-center\">\n                        <span>Label Engineering<\/span>\n                        <h2>Syst\u00e8mes<\/br>\r\nd'\u00e9tiquetage<\/br>\r\nde pointe<\/br><\/h2>\n                        \n\t\t\t\t\t\t\t\t\t\t\t\t<a href=\"https:\/\/label-engineering.eu\/fr\/systemes-pour-letiquetage\/\" class=\"thm-btn yellow-bg\">En savoir plus<\/a>\n\t\t\t\t\t\t\t\t\t\t\t\t\n                    <\/div>\n                <\/div>\n                \n\t\t\t\t\t\t\t\t\n\t\t\t\t<div class=\"item\">\n                    <div class=\"single-banner-carousel text-center\">\n                        <span>Label Engineering<\/span>\n                        <h2>Syst\u00e8mes d'identification<\/br> et d'\u00e9tiquetage automatiques<\/h2>\n                        \n\t\t\t\t\t\t\t\t\t\t\t\t<a href=\"https:\/\/label-engineering.eu\/fr\/etiquetage-sur-mesure-pour-tous-les-secteurs\/\" class=\"thm-btn yellow-bg\">En savoir plus<\/a>\n\t\t\t\t\t\t\t\t\t\t\t\t\n                    <\/div>\n                <\/div>\n                \n\t\t\t\t            <\/div>\n        <\/div>\n        <div class=\"col-md-6\">\n            \n\t\t\t\t\t\t<img src=\"http:\/\/label-engineering.eu\/wp-content\/uploads\/2021\/04\/applycode-1.png\" class=\"pull-left\" alt=\"Image\"\/>\n\t\t\t\t\t\t\n        <\/div>\n    <\/div>\n<\/section><\/div><\/div><\/div><\/div><\/section><section data-kc-fullwidth=\"content\" class=\"kc-elm kc-css-551958 kc_row\"><div class=\"kc-row-container\"><div class=\"kc-wrap-columns\"><div class=\"kc-elm kc-css-713711 kc_col-sm-12 kc_column kc_col-sm-12\"><div class=\"kc-col-container\"><section class=\"title-s welcome-section sec-pad\">\n    <div class=\"thm-container\">\n        <div class=\"row\">\n            <div class=\"col-md-6\">\n                \n\t\t\t\t\t\t\t\t<div class=\"welcome-img-box\">\n                    <img src=\"http:\/\/label-engineering.eu\/wp-content\/uploads\/2021\/04\/labelengeenering-imghome.png\" alt=\"Image\"\/>\n                <\/div>\n\t\t\t\t\t\t\t\t\n            <\/div>\n            <div class=\"col-md-6\">\n                <div class=\"welcome-content\">\n                    <div class=\"title\">\n                        <p>Le c\u0153ur du m\u00e9tier<\/p>\n                        <h3>Syst\u00e8mes d:apos:identification et d:apos:\u00e9tiquetage automatiques<\/h3>\n                    <\/div>\n                    <p>Les solutions con\u00e7ues et fabriqu\u00e9es sont une aide pr\u00e9cieuse pour les entreprises qui souhaitent rev\u00eatir leurs produits en rendant plus facile et plus rapide l'automatisation du cycle de production. Le large \u00e9ventail de propositions s'adresse \u00e0 la pluralit\u00e9 des secteurs industriels et commerciaux, en  r\u00e9pondant \u00e0 leurs multiples besoins. Label Engineering, avec ses syst\u00e8mes standards et personnalis\u00e9s, s'adresse \u00e0 tous les secteur, de l'alimentaire \u00e0 la chimie, de la cosm\u00e9tique au pharmaceutique, de la logistique \u00e0 l'automatisation. Garantie de qualit\u00e9 pour les entreprises qui collaborent avec Label Engineering est le Made in Italy qui caract\u00e9rise tous ses syst\u00e8mes.<\/p>\n                    \n\t\t\t\t\t\t\t\t\t\t<a href=\"https:\/\/label-engineering.eu\/fr\/entreprise\/\" class=\"thm-btn yellow-bg\">L\u2019ENTREPRISE<\/a>\n\t\t\t\t\t\t\t\t\t\t\n                <\/div>\n            <\/div>\n        <\/div>\n    <\/div>\n<\/section><\/div><\/div><\/div><\/div><\/section><section class=\"kc-elm kc-css-674789 kc_row\"><div class=\"kc-row-container  kc-container\"><div class=\"kc-wrap-columns\"><div class=\"kc-elm kc-css-38498 kc_col-sm-12 kc_column kc_col-sm-12\"><div class=\"kc-col-container\"><div class=\"kc-elm kc-css-184660 kc_row kc_row_inner\"><div class=\"kc-elm kc-css-187926 kc_col-sm-3 kc_column_inner kc_col-sm-3\"><div class=\"kc_wrapper kc-col-inner-container\"><div class=\"kc-elm kc-css-632018 kc_text_block\"><\/p>\n<h1 style=\"font-size: 40px; line-height: 60px; font-weight: bold; margin-bottom: 40px;\"><strong>Syst\u00e8mes pour l\u2019Etiquetage<\/strong><\/h1>\n<p>Label Engineering, avec son Bureau Technique, est \u00e0\u00a0 disposition de toutes les Entreprises pour \u00e9tudier et mettre en \u0153uvre les solutions personnalis\u00e9es les plus utiles aux besoins d&#8217;\u00e9tiquetage que l&#8217;automatisation d&#8217;un cycle de conditionnement n\u00e9cessite.<\/p>\n<p>\n<\/div><\/div><\/div><div class=\"kc-elm kc-css-456717 kc_col-sm-9 kc_column_inner kc_col-sm-9\"><div class=\"kc_wrapper kc-col-inner-container\"><div class=\"kc-elm kc-css-839543 kc_row kc_row_inner\"><div class=\"kc-elm kc-css-87807 kc_col-sm-4 kc_column_inner kc_col-sm-4\"><div class=\"kc_wrapper kc-col-inner-container\"><div class=\"kc-elm kc-css-165288 kc_shortcode kc_single_image\">\n\n        <a  href=\"https:\/\/label-engineering.eu\/fr\/etiquetage-sur-mesure-pour-tous-les-secteurs\/\" title=\"\" target=\"_self\">\n        <img src=\"https:\/\/label-engineering.eu\/wp-content\/uploads\/2021\/09\/01-01-fr.png\" class=\"\" alt=\"\" \/><div class=\"kc-image-overlay\"><i class=\"printify-icon-print-mark\"><\/i><\/div>    <\/a>\n    <\/div>\n<\/div><\/div><div class=\"kc-elm kc-css-820720 kc_col-sm-4 kc_column_inner kc_col-sm-4\"><div class=\"kc_wrapper kc-col-inner-container\"><div class=\"kc-elm kc-css-587223 kc_shortcode kc_single_image\">\n\n        <a  href=\"https:\/\/label-engineering.eu\/fr\/systemes-pour-letiquetage\/apply-code-line\/\" title=\"\" target=\"_self\">\n        <img src=\"https:\/\/label-engineering.eu\/wp-content\/uploads\/2021\/09\/01-03-fr.png\" class=\"\" alt=\"\" \/><div class=\"kc-image-overlay\"><i class=\"printify-icon-print-mark\"><\/i><\/div>    <\/a>\n    <\/div>\n<\/div><\/div><div class=\"kc-elm kc-css-860949 kc_col-sm-4 kc_column_inner kc_col-sm-4\"><div class=\"kc_wrapper kc-col-inner-container\"><div class=\"kc-elm kc-css-234519 kc_shortcode kc_single_image\">\n\n        <a  href=\"http:\/\/label-engineering.eu\/fr\/systemes-detiquetage-exclusifs\/\" title=\"\" target=\"_self\">\n        <img src=\"https:\/\/label-engineering.eu\/wp-content\/uploads\/2021\/09\/01-02-fr.png\" class=\"\" alt=\"\" \/><div class=\"kc-image-overlay\"><i class=\"printify-icon-print-mark\"><\/i><\/div>    <\/a>\n    <\/div>\n<\/div><\/div><\/div><\/div><\/div><\/div><div class=\"kc-elm kc-css-835090 kc-raw-code\"><script>\r\n\r\n\tjQuery('html[lang=\"fr-FR\"] .kc-css-206075 .kc_col-sm-1\u2033').removeClass(\"kc-css-\u00bb411428\u2033\").addClass(\"kc-css-411428\").delay( 8000 );\r\n\r\njQuery('html[lang=\"fr-FR\"] .kc-css-206075 .kc_col-sm-1').removeClass(\"kc-css-\u00bb87055\u2033\").addClass(\"kc-css-87055\");\r\n\r\njQuery('html[lang=\"fr-FR\"] .kc-css-206075 .kc_col-sm-1\u2033').removeClass(\"kc-css-\u00bb805352\u2033\").addClass(\"kc-css-805352\");\r\n\r\nconsole.log(\"ciao\");\r\n<\/script><\/div><\/div><\/div><\/div><\/div><\/section><section class=\"kc-elm kc-css-806986 kc_row\"><div class=\"kc-row-container  kc-container\"><div class=\"kc-wrap-columns\"><div class=\"kc-elm kc-css-7831 kc_col-sm-12 kc_column kc_col-sm-12\"><div class=\"kc-col-container\">   \n<section class=\" blog-style-one sec-pad\">\n    <div class=\"thm-container\">\n        \n\t\t\t\t<div class=\"sec-title text-center\">\n            <span><\/span>\n            <h3>Actualit\u00e9s et Salons<\/h3>\n            <p>L'innovation, la comp\u00e9tence et la technologie de pointe ont fait de Label Engineering la r\u00e9f\u00e9rence dans le monde de l'\u00e9tiquetage.\r\nRestez \u00e0 jour avec nous!\r\n<\/p>\n        <\/div>\n\t\t        <div class=\"row\">\n            \n\t\t\t\t\t\t\n\t\t\t<div class=\"col-md-6\">\n                <div class=\"single-blog-post\">\n                    <div class=\"text-box hvr-bounce-to-bottom\">\n                        <a href=\"https:\/\/label-engineering.eu\/fr\/industrie-4-0-et-deductions-fiscales\/\"><h3>Industrie 4.0 et d\u00e9ductions fiscales<\/h3><\/a>\n                        <p>Pour accompagner les entreprises dans le processus d&#8217;innovation technologique et de durabilit\u00e9 environnementale et r\u00e9pondre donc aux nouveaux besoins de\u00a0 \u00absmart industrie\u00bb Industrie 4.0, Label ...<\/p>\n                    <\/div>\n                    <div class=\"img-box\">\n                        \n\t\t\t\t\t\t\t\t\t\t\t\t<img width=\"570\" height=\"220\" src=\"https:\/\/label-engineering.eu\/wp-content\/uploads\/2021\/03\/news00-1.png\" class=\"attachment-post-thumbnail size-post-thumbnail wp-post-image\" alt=\"\" loading=\"lazy\" srcset=\"https:\/\/label-engineering.eu\/wp-content\/uploads\/2021\/03\/news00-1.png 570w, https:\/\/label-engineering.eu\/wp-content\/uploads\/2021\/03\/news00-1-300x116.png 300w\" sizes=\"(max-width: 570px) 100vw, 570px\" \/>\t\t\t\t\t\t\t\t\t\t\t\t\n\t\t\t\t\t\t                        <div class=\"meta-info\">\n                            \n\t\t\t\t\t\t\t\t\t\t\t\t\t\t\n\t\t\t\t\t\t\t\t\t\t\t\t\t\t<a href=\"https:\/\/label-engineering.eu\/fr\/industrie-4-0-et-deductions-fiscales\/\"><i class=\"fas fa-calendar\"><\/i> 30 mars 2021<\/a>\n\t\t\t\t\t\t\t\t\t\t\t\t\t\t\n\t\t\t\t\t\t\t\t\t\t\t\t\t\t<a href=\"https:\/\/label-engineering.eu\/fr\/industrie-4-0-et-deductions-fiscales\/\"><i class=\"fas fa-comments\"><\/i> Aucun commentaire<\/a>\n\t\t\t\t\t\t\t\t\t\t\t\t\t\t\n                        <\/div>\n\t\t\t\t\t\t\t\t\t\t\t\t\n                        <a href=\"https:\/\/label-engineering.eu\/fr\/industrie-4-0-et-deductions-fiscales\/\" class=\"read-more fas fa-angle-right\"><\/a>\n                    <\/div>\n                <\/div>\n            <\/div>\n\t\t\t\n\t\t\t\t\t\t\n\t\t\t<div class=\"col-md-6\">\n                <div class=\"single-blog-post\">\n                    <div class=\"text-box hvr-bounce-to-bottom\">\n                        <a href=\"https:\/\/label-engineering.eu\/fr\/securite-covid\/\"><h3>S\u00e9curit\u00e9 Covid<\/h3><\/a>\n                        <p>Ensemble dans la lutte contre le COVID 19 On a adopt\u00e9 toutes les pr\u00e9cautions et proc\u00e9dures sanitaires n\u00e9cessaires pour faire de notre entreprise un lieu ...<\/p>\n                    <\/div>\n                    <div class=\"img-box\">\n                        \n\t\t\t\t\t\t\t\t\t\t\t\t<img width=\"570\" height=\"220\" src=\"https:\/\/label-engineering.eu\/wp-content\/uploads\/2021\/03\/news00.png\" class=\"attachment-post-thumbnail size-post-thumbnail wp-post-image\" alt=\"\" loading=\"lazy\" srcset=\"https:\/\/label-engineering.eu\/wp-content\/uploads\/2021\/03\/news00.png 570w, https:\/\/label-engineering.eu\/wp-content\/uploads\/2021\/03\/news00-300x116.png 300w\" sizes=\"(max-width: 570px) 100vw, 570px\" \/>\t\t\t\t\t\t\t\t\t\t\t\t\n\t\t\t\t\t\t                        <div class=\"meta-info\">\n                            \n\t\t\t\t\t\t\t\t\t\t\t\t\t\t\n\t\t\t\t\t\t\t\t\t\t\t\t\t\t<a href=\"https:\/\/label-engineering.eu\/fr\/securite-covid\/\"><i class=\"fas fa-calendar\"><\/i> 22 mars 2021<\/a>\n\t\t\t\t\t\t\t\t\t\t\t\t\t\t\n\t\t\t\t\t\t\t\t\t\t\t\t\t\t<a href=\"https:\/\/label-engineering.eu\/fr\/securite-covid\/\"><i class=\"fas fa-comments\"><\/i> Aucun commentaire<\/a>\n\t\t\t\t\t\t\t\t\t\t\t\t\t\t\n                        <\/div>\n\t\t\t\t\t\t\t\t\t\t\t\t\n                        <a href=\"https:\/\/label-engineering.eu\/fr\/securite-covid\/\" class=\"read-more fas fa-angle-right\"><\/a>\n                    <\/div>\n                <\/div>\n            <\/div>\n\t\t\t\n\t\t\t        <\/div>\n    <\/div>\n<\/section>\n\t\t<\/div><\/div><\/div><\/div><\/section><\/p>\n","protected":false},"excerpt":{"rendered":"","protected":false},"author":1,"featured_media":0,"parent":0,"menu_order":0,"comment_status":"closed","ping_status":"closed","template":"tpl-king-composer.php","meta":[],"tags":[],"yoast_head":"<!-- This site is optimized with the Yoast SEO plugin v15.3 - https:\/\/yoast.com\/wordpress\/plugins\/seo\/ -->\n<title>Home - Label Engineering<\/title>\n<meta name=\"robots\" content=\"index, follow, max-snippet:-1, max-image-preview:large, max-video-preview:-1\" \/>\n<link rel=\"canonical\" href=\"https:\/\/label-engineering.eu\/fr\/\" \/>\n<meta property=\"og:locale\" content=\"fr_FR\" \/>\n<meta property=\"og:type\" content=\"article\" \/>\n<meta property=\"og:title\" content=\"Home - Label Engineering\" \/>\n<meta property=\"og:description\" content=\"Label Engineering Syst\u00e8mes d&#8217;\u00e9tiquetage de pointe En savoir plus Label Engineering Syst\u00e8mes d&#8217;identification et d&#8217;\u00e9tiquetage automatiques En savoir plus Le c\u0153ur du m\u00e9tier Syst\u00e8mes d&#039;identification et d&#039;\u00e9tiquetage automatiques Les solutions con\u00e7ues et fabriqu\u00e9es sont une aide pr\u00e9cieuse pour les entreprises qui souhaitent rev\u00eatir leurs produits en rendant plus facile et plus rapide l&#8217;automatisation du cycle\" \/>\n<meta property=\"og:url\" content=\"https:\/\/label-engineering.eu\/fr\/\" \/>\n<meta property=\"og:site_name\" content=\"Label Engineering\" \/>\n<meta property=\"article:modified_time\" content=\"2021-09-08T12:17:00+00:00\" \/>\n<meta property=\"og:image\" content=\"http:\/\/label-engineering.eu\/wp-content\/uploads\/2021\/04\/applycode-1.png\" \/>\n<meta name=\"twitter:card\" content=\"summary_large_image\" \/>\n<meta name=\"twitter:label1\" content=\"\u00c9crit par\">\n\t<meta name=\"twitter:data1\" content=\"interjob\">\n\t<meta name=\"twitter:label2\" content=\"Dur\u00e9e de lecture est.\">\n\t<meta name=\"twitter:data2\" content=\"1 minute\">\n<script type=\"application\/ld+json\" class=\"yoast-schema-graph\">{\"@context\":\"https:\/\/schema.org\",\"@graph\":[{\"@type\":\"WebSite\",\"@id\":\"https:\/\/label-engineering.eu\/#website\",\"url\":\"https:\/\/label-engineering.eu\/\",\"name\":\"Label Engineering\",\"description\":\"Sistemi di etichettatura all&#039;avanguardia\",\"potentialAction\":[{\"@type\":\"SearchAction\",\"target\":\"https:\/\/label-engineering.eu\/?s={search_term_string}\",\"query-input\":\"required name=search_term_string\"}],\"inLanguage\":\"fr-FR\"},{\"@type\":\"ImageObject\",\"@id\":\"https:\/\/label-engineering.eu\/fr\/#primaryimage\",\"inLanguage\":\"fr-FR\",\"url\":\"https:\/\/label-engineering.eu\/wp-content\/uploads\/2021\/04\/applycode-1.png\",\"width\":1045,\"height\":813},{\"@type\":\"WebPage\",\"@id\":\"https:\/\/label-engineering.eu\/fr\/#webpage\",\"url\":\"https:\/\/label-engineering.eu\/fr\/\",\"name\":\"Home - Label Engineering\",\"isPartOf\":{\"@id\":\"https:\/\/label-engineering.eu\/#website\"},\"primaryImageOfPage\":{\"@id\":\"https:\/\/label-engineering.eu\/fr\/#primaryimage\"},\"datePublished\":\"2019-03-25T05:07:34+00:00\",\"dateModified\":\"2021-09-08T12:17:00+00:00\",\"inLanguage\":\"fr-FR\",\"potentialAction\":[{\"@type\":\"ReadAction\",\"target\":[\"https:\/\/label-engineering.eu\/fr\/\"]}]}]}<\/script>\n<!-- \/ Yoast SEO plugin. -->","_links":{"self":[{"href":"https:\/\/label-engineering.eu\/fr\/wp-json\/wp\/v2\/pages\/4979"}],"collection":[{"href":"https:\/\/label-engineering.eu\/fr\/wp-json\/wp\/v2\/pages"}],"about":[{"href":"https:\/\/label-engineering.eu\/fr\/wp-json\/wp\/v2\/types\/page"}],"author":[{"embeddable":true,"href":"https:\/\/label-engineering.eu\/fr\/wp-json\/wp\/v2\/users\/1"}],"replies":[{"embeddable":true,"href":"https:\/\/label-engineering.eu\/fr\/wp-json\/wp\/v2\/comments?post=4979"}],"version-history":[{"count":20,"href":"https:\/\/label-engineering.eu\/fr\/wp-json\/wp\/v2\/pages\/4979\/revisions"}],"predecessor-version":[{"id":4983,"href":"https:\/\/label-engineering.eu\/fr\/wp-json\/wp\/v2\/pages\/4979\/revisions\/4983"}],"wp:attachment":[{"href":"https:\/\/label-engineering.eu\/fr\/wp-json\/wp\/v2\/media?parent=4979"}],"wp:term":[{"taxonomy":"post_tag","embeddable":true,"href":"https:\/\/label-engineering.eu\/fr\/wp-json\/wp\/v2\/tags?post=4979"}],"curies":[{"name":"wp","href":"https:\/\/api.w.org\/{rel}","templated":true}]}}