{"id":4999,"date":"2021-09-03T15:46:12","date_gmt":"2021-09-03T13:46:12","guid":{"rendered":"http:\/\/label-engineering.eu\/?page_id=4999"},"modified":"2021-09-03T15:48:11","modified_gmt":"2021-09-03T13:48:11","slug":"actualite","status":"publish","type":"page","link":"https:\/\/label-engineering.eu\/fr\/actualite\/","title":{"rendered":"Actualit\u00e9"},"content":{"rendered":"<section id=\"blog\" class=\"kc-elm kc-css-577039 kc_row\"><div class=\"kc-row-container  kc-container\"><div class=\"kc-wrap-columns\"><div class=\"kc-elm kc-css-315486 kc_col-sm-12 kc_column kc_col-sm-12\"><div class=\"kc-col-container\">   \n<section class=\"sm blog-style-one sec-pad blog-page\">\n    <div class=\"thm-container\">\n        <div class=\"row\">\n            \n\t\t\t\t\t\t\n\t\t\t<div class=\"col-md-6\">\n                <div class=\"single-blog-post\">\n                    <div class=\"text-box hvr-bounce-to-bottom\">\n                        <a href=\"https:\/\/label-engineering.eu\/fr\/industrie-4-0-et-deductions-fiscales\/\"><h3>Industrie 4.0 et d\u00e9ductions fiscales<\/h3><\/a>\n                        <p>Pour accompagner les entreprises dans le processus d&#8217;innovation technologique et de durabilit\u00e9 environnementale et r\u00e9pondre donc aux nouveaux besoins de\u00a0 \u00absmart industrie\u00bb Industrie 4.0, Label ...<\/p>\n                    <\/div>\n                    <div class=\"img-box\">\n                        \n\t\t\t\t\t\t\t\t\t\t\t\t<img width=\"570\" height=\"220\" src=\"https:\/\/label-engineering.eu\/wp-content\/uploads\/2021\/03\/news00-1.png\" class=\"attachment-post-thumbnail size-post-thumbnail wp-post-image\" alt=\"\" loading=\"lazy\" srcset=\"https:\/\/label-engineering.eu\/wp-content\/uploads\/2021\/03\/news00-1.png 570w, https:\/\/label-engineering.eu\/wp-content\/uploads\/2021\/03\/news00-1-300x116.png 300w\" sizes=\"(max-width: 570px) 100vw, 570px\" \/>\t\t\t\t\t\t\t\t\t\t\t\t\n\t\t\t\t\t\t                        <div class=\"meta-info\">\n                            \n\t\t\t\t\t\t\t\t\t\t\t\t\t\t\n\t\t\t\t\t\t\t\t\t\t\t\t\t\t<a href=\"https:\/\/label-engineering.eu\/fr\/industrie-4-0-et-deductions-fiscales\/\"><i class=\"fas fa-calendar\"><\/i> 30 mars 2021\t\t\t\t\t\t\t<\/a>\n\t\t\t\t\t\t\t\t\t\t\t\t\t\t\n\t\t\t\t\t\t\t\t\t\t\t\t\t\t\n\t\t\t\t\t\t\t\n                        <\/div>\n\t\t\t\t\t\t\t\t\t\t\t\t\n                        <a href=\"https:\/\/label-engineering.eu\/fr\/industrie-4-0-et-deductions-fiscales\/\" class=\"read-more fas fa-angle-right\"><\/a>\n                    <\/div>\n                <\/div>\n            <\/div>\n\t\t\t\n\t\t\t\t\t\t\n\t\t\t<div class=\"col-md-6\">\n                <div class=\"single-blog-post\">\n                    <div class=\"text-box hvr-bounce-to-bottom\">\n                        <a href=\"https:\/\/label-engineering.eu\/fr\/securite-covid\/\"><h3>S\u00e9curit\u00e9 Covid<\/h3><\/a>\n                        <p>Ensemble dans la lutte contre le COVID 19 On a adopt\u00e9 toutes les pr\u00e9cautions et proc\u00e9dures sanitaires n\u00e9cessaires pour faire de notre entreprise un lieu ...<\/p>\n                    <\/div>\n                    <div class=\"img-box\">\n                        \n\t\t\t\t\t\t\t\t\t\t\t\t<img width=\"570\" height=\"220\" src=\"https:\/\/label-engineering.eu\/wp-content\/uploads\/2021\/03\/news00.png\" class=\"attachment-post-thumbnail size-post-thumbnail wp-post-image\" alt=\"\" loading=\"lazy\" srcset=\"https:\/\/label-engineering.eu\/wp-content\/uploads\/2021\/03\/news00.png 570w, https:\/\/label-engineering.eu\/wp-content\/uploads\/2021\/03\/news00-300x116.png 300w\" sizes=\"(max-width: 570px) 100vw, 570px\" \/>\t\t\t\t\t\t\t\t\t\t\t\t\n\t\t\t\t\t\t                        <div class=\"meta-info\">\n                            \n\t\t\t\t\t\t\t\t\t\t\t\t\t\t\n\t\t\t\t\t\t\t\t\t\t\t\t\t\t<a href=\"https:\/\/label-engineering.eu\/fr\/securite-covid\/\"><i class=\"fas fa-calendar\"><\/i> 22 mars 2021\t\t\t\t\t\t\t<\/a>\n\t\t\t\t\t\t\t\t\t\t\t\t\t\t\n\t\t\t\t\t\t\t\t\t\t\t\t\t\t\n\t\t\t\t\t\t\t\n                        <\/div>\n\t\t\t\t\t\t\t\t\t\t\t\t\n                        <a href=\"https:\/\/label-engineering.eu\/fr\/securite-covid\/\" class=\"read-more fas fa-angle-right\"><\/a>\n                    <\/div>\n                <\/div>\n            <\/div>\n\t\t\t\n\t\t\t        <\/div>\n    <\/div>\n<\/section>\n\t\t<\/div><\/div><\/div><\/div><\/section>\n","protected":false},"excerpt":{"rendered":"","protected":false},"author":1,"featured_media":0,"parent":0,"menu_order":0,"comment_status":"closed","ping_status":"closed","template":"tpl-king-composer.php","meta":[],"tags":[],"yoast_head":"<!-- This site is optimized with the Yoast SEO plugin v15.3 - https:\/\/yoast.com\/wordpress\/plugins\/seo\/ -->\n<title>Actualit\u00e9 - Label Engineering<\/title>\n<meta name=\"robots\" content=\"index, follow, max-snippet:-1, max-image-preview:large, max-video-preview:-1\" \/>\n<link rel=\"canonical\" href=\"https:\/\/label-engineering.eu\/fr\/actualite\/\" \/>\n<meta property=\"og:locale\" content=\"fr_FR\" \/>\n<meta property=\"og:type\" content=\"article\" \/>\n<meta property=\"og:title\" content=\"Actualit\u00e9 - Label Engineering\" \/>\n<meta property=\"og:url\" content=\"https:\/\/label-engineering.eu\/fr\/actualite\/\" \/>\n<meta property=\"og:site_name\" content=\"Label Engineering\" \/>\n<meta property=\"article:modified_time\" content=\"2021-09-03T13:48:11+00:00\" \/>\n<meta name=\"twitter:card\" content=\"summary_large_image\" \/>\n<meta name=\"twitter:label1\" content=\"\u00c9crit par\">\n\t<meta name=\"twitter:data1\" content=\"interjob\">\n\t<meta name=\"twitter:label2\" content=\"Dur\u00e9e de lecture est.\">\n\t<meta name=\"twitter:data2\" content=\"0 minute\">\n<script type=\"application\/ld+json\" class=\"yoast-schema-graph\">{\"@context\":\"https:\/\/schema.org\",\"@graph\":[{\"@type\":\"WebSite\",\"@id\":\"https:\/\/label-engineering.eu\/#website\",\"url\":\"https:\/\/label-engineering.eu\/\",\"name\":\"Label Engineering\",\"description\":\"Sistemi di etichettatura all&#039;avanguardia\",\"potentialAction\":[{\"@type\":\"SearchAction\",\"target\":\"https:\/\/label-engineering.eu\/?s={search_term_string}\",\"query-input\":\"required name=search_term_string\"}],\"inLanguage\":\"fr-FR\"},{\"@type\":\"WebPage\",\"@id\":\"https:\/\/label-engineering.eu\/fr\/actualite\/#webpage\",\"url\":\"https:\/\/label-engineering.eu\/fr\/actualite\/\",\"name\":\"Actualit\\u00e9 - Label Engineering\",\"isPartOf\":{\"@id\":\"https:\/\/label-engineering.eu\/#website\"},\"datePublished\":\"2021-09-03T13:46:12+00:00\",\"dateModified\":\"2021-09-03T13:48:11+00:00\",\"inLanguage\":\"fr-FR\",\"potentialAction\":[{\"@type\":\"ReadAction\",\"target\":[\"https:\/\/label-engineering.eu\/fr\/actualite\/\"]}]}]}<\/script>\n<!-- \/ Yoast SEO plugin. -->","_links":{"self":[{"href":"https:\/\/label-engineering.eu\/fr\/wp-json\/wp\/v2\/pages\/4999"}],"collection":[{"href":"https:\/\/label-engineering.eu\/fr\/wp-json\/wp\/v2\/pages"}],"about":[{"href":"https:\/\/label-engineering.eu\/fr\/wp-json\/wp\/v2\/types\/page"}],"author":[{"embeddable":true,"href":"https:\/\/label-engineering.eu\/fr\/wp-json\/wp\/v2\/users\/1"}],"replies":[{"embeddable":true,"href":"https:\/\/label-engineering.eu\/fr\/wp-json\/wp\/v2\/comments?post=4999"}],"version-history":[{"count":4,"href":"https:\/\/label-engineering.eu\/fr\/wp-json\/wp\/v2\/pages\/4999\/revisions"}],"predecessor-version":[{"id":5003,"href":"https:\/\/label-engineering.eu\/fr\/wp-json\/wp\/v2\/pages\/4999\/revisions\/5003"}],"wp:attachment":[{"href":"https:\/\/label-engineering.eu\/fr\/wp-json\/wp\/v2\/media?parent=4999"}],"wp:term":[{"taxonomy":"post_tag","embeddable":true,"href":"https:\/\/label-engineering.eu\/fr\/wp-json\/wp\/v2\/tags?post=4999"}],"curies":[{"name":"wp","href":"https:\/\/api.w.org\/{rel}","templated":true}]}}