{"id":5119,"date":"2021-09-06T10:49:13","date_gmt":"2021-09-06T08:49:13","guid":{"rendered":"http:\/\/label-engineering.eu\/?page_id=5119"},"modified":"2021-09-06T10:59:09","modified_gmt":"2021-09-06T08:59:09","slug":"application-laterale","status":"publish","type":"page","link":"https:\/\/label-engineering.eu\/fr\/application-laterale\/","title":{"rendered":"Application Laterale"},"content":{"rendered":"<section id=\"applicazioniCustom\" class=\"kc-elm kc-css-483116 kc_row\"><div class=\"kc-row-container  kc-container\"><div class=\"kc-wrap-columns\"><div class=\"kc-elm kc-css-766312 kc_col-sm-12 kc_column kc_col-sm-12\"><div class=\"kc-col-container\">   \n   \n<section class=\"sm recent-projects project-page sec-pad\">\n    <div class=\"thm-container\">\n        <div class=\"row masonary-layout\">\n            \n\t\t\t\t\t\t\n\t\t\t<div class=\"col-md-4 col-sm-6 col-xs-12\">\n                <div class=\"single-recent-project\">\n                    <div class=\"img-box\">\n                        <img width=\"768\" height=\"653\" src=\"https:\/\/label-engineering.eu\/wp-content\/uploads\/2021\/05\/Code-laterale-1.jpg\" class=\"attachment-post-thumbnail size-post-thumbnail wp-post-image\" alt=\"\" loading=\"lazy\" srcset=\"https:\/\/label-engineering.eu\/wp-content\/uploads\/2021\/05\/Code-laterale-1.jpg 768w, https:\/\/label-engineering.eu\/wp-content\/uploads\/2021\/05\/Code-laterale-1-300x255.jpg 300w\" sizes=\"(max-width: 768px) 100vw, 768px\" \/>                    <\/div>\n                    <div class=\"text-box\">\n                        <a href=\"https:\/\/label-engineering.eu\/fr\/systemes-pour-letiquetage\/apply-code-line\/\" class=\"more\"><i class=\"fas fa-plus\"><\/i><\/a>\n                        <div class=\"inner hvr-bounce-to-bottom\">\n                            <span><\/span>\n                            <a href=\"https:\/\/label-engineering.eu\/fr\/systemes-pour-letiquetage\/apply-code-line\/\"><h3>Apply Code Line \u2013 Ligne Impression et Pose pour application sur produits sous diff\u00e9rentes formes<\/h3><\/a>\n                        <\/div>\n                    <\/div>\n                <\/div>\n            <\/div>\n\t\t\t\n\t\t\t\t\t\t\n\t\t\t<div class=\"col-md-4 col-sm-6 col-xs-12\">\n                <div class=\"single-recent-project\">\n                    <div class=\"img-box\">\n                        <img width=\"399\" height=\"252\" src=\"https:\/\/label-engineering.eu\/wp-content\/uploads\/2021\/05\/Immagine.jpg\" class=\"attachment-post-thumbnail size-post-thumbnail wp-post-image\" alt=\"\" loading=\"lazy\" srcset=\"https:\/\/label-engineering.eu\/wp-content\/uploads\/2021\/05\/Immagine.jpg 399w, https:\/\/label-engineering.eu\/wp-content\/uploads\/2021\/05\/Immagine-300x189.jpg 300w\" sizes=\"(max-width: 399px) 100vw, 399px\" \/>                    <\/div>\n                    <div class=\"text-box\">\n                        <a href=\"https:\/\/label-engineering.eu\/fr\/systemes-pour-letiquetage\/apply-line\/\" class=\"more\"><i class=\"fas fa-plus\"><\/i><\/a>\n                        <div class=\"inner hvr-bounce-to-bottom\">\n                            <span><\/span>\n                            <a href=\"https:\/\/label-engineering.eu\/fr\/systemes-pour-letiquetage\/apply-line\/\"><h3>Apply Line \u2013 Ligne d\u2019\u00e9tiquetage pour application lat\u00e9rale pour produits carr\u00e9es, rectangulaires et en forme<\/h3><\/a>\n                        <\/div>\n                    <\/div>\n                <\/div>\n            <\/div>\n\t\t\t\n\t\t\t\t\t\t\n\t\t\t<div class=\"col-md-4 col-sm-6 col-xs-12\">\n                <div class=\"single-recent-project\">\n                    <div class=\"img-box\">\n                        <img width=\"518\" height=\"765\" src=\"https:\/\/label-engineering.eu\/wp-content\/uploads\/2021\/05\/Code-laterale.jpg\" class=\"attachment-post-thumbnail size-post-thumbnail wp-post-image\" alt=\"\" loading=\"lazy\" srcset=\"https:\/\/label-engineering.eu\/wp-content\/uploads\/2021\/05\/Code-laterale.jpg 518w, https:\/\/label-engineering.eu\/wp-content\/uploads\/2021\/05\/Code-laterale-203x300.jpg 203w\" sizes=\"(max-width: 518px) 100vw, 518px\" \/>                    <\/div>\n                    <div class=\"text-box\">\n                        <a href=\"https:\/\/label-engineering.eu\/fr\/apply-code\/\" class=\"more\"><i class=\"fas fa-plus\"><\/i><\/a>\n                        <div class=\"inner hvr-bounce-to-bottom\">\n                            <span><\/span>\n                            <a href=\"https:\/\/label-engineering.eu\/fr\/apply-code\/\"><h3>Apply Code \u2013 T\u00eate Impression et Pose pour application en \u201ctemps r\u00e9el\u201d<\/h3><\/a>\n                        <\/div>\n                    <\/div>\n                <\/div>\n            <\/div>\n\t\t\t\n\t\t\t\t\t\t\n\t\t\t<div class=\"col-md-4 col-sm-6 col-xs-12\">\n                <div class=\"single-recent-project\">\n                    <div class=\"img-box\">\n                        <img width=\"1920\" height=\"2560\" src=\"https:\/\/label-engineering.eu\/wp-content\/uploads\/2021\/05\/DSCN0013-scaled.jpg\" class=\"attachment-post-thumbnail size-post-thumbnail wp-post-image\" alt=\"\" loading=\"lazy\" srcset=\"https:\/\/label-engineering.eu\/wp-content\/uploads\/2021\/05\/DSCN0013-scaled.jpg 1920w, https:\/\/label-engineering.eu\/wp-content\/uploads\/2021\/05\/DSCN0013-225x300.jpg 225w, https:\/\/label-engineering.eu\/wp-content\/uploads\/2021\/05\/DSCN0013-768x1024.jpg 768w, https:\/\/label-engineering.eu\/wp-content\/uploads\/2021\/05\/DSCN0013-1152x1536.jpg 1152w, https:\/\/label-engineering.eu\/wp-content\/uploads\/2021\/05\/DSCN0013-1536x2048.jpg 1536w\" sizes=\"(max-width: 1920px) 100vw, 1920px\" \/>                    <\/div>\n                    <div class=\"text-box\">\n                        <a href=\"https:\/\/label-engineering.eu\/fr\/systemes-pour-letiquetage\/apply-label-compact-ts\/\" class=\"more\"><i class=\"fas fa-plus\"><\/i><\/a>\n                        <div class=\"inner hvr-bounce-to-bottom\">\n                            <span><\/span>\n                            <a href=\"https:\/\/label-engineering.eu\/fr\/systemes-pour-letiquetage\/apply-label-compact-ts\/\"><h3>Apply Label Compact \u2013 T\u00eate d\u2019\u00e9tiquetage pour application lat\u00e9rale<\/h3><\/a>\n                        <\/div>\n                    <\/div>\n                <\/div>\n            <\/div>\n\t\t\t\n\t\t\t        <\/div>\n    <\/div>\n<\/section>\n\t\t<\/div><\/div><\/div><\/div><\/section>\n","protected":false},"excerpt":{"rendered":"","protected":false},"author":1,"featured_media":0,"parent":0,"menu_order":0,"comment_status":"closed","ping_status":"closed","template":"tpl-king-composer.php","meta":[],"tags":[],"yoast_head":"<!-- This site is optimized with the Yoast SEO plugin v15.3 - https:\/\/yoast.com\/wordpress\/plugins\/seo\/ -->\n<title>Application Laterale - Label Engineering<\/title>\n<meta name=\"robots\" content=\"index, follow, max-snippet:-1, max-image-preview:large, max-video-preview:-1\" \/>\n<link rel=\"canonical\" href=\"https:\/\/label-engineering.eu\/fr\/application-laterale\/\" \/>\n<meta property=\"og:locale\" content=\"fr_FR\" \/>\n<meta property=\"og:type\" content=\"article\" \/>\n<meta property=\"og:title\" content=\"Application Laterale - Label Engineering\" \/>\n<meta property=\"og:description\" content=\"Apply Code Line \u2013 Ligne Impression et Pose pour application sur produits sous diff\u00e9rentes formes Apply Line \u2013 Ligne d\u2019\u00e9tiquetage pour application lat\u00e9rale pour produits carr\u00e9es, rectangulaires et en forme Apply Code \u2013 T\u00eate Impression et Pose pour application en \u201ctemps r\u00e9el\u201d Apply Label Compact \u2013 T\u00eate d\u2019\u00e9tiquetage pour application lat\u00e9rale\" \/>\n<meta property=\"og:url\" content=\"https:\/\/label-engineering.eu\/fr\/application-laterale\/\" \/>\n<meta property=\"og:site_name\" content=\"Label Engineering\" \/>\n<meta property=\"article:modified_time\" content=\"2021-09-06T08:59:09+00:00\" \/>\n<meta property=\"og:image\" content=\"http:\/\/label-engineering.eu\/wp-content\/uploads\/2021\/05\/Code-laterale-1.jpg\" \/>\n<meta name=\"twitter:card\" content=\"summary_large_image\" \/>\n<meta name=\"twitter:label1\" content=\"\u00c9crit par\">\n\t<meta name=\"twitter:data1\" content=\"interjob\">\n\t<meta name=\"twitter:label2\" content=\"Dur\u00e9e de lecture est.\">\n\t<meta name=\"twitter:data2\" content=\"0 minute\">\n<script type=\"application\/ld+json\" class=\"yoast-schema-graph\">{\"@context\":\"https:\/\/schema.org\",\"@graph\":[{\"@type\":\"WebSite\",\"@id\":\"https:\/\/label-engineering.eu\/#website\",\"url\":\"https:\/\/label-engineering.eu\/\",\"name\":\"Label Engineering\",\"description\":\"Sistemi di etichettatura all&#039;avanguardia\",\"potentialAction\":[{\"@type\":\"SearchAction\",\"target\":\"https:\/\/label-engineering.eu\/?s={search_term_string}\",\"query-input\":\"required name=search_term_string\"}],\"inLanguage\":\"fr-FR\"},{\"@type\":\"ImageObject\",\"@id\":\"https:\/\/label-engineering.eu\/fr\/application-laterale\/#primaryimage\",\"inLanguage\":\"fr-FR\",\"url\":\"http:\/\/label-engineering.eu\/wp-content\/uploads\/2021\/05\/Code-laterale-1.jpg\"},{\"@type\":\"WebPage\",\"@id\":\"https:\/\/label-engineering.eu\/fr\/application-laterale\/#webpage\",\"url\":\"https:\/\/label-engineering.eu\/fr\/application-laterale\/\",\"name\":\"Application Laterale - Label Engineering\",\"isPartOf\":{\"@id\":\"https:\/\/label-engineering.eu\/#website\"},\"primaryImageOfPage\":{\"@id\":\"https:\/\/label-engineering.eu\/fr\/application-laterale\/#primaryimage\"},\"datePublished\":\"2021-09-06T08:49:13+00:00\",\"dateModified\":\"2021-09-06T08:59:09+00:00\",\"inLanguage\":\"fr-FR\",\"potentialAction\":[{\"@type\":\"ReadAction\",\"target\":[\"https:\/\/label-engineering.eu\/fr\/application-laterale\/\"]}]}]}<\/script>\n<!-- \/ Yoast SEO plugin. -->","_links":{"self":[{"href":"https:\/\/label-engineering.eu\/fr\/wp-json\/wp\/v2\/pages\/5119"}],"collection":[{"href":"https:\/\/label-engineering.eu\/fr\/wp-json\/wp\/v2\/pages"}],"about":[{"href":"https:\/\/label-engineering.eu\/fr\/wp-json\/wp\/v2\/types\/page"}],"author":[{"embeddable":true,"href":"https:\/\/label-engineering.eu\/fr\/wp-json\/wp\/v2\/users\/1"}],"replies":[{"embeddable":true,"href":"https:\/\/label-engineering.eu\/fr\/wp-json\/wp\/v2\/comments?post=5119"}],"version-history":[{"count":2,"href":"https:\/\/label-engineering.eu\/fr\/wp-json\/wp\/v2\/pages\/5119\/revisions"}],"predecessor-version":[{"id":5136,"href":"https:\/\/label-engineering.eu\/fr\/wp-json\/wp\/v2\/pages\/5119\/revisions\/5136"}],"wp:attachment":[{"href":"https:\/\/label-engineering.eu\/fr\/wp-json\/wp\/v2\/media?parent=5119"}],"wp:term":[{"taxonomy":"post_tag","embeddable":true,"href":"https:\/\/label-engineering.eu\/fr\/wp-json\/wp\/v2\/tags?post=5119"}],"curies":[{"name":"wp","href":"https:\/\/api.w.org\/{rel}","templated":true}]}}