{"id":5148,"date":"2021-09-06T11:54:17","date_gmt":"2021-09-06T09:54:17","guid":{"rendered":"http:\/\/label-engineering.eu\/?page_id=5148"},"modified":"2021-09-06T12:38:40","modified_gmt":"2021-09-06T10:38:40","slug":"feeder","status":"publish","type":"page","link":"https:\/\/label-engineering.eu\/fr\/feeder\/","title":{"rendered":"Feeder"},"content":{"rendered":"<p><section class=\"kc-elm kc-css-486828 kc_row\"><div class=\"kc-row-container  kc-container\"><div class=\"kc-wrap-columns\"><div class=\"kc-elm kc-css-396227 kc_col-sm-12 kc_column kc_col-sm-12\"><div class=\"kc-col-container\"><section class=\" what-we-do sec-pad\">\n    <div class=\"thm-container\">\n        <div class=\"sec-title text-center\">\n            <span>Solutions Label Engineering<\/span>\n            <h3>Feeder<\/h3>\n            <p>WR FEEDER est un d\u00e9pileur \u00e0 friction capable de g\u00e9rer des feuilles des \u00e9tuis et des coupons plats, disponible en 3 versions. Un moteur pas \u00e0 pas garantit une vitesse d'avance jusqu'\u00e0 60 m\u00e8tres\/min.<\/p>\n        <\/div>\n        <div class=\"row\">\n            <div class=\"col-lg-6 col-md-12\">\n                <div class=\"single-what-we-do\">\n                    \n\t\t\t\t\t\t\t\t\t\t\n                    <div class=\"text-box hvr-bounce-to-bottom\">\n                        <a href=\"#\"><h3><\/h3><\/a>\n                        <p><\/p>\n                        <a href=\"#\" class=\"read-more fas fa-angle-right\"><\/a>\n                    <\/div>\n                <\/div>\n            <\/div>\n            <div class=\"col-lg-6 col-md-12\">\n                <div class=\"row\">\n                    \n\t\t\t\t\t\t\t\t\t\t\n\t\t\t\t\t<div class=\"col-sm-2\">\n                        <div class=\"single-what-we-do-one hvr-bounce-to-bottom\">\n                            <i class=\"printify-icon fa-star\"><\/i>\n                            <a href=\"\"><h3><\/h3><\/a>\n                            <p><\/p>\n                            <a href=\"\" class=\"read-more fas fa-angle-right\"><\/a>\n                        <\/div>\n                    <\/div>\n                    \n\t\t\t\t\t                <\/div>\n            <\/div>\n        <\/div>\n    <\/div>\n<\/section><\/div><\/div><\/div><\/div><\/section><section class=\"kc-elm kc-css-947946 kc_row\"><div class=\"kc-row-container  kc-container\"><div class=\"kc-wrap-columns\"><div class=\"kc-elm kc-css-435592 kc_col-sm-6 kc_column kc_col-sm-6\"><div class=\"kc-col-container\"><div class=\"kc-elm kc-css-89151 kc_text_block\"><\/p>\n<p>\nLa s\u00e9lection du produit \u00e0 alimenter se fait gr\u00e2ce \u00e0 des roues en caoutchouc qui fonctionnent en contre-roulement, tandis que des micro-ajustements sur les c\u00f4t\u00e9s droit et gauche rendent <b>WR FEEDER <\/b>extr\u00eamement flexible sur tout type de produit \u00e0 utiliser. L\u2019unit\u00e9 d\u2019alimentation avec une hauteur de 300 mm, \u00e9quip\u00e9 d&#039;un contr\u00f4le de charge minimum, garantit une grande autonomie de travail.<\/p>\n<p>G\u00e9r\u00e9 par un microprocesseur, le syst\u00e8me s\u2019interface avec l\u2019utilisateur \u00e0 l\u2019aide d\u2019un <b>clavier avec un \u00e9cran LCD sur deux lignes de 20 caract\u00e8res et 7 touches <\/b>de fonction, param\u00e8tres de travail tels que la vitesse d\u2019avancement, l\u2019alimentation continue ou, \u00e0 la demande, d\u2019un plus grand nombre de copies, le retard d\u2019arr\u00eat, le retard d\u2019impression, le compte-coups.<\/p>\n<p>\n<\/div><\/div><\/div><div class=\"kc-elm kc-css-179888 kc_col-sm-6 kc_column kc_col-sm-6\"><div class=\"kc-col-container\"><div class=\"kc-elm kc-css-99809 kc-raw-code\"><!--<div class=\"video-box\" width=\"80%\" ><img src=\"https:\/\/label-engineering.eu\/wp-content\/uploads\/2021\/03\/feeder.jpg\" alt=\"Image\" width=\"80%\" \/>\r\n<a href=\"https:\/\/www.youtube.com\/watch?v=qEwTWqNQFz8\" class=\"video-btn html5lightbox ripple\"><i class=\"fas fa-play\"><\/i><\/a>\r\n<\/div>-->\r\n<img src=\"https:\/\/label-engineering.eu\/wp-content\/uploads\/2021\/03\/feeder.jpg\" alt=\"Image\" width=\"80%\" \/><\/div><\/div><\/div><\/div><\/div><\/section><section class=\"kc-elm kc-css-601916 kc_row\"><div class=\"kc-row-container  kc-container\"><div class=\"kc-wrap-columns\"><div class=\"kc-elm kc-css-623757 kc_col-of-5 kc_column kc_col-of-5\"><div class=\"kc-col-container\"><\/div><\/div><div class=\"kc-elm kc-css-235242 kc_col-sm-7 kc_column kc_col-sm-7\"><div class=\"kc-col-container\"><div class=\"kc-elm kc-css-564122 kc_text_block\"><\/p>\n<table id=\"table-mod\" width=\"100%\">\n<tbody>\n<tr>\n<td><strong>Dimension min. produits <\/strong><\/td>\n<td>\u00a060 x 60 mm<\/td>\n<\/tr>\n<tr>\n<td><strong>Dimension max produits<\/strong><\/td>\n<td>500 x 300 mm<\/td>\n<\/tr>\n<tr>\n<td><strong>Epaisseur min. produits <\/strong><\/td>\n<td>da 0,20 mm a 10,00 mm<\/td>\n<\/tr>\n<tr>\n<td><strong>Vitesse<\/strong><\/td>\n<td>da 40 a 60 m\/min.<\/td>\n<\/tr>\n<\/tbody>\n<\/table>\n<p>\n<\/div><div class=\"kc-elm kc-css-702594 kc_text_block\"><\/p>\n<p style=\"language: it; margin-top: 0pt; margin-bottom: 0pt; margin-left: 0in; text-align: left; direction: ltr; unicode-bidi: embed; mso-line-break-override: none; word-break: normal; punctuation-wrap: hanging;\"><em><span style=\"font-size: 9.5pt; font-family: Verdana;\"><strong>*<\/strong> Disponibles<span style=\"mso-spacerun: yes;\">\u00a0 <\/span> en deux version:<\/span><\/em><\/p>\n<ul>\n<li style=\"text-align: left; direction: ltr; unicode-bidi: embed; word-break: normal;\"><em><span style=\"font-size: 9.5pt; font-family: Verdana;\">Terminal de sortie standard <\/span><\/em><\/li>\n<li style=\"text-align: left; direction: ltr; unicode-bidi: embed; word-break: normal;\"><em><span style=\"font-family: Verdana; font-size: 9.5pt;\">Terminal de sortie surdimensionn\u00e9, adapt\u00e9 \u00e0 l&#039;int\u00e9gration de syst\u00e8mes de marquage ou d&#039;\u00e9tiquetage<br \/>\n<\/span><\/em><\/li>\n<\/ul>\n<p>\n<\/div><\/div><\/div><div class=\"kc-elm kc-css-279876 kc_col-of-5 kc_column kc_col-of-5\"><div class=\"kc-col-container\"><\/div><\/div><\/div><\/div><\/section><section data-kc-fullwidth=\"content\" class=\"kc-elm kc-css-975681 kc_row\"><div class=\"kc-row-container\"><div class=\"kc-wrap-columns\"><div class=\"kc-elm kc-css-327947 kc_col-sm-12 kc_column kc_col-sm-12\"><div class=\"kc-col-container\"><section class=\" service-details-cost-calculator sec-pad\">\n    <div class=\"thm-container\">\n        <div class=\"row\">\n           \n            <div class=\"col-md-12\">\n                <div class=\"table-responsive pricing-table\">\n                    <table class=\"table\">\n                        <thead>\n                            <tr>\n\n                            <th>Fiche technique<\/th>\n                            <th style=\"text-align: right;\"><a href=\"http:\/\/label-engineering.eu\/wp-content\/uploads\/2021\/09\/WR-FEEDER.pdf\"><i class=\"printify-icon-big-brochure\"><\/i> SCARICA IL PDF<\/a><\/th>\n                            <\/tr>\n                        <\/thead>\n                        <tbody>\n                            \n\t\t\t\t\t\t\t\t\t\t\t\t\t\t\n\t\t\t\t\t\t\t<tr>\n                                <td><div class=\"inner\">Larghezza passaggio carta<\/div><\/td>\n                                <td><div class=\"inner\">30 mm min. \u2013 200 mm max<\/div><\/td>\n                            <\/tr>\n                            \n\t\t\t\t\t\t\t\t\t\t\t\t\t\t\n\t\t\t\t\t\t\t<tr>\n                                <td><div class=\"inner\">Lunghezza etichetta<\/div><\/td>\n                                <td><div class=\"inner\">30 mm min. \u2013 330 mm max<\/div><\/td>\n                            <\/tr>\n                            \n\t\t\t\t\t\t\t\t\t\t\t\t\t\t\n\t\t\t\t\t\t\t<tr>\n                                <td><div class=\"inner\">Portabobina<\/div><\/td>\n                                <td><div class=\"inner\">\u00d8 esterno 250 mm max<\/br>\r\n\u00d8 anima 40 mm<\/br>\r\n\u00d8 45\u201376 mm con adattatori<\/br>\r\n<\/div><\/td>\n                            <\/tr>\n                            \n\t\t\t\t\t\t\t\t\t\t\t\t\t\t\n\t\t\t\t\t\t\t<tr>\n                                <td><div class=\"inner\">Lettura interspazio etichette<\/div><\/td>\n                                <td><div class=\"inner\">con fotocellula a forcella<\/div><\/td>\n                            <\/tr>\n                            \n\t\t\t\t\t\t\t\t\t\t\t\t\t\t\n\t\t\t\t\t\t\t<tr>\n                                <td><div class=\"inner\">Regolazione pre erogazione<\/div><\/td>\n                                <td><div class=\"inner\">elettronica ad impostazione digitale<\/div><\/td>\n                            <\/tr>\n                            \n\t\t\t\t\t\t\t\t\t\t\t\t\t\t\n\t\t\t\t\t\t\t<tr>\n                                <td><div class=\"inner\">Velocit\u00e0 avanzamento etichetta<\/div><\/td>\n                                <td><div class=\"inner\">etichetta:~ 12 m\/min. (valore<\/div><\/td>\n                            <\/tr>\n                            \n\t\t\t\t\t\t\t\t\t\t\t\t\t\t\n\t\t\t\t\t\t\t<tr>\n                                <td><div class=\"inner\">Velocit\u00e0 rotazione prodotto<\/div><\/td>\n                                <td><div class=\"inner\">~ 12 m\/min. (valore fisso)<\/div><\/td>\n                            <\/tr>\n                            \n\t\t\t\t\t\t\t\t\t\t\t\t\t\t\n\t\t\t\t\t\t\t<tr>\n                                <td><div class=\"inner\">Selezione 1-2 etichette<\/div><\/td>\n                                <td><div class=\"inner\">elettronica ad impostazione digitale \r\n<\/div><\/td>\n                            <\/tr>\n                            \n\t\t\t\t\t\t\t\t\t\t\t\t\t\t\n\t\t\t\t\t\t\t<tr>\n                                <td><div class=\"inner\">Alimentazione elettrica<\/div><\/td>\n                                <td><div class=\"inner\">220-230 V, 50-60 Hz, 200 W\r\n<\/div><\/td>\n                            <\/tr>\n                            \n\t\t\t\t\t\t\t\t\t\t\t\t\t\t\n\t\t\t\t\t\t\t<tr>\n                                <td><div class=\"inner\">Dimensioni<\/div><\/td>\n                                <td><div class=\"inner\">750 x 450 x 450 mm<\/div><\/td>\n                            <\/tr>\n                            \n\t\t\t\t\t\t\t\t\t\t\t\t\t\t\n\t\t\t\t\t\t\t<tr>\n                                <td><div class=\"inner\">Peso<\/div><\/td>\n                                <td><div class=\"inner\">26 Kg. (bobina etichette esclusa)<\/div><\/td>\n                            <\/tr>\n                            \n\t\t\t\t\t\t\t                        <\/tbody>\n                    <\/table><!-- \/.table -->\n                <\/div><!-- \/.table-responsive -->\n            <\/div><!-- \/.col-md-8 -->\n\n\n\n\n\n\n        <\/div><!-- \/.row -->\n\n        <div class=\"row\">\n\n        <div class=\"col-md-12\">\n                <div class=\"cost-calc-content\">\n                    \n                    <p>Label Engineering se r\u00e9serve le droit d'apporter, sans pr\u00e9avis, des modifications de construction qui peuvent entra\u00eener des changements dans les caract\u00e9ristiques ou les performances indiqu\u00e9es.<\/br><\/p>\n                    \n\t\t\t\t\t\n\t\t\t\t\t\n                <\/div><!-- \/.cost-calc-content -->\n            <\/div><!-- \/.col-md-4 -->\n\n            <\/div><!-- \/.row -->\n\n    <\/div><!-- \/.thm-container -->\n<\/section><\/div><\/div><\/div><\/div><\/section><\/p>\n","protected":false},"excerpt":{"rendered":"","protected":false},"author":1,"featured_media":3204,"parent":0,"menu_order":0,"comment_status":"closed","ping_status":"closed","template":"tpl-king-composer.php","meta":[],"tags":[],"yoast_head":"<!-- This site is optimized with the Yoast SEO plugin v15.3 - https:\/\/yoast.com\/wordpress\/plugins\/seo\/ -->\n<title>Feeder - Label Engineering<\/title>\n<meta name=\"robots\" content=\"index, follow, max-snippet:-1, max-image-preview:large, max-video-preview:-1\" \/>\n<link rel=\"canonical\" href=\"https:\/\/label-engineering.eu\/fr\/feeder\/\" \/>\n<meta property=\"og:locale\" content=\"fr_FR\" \/>\n<meta property=\"og:type\" content=\"article\" \/>\n<meta property=\"og:title\" content=\"Feeder - Label Engineering\" \/>\n<meta property=\"og:description\" content=\"Solutions Label Engineering Feeder WR FEEDER est un d\u00e9pileur \u00e0 friction capable de g\u00e9rer des feuilles des \u00e9tuis et des coupons plats, disponible en 3 versions. Un moteur pas \u00e0 pas garantit une vitesse d&#8217;avance jusqu&#8217;\u00e0 60 m\u00e8tres\/min. La s\u00e9lection du produit \u00e0 alimenter se fait gr\u00e2ce \u00e0 des roues en caoutchouc qui fonctionnent en\" \/>\n<meta property=\"og:url\" content=\"https:\/\/label-engineering.eu\/fr\/feeder\/\" \/>\n<meta property=\"og:site_name\" content=\"Label Engineering\" \/>\n<meta property=\"article:modified_time\" content=\"2021-09-06T10:38:40+00:00\" \/>\n<meta property=\"og:image\" content=\"https:\/\/label-engineering.eu\/wp-content\/uploads\/2021\/03\/feeder.jpg\" \/>\n\t<meta property=\"og:image:width\" content=\"717\" \/>\n\t<meta property=\"og:image:height\" content=\"746\" \/>\n<meta name=\"twitter:card\" content=\"summary_large_image\" \/>\n<meta name=\"twitter:label1\" content=\"\u00c9crit par\">\n\t<meta name=\"twitter:data1\" content=\"interjob\">\n\t<meta name=\"twitter:label2\" content=\"Dur\u00e9e de lecture est.\">\n\t<meta name=\"twitter:data2\" content=\"1 minute\">\n<script type=\"application\/ld+json\" class=\"yoast-schema-graph\">{\"@context\":\"https:\/\/schema.org\",\"@graph\":[{\"@type\":\"WebSite\",\"@id\":\"https:\/\/label-engineering.eu\/#website\",\"url\":\"https:\/\/label-engineering.eu\/\",\"name\":\"Label Engineering\",\"description\":\"Sistemi di etichettatura all&#039;avanguardia\",\"potentialAction\":[{\"@type\":\"SearchAction\",\"target\":\"https:\/\/label-engineering.eu\/?s={search_term_string}\",\"query-input\":\"required name=search_term_string\"}],\"inLanguage\":\"fr-FR\"},{\"@type\":\"ImageObject\",\"@id\":\"https:\/\/label-engineering.eu\/fr\/feeder\/#primaryimage\",\"inLanguage\":\"fr-FR\",\"url\":\"https:\/\/label-engineering.eu\/wp-content\/uploads\/2021\/03\/feeder.jpg\",\"width\":717,\"height\":746},{\"@type\":\"WebPage\",\"@id\":\"https:\/\/label-engineering.eu\/fr\/feeder\/#webpage\",\"url\":\"https:\/\/label-engineering.eu\/fr\/feeder\/\",\"name\":\"Feeder - Label Engineering\",\"isPartOf\":{\"@id\":\"https:\/\/label-engineering.eu\/#website\"},\"primaryImageOfPage\":{\"@id\":\"https:\/\/label-engineering.eu\/fr\/feeder\/#primaryimage\"},\"datePublished\":\"2021-09-06T09:54:17+00:00\",\"dateModified\":\"2021-09-06T10:38:40+00:00\",\"inLanguage\":\"fr-FR\",\"potentialAction\":[{\"@type\":\"ReadAction\",\"target\":[\"https:\/\/label-engineering.eu\/fr\/feeder\/\"]}]}]}<\/script>\n<!-- \/ Yoast SEO plugin. -->","_links":{"self":[{"href":"https:\/\/label-engineering.eu\/fr\/wp-json\/wp\/v2\/pages\/5148"}],"collection":[{"href":"https:\/\/label-engineering.eu\/fr\/wp-json\/wp\/v2\/pages"}],"about":[{"href":"https:\/\/label-engineering.eu\/fr\/wp-json\/wp\/v2\/types\/page"}],"author":[{"embeddable":true,"href":"https:\/\/label-engineering.eu\/fr\/wp-json\/wp\/v2\/users\/1"}],"replies":[{"embeddable":true,"href":"https:\/\/label-engineering.eu\/fr\/wp-json\/wp\/v2\/comments?post=5148"}],"version-history":[{"count":7,"href":"https:\/\/label-engineering.eu\/fr\/wp-json\/wp\/v2\/pages\/5148\/revisions"}],"predecessor-version":[{"id":5152,"href":"https:\/\/label-engineering.eu\/fr\/wp-json\/wp\/v2\/pages\/5148\/revisions\/5152"}],"wp:featuredmedia":[{"embeddable":true,"href":"https:\/\/label-engineering.eu\/fr\/wp-json\/wp\/v2\/media\/3204"}],"wp:attachment":[{"href":"https:\/\/label-engineering.eu\/fr\/wp-json\/wp\/v2\/media?parent=5148"}],"wp:term":[{"taxonomy":"post_tag","embeddable":true,"href":"https:\/\/label-engineering.eu\/fr\/wp-json\/wp\/v2\/tags?post=5148"}],"curies":[{"name":"wp","href":"https:\/\/api.w.org\/{rel}","templated":true}]}}