{"id":5168,"date":"2021-09-06T12:24:56","date_gmt":"2021-09-06T10:24:56","guid":{"rendered":"http:\/\/label-engineering.eu\/?page_id=5168"},"modified":"2021-09-17T09:41:33","modified_gmt":"2021-09-17T07:41:33","slug":"apply-code-128","status":"publish","type":"page","link":"https:\/\/label-engineering.eu\/fr\/systemes-pour-letiquetage\/apply-code-128\/","title":{"rendered":"Apply Code 128"},"content":{"rendered":"<p><section class=\"kc-elm kc-css-781781 kc_row\"><div class=\"kc-row-container  kc-container\"><div class=\"kc-wrap-columns\"><div class=\"kc-elm kc-css-188892 kc_col-sm-12 kc_column kc_col-sm-12\"><div class=\"kc-col-container\"><section class=\" what-we-do sec-pad\">\n    <div class=\"thm-container\">\n        <div class=\"sec-title text-center\">\n            <span>Solutions Label Engineering<\/span>\n            <h3>Systeme Impression &amp; Pose<\/h3>\n            <p>Pour r\u00e9pondre aux besoins d'\u00e9tiquetage logistique, Label Engineering propose Apply Code 128, adapt\u00e9 \u00e0 l'application d'\u00e9tiquettes autocollantes sur un ou deux c\u00f4t\u00e9s adjacents de palettes, selon les normes sp\u00e9cifiques de l'industrie, notamment GS1, ODETTE, VDA 4902, AIAG, MAT.\r\n<\/p>\n        <\/div>\n        <div class=\"row\">\n            <div class=\"col-lg-6 col-md-12\">\n                <div class=\"single-what-we-do\">\n                    \n\t\t\t\t\t\t\t\t\t\t\n                    <div class=\"text-box hvr-bounce-to-bottom\">\n                        <a href=\"#\"><h3><\/h3><\/a>\n                        <p><\/p>\n                        <a href=\"#\" class=\"read-more fas fa-angle-right\"><\/a>\n                    <\/div>\n                <\/div>\n            <\/div>\n            <div class=\"col-lg-6 col-md-12\">\n                <div class=\"row\">\n                    \n\t\t\t\t\t\t\t\t\t\t\n\t\t\t\t\t<div class=\"col-sm-2\">\n                        <div class=\"single-what-we-do-one hvr-bounce-to-bottom\">\n                            <i class=\"printify-icon fa-star\"><\/i>\n                            <a href=\"\"><h3><\/h3><\/a>\n                            <p><\/p>\n                            <a href=\"\" class=\"read-more fas fa-angle-right\"><\/a>\n                        <\/div>\n                    <\/div>\n                    \n\t\t\t\t\t                <\/div>\n            <\/div>\n        <\/div>\n    <\/div>\n<\/section><\/div><\/div><\/div><\/div><\/section><section class=\"kc-elm kc-css-348176 kc_row\"><div class=\"kc-row-container  kc-container\"><div class=\"kc-wrap-columns\"><div class=\"kc-elm kc-css-171456 kc_col-sm-6 kc_column kc_col-sm-6\"><div class=\"kc-col-container\"><div class=\"kc-elm kc-css-957035 kc_text_block\"><\/p>\n<p>\nCon\u00e7u pour int\u00e9grer des <b>unit\u00e9s d&#039;impression par transfert thermique <\/b><b>jusqu&#039;\u00e0 6 &#8220;<\/b>, vous permettent de g\u00e9rer l&#039;application d&#039;\u00e9tiquettes dans diff\u00e9rents formats et mat\u00e9riaux.<\/p>\n<p>Une gamme compl\u00e8te de solutions est \u00e9galement disponible pour les applications sans contact (soufflage d&#039;air) et avec contact.<\/p>\n<p>Un ch\u00e2ssis support, robuste et solide, soutient la structure portante en aluminium anodis\u00e9 pour loger l&#039;unit\u00e9 d&#039;impression, de l\u2019arbre porte bobine, de l\u2019unit\u00e9 de rembobinage du papier silicone et des v\u00e9rins de manipulation.<\/p>\n<p>Sur demande, capot de protection \u00e9quip\u00e9e, si n\u00e9cessaire, de <b>dispositifs de protection contre les agents environnementaux <\/b><b>comme temp\u00e9rature, poussi\u00e8re et humidit\u00e9.<\/b><\/p>\n<p>\n<\/div><div class=\"kc-elm kc-css-559795 kc_text_block\"><\/p>\n<p>\n<b>Options<\/b><\/p>\n<ul>\n<li>Climatisation pour faciliter l\u2019application des \u00e9tiquettes \u00e0 des temp\u00e9ratures ambiantes basses ou \u00e9lev\u00e9es<\/li>\n<li>Contr\u00f4le application \u00e9tiquette<\/li>\n<li>Contr\u00f4le lisibilit\u00e9 code \u00e0 barres<\/li>\n<li>Groupes porte-bobine surdimensionn\u00e9s, \u00e9galement motoris\u00e9<\/li>\n<li>Contr\u00f4le imminent fin ruban et fin \u00e9tiquette<\/li>\n<li>Contr\u00f4le trop plein groupe r\u00e9enrouleur<\/li>\n<li>Signaux d&#039;alarme avec avertissement acoustique lumineux<\/li>\n<li>Bo\u00eetier PC de type industriel \u00e9galement<\/li>\n<\/ul>\n<p>\n<\/div><div class=\"kc-elm kc-css-721068 kc_text_block\"><\/p>\n<p><b>Moteurs d\u2019impression <\/b><br \/><a href=\"https:\/\/label-engineering.eu\/wp-content\/uploads\/2021\/09\/bloc-ZE500-Zebra-1.pdf\" target=\"_blank\" rel=\"noopener noreferrer\">Zebra<\/a>, <a href=\"https:\/\/label-engineering.eu\/wp-content\/uploads\/2021\/09\/sato-s84-ex-s86-ex-datasheet-french.pdf\">Sato<\/a>, <a href=\"https:\/\/label-engineering.eu\/wp-content\/uploads\/2021\/09\/pex-1000_fr_datasheet_16062020.pdf\" target=\"_blank\" rel=\"noopener noreferrer\">TSC<\/a>, <a href=\"https:\/\/label-engineering.eu\/wp-content\/uploads\/2021\/09\/Fiche_technique_Avery_Novexx_DPM_PEM.pdf\" target=\"_blank\" rel=\"noopener noreferrer\">Novexx<\/a><\/p>\n<p>\n<\/div><\/div><\/div><div class=\"kc-elm kc-css-895115 kc_col-sm-6 kc_column kc_col-sm-6\"><div class=\"kc-col-container\"><div class=\"kc-elm kc-css-979620 kc-raw-code\"><div class=\"video-box\"><img src=\"https:\/\/label-engineering.eu\/wp-content\/uploads\/2021\/01\/applycode128.jpg\" alt=\"Image\" \/>\r\n<a href=\"https:\/\/www.youtube.com\/watch?v=721y74yjXJM\" class=\"video-btn html5lightbox ripple\"><i class=\"fas fa-play\"><\/i><\/a>\r\n<\/div><\/div><\/div><\/div><\/div><\/div><\/section><section class=\"kc-elm kc-css-321438 kc_row\"><div class=\"kc-row-container  kc-container\"><div class=\"kc-wrap-columns\"><div class=\"kc-elm kc-css-867243 kc_col-of-5 kc_column kc_col-of-5\"><div class=\"kc-col-container\"><\/div><\/div><div class=\"kc-elm kc-css-539167 kc_col-sm-7 kc_column kc_col-sm-7\"><div class=\"kc-col-container\"><div class=\"kc-elm kc-css-255719 kc_text_block\"><\/p>\n<table id=\"table-mod\" width=\"100%\">\n<tbody>\n<tr>\n<td width=\"164\">Mod\u00e8les disponibles<\/td>\n<td width=\"86\">N. \u00e9tiquettes<\/td>\n<td width=\"86\">Plaque d&#039;application<\/td>\n<\/tr>\n<tr>\n<td>Moteur d\u2019impression 4 \" (\u2022)<\/td>\n<td><\/td>\n<td><\/td>\n<\/tr>\n<tr>\n<td>128041<\/td>\n<td>1 \u00e9tiquette<\/td>\n<td>150 x 210 mm<\/td>\n<\/tr>\n<tr>\n<td>128042<\/td>\n<td>2 \u00e9tiquettes<\/td>\n<td>150 x 210 mm<\/td>\n<\/tr>\n<tr>\n<td>Moteur d\u2019impression 6 \" (\u2022)<\/td>\n<td><\/td>\n<td><\/td>\n<\/tr>\n<tr>\n<td>128061<\/td>\n<td>1 \u00e9tiquette<\/td>\n<td>150 x 210 mm<\/td>\n<\/tr>\n<tr>\n<td>128062<\/td>\n<td>2 \u00e9tiquettes<\/td>\n<td>150 x 210 mm<\/td>\n<\/tr>\n<\/tbody>\n<\/table>\n<p><em><br \/>(\u2022) Moteurs d\u2019impression exclus<\/em><\/p>\n<p>\n<\/div><\/div><\/div><div class=\"kc-elm kc-css-577946 kc_col-of-5 kc_column kc_col-of-5\"><div class=\"kc-col-container\"><\/div><\/div><\/div><\/div><\/section><section data-kc-fullwidth=\"content\" class=\"kc-elm kc-css-780730 kc_row\"><div class=\"kc-row-container\"><div class=\"kc-wrap-columns\"><div class=\"kc-elm kc-css-345453 kc_col-sm-12 kc_column kc_col-sm-12\"><div class=\"kc-col-container\"><div class=\"kc-elm kc-css-764210\">\n\t<div class=\"kc-carousel_images kc-elm kc-css-764210\">\n\t\n\t\t<div class=\"kc-carousel-images owl-carousel-images kc-sync1 \" data-owl-i-options='{\"items\":\"3\",\"tablet\":\"2\",\"mobile\":\"1\",\"speed\":\"500\",\"navigation\":\"\",\"pagination\":\"\",\"autoheight\":\"\",\"progressbar\":\"\",\"delay\":\"8\",\"autoplay\":\"yes\",\"showthumb\":\"\",\"num_thumb\":\"5\"}'>\n\t\n\t\t\t\t\t<div class=\"item\">\n\t\n\t\t\t<a class=\"kc-image-link kc-pretty-photo\" data-lightbox=\"kc-lightbox\" rel=\"prettyPhoto[764210]\" href=\"https:\/\/label-engineering.eu\/wp-content\/uploads\/2021\/03\/A4.jpg\"><img src=\"https:\/\/label-engineering.eu\/wp-content\/uploads\/2021\/03\/A4.jpg\" alt=\"\" \/><\/a>\t\n\t\t\t<\/div>\n\t\n\t\t\t\t\t<div class=\"item\">\n\t\n\t\t\t<a class=\"kc-image-link kc-pretty-photo\" data-lightbox=\"kc-lightbox\" rel=\"prettyPhoto[764210]\" href=\"https:\/\/label-engineering.eu\/wp-content\/uploads\/2021\/03\/Apply-Code-128.jpg\"><img src=\"https:\/\/label-engineering.eu\/wp-content\/uploads\/2021\/03\/Apply-Code-128.jpg\" alt=\"\" \/><\/a>\t\n\t\t\t<\/div>\n\t\n\t\t\t\t\t<div class=\"item\">\n\t\n\t\t\t<a class=\"kc-image-link kc-pretty-photo\" data-lightbox=\"kc-lightbox\" rel=\"prettyPhoto[764210]\" href=\"https:\/\/label-engineering.eu\/wp-content\/uploads\/2021\/03\/A128.jpg\"><img src=\"https:\/\/label-engineering.eu\/wp-content\/uploads\/2021\/03\/A128.jpg\" alt=\"\" \/><\/a>\t\n\t\t\t<\/div>\n\t\n\t\t\t\n\t\t<\/div>\n\t\n\t\t\t<\/div>\n<\/div>\n<\/div><\/div><\/div><\/div><\/section><section data-kc-fullwidth=\"content\" class=\"kc-elm kc-css-834385 kc_row\"><div class=\"kc-row-container\"><div class=\"kc-wrap-columns\"><div class=\"kc-elm kc-css-549065 kc_col-sm-12 kc_column kc_col-sm-12\"><div class=\"kc-col-container\"><section class=\" service-details-cost-calculator sec-pad\">\n    <div class=\"thm-container\">\n        <div class=\"row\">\n           \n            <div class=\"col-md-12\">\n                <div class=\"table-responsive pricing-table\">\n                    <table class=\"table\">\n                        <thead>\n                            <tr>\n\n                            <th>Fiche technique<\/th>\n                            <th style=\"text-align: right;\"><a href=\"http:\/\/label-engineering.eu\/wp-content\/uploads\/2021\/09\/APPLY-CODE-128.pdf\"><i class=\"printify-icon-big-brochure\"><\/i> SCARICA IL PDF<\/a><\/th>\n                            <\/tr>\n                        <\/thead>\n                        <tbody>\n                            \n\t\t\t\t\t\t\t\t\t\t\t\t\t\t\n\t\t\t\t\t\t\t<tr>\n                                <td><div class=\"inner\">Larghezza passaggio carta<\/div><\/td>\n                                <td><div class=\"inner\">30 mm min. \u2013 200 mm max<\/div><\/td>\n                            <\/tr>\n                            \n\t\t\t\t\t\t\t\t\t\t\t\t\t\t\n\t\t\t\t\t\t\t<tr>\n                                <td><div class=\"inner\">Lunghezza etichetta<\/div><\/td>\n                                <td><div class=\"inner\">30 mm min. \u2013 330 mm max<\/div><\/td>\n                            <\/tr>\n                            \n\t\t\t\t\t\t\t\t\t\t\t\t\t\t\n\t\t\t\t\t\t\t<tr>\n                                <td><div class=\"inner\">Portabobina<\/div><\/td>\n                                <td><div class=\"inner\">\u00d8 esterno 250 mm max<\/br>\r\n\u00d8 anima 40 mm<\/br>\r\n\u00d8 45\u201376 mm con adattatori<\/br>\r\n<\/div><\/td>\n                            <\/tr>\n                            \n\t\t\t\t\t\t\t\t\t\t\t\t\t\t\n\t\t\t\t\t\t\t<tr>\n                                <td><div class=\"inner\">Lettura interspazio etichette<\/div><\/td>\n                                <td><div class=\"inner\">con fotocellula a forcella<\/div><\/td>\n                            <\/tr>\n                            \n\t\t\t\t\t\t\t\t\t\t\t\t\t\t\n\t\t\t\t\t\t\t<tr>\n                                <td><div class=\"inner\">Regolazione pre erogazione<\/div><\/td>\n                                <td><div class=\"inner\">elettronica ad impostazione digitale<\/div><\/td>\n                            <\/tr>\n                            \n\t\t\t\t\t\t\t\t\t\t\t\t\t\t\n\t\t\t\t\t\t\t<tr>\n                                <td><div class=\"inner\">Velocit\u00e0 avanzamento etichetta<\/div><\/td>\n                                <td><div class=\"inner\">etichetta:~ 12 m\/min. (valore<\/div><\/td>\n                            <\/tr>\n                            \n\t\t\t\t\t\t\t\t\t\t\t\t\t\t\n\t\t\t\t\t\t\t<tr>\n                                <td><div class=\"inner\">Velocit\u00e0 rotazione prodotto<\/div><\/td>\n                                <td><div class=\"inner\">~ 12 m\/min. (valore fisso)<\/div><\/td>\n                            <\/tr>\n                            \n\t\t\t\t\t\t\t\t\t\t\t\t\t\t\n\t\t\t\t\t\t\t<tr>\n                                <td><div class=\"inner\">Selezione 1-2 etichette<\/div><\/td>\n                                <td><div class=\"inner\">elettronica ad impostazione digitale \r\n<\/div><\/td>\n                            <\/tr>\n                            \n\t\t\t\t\t\t\t\t\t\t\t\t\t\t\n\t\t\t\t\t\t\t<tr>\n                                <td><div class=\"inner\">Alimentazione elettrica<\/div><\/td>\n                                <td><div class=\"inner\">220-230 V, 50-60 Hz, 200 W\r\n<\/div><\/td>\n                            <\/tr>\n                            \n\t\t\t\t\t\t\t\t\t\t\t\t\t\t\n\t\t\t\t\t\t\t<tr>\n                                <td><div class=\"inner\">Dimensioni<\/div><\/td>\n                                <td><div class=\"inner\">750 x 450 x 450 mm<\/div><\/td>\n                            <\/tr>\n                            \n\t\t\t\t\t\t\t\t\t\t\t\t\t\t\n\t\t\t\t\t\t\t<tr>\n                                <td><div class=\"inner\">Peso<\/div><\/td>\n                                <td><div class=\"inner\">26 Kg. (bobina etichette esclusa)<\/div><\/td>\n                            <\/tr>\n                            \n\t\t\t\t\t\t\t                        <\/tbody>\n                    <\/table><!-- \/.table -->\n                <\/div><!-- \/.table-responsive -->\n            <\/div><!-- \/.col-md-8 -->\n\n\n\n\n\n\n        <\/div><!-- \/.row -->\n\n        <div class=\"row\">\n\n        <div class=\"col-md-12\">\n                <div class=\"cost-calc-content\">\n                    \n                    <p>Label Engineering se r\u00e9serve le droit d'apporter, sans pr\u00e9avis, des modifications de construction qui peuvent entra\u00eener des changements dans les caract\u00e9ristiques ou les performances indiqu\u00e9es.<\/br><\/p>\n                    \n\t\t\t\t\t\n\t\t\t\t\t\n                <\/div><!-- \/.cost-calc-content -->\n            <\/div><!-- \/.col-md-4 -->\n\n            <\/div><!-- \/.row -->\n\n    <\/div><!-- \/.thm-container -->\n<\/section><\/div><\/div><\/div><\/div><\/section><\/p>\n","protected":false},"excerpt":{"rendered":"","protected":false},"author":1,"featured_media":1741,"parent":1423,"menu_order":0,"comment_status":"closed","ping_status":"closed","template":"tpl-king-composer.php","meta":[],"tags":[],"yoast_head":"<!-- This site is optimized with the Yoast SEO plugin v15.3 - https:\/\/yoast.com\/wordpress\/plugins\/seo\/ -->\n<title>Apply Code 128 - Label Engineering<\/title>\n<meta name=\"robots\" content=\"index, follow, max-snippet:-1, max-image-preview:large, max-video-preview:-1\" \/>\n<link rel=\"canonical\" href=\"https:\/\/label-engineering.eu\/fr\/systemes-pour-letiquetage\/apply-code-128\/\" \/>\n<meta property=\"og:locale\" content=\"fr_FR\" \/>\n<meta property=\"og:type\" content=\"article\" \/>\n<meta property=\"og:title\" content=\"Apply Code 128 - Label Engineering\" \/>\n<meta property=\"og:description\" content=\"Solutions Label Engineering Systeme Impression &amp; Pose Pour r\u00e9pondre aux besoins d&#8217;\u00e9tiquetage logistique, Label Engineering propose Apply Code 128, adapt\u00e9 \u00e0 l&#8217;application d&#8217;\u00e9tiquettes autocollantes sur un ou deux c\u00f4t\u00e9s adjacents de palettes, selon les normes sp\u00e9cifiques de l&#8217;industrie, notamment GS1, ODETTE, VDA 4902, AIAG, MAT. Con\u00e7u pour int\u00e9grer des unit\u00e9s d&#039;impression par transfert thermique jusqu&#039;\u00e0\" \/>\n<meta property=\"og:url\" content=\"https:\/\/label-engineering.eu\/fr\/systemes-pour-letiquetage\/apply-code-128\/\" \/>\n<meta property=\"og:site_name\" content=\"Label Engineering\" \/>\n<meta property=\"article:modified_time\" content=\"2021-09-17T07:41:33+00:00\" \/>\n<meta property=\"og:image\" content=\"https:\/\/label-engineering.eu\/wp-content\/uploads\/2021\/01\/applycode128.jpg\" \/>\n\t<meta property=\"og:image:width\" content=\"474\" \/>\n\t<meta property=\"og:image:height\" content=\"695\" \/>\n<meta name=\"twitter:card\" content=\"summary_large_image\" \/>\n<meta name=\"twitter:label1\" content=\"\u00c9crit par\">\n\t<meta name=\"twitter:data1\" content=\"interjob\">\n\t<meta name=\"twitter:label2\" content=\"Dur\u00e9e de lecture est.\">\n\t<meta name=\"twitter:data2\" content=\"1 minute\">\n<script type=\"application\/ld+json\" class=\"yoast-schema-graph\">{\"@context\":\"https:\/\/schema.org\",\"@graph\":[{\"@type\":\"WebSite\",\"@id\":\"https:\/\/label-engineering.eu\/#website\",\"url\":\"https:\/\/label-engineering.eu\/\",\"name\":\"Label Engineering\",\"description\":\"Sistemi di etichettatura all&#039;avanguardia\",\"potentialAction\":[{\"@type\":\"SearchAction\",\"target\":\"https:\/\/label-engineering.eu\/?s={search_term_string}\",\"query-input\":\"required name=search_term_string\"}],\"inLanguage\":\"fr-FR\"},{\"@type\":\"ImageObject\",\"@id\":\"https:\/\/label-engineering.eu\/fr\/systemes-pour-letiquetage\/apply-code-128\/#primaryimage\",\"inLanguage\":\"fr-FR\",\"url\":\"https:\/\/label-engineering.eu\/wp-content\/uploads\/2021\/01\/applycode128.jpg\",\"width\":474,\"height\":695},{\"@type\":\"WebPage\",\"@id\":\"https:\/\/label-engineering.eu\/fr\/systemes-pour-letiquetage\/apply-code-128\/#webpage\",\"url\":\"https:\/\/label-engineering.eu\/fr\/systemes-pour-letiquetage\/apply-code-128\/\",\"name\":\"Apply Code 128 - Label Engineering\",\"isPartOf\":{\"@id\":\"https:\/\/label-engineering.eu\/#website\"},\"primaryImageOfPage\":{\"@id\":\"https:\/\/label-engineering.eu\/fr\/systemes-pour-letiquetage\/apply-code-128\/#primaryimage\"},\"datePublished\":\"2021-09-06T10:24:56+00:00\",\"dateModified\":\"2021-09-17T07:41:33+00:00\",\"inLanguage\":\"fr-FR\",\"potentialAction\":[{\"@type\":\"ReadAction\",\"target\":[\"https:\/\/label-engineering.eu\/fr\/systemes-pour-letiquetage\/apply-code-128\/\"]}]}]}<\/script>\n<!-- \/ Yoast SEO plugin. -->","_links":{"self":[{"href":"https:\/\/label-engineering.eu\/fr\/wp-json\/wp\/v2\/pages\/5168"}],"collection":[{"href":"https:\/\/label-engineering.eu\/fr\/wp-json\/wp\/v2\/pages"}],"about":[{"href":"https:\/\/label-engineering.eu\/fr\/wp-json\/wp\/v2\/types\/page"}],"author":[{"embeddable":true,"href":"https:\/\/label-engineering.eu\/fr\/wp-json\/wp\/v2\/users\/1"}],"replies":[{"embeddable":true,"href":"https:\/\/label-engineering.eu\/fr\/wp-json\/wp\/v2\/comments?post=5168"}],"version-history":[{"count":9,"href":"https:\/\/label-engineering.eu\/fr\/wp-json\/wp\/v2\/pages\/5168\/revisions"}],"predecessor-version":[{"id":5716,"href":"https:\/\/label-engineering.eu\/fr\/wp-json\/wp\/v2\/pages\/5168\/revisions\/5716"}],"up":[{"embeddable":true,"href":"https:\/\/label-engineering.eu\/fr\/wp-json\/wp\/v2\/pages\/1423"}],"wp:featuredmedia":[{"embeddable":true,"href":"https:\/\/label-engineering.eu\/fr\/wp-json\/wp\/v2\/media\/1741"}],"wp:attachment":[{"href":"https:\/\/label-engineering.eu\/fr\/wp-json\/wp\/v2\/media?parent=5168"}],"wp:term":[{"taxonomy":"post_tag","embeddable":true,"href":"https:\/\/label-engineering.eu\/fr\/wp-json\/wp\/v2\/tags?post=5168"}],"curies":[{"name":"wp","href":"https:\/\/api.w.org\/{rel}","templated":true}]}}