{"id":5189,"date":"2021-09-06T17:00:22","date_gmt":"2021-09-06T15:00:22","guid":{"rendered":"http:\/\/label-engineering.eu\/?page_id=5189"},"modified":"2021-09-22T11:01:54","modified_gmt":"2021-09-22T09:01:54","slug":"apply-code-line","status":"publish","type":"page","link":"https:\/\/label-engineering.eu\/fr\/systemes-pour-letiquetage\/apply-code-line\/","title":{"rendered":"Apply Code Line"},"content":{"rendered":"<p><section class=\"kc-elm kc-css-256454 kc_row\"><div class=\"kc-row-container  kc-container\"><div class=\"kc-wrap-columns\"><div class=\"kc-elm kc-css-647167 kc_col-sm-12 kc_column kc_col-sm-12\"><div class=\"kc-col-container\"><section class=\" what-we-do sec-pad\">\n    <div class=\"thm-container\">\n        <div class=\"sec-title text-center\">\n            <span>Solutions Label Engineering<\/span>\n            <h3>Ligne Impression &amp; Pose<\/h3>\n            <p>Le c\u0153ur de m\u00e9tier de Label Engineering sont les syst\u00e8mes Impresion &amp; Pose qui, pour r\u00e9pondre aux besoins d'automatisation, \u00e9voluent vers les syst\u00e8mes APPLY CODE LINE.\r\nLignes avec 1, 2 ou plusieurs t\u00eates d'\u00e9tiquetage, \u00e9quip\u00e9es d'unit\u00e9s d'impression transfert thermique 4 \"et 6\" pour une impression personnalis\u00e9e des \u00e9tiquettes.<\/p>\n        <\/div>\n        <div class=\"row\">\n            <div class=\"col-lg-6 col-md-12\">\n                <div class=\"single-what-we-do\">\n                    \n\t\t\t\t\t\t\t\t\t\t\n                    <div class=\"text-box hvr-bounce-to-bottom\">\n                        <a href=\"#\"><h3><\/h3><\/a>\n                        <p><\/p>\n                        <a href=\"#\" class=\"read-more fas fa-angle-right\"><\/a>\n                    <\/div>\n                <\/div>\n            <\/div>\n            <div class=\"col-lg-6 col-md-12\">\n                <div class=\"row\">\n                    \n\t\t\t\t\t\t\t\t\t\t\n\t\t\t\t\t<div class=\"col-sm-2\">\n                        <div class=\"single-what-we-do-one hvr-bounce-to-bottom\">\n                            <i class=\"printify-icon fa-star\"><\/i>\n                            <a href=\"\"><h3><\/h3><\/a>\n                            <p><\/p>\n                            <a href=\"\" class=\"read-more fas fa-angle-right\"><\/a>\n                        <\/div>\n                    <\/div>\n                    \n\t\t\t\t\t                <\/div>\n            <\/div>\n        <\/div>\n    <\/div>\n<\/section><\/div><\/div><\/div><\/div><\/section><section class=\"kc-elm kc-css-826126 kc_row\"><div class=\"kc-row-container  kc-container\"><div class=\"kc-wrap-columns\"><div class=\"kc-elm kc-css-676493 kc_col-sm-6 kc_column kc_col-sm-6\"><div class=\"kc-col-container\"><div class=\"kc-elm kc-css-373458 kc_text_block\"><\/p>\n<p>\nL&#039;adoption de dispositifs sp\u00e9cifiques permet la cr\u00e9ation de lignes personnalis\u00e9es, adapt\u00e9es \u00e0 l&#039;application d&#039;\u00e9tiquettes sur des contenants de formes et de caract\u00e9ristiques diff\u00e9rentes.<\/p>\n<p><b>La fiabilit\u00e9 des syst\u00e8mes et la pr\u00e9cision d&#039;impression <\/b>permettent aux modules <b>APPLY CODE LINE<\/b> d&#039;\u00eatre utilis\u00e9s pour les <b>applications sup\u00e9rieures, inf\u00e9rieures, inf\u00e9rieures \/ sup\u00e9rieures, d&#039;emballage, avant \/ lat\u00e9rales, avant \/ arri\u00e8re.<\/b><\/p>\n<p>Le soin apport\u00e9 \u00e0 la conception, l&#039;attention dans le choix des mat\u00e9riaux et la collaboration avec les plus grands fabricants mondiaux de dispositifs d&#039;impression font de <b>APPLY CODE LINE <\/b>le choix optimal pour tous les environnements de production, y compris les industries alimentaire, cosm\u00e9tique, pharmaceutique et logistique.<\/p>\n<p>L&#039;utilisation de composants de qualit\u00e9, dont tout d&#039;abord l&#039;acier inoxydable, permet de r\u00e9pondre aux besoins d&#039;inalt\u00e9rabilit\u00e9 dans le temps et de nettoyage communs \u00e0 tous les utilisateurs.<\/p>\n<p>\n<\/div><div class=\"kc-elm kc-css-154869 kc_text_block\"><\/p>\n<p>\n<strong>Options<\/strong><\/p>\n<ul>\n<li>Table tournante motoris\u00e9e d\u2019accumulation et d\u2019alimentation<\/li>\n<li>Contr\u00f4le application \u00e9tiquette<\/li>\n<li>\u00c9jection de produits non \u00e9tiquet\u00e9s<\/li>\n<li>Adaptateurs pour \u00e9tiquettes de scellage<\/li>\n<li>Cellule pour produits transparents (verre \/ PET)<\/li>\n<li>Synchronisation \u00e9lectronique des vitesses de tous les appareils du syst\u00e8me<\/li>\n<li>Gestion et contr\u00f4le de l&#039;\u00e9tiquetage NO-STOP<\/li>\n<\/ul>\n<p>\n<\/div><div class=\"kc-elm kc-css-76004 kc_text_block\"><\/p>\n<p>\n<strong>Moteur d\u2019impression \u00e0 transfert thermique<\/strong><br \/>\n<a href=\"https:\/\/label-engineering.eu\/wp-content\/uploads\/2021\/09\/bloc-ZE500-Zebra-1.pdf\" target=\"_blank\" rel=\"noopener noreferrer\">Zebra<\/a>, <a href=\"http:\/\/label-engineering.eu\/wp-content\/uploads\/2021\/03\/SATO.zip\">Sato<\/a>, <a href=\"https:\/\/label-engineering.eu\/wp-content\/uploads\/2021\/09\/pex-1000_fr_datasheet_16062020.pdf\" target=\"_blank\" rel=\"noopener noreferrer\">TSC<\/a>, <a href=\"https:\/\/label-engineering.eu\/wp-content\/uploads\/2021\/09\/Fiche_technique_Avery_Novexx_DPM_PEM.pdf\" target=\"_blank\" rel=\"noopener noreferrer\">Novexx<\/a><\/p>\n<p>\n<\/div><\/div><\/div><div class=\"kc-elm kc-css-648980 kc_col-sm-6 kc_column kc_col-sm-6\"><div class=\"kc-col-container\"><div class=\"kc-elm kc-css-605041 kc-raw-code\"><div class=\"video-box\"><img src=\"https:\/\/label-engineering.eu\/wp-content\/uploads\/2021\/04\/FOTO-INIZIALE.jpg\" alt=\"Image\" width=\"90%\" \/>\r\n<a href=\"https:\/\/www.youtube.com\/watch?v=vQbVHiYlEX4\" class=\"video-btn html5lightbox ripple\"><i class=\"fas fa-play\"><\/i><\/a>\r\n<\/div><\/div><\/div><\/div><\/div><\/div><\/section><section class=\"kc-elm kc-css-454438 kc_row\"><div class=\"kc-row-container  kc-container\"><div class=\"kc-wrap-columns\"><div class=\"kc-elm kc-css-296220 kc_col-of-5 kc_column kc_col-of-5\"><div class=\"kc-col-container\"><\/div><\/div><div class=\"kc-elm kc-css-779235 kc_col-sm-7 kc_column kc_col-sm-7\"><div class=\"kc-col-container\"><div class=\"kc-elm kc-css-746687 kc_text_block\"><\/p>\n<p style=\"text-align: center;\">Les syst\u00e8mes <b>APPLY CODE LINE <\/b>utilisent la technologie APPLY CODE en int\u00e9grant la possibilit\u00e9 de loger des <b>moteurs d&#039;impression 4 &#8220;et 6\" <\/b>pour une gestion personnalis\u00e9e des \u00e9tiquettes.<\/p>\n<p style=\"text-align: center;\">Intuitifs et faciles \u00e0 utiliser, ils conviennent \u00e0 tous les environnements de production.<b>\u00a0<\/b><\/p>\n<p>\n<\/div><\/div><\/div><div class=\"kc-elm kc-css-259154 kc_col-of-5 kc_column kc_col-of-5\"><div class=\"kc-col-container\"><\/div><\/div><\/div><\/div><\/section><section data-kc-fullwidth=\"content\" class=\"kc-elm kc-css-940356 kc_row\"><div class=\"kc-row-container\"><div class=\"kc-wrap-columns\"><div class=\"kc-elm kc-css-173740 kc_col-sm-12 kc_column kc_col-sm-12\"><div class=\"kc-col-container\"><div class=\"kc-elm kc-css-883393\">\n\t<div class=\"kc-carousel_images kc-elm kc-css-883393\">\n\t\n\t\t<div class=\"kc-carousel-images owl-carousel-images kc-sync1 \" data-owl-i-options='{\"items\":\"3\",\"tablet\":\"2\",\"mobile\":\"1\",\"speed\":\"500\",\"navigation\":\"\",\"pagination\":\"\",\"autoheight\":\"\",\"progressbar\":\"\",\"delay\":\"8\",\"autoplay\":\"yes\",\"showthumb\":\"\",\"num_thumb\":\"5\"}'>\n\t\n\t\t\t\t\t<div class=\"item\">\n\t\n\t\t\t<a class=\"kc-image-link kc-pretty-photo\" data-lightbox=\"kc-lightbox\" rel=\"prettyPhoto[883393]\" href=\"https:\/\/label-engineering.eu\/wp-content\/uploads\/2021\/03\/CODE-2T.jpg\"><img src=\"https:\/\/label-engineering.eu\/wp-content\/uploads\/2021\/03\/CODE-2T.jpg\" alt=\"\" \/><\/a>\t\n\t\t\t<\/div>\n\t\n\t\t\t\t\t<div class=\"item\">\n\t\n\t\t\t<a class=\"kc-image-link kc-pretty-photo\" data-lightbox=\"kc-lightbox\" rel=\"prettyPhoto[883393]\" href=\"https:\/\/label-engineering.eu\/wp-content\/uploads\/2021\/04\/FOTO-FONDO-PAGINA.jpg\"><img src=\"https:\/\/label-engineering.eu\/wp-content\/uploads\/2021\/04\/FOTO-FONDO-PAGINA.jpg\" alt=\"\" \/><\/a>\t\n\t\t\t<\/div>\n\t\n\t\t\t\t\t<div class=\"item\">\n\t\n\t\t\t<a class=\"kc-image-link kc-pretty-photo\" data-lightbox=\"kc-lightbox\" rel=\"prettyPhoto[883393]\" href=\"https:\/\/label-engineering.eu\/wp-content\/uploads\/2021\/03\/APPLY-CODE-1a.jpg\"><img src=\"https:\/\/label-engineering.eu\/wp-content\/uploads\/2021\/03\/APPLY-CODE-1a.jpg\" alt=\"\" \/><\/a>\t\n\t\t\t<\/div>\n\t\n\t\t\t\t\t<div class=\"item\">\n\t\n\t\t\t<a class=\"kc-image-link kc-pretty-photo\" data-lightbox=\"kc-lightbox\" rel=\"prettyPhoto[883393]\" href=\"https:\/\/label-engineering.eu\/wp-content\/uploads\/2021\/03\/IMG_20201105_143459-scaled.jpg\"><img src=\"https:\/\/label-engineering.eu\/wp-content\/uploads\/2021\/03\/IMG_20201105_143459-scaled.jpg\" alt=\"\" \/><\/a>\t\n\t\t\t<\/div>\n\t\n\t\t\t\n\t\t<\/div>\n\t\n\t\t\t<\/div>\n<\/div>\n<\/div><\/div><\/div><\/div><\/section><section data-kc-fullwidth=\"content\" class=\"kc-elm kc-css-79857 kc_row\"><div class=\"kc-row-container\"><div class=\"kc-wrap-columns\"><div class=\"kc-elm kc-css-343657 kc_col-sm-12 kc_column kc_col-sm-12\"><div class=\"kc-col-container\"><section class=\" service-details-cost-calculator sec-pad\">\n    <div class=\"thm-container\">\n        <div class=\"row\">\n           \n            <div class=\"col-md-12\">\n                <div class=\"table-responsive pricing-table\">\n                    <table class=\"table\">\n                        <thead>\n                            <tr>\n\n                            <th>Fiche technique<\/th>\n                            <th style=\"text-align: right;\"><a href=\"http:\/\/label-engineering.eu\/wp-content\/uploads\/2021\/09\/APPLY-CODE-LINE.pdf\"><i class=\"printify-icon-big-brochure\"><\/i> SCARICA IL PDF<\/a><\/th>\n                            <\/tr>\n                        <\/thead>\n                        <tbody>\n                            \n\t\t\t\t\t\t\t\t\t\t\t\t\t\t\n\t\t\t\t\t\t\t<tr>\n                                <td><div class=\"inner\">Larghezza passaggio carta<\/div><\/td>\n                                <td><div class=\"inner\">30 mm min. \u2013 200 mm max<\/div><\/td>\n                            <\/tr>\n                            \n\t\t\t\t\t\t\t\t\t\t\t\t\t\t\n\t\t\t\t\t\t\t<tr>\n                                <td><div class=\"inner\">Lunghezza etichetta<\/div><\/td>\n                                <td><div class=\"inner\">30 mm min. \u2013 330 mm max<\/div><\/td>\n                            <\/tr>\n                            \n\t\t\t\t\t\t\t\t\t\t\t\t\t\t\n\t\t\t\t\t\t\t<tr>\n                                <td><div class=\"inner\">Portabobina<\/div><\/td>\n                                <td><div class=\"inner\">\u00d8 esterno 250 mm max<\/br>\r\n\u00d8 anima 40 mm<\/br>\r\n\u00d8 45\u201376 mm con adattatori<\/br>\r\n<\/div><\/td>\n                            <\/tr>\n                            \n\t\t\t\t\t\t\t\t\t\t\t\t\t\t\n\t\t\t\t\t\t\t<tr>\n                                <td><div class=\"inner\">Lettura interspazio etichette<\/div><\/td>\n                                <td><div class=\"inner\">con fotocellula a forcella<\/div><\/td>\n                            <\/tr>\n                            \n\t\t\t\t\t\t\t\t\t\t\t\t\t\t\n\t\t\t\t\t\t\t<tr>\n                                <td><div class=\"inner\">Regolazione pre erogazione<\/div><\/td>\n                                <td><div class=\"inner\">elettronica ad impostazione digitale<\/div><\/td>\n                            <\/tr>\n                            \n\t\t\t\t\t\t\t\t\t\t\t\t\t\t\n\t\t\t\t\t\t\t<tr>\n                                <td><div class=\"inner\">Velocit\u00e0 avanzamento etichetta<\/div><\/td>\n                                <td><div class=\"inner\">etichetta:~ 12 m\/min. (valore<\/div><\/td>\n                            <\/tr>\n                            \n\t\t\t\t\t\t\t\t\t\t\t\t\t\t\n\t\t\t\t\t\t\t<tr>\n                                <td><div class=\"inner\">Velocit\u00e0 rotazione prodotto<\/div><\/td>\n                                <td><div class=\"inner\">~ 12 m\/min. (valore fisso)<\/div><\/td>\n                            <\/tr>\n                            \n\t\t\t\t\t\t\t\t\t\t\t\t\t\t\n\t\t\t\t\t\t\t<tr>\n                                <td><div class=\"inner\">Selezione 1-2 etichette<\/div><\/td>\n                                <td><div class=\"inner\">elettronica ad impostazione digitale \r\n<\/div><\/td>\n                            <\/tr>\n                            \n\t\t\t\t\t\t\t\t\t\t\t\t\t\t\n\t\t\t\t\t\t\t<tr>\n                                <td><div class=\"inner\">Alimentazione elettrica<\/div><\/td>\n                                <td><div class=\"inner\">220-230 V, 50-60 Hz, 200 W\r\n<\/div><\/td>\n                            <\/tr>\n                            \n\t\t\t\t\t\t\t\t\t\t\t\t\t\t\n\t\t\t\t\t\t\t<tr>\n                                <td><div class=\"inner\">Dimensioni<\/div><\/td>\n                                <td><div class=\"inner\">750 x 450 x 450 mm<\/div><\/td>\n                            <\/tr>\n                            \n\t\t\t\t\t\t\t\t\t\t\t\t\t\t\n\t\t\t\t\t\t\t<tr>\n                                <td><div class=\"inner\">Peso<\/div><\/td>\n                                <td><div class=\"inner\">26 Kg. (bobina etichette esclusa)<\/div><\/td>\n                            <\/tr>\n                            \n\t\t\t\t\t\t\t                        <\/tbody>\n                    <\/table><!-- \/.table -->\n                <\/div><!-- \/.table-responsive -->\n            <\/div><!-- \/.col-md-8 -->\n\n\n\n\n\n\n        <\/div><!-- \/.row -->\n\n        <div class=\"row\">\n\n        <div class=\"col-md-12\">\n                <div class=\"cost-calc-content\">\n                    \n                    <p>Label Engineering se r\u00e9serve le droit d'apporter, sans pr\u00e9avis, des modifications de construction qui peuvent entra\u00eener des changements dans les caract\u00e9ristiques ou les performances indiqu\u00e9es.<\/br><\/p>\n                    \n\t\t\t\t\t\n\t\t\t\t\t\n                <\/div><!-- \/.cost-calc-content -->\n            <\/div><!-- \/.col-md-4 -->\n\n            <\/div><!-- \/.row -->\n\n    <\/div><!-- \/.thm-container -->\n<\/section><\/div><\/div><\/div><\/div><\/section><\/p>\n","protected":false},"excerpt":{"rendered":"","protected":false},"author":1,"featured_media":2024,"parent":1423,"menu_order":0,"comment_status":"closed","ping_status":"closed","template":"tpl-king-composer.php","meta":[],"tags":[76,92,87,93,89],"yoast_head":"<!-- This site is optimized with the Yoast SEO plugin v15.3 - https:\/\/yoast.com\/wordpress\/plugins\/seo\/ -->\n<title>Apply Code Line - Label Engineering<\/title>\n<meta name=\"robots\" content=\"index, follow, max-snippet:-1, max-image-preview:large, max-video-preview:-1\" \/>\n<link rel=\"canonical\" href=\"https:\/\/label-engineering.eu\/fr\/systemes-pour-letiquetage\/apply-code-line\/\" \/>\n<meta property=\"og:locale\" content=\"fr_FR\" \/>\n<meta property=\"og:type\" content=\"article\" \/>\n<meta property=\"og:title\" content=\"Apply Code Line - Label Engineering\" \/>\n<meta property=\"og:description\" content=\"Solutions Label Engineering Ligne Impression &amp; Pose Le c\u0153ur de m\u00e9tier de Label Engineering sont les syst\u00e8mes Impresion &amp; Pose qui, pour r\u00e9pondre aux besoins d&#8217;automatisation, \u00e9voluent vers les syst\u00e8mes APPLY CODE LINE. Lignes avec 1, 2 ou plusieurs t\u00eates d&#8217;\u00e9tiquetage, \u00e9quip\u00e9es d&#8217;unit\u00e9s d&#8217;impression transfert thermique 4 &#8220;et 6&#8221; pour une impression personnalis\u00e9e des \u00e9tiquettes.\" \/>\n<meta property=\"og:url\" content=\"https:\/\/label-engineering.eu\/fr\/systemes-pour-letiquetage\/apply-code-line\/\" \/>\n<meta property=\"og:site_name\" content=\"Label Engineering\" \/>\n<meta property=\"article:modified_time\" content=\"2021-09-22T09:01:54+00:00\" \/>\n<meta property=\"og:image\" content=\"https:\/\/label-engineering.eu\/wp-content\/uploads\/2021\/01\/apply-line-code-1t.jpg\" \/>\n\t<meta property=\"og:image:width\" content=\"929\" \/>\n\t<meta property=\"og:image:height\" content=\"1080\" \/>\n<meta name=\"twitter:card\" content=\"summary_large_image\" \/>\n<meta name=\"twitter:label1\" content=\"\u00c9crit par\">\n\t<meta name=\"twitter:data1\" content=\"interjob\">\n\t<meta name=\"twitter:label2\" content=\"Dur\u00e9e de lecture est.\">\n\t<meta name=\"twitter:data2\" content=\"2 minutes\">\n<script type=\"application\/ld+json\" class=\"yoast-schema-graph\">{\"@context\":\"https:\/\/schema.org\",\"@graph\":[{\"@type\":\"WebSite\",\"@id\":\"https:\/\/label-engineering.eu\/#website\",\"url\":\"https:\/\/label-engineering.eu\/\",\"name\":\"Label Engineering\",\"description\":\"Sistemi di etichettatura all&#039;avanguardia\",\"potentialAction\":[{\"@type\":\"SearchAction\",\"target\":\"https:\/\/label-engineering.eu\/?s={search_term_string}\",\"query-input\":\"required name=search_term_string\"}],\"inLanguage\":\"fr-FR\"},{\"@type\":\"ImageObject\",\"@id\":\"https:\/\/label-engineering.eu\/fr\/systemes-pour-letiquetage\/apply-code-line\/#primaryimage\",\"inLanguage\":\"fr-FR\",\"url\":\"https:\/\/label-engineering.eu\/wp-content\/uploads\/2021\/01\/apply-line-code-1t.jpg\",\"width\":929,\"height\":1080},{\"@type\":\"WebPage\",\"@id\":\"https:\/\/label-engineering.eu\/fr\/systemes-pour-letiquetage\/apply-code-line\/#webpage\",\"url\":\"https:\/\/label-engineering.eu\/fr\/systemes-pour-letiquetage\/apply-code-line\/\",\"name\":\"Apply Code Line - Label Engineering\",\"isPartOf\":{\"@id\":\"https:\/\/label-engineering.eu\/#website\"},\"primaryImageOfPage\":{\"@id\":\"https:\/\/label-engineering.eu\/fr\/systemes-pour-letiquetage\/apply-code-line\/#primaryimage\"},\"datePublished\":\"2021-09-06T15:00:22+00:00\",\"dateModified\":\"2021-09-22T09:01:54+00:00\",\"inLanguage\":\"fr-FR\",\"potentialAction\":[{\"@type\":\"ReadAction\",\"target\":[\"https:\/\/label-engineering.eu\/fr\/systemes-pour-letiquetage\/apply-code-line\/\"]}]}]}<\/script>\n<!-- \/ Yoast SEO plugin. -->","_links":{"self":[{"href":"https:\/\/label-engineering.eu\/fr\/wp-json\/wp\/v2\/pages\/5189"}],"collection":[{"href":"https:\/\/label-engineering.eu\/fr\/wp-json\/wp\/v2\/pages"}],"about":[{"href":"https:\/\/label-engineering.eu\/fr\/wp-json\/wp\/v2\/types\/page"}],"author":[{"embeddable":true,"href":"https:\/\/label-engineering.eu\/fr\/wp-json\/wp\/v2\/users\/1"}],"replies":[{"embeddable":true,"href":"https:\/\/label-engineering.eu\/fr\/wp-json\/wp\/v2\/comments?post=5189"}],"version-history":[{"count":7,"href":"https:\/\/label-engineering.eu\/fr\/wp-json\/wp\/v2\/pages\/5189\/revisions"}],"predecessor-version":[{"id":5781,"href":"https:\/\/label-engineering.eu\/fr\/wp-json\/wp\/v2\/pages\/5189\/revisions\/5781"}],"up":[{"embeddable":true,"href":"https:\/\/label-engineering.eu\/fr\/wp-json\/wp\/v2\/pages\/1423"}],"wp:featuredmedia":[{"embeddable":true,"href":"https:\/\/label-engineering.eu\/fr\/wp-json\/wp\/v2\/media\/2024"}],"wp:attachment":[{"href":"https:\/\/label-engineering.eu\/fr\/wp-json\/wp\/v2\/media?parent=5189"}],"wp:term":[{"taxonomy":"post_tag","embeddable":true,"href":"https:\/\/label-engineering.eu\/fr\/wp-json\/wp\/v2\/tags?post=5189"}],"curies":[{"name":"wp","href":"https:\/\/api.w.org\/{rel}","templated":true}]}}