{"id":5244,"date":"2021-09-07T12:05:17","date_gmt":"2021-09-07T10:05:17","guid":{"rendered":"http:\/\/label-engineering.eu\/?page_id=5244"},"modified":"2021-09-22T11:24:44","modified_gmt":"2021-09-22T09:24:44","slug":"apply-code-style-2","status":"publish","type":"page","link":"https:\/\/label-engineering.eu\/fr\/systemes-pour-letiquetage\/apply-code-style-2\/","title":{"rendered":"Apply Code Style"},"content":{"rendered":"<p><section class=\"kc-elm kc-css-165479 kc_row\"><div class=\"kc-row-container  kc-container\"><div class=\"kc-wrap-columns\"><div class=\"kc-elm kc-css-327623 kc_col-sm-12 kc_column kc_col-sm-12\"><div class=\"kc-col-container\"><section class=\" what-we-do sec-pad\">\n    <div class=\"thm-container\">\n        <div class=\"sec-title text-center\">\n            <span>Solutions Label Engineering<\/span>\n            <h3>Systeme Impression &amp; Pose<\/h3>\n            <p>Apply Code Style est livr\u00e9 avec toutes les fonctionnalit\u00e9s d'exploitation n\u00e9cessaires pour r\u00e9pondre aux besoins les plus courants d'impression et pose d'\u00e9tiquettes. Le syst\u00e8me est \u00e9quip\u00e9 d\u2019une \u00e9lectronique \u00e0 microprocesseur, affichage \u00e0 4 chiffres et 4 LED d'\u00e9tat du syst\u00e8me. \r\n3 cycles de fonctionnement du groupe applicateur sont m\u00e9moris\u00e9s, s\u00e9lectionnables \u00e0 partir du clavier \u00e0 membrane.<\/p>\n        <\/div>\n        <div class=\"row\">\n            <div class=\"col-lg-6 col-md-12\">\n                <div class=\"single-what-we-do\">\n                    \n\t\t\t\t\t\t\t\t\t\t\n                    <div class=\"text-box hvr-bounce-to-bottom\">\n                        <a href=\"#\"><h3><\/h3><\/a>\n                        <p><\/p>\n                        <a href=\"#\" class=\"read-more fas fa-angle-right\"><\/a>\n                    <\/div>\n                <\/div>\n            <\/div>\n            <div class=\"col-lg-6 col-md-12\">\n                <div class=\"row\">\n                    \n\t\t\t\t\t\t\t\t\t\t\n\t\t\t\t\t<div class=\"col-sm-2\">\n                        <div class=\"single-what-we-do-one hvr-bounce-to-bottom\">\n                            <i class=\"printify-icon fa-star\"><\/i>\n                            <a href=\"\"><h3><\/h3><\/a>\n                            <p><\/p>\n                            <a href=\"\" class=\"read-more fas fa-angle-right\"><\/a>\n                        <\/div>\n                    <\/div>\n                    \n\t\t\t\t\t                <\/div>\n            <\/div>\n        <\/div>\n    <\/div>\n<\/section><\/div><\/div><\/div><\/div><\/section><section class=\"kc-elm kc-css-679718 kc_row\"><div class=\"kc-row-container  kc-container\"><div class=\"kc-wrap-columns\"><div class=\"kc-elm kc-css-229874 kc_col-sm-6 kc_column kc_col-sm-6\"><div class=\"kc-col-container\"><div class=\"kc-elm kc-css-479770 kc_text_block\"><\/p>\n<p>\n<b>Le groupe d&#039;application <\/b>est \u00e9quip\u00e9 <b>d&#039;un v\u00e9rin pour approcher le produit avec une course standard de 300 mm. <\/b>Une course de 500 mm est \u00e9galement disponible sur demande.<\/p>\n<p>La plaque d&#039;application des \u00e9tiquettes est con\u00e7ue pour l&#039;utilisation <b>d&#039;\u00e9tiquettes avec dimension jusqu&#039;\u00e0 150 x 100 mm<\/b>.<\/p>\n<p>Si n\u00e9cessaire,\u00a0 elle peut \u00eatre facilement remplac\u00e9 pour l&#039;utilisation <b>d&#039;\u00e9tiquettes en format\u00a0 jusqu&#039;\u00e0 150 x 210 mm.<\/b><\/p>\n<p>Si le syst\u00e8me est install\u00e9 sur une ligne automatis\u00e9e, il peut \u00eatre \u00e9quip\u00e9 d&#039;un <b>contr\u00f4le de perte d&#039;\u00e9tiquette avec signalisation acoustique et lumineuse de l&#039;\u00e9tat d&#039;erreur du syst\u00e8me.<\/b><\/p>\n<p>Les signaux de fin de cycle et d&#039;erreur syst\u00e8me OUT sont disponibles en standard.<\/p>\n<p>\n<\/div><div class=\"kc-elm kc-css-521307 kc_text_block\"><\/p>\n<p>\n<b>Imprimante \u00e0 transfert thermique<\/b><br \/>\n<a href=\"https:\/\/label-engineering.eu\/wp-content\/uploads\/2021\/04\/TOSHIBA-B-EX4T1.pdf\">Toshiba TEC<\/a><\/p>\n<p><strong>Syst\u00e8me Print &#038; Apply, \u00e9quip\u00e9 de groupe d&#039;impression par transfert thermique 4 \u00ab\u00a0 et 6\", sp\u00e9cifique pour l&#039;application par soufflage ou contact &#8220;en temps r\u00e9el\".<\/strong><\/p>\n<p>Les param\u00e8tres de fonctionnement du groupe applicateur peuvent \u00eatre modifi\u00e9s soit par clavier par r\u00e9initialisation du compteur d&#039;application.<\/p>\n<p><b>Options<\/b><\/p>\n<ul>\n<li>Contr\u00f4le application \u00e9tiquette<\/li>\n<li>Contr\u00f4le lisibilit\u00e9 code \u00e0 barres<\/li>\n<li>Groupe porte bobine ext\u00e9rieur \u00e0 l\u2019imprimante<\/li>\n<li>Contr\u00f4le imminente fin bobine ruban et fin bobine \u00e9tiquettes<\/li>\n<li>Signaux d&#039;alarme avec avertissement acoustique lumineux<\/li>\n<\/ul>\n<p>\n<\/div><\/div><\/div><div class=\"kc-elm kc-css-775661 kc_col-sm-6 kc_column kc_col-sm-6\"><div class=\"kc-col-container\"><div class=\"kc-elm kc-css-706625 kc-raw-code\"><div class=\"video-box\"><img src=\"https:\/\/label-engineering.eu\/wp-content\/uploads\/2021\/01\/Applycode-style.jpg\" alt=\"Image\" \/>\r\n<a href=\"https:\/\/www.youtube.com\/watch?v=8Yd3sEiljdQ\" class=\"video-btn html5lightbox ripple\"><i class=\"fas fa-play\"><\/i><\/a>\r\n<\/div><\/div><\/div><\/div><\/div><\/div><\/section><section class=\"kc-elm kc-css-725193 kc_row\"><div class=\"kc-row-container  kc-container\"><div class=\"kc-wrap-columns\"><div class=\"kc-elm kc-css-794022 kc_col-of-5 kc_column kc_col-of-5\"><div class=\"kc-col-container\"><\/div><\/div><div class=\"kc-elm kc-css-588296 kc_col-sm-7 kc_column kc_col-sm-7\"><div class=\"kc-col-container\"><div class=\"kc-elm kc-css-321513 kc_text_block\"><\/p>\n<table id=\"table-mod\" width=\"100%\">\n<tbody>\n<tr>\n<td width=\"164\">Mod\u00e8les disponibles<\/td>\n<td width=\"164\">Plaque d\u2019application<\/td>\n<\/tr>\n<tr>\n<td><b>APS 413<\/b><b>\u00a0<\/b><span style=\"font-family: inherit; font-size: inherit;\">(imprimante 4\" exclues)<b> (<\/b><b>\u2022)<\/b><\/span><\/td>\n<td>100 x 100 mm<\/td>\n<\/tr>\n<tr>\n<td><b>APS 613 <\/b><span style=\"font-family: inherit; font-size: inherit;\">(imprimante 6\" exclues)<b> (<\/b><b>\u2022) <\/b><\/span><\/td>\n<td>150 x 100 mm<\/td>\n<\/tr>\n<\/tbody>\n<\/table>\n<p><em style=\"color: white;\">(\u2022) Imprimantes exclues<\/em><\/p>\n<p>\n<\/div><\/div><\/div><div class=\"kc-elm kc-css-563123 kc_col-of-5 kc_column kc_col-of-5\"><div class=\"kc-col-container\"><\/div><\/div><\/div><\/div><\/section><section data-kc-fullwidth=\"content\" class=\"kc-elm kc-css-400594 kc_row\"><div class=\"kc-row-container\"><div class=\"kc-wrap-columns\"><div class=\"kc-elm kc-css-464096 kc_col-sm-12 kc_column kc_col-sm-12\"><div class=\"kc-col-container\"><div class=\"kc-elm kc-css-944460\">\n\t<div class=\"kc-carousel_images kc-elm kc-css-944460\">\n\t\n\t\t<div class=\"kc-carousel-images owl-carousel-images kc-sync1 \" data-owl-i-options='{\"items\":\"3\",\"tablet\":\"2\",\"mobile\":\"1\",\"speed\":\"500\",\"navigation\":\"\",\"pagination\":\"\",\"autoheight\":\"\",\"progressbar\":\"\",\"delay\":\"8\",\"autoplay\":\"yes\",\"showthumb\":\"\",\"num_thumb\":\"5\"}'>\n\t\n\t\t\t\t\t<div class=\"item\">\n\t\n\t\t\t<a class=\"kc-image-link kc-pretty-photo\" data-lightbox=\"kc-lightbox\" rel=\"prettyPhoto[944460]\" href=\"https:\/\/label-engineering.eu\/wp-content\/uploads\/2021\/04\/Immagine-7.jpg\"><img src=\"https:\/\/label-engineering.eu\/wp-content\/uploads\/2021\/04\/Immagine-7.jpg\" alt=\"\" \/><\/a>\t\n\t\t\t<\/div>\n\t\n\t\t\t\t\t<div class=\"item\">\n\t\n\t\t\t<a class=\"kc-image-link kc-pretty-photo\" data-lightbox=\"kc-lightbox\" rel=\"prettyPhoto[944460]\" href=\"https:\/\/label-engineering.eu\/wp-content\/uploads\/2021\/04\/Immagine7.jpg\"><img src=\"https:\/\/label-engineering.eu\/wp-content\/uploads\/2021\/04\/Immagine7.jpg\" alt=\"\" \/><\/a>\t\n\t\t\t<\/div>\n\t\n\t\t\t\t\t<div class=\"item\">\n\t\n\t\t\t<a class=\"kc-image-link kc-pretty-photo\" data-lightbox=\"kc-lightbox\" rel=\"prettyPhoto[944460]\" href=\"https:\/\/label-engineering.eu\/wp-content\/uploads\/2021\/04\/Immagine7A.jpg\"><img src=\"https:\/\/label-engineering.eu\/wp-content\/uploads\/2021\/04\/Immagine7A.jpg\" alt=\"\" \/><\/a>\t\n\t\t\t<\/div>\n\t\n\t\t\t\t\t<div class=\"item\">\n\t\n\t\t\t<a class=\"kc-image-link kc-pretty-photo\" data-lightbox=\"kc-lightbox\" rel=\"prettyPhoto[944460]\" href=\"https:\/\/label-engineering.eu\/wp-content\/uploads\/2021\/03\/DSCN5456.jpg\"><img src=\"https:\/\/label-engineering.eu\/wp-content\/uploads\/2021\/03\/DSCN5456.jpg\" alt=\"\" \/><\/a>\t\n\t\t\t<\/div>\n\t\n\t\t\t\t\t<div class=\"item\">\n\t\n\t\t\t<a class=\"kc-image-link kc-pretty-photo\" data-lightbox=\"kc-lightbox\" rel=\"prettyPhoto[944460]\" href=\"https:\/\/label-engineering.eu\/wp-content\/uploads\/2021\/03\/Apply-Code-Style-TEC.jpg\"><img src=\"https:\/\/label-engineering.eu\/wp-content\/uploads\/2021\/03\/Apply-Code-Style-TEC.jpg\" alt=\"\" \/><\/a>\t\n\t\t\t<\/div>\n\t\n\t\t\t\n\t\t<\/div>\n\t\n\t\t\t<\/div>\n<\/div>\n<\/div><\/div><\/div><\/div><\/section><section data-kc-fullwidth=\"content\" class=\"kc-elm kc-css-272417 kc_row\"><div class=\"kc-row-container\"><div class=\"kc-wrap-columns\"><div class=\"kc-elm kc-css-872303 kc_col-sm-12 kc_column kc_col-sm-12\"><div class=\"kc-col-container\"><section class=\" service-details-cost-calculator sec-pad\">\n    <div class=\"thm-container\">\n        <div class=\"row\">\n           \n            <div class=\"col-md-12\">\n                <div class=\"table-responsive pricing-table\">\n                    <table class=\"table\">\n                        <thead>\n                            <tr>\n\n                            <th>Fiche technique<\/th>\n                            <th style=\"text-align: right;\"><a href=\"http:\/\/label-engineering.eu\/wp-content\/uploads\/2021\/09\/APPLY-CODE-STYLE.pdf\"><i class=\"printify-icon-big-brochure\"><\/i> SCARICA IL PDF<\/a><\/th>\n                            <\/tr>\n                        <\/thead>\n                        <tbody>\n                            \n\t\t\t\t\t\t\t\t\t\t\t\t\t\t\n\t\t\t\t\t\t\t<tr>\n                                <td><div class=\"inner\">Larghezza passaggio carta<\/div><\/td>\n                                <td><div class=\"inner\">30 mm min. \u2013 200 mm max<\/div><\/td>\n                            <\/tr>\n                            \n\t\t\t\t\t\t\t\t\t\t\t\t\t\t\n\t\t\t\t\t\t\t<tr>\n                                <td><div class=\"inner\">Lunghezza etichetta<\/div><\/td>\n                                <td><div class=\"inner\">30 mm min. \u2013 330 mm max<\/div><\/td>\n                            <\/tr>\n                            \n\t\t\t\t\t\t\t\t\t\t\t\t\t\t\n\t\t\t\t\t\t\t<tr>\n                                <td><div class=\"inner\">Portabobina<\/div><\/td>\n                                <td><div class=\"inner\">\u00d8 esterno 250 mm max<\/br>\r\n\u00d8 anima 40 mm<\/br>\r\n\u00d8 45\u201376 mm con adattatori<\/br>\r\n<\/div><\/td>\n                            <\/tr>\n                            \n\t\t\t\t\t\t\t\t\t\t\t\t\t\t\n\t\t\t\t\t\t\t<tr>\n                                <td><div class=\"inner\">Lettura interspazio etichette<\/div><\/td>\n                                <td><div class=\"inner\">con fotocellula a forcella<\/div><\/td>\n                            <\/tr>\n                            \n\t\t\t\t\t\t\t\t\t\t\t\t\t\t\n\t\t\t\t\t\t\t<tr>\n                                <td><div class=\"inner\">Regolazione pre erogazione<\/div><\/td>\n                                <td><div class=\"inner\">elettronica ad impostazione digitale<\/div><\/td>\n                            <\/tr>\n                            \n\t\t\t\t\t\t\t\t\t\t\t\t\t\t\n\t\t\t\t\t\t\t<tr>\n                                <td><div class=\"inner\">Velocit\u00e0 avanzamento etichetta<\/div><\/td>\n                                <td><div class=\"inner\">etichetta:~ 12 m\/min. (valore<\/div><\/td>\n                            <\/tr>\n                            \n\t\t\t\t\t\t\t\t\t\t\t\t\t\t\n\t\t\t\t\t\t\t<tr>\n                                <td><div class=\"inner\">Velocit\u00e0 rotazione prodotto<\/div><\/td>\n                                <td><div class=\"inner\">~ 12 m\/min. (valore fisso)<\/div><\/td>\n                            <\/tr>\n                            \n\t\t\t\t\t\t\t\t\t\t\t\t\t\t\n\t\t\t\t\t\t\t<tr>\n                                <td><div class=\"inner\">Selezione 1-2 etichette<\/div><\/td>\n                                <td><div class=\"inner\">elettronica ad impostazione digitale \r\n<\/div><\/td>\n                            <\/tr>\n                            \n\t\t\t\t\t\t\t\t\t\t\t\t\t\t\n\t\t\t\t\t\t\t<tr>\n                                <td><div class=\"inner\">Alimentazione elettrica<\/div><\/td>\n                                <td><div class=\"inner\">220-230 V, 50-60 Hz, 200 W\r\n<\/div><\/td>\n                            <\/tr>\n                            \n\t\t\t\t\t\t\t\t\t\t\t\t\t\t\n\t\t\t\t\t\t\t<tr>\n                                <td><div class=\"inner\">Dimensioni<\/div><\/td>\n                                <td><div class=\"inner\">750 x 450 x 450 mm<\/div><\/td>\n                            <\/tr>\n                            \n\t\t\t\t\t\t\t\t\t\t\t\t\t\t\n\t\t\t\t\t\t\t<tr>\n                                <td><div class=\"inner\">Peso<\/div><\/td>\n                                <td><div class=\"inner\">26 Kg. (bobina etichette esclusa)<\/div><\/td>\n                            <\/tr>\n                            \n\t\t\t\t\t\t\t                        <\/tbody>\n                    <\/table><!-- \/.table -->\n                <\/div><!-- \/.table-responsive -->\n            <\/div><!-- \/.col-md-8 -->\n\n\n\n\n\n\n        <\/div><!-- \/.row -->\n\n        <div class=\"row\">\n\n        <div class=\"col-md-12\">\n                <div class=\"cost-calc-content\">\n                    \n                    <p>Label Engineering se r\u00e9serve le droit d'apporter, sans pr\u00e9avis, des modifications de construction qui peuvent entra\u00eener des changements dans les caract\u00e9ristiques ou les performances indiqu\u00e9es.\r\n<\/br><\/p>\n                    \n\t\t\t\t\t\n\t\t\t\t\t\n                <\/div><!-- \/.cost-calc-content -->\n            <\/div><!-- \/.col-md-4 -->\n\n            <\/div><!-- \/.row -->\n\n    <\/div><!-- \/.thm-container -->\n<\/section><\/div><\/div><\/div><\/div><\/section><\/p>\n","protected":false},"excerpt":{"rendered":"","protected":false},"author":1,"featured_media":1879,"parent":1423,"menu_order":0,"comment_status":"closed","ping_status":"closed","template":"tpl-king-composer.php","meta":[],"tags":[93],"yoast_head":"<!-- This site is optimized with the Yoast SEO plugin v15.3 - https:\/\/yoast.com\/wordpress\/plugins\/seo\/ -->\n<title>Apply Code Style - Label Engineering<\/title>\n<meta name=\"robots\" content=\"index, follow, max-snippet:-1, max-image-preview:large, max-video-preview:-1\" \/>\n<link rel=\"canonical\" href=\"https:\/\/label-engineering.eu\/fr\/systemes-pour-letiquetage\/apply-code-style-2\/\" \/>\n<meta property=\"og:locale\" content=\"fr_FR\" \/>\n<meta property=\"og:type\" content=\"article\" \/>\n<meta property=\"og:title\" content=\"Apply Code Style - Label Engineering\" \/>\n<meta property=\"og:description\" content=\"Solutions Label Engineering Systeme Impression &amp; Pose Apply Code Style est livr\u00e9 avec toutes les fonctionnalit\u00e9s d&#8217;exploitation n\u00e9cessaires pour r\u00e9pondre aux besoins les plus courants d&#8217;impression et pose d&#8217;\u00e9tiquettes. Le syst\u00e8me est \u00e9quip\u00e9 d\u2019une \u00e9lectronique \u00e0 microprocesseur, affichage \u00e0 4 chiffres et 4 LED d&#8217;\u00e9tat du syst\u00e8me. 3 cycles de fonctionnement du groupe applicateur sont\" \/>\n<meta property=\"og:url\" content=\"https:\/\/label-engineering.eu\/fr\/systemes-pour-letiquetage\/apply-code-style-2\/\" \/>\n<meta property=\"og:site_name\" content=\"Label Engineering\" \/>\n<meta property=\"article:modified_time\" content=\"2021-09-22T09:24:44+00:00\" \/>\n<meta property=\"og:image\" content=\"https:\/\/label-engineering.eu\/wp-content\/uploads\/2021\/01\/Applycode-style.jpg\" \/>\n\t<meta property=\"og:image:width\" content=\"679\" \/>\n\t<meta property=\"og:image:height\" content=\"765\" \/>\n<meta name=\"twitter:card\" content=\"summary_large_image\" \/>\n<meta name=\"twitter:label1\" content=\"\u00c9crit par\">\n\t<meta name=\"twitter:data1\" content=\"interjob\">\n\t<meta name=\"twitter:label2\" content=\"Dur\u00e9e de lecture est.\">\n\t<meta name=\"twitter:data2\" content=\"2 minutes\">\n<script type=\"application\/ld+json\" class=\"yoast-schema-graph\">{\"@context\":\"https:\/\/schema.org\",\"@graph\":[{\"@type\":\"WebSite\",\"@id\":\"https:\/\/label-engineering.eu\/#website\",\"url\":\"https:\/\/label-engineering.eu\/\",\"name\":\"Label Engineering\",\"description\":\"Sistemi di etichettatura all&#039;avanguardia\",\"potentialAction\":[{\"@type\":\"SearchAction\",\"target\":\"https:\/\/label-engineering.eu\/?s={search_term_string}\",\"query-input\":\"required name=search_term_string\"}],\"inLanguage\":\"fr-FR\"},{\"@type\":\"ImageObject\",\"@id\":\"https:\/\/label-engineering.eu\/fr\/systemes-pour-letiquetage\/apply-code-style-2\/#primaryimage\",\"inLanguage\":\"fr-FR\",\"url\":\"https:\/\/label-engineering.eu\/wp-content\/uploads\/2021\/01\/Applycode-style.jpg\",\"width\":679,\"height\":765},{\"@type\":\"WebPage\",\"@id\":\"https:\/\/label-engineering.eu\/fr\/systemes-pour-letiquetage\/apply-code-style-2\/#webpage\",\"url\":\"https:\/\/label-engineering.eu\/fr\/systemes-pour-letiquetage\/apply-code-style-2\/\",\"name\":\"Apply Code Style - Label Engineering\",\"isPartOf\":{\"@id\":\"https:\/\/label-engineering.eu\/#website\"},\"primaryImageOfPage\":{\"@id\":\"https:\/\/label-engineering.eu\/fr\/systemes-pour-letiquetage\/apply-code-style-2\/#primaryimage\"},\"datePublished\":\"2021-09-07T10:05:17+00:00\",\"dateModified\":\"2021-09-22T09:24:44+00:00\",\"inLanguage\":\"fr-FR\",\"potentialAction\":[{\"@type\":\"ReadAction\",\"target\":[\"https:\/\/label-engineering.eu\/fr\/systemes-pour-letiquetage\/apply-code-style-2\/\"]}]}]}<\/script>\n<!-- \/ Yoast SEO plugin. -->","_links":{"self":[{"href":"https:\/\/label-engineering.eu\/fr\/wp-json\/wp\/v2\/pages\/5244"}],"collection":[{"href":"https:\/\/label-engineering.eu\/fr\/wp-json\/wp\/v2\/pages"}],"about":[{"href":"https:\/\/label-engineering.eu\/fr\/wp-json\/wp\/v2\/types\/page"}],"author":[{"embeddable":true,"href":"https:\/\/label-engineering.eu\/fr\/wp-json\/wp\/v2\/users\/1"}],"replies":[{"embeddable":true,"href":"https:\/\/label-engineering.eu\/fr\/wp-json\/wp\/v2\/comments?post=5244"}],"version-history":[{"count":4,"href":"https:\/\/label-engineering.eu\/fr\/wp-json\/wp\/v2\/pages\/5244\/revisions"}],"predecessor-version":[{"id":5788,"href":"https:\/\/label-engineering.eu\/fr\/wp-json\/wp\/v2\/pages\/5244\/revisions\/5788"}],"up":[{"embeddable":true,"href":"https:\/\/label-engineering.eu\/fr\/wp-json\/wp\/v2\/pages\/1423"}],"wp:featuredmedia":[{"embeddable":true,"href":"https:\/\/label-engineering.eu\/fr\/wp-json\/wp\/v2\/media\/1879"}],"wp:attachment":[{"href":"https:\/\/label-engineering.eu\/fr\/wp-json\/wp\/v2\/media?parent=5244"}],"wp:term":[{"taxonomy":"post_tag","embeddable":true,"href":"https:\/\/label-engineering.eu\/fr\/wp-json\/wp\/v2\/tags?post=5244"}],"curies":[{"name":"wp","href":"https:\/\/api.w.org\/{rel}","templated":true}]}}