{"id":5260,"date":"2021-09-07T12:38:23","date_gmt":"2021-09-07T10:38:23","guid":{"rendered":"http:\/\/label-engineering.eu\/?page_id=5260"},"modified":"2021-09-22T10:56:10","modified_gmt":"2021-09-22T08:56:10","slug":"apply-label-code-ts","status":"publish","type":"page","link":"https:\/\/label-engineering.eu\/fr\/systemes-pour-letiquetage\/apply-label-code-ts\/","title":{"rendered":"Apply Label Code TS"},"content":{"rendered":"<p><section class=\"kc-elm kc-css-151971 kc_row\"><div class=\"kc-row-container  kc-container\"><div class=\"kc-wrap-columns\"><div class=\"kc-elm kc-css-790871 kc_col-sm-12 kc_column kc_col-sm-12\"><div class=\"kc-col-container\"><section class=\" what-we-do sec-pad\">\n    <div class=\"thm-container\">\n        <div class=\"sec-title text-center\">\n            <span>Solutions Label Engineering<\/span>\n            <h3>T\u00eates Impression et Application<\/h3>\n            <p>De la combinaison entre l'\u00e9tiqueteuse automatique et le syst\u00e8me d\u2019impression, on a cr\u00e9e APPLY LABEL CODE, qui combine les caract\u00e9ristiques d\u2019une t\u00eate d'\u00e9tiquetage \u00e0 la polyvalence d'une unit\u00e9 d'impression \u00e0 transfert thermique.<\/p>\n        <\/div>\n        <div class=\"row\">\n            <div class=\"col-lg-6 col-md-12\">\n                <div class=\"single-what-we-do\">\n                    \n\t\t\t\t\t\t\t\t\t\t\n                    <div class=\"text-box hvr-bounce-to-bottom\">\n                        <a href=\"#\"><h3><\/h3><\/a>\n                        <p><\/p>\n                        <a href=\"#\" class=\"read-more fas fa-angle-right\"><\/a>\n                    <\/div>\n                <\/div>\n            <\/div>\n            <div class=\"col-lg-6 col-md-12\">\n                <div class=\"row\">\n                    \n\t\t\t\t\t\t\t\t\t\t\n\t\t\t\t\t<div class=\"col-sm-2\">\n                        <div class=\"single-what-we-do-one hvr-bounce-to-bottom\">\n                            <i class=\"printify-icon fa-star\"><\/i>\n                            <a href=\"\"><h3><\/h3><\/a>\n                            <p><\/p>\n                            <a href=\"\" class=\"read-more fas fa-angle-right\"><\/a>\n                        <\/div>\n                    <\/div>\n                    \n\t\t\t\t\t                <\/div>\n            <\/div>\n        <\/div>\n    <\/div>\n<\/section><\/div><\/div><\/div><\/div><\/section><section class=\"kc-elm kc-css-706975 kc_row\"><div class=\"kc-row-container  kc-container\"><div class=\"kc-wrap-columns\"><div class=\"kc-elm kc-css-263006 kc_col-sm-6 kc_column kc_col-sm-6\"><div class=\"kc-col-container\"><div class=\"kc-elm kc-css-972394 kc_text_block\"><\/p>\n<p>\nIl est possible d\u2019int\u00e9grer des <b>unit\u00e9s d&#039;impression par transfert thermique jusqu&#039;\u00e0 6 &#8220;de largeur d&#039;impression <\/b>et de fournir des \u00e9tiquettes autocollantes <b>\u00e0 vitesses comprises entre 5 et 40 m\/min <\/b>selon les mod\u00e8les et les \u00e9quipements \u00e9lectroniques.<\/p>\n<p>Unit\u00e9 de d\u00e9collement d&#039;\u00e9tiquettes configurable, disponible en version <b>lame fixe ou lame articul\u00e9e, <\/b>avec la possibilit\u00e9 de montage sur bras fixe ou r\u00e9glable.<\/p>\n<p>\n<\/div><div class=\"kc-elm kc-css-666851 kc_text_block\"><\/p>\n<p>\n<b>Options<\/b><\/p>\n<ul>\n<li>Contr\u00f4le trop plein groupe r\u00e9enrouleur<\/li>\n<li>Contr\u00f4le imminent fin ruban et fin \u00e9tiquette<\/li>\n<li>Signaux d&#039;alarme avec avertissement acoustique lumineux<\/li>\n<\/ul>\n<p>\n<\/div><div class=\"kc-elm kc-css-331824 kc_text_block\"><\/p>\n<p>\n<b>Moteurs d\u2019impression <\/b><br \/><a href=\"https:\/\/label-engineering.eu\/wp-content\/uploads\/2021\/09\/bloc-ZE500-Zebra-1.pdf\" target=\"_blank\" rel=\"noopener noreferrer\">Zebra<\/a>, <a href=\"https:\/\/label-engineering.eu\/wp-content\/uploads\/2021\/09\/sato-s84-ex-s86-ex-datasheet-french.pdf\">Sato<\/a>, <a href=\"https:\/\/label-engineering.eu\/wp-content\/uploads\/2021\/09\/pex-1000_fr_datasheet_16062020.pdf\" target=\"_blank\" rel=\"noopener noreferrer\">TSC<\/a>, <a href=\"https:\/\/label-engineering.eu\/wp-content\/uploads\/2021\/09\/Fiche_technique_Avery_Novexx_DPM_PEM.pdf\" target=\"_blank\" rel=\"noopener noreferrer\">Novexx<\/a><\/p>\n<p>\n<\/div><\/div><\/div><div class=\"kc-elm kc-css-102626 kc_col-sm-6 kc_column kc_col-sm-6\"><div class=\"kc-col-container\"><div class=\"kc-elm kc-css-738845 kc-raw-code\"><div class=\"video-box\"><img src=\"https:\/\/label-engineering.eu\/wp-content\/uploads\/2021\/01\/applylabelcode-ts.jpg\" alt=\"Image\" \/>\r\n<a href=\"https:\/\/www.youtube.com\/watch?v=0sUCvl-BxUg\" class=\"video-btn html5lightbox ripple\"><i class=\"fas fa-play\"><\/i><\/a>\r\n<\/div><\/div><\/div><\/div><\/div><\/div><\/section><section class=\"kc-elm kc-css-143794 kc_row\"><div class=\"kc-row-container  kc-container\"><div class=\"kc-wrap-columns\"><div class=\"kc-elm kc-css-111159 kc_col-of-5 kc_column kc_col-of-5\"><div class=\"kc-col-container\"><\/div><\/div><div class=\"kc-elm kc-css-897793 kc_col-sm-7 kc_column kc_col-sm-7\"><div class=\"kc-col-container\"><div class=\"kc-elm kc-css-861375 kc_text_block\"><\/p>\n<table id=\"table-mod\" width=\"100%\">\n<tbody>\n<tr>\n<td width=\"164\">Mod\u00e8les disponibles<\/td>\n<td width=\"86\">Laize \u00e9tiquette<\/td>\n<td width=\"86\">Vitesse<\/td>\n<\/tr>\n<tr>\n<td>ALCG 004 (moteur d\u2019impression 4\") (\u2022)<\/td>\n<td>115 mm max<\/td>\n<td>40 m\/min. max<\/td>\n<\/tr>\n<tr>\n<td>ALCG 006 (moteur d\u2019impression 6\") (\u2022)<\/td>\n<td>165 mm max<\/td>\n<td>25 m\/min. max<\/td>\n<\/tr>\n<\/tbody>\n<\/table>\n<p><em>(\u2022) Moteurs d\u2019impression exclus<\/em><\/p>\n<p>\n<\/div><\/div><\/div><div class=\"kc-elm kc-css-309133 kc_col-of-5 kc_column kc_col-of-5\"><div class=\"kc-col-container\"><\/div><\/div><\/div><\/div><\/section><section data-kc-fullwidth=\"content\" class=\"kc-elm kc-css-151525 kc_row\"><div class=\"kc-row-container\"><div class=\"kc-wrap-columns\"><div class=\"kc-elm kc-css-839449 kc_col-sm-12 kc_column kc_col-sm-12\"><div class=\"kc-col-container\"><div class=\"kc-elm kc-css-339935\">\n\t<div class=\"kc-carousel_images kc-elm kc-css-339935\">\n\t\n\t\t<div class=\"kc-carousel-images owl-carousel-images kc-sync1 \" data-owl-i-options='{\"items\":\"3\",\"tablet\":\"2\",\"mobile\":\"1\",\"speed\":\"500\",\"navigation\":\"\",\"pagination\":\"\",\"autoheight\":\"\",\"progressbar\":\"\",\"delay\":\"8\",\"autoplay\":\"yes\",\"showthumb\":\"\",\"num_thumb\":\"5\"}'>\n\t\n\t\t\t\t\t<div class=\"item\">\n\t\n\t\t\t<a class=\"kc-image-link kc-pretty-photo\" data-lightbox=\"kc-lightbox\" rel=\"prettyPhoto[339935]\" href=\"https:\/\/label-engineering.eu\/wp-content\/uploads\/2021\/04\/ImmagineB.jpg\"><img src=\"https:\/\/label-engineering.eu\/wp-content\/uploads\/2021\/04\/ImmagineB.jpg\" alt=\"\" \/><\/a>\t\n\t\t\t<\/div>\n\t\n\t\t\t\t\t<div class=\"item\">\n\t\n\t\t\t<a class=\"kc-image-link kc-pretty-photo\" data-lightbox=\"kc-lightbox\" rel=\"prettyPhoto[339935]\" href=\"https:\/\/label-engineering.eu\/wp-content\/uploads\/2021\/04\/Immagine.jpg\"><img src=\"https:\/\/label-engineering.eu\/wp-content\/uploads\/2021\/04\/Immagine.jpg\" alt=\"\" \/><\/a>\t\n\t\t\t<\/div>\n\t\n\t\t\t\t\t<div class=\"item\">\n\t\n\t\t\t<a class=\"kc-image-link kc-pretty-photo\" data-lightbox=\"kc-lightbox\" rel=\"prettyPhoto[339935]\" href=\"https:\/\/label-engineering.eu\/wp-content\/uploads\/2021\/04\/Immagine-6A.jpg\"><img src=\"https:\/\/label-engineering.eu\/wp-content\/uploads\/2021\/04\/Immagine-6A.jpg\" alt=\"\" \/><\/a>\t\n\t\t\t<\/div>\n\t\n\t\t\t\n\t\t<\/div>\n\t\n\t\t\t<\/div>\n<\/div>\n<\/div><\/div><\/div><\/div><\/section><section data-kc-fullwidth=\"content\" class=\"kc-elm kc-css-399966 kc_row\"><div class=\"kc-row-container\"><div class=\"kc-wrap-columns\"><div class=\"kc-elm kc-css-309180 kc_col-sm-12 kc_column kc_col-sm-12\"><div class=\"kc-col-container\"><section class=\" service-details-cost-calculator sec-pad\">\n    <div class=\"thm-container\">\n        <div class=\"row\">\n           \n            <div class=\"col-md-12\">\n                <div class=\"table-responsive pricing-table\">\n                    <table class=\"table\">\n                        <thead>\n                            <tr>\n\n                            <th>Fiche technique<\/th>\n                            <th style=\"text-align: right;\"><a href=\"http:\/\/label-engineering.eu\/wp-content\/uploads\/2021\/09\/APPLY-LABEL-CODE-TS.pdf\"><i class=\"printify-icon-big-brochure\"><\/i> SCARICA IL PDF<\/a><\/th>\n                            <\/tr>\n                        <\/thead>\n                        <tbody>\n                            \n\t\t\t\t\t\t\t\t\t\t\t\t\t\t\n\t\t\t\t\t\t\t<tr>\n                                <td><div class=\"inner\">Larghezza passaggio carta<\/div><\/td>\n                                <td><div class=\"inner\">20 mm min. (*)<\/br>\r\n115 mm max<\/br>\r\n165 mm max<\/br><\/div><\/td>\n                            <\/tr>\n                            \n\t\t\t\t\t\t\t\t\t\t\t\t\t\t\n\t\t\t\t\t\t\t<tr>\n                                <td><div class=\"inner\">Portabobina<\/div><\/td>\n                                <td><div class=\"inner\">\u00d8 esterno 280 mm max<\/br>\r\n380 mm max (opzionale)<\/br>\r\n\u00d8 anima 40 mm<\/br>\r\n\u00d8 45 76 mm con adattatori<\/br><\/div><\/td>\n                            <\/tr>\n                            \n\t\t\t\t\t\t\t\t\t\t\t\t\t\t\n\t\t\t\t\t\t\t<tr>\n                                <td><div class=\"inner\">Lettura interspazio etichette<\/div><\/td>\n                                <td><div class=\"inner\">con fotocellula a forcella<\/div><\/td>\n                            <\/tr>\n                            \n\t\t\t\t\t\t\t\t\t\t\t\t\t\t\n\t\t\t\t\t\t\t<tr>\n                                <td><div class=\"inner\">Regolazione pre erogazione<\/div><\/td>\n                                <td><div class=\"inner\">elettronica con controllo digitale (#)<\/div><\/td>\n                            <\/tr>\n                            \n\t\t\t\t\t\t\t\t\t\t\t\t\t\t\n\t\t\t\t\t\t\t<tr>\n                                <td><div class=\"inner\">Velocit\u00e0 erogazione<\/div><\/td>\n                                <td><div class=\"inner\">5 m\/ mim 40 m\/min. max con sensore a ultrasuoni (opzionale)<\/div><\/td>\n                            <\/tr>\n                            \n\t\t\t\t\t\t\t\t\t\t\t\t\t\t\n\t\t\t\t\t\t\t<tr>\n                                <td><div class=\"inner\">Precisione di arresto etichetta<\/div><\/td>\n                                <td><div class=\"inner\">0,50 mm<\/div><\/td>\n                            <\/tr>\n                            \n\t\t\t\t\t\t\t\t\t\t\t\t\t\t\n\t\t\t\t\t\t\t<tr>\n                                <td><div class=\"inner\">Ritardo start applicazione<\/div><\/td>\n                                <td><div class=\"inner\">elettronico<\/div><\/td>\n                            <\/tr>\n                            \n\t\t\t\t\t\t\t\t\t\t\t\t\t\t\n\t\t\t\t\t\t\t<tr>\n                                <td><div class=\"inner\">Contatore lotto produzione<\/div><\/td>\n                                <td><div class=\"inner\">elettronico a preselezione (#)\r\n<\/div><\/td>\n                            <\/tr>\n                            \n\t\t\t\t\t\t\t\t\t\t\t\t\t\t\n\t\t\t\t\t\t\t<tr>\n                                <td><div class=\"inner\"><B>GRUPPO STAMPA<\/B><\/div><\/td>\n                                <td><div class=\"inner\"><\/div><\/td>\n                            <\/tr>\n                            \n\t\t\t\t\t\t\t\t\t\t\t\t\t\t\n\t\t\t\t\t\t\t<tr>\n                                <td><div class=\"inner\">Metodo di stampa<\/div><\/td>\n                                <td><div class=\"inner\">trasferimento termico e\/o termico diretto<\/div><\/td>\n                            <\/tr>\n                            \n\t\t\t\t\t\t\t\t\t\t\t\t\t\t\n\t\t\t\t\t\t\t<tr>\n                                <td><div class=\"inner\">Larghezza stampa<\/div><\/td>\n                                <td><div class=\"inner\">4\" - 6\"  <\/div><\/td>\n                            <\/tr>\n                            \n\t\t\t\t\t\t\t\t\t\t\t\t\t\t\n\t\t\t\t\t\t\t<tr>\n                                <td><div class=\"inner\">Risoluzione di stampa<\/div><\/td>\n                                <td><div class=\"inner\">200 300 600 dpi (*)<\/div><\/td>\n                            <\/tr>\n                            \n\t\t\t\t\t\t\t\t\t\t\t\t\t\t\n\t\t\t\t\t\t\t<tr>\n                                <td><div class=\"inner\">Velocit\u00e0 di stampa<\/div><\/td>\n                                <td><div class=\"inner\">400 mm\/sec. max (*)<\/div><\/td>\n                            <\/tr>\n                            \n\t\t\t\t\t\t\t\t\t\t\t\t\t\t\n\t\t\t\t\t\t\t<tr>\n                                <td><div class=\"inner\">Interfaccia di comunicazione <\/div><\/td>\n                                <td><div class=\"inner\">Ethernet USB Centronic RS232C (*)<\/div><\/td>\n                            <\/tr>\n                            \n\t\t\t\t\t\t\t\t\t\t\t\t\t\t\n\t\t\t\t\t\t\t<tr>\n                                <td><div class=\"inner\">Alimentazione elettrica<\/div><\/td>\n                                <td><div class=\"inner\">220 230 V, 50 60 Hz, 1000 W\r\n<\/div><\/td>\n                            <\/tr>\n                            \n\t\t\t\t\t\t\t\t\t\t\t\t\t\t\n\t\t\t\t\t\t\t<tr>\n                                <td><div class=\"inner\">Dimensioni<\/div><\/td>\n                                <td><div class=\"inner\">600 x 600 x 250 \u00f7 400 mm<\/div><\/td>\n                            <\/tr>\n                            \n\t\t\t\t\t\t\t\t\t\t\t\t\t\t\n\t\t\t\t\t\t\t<tr>\n                                <td><div class=\"inner\">Peso<\/div><\/td>\n                                <td><div class=\"inner\">33 \u00f7 55 Kg. (bobina etichette esclusa<\/div><\/td>\n                            <\/tr>\n                            \n\t\t\t\t\t\t\t                        <\/tbody>\n                    <\/table><!-- \/.table -->\n                <\/div><!-- \/.table-responsive -->\n            <\/div><!-- \/.col-md-8 -->\n\n\n\n\n\n\n        <\/div><!-- \/.row -->\n\n        <div class=\"row\">\n\n        <div class=\"col-md-12\">\n                <div class=\"cost-calc-content\">\n                    \n                    <p>Label Engineering se r\u00e9serve le droit d'apporter, sans pr\u00e9avis, des modifications de construction qui peuvent entra\u00eener des changements dans les caract\u00e9ristiques ou les performances indiqu\u00e9es.\r\n<\/br>\r\n\r\n\r\n\r\n<\/p>\n                    \n\t\t\t\t\t\n\t\t\t\t\t\n                <\/div><!-- \/.cost-calc-content -->\n            <\/div><!-- \/.col-md-4 -->\n\n            <\/div><!-- \/.row -->\n\n    <\/div><!-- \/.thm-container -->\n<\/section><\/div><\/div><\/div><\/div><\/section><\/p>\n","protected":false},"excerpt":{"rendered":"","protected":false},"author":1,"featured_media":1823,"parent":1423,"menu_order":0,"comment_status":"closed","ping_status":"closed","template":"tpl-king-composer.php","meta":[],"tags":[92,87,93,89],"yoast_head":"<!-- This site is optimized with the Yoast SEO plugin v15.3 - https:\/\/yoast.com\/wordpress\/plugins\/seo\/ -->\n<title>Apply Label Code TS - Label Engineering<\/title>\n<meta name=\"robots\" content=\"index, follow, max-snippet:-1, max-image-preview:large, max-video-preview:-1\" \/>\n<link rel=\"canonical\" href=\"https:\/\/label-engineering.eu\/fr\/systemes-pour-letiquetage\/apply-label-code-ts\/\" \/>\n<meta property=\"og:locale\" content=\"fr_FR\" \/>\n<meta property=\"og:type\" content=\"article\" \/>\n<meta property=\"og:title\" content=\"Apply Label Code TS - Label Engineering\" \/>\n<meta property=\"og:description\" content=\"Solutions Label Engineering T\u00eates Impression et Application De la combinaison entre l&#8217;\u00e9tiqueteuse automatique et le syst\u00e8me d\u2019impression, on a cr\u00e9e APPLY LABEL CODE, qui combine les caract\u00e9ristiques d\u2019une t\u00eate d&#8217;\u00e9tiquetage \u00e0 la polyvalence d&#8217;une unit\u00e9 d&#8217;impression \u00e0 transfert thermique. Il est possible d\u2019int\u00e9grer des unit\u00e9s d&#039;impression par transfert thermique jusqu&#039;\u00e0 6 &#8220;de largeur d&#039;impression et\" \/>\n<meta property=\"og:url\" content=\"https:\/\/label-engineering.eu\/fr\/systemes-pour-letiquetage\/apply-label-code-ts\/\" \/>\n<meta property=\"og:site_name\" content=\"Label Engineering\" \/>\n<meta property=\"article:modified_time\" content=\"2021-09-22T08:56:10+00:00\" \/>\n<meta property=\"og:image\" content=\"https:\/\/label-engineering.eu\/wp-content\/uploads\/2021\/01\/applylabelcode-ts.jpg\" \/>\n\t<meta property=\"og:image:width\" content=\"831\" \/>\n\t<meta property=\"og:image:height\" content=\"582\" \/>\n<meta name=\"twitter:card\" content=\"summary_large_image\" \/>\n<meta name=\"twitter:label1\" content=\"\u00c9crit par\">\n\t<meta name=\"twitter:data1\" content=\"interjob\">\n\t<meta name=\"twitter:label2\" content=\"Dur\u00e9e de lecture est.\">\n\t<meta name=\"twitter:data2\" content=\"1 minute\">\n<script type=\"application\/ld+json\" class=\"yoast-schema-graph\">{\"@context\":\"https:\/\/schema.org\",\"@graph\":[{\"@type\":\"WebSite\",\"@id\":\"https:\/\/label-engineering.eu\/#website\",\"url\":\"https:\/\/label-engineering.eu\/\",\"name\":\"Label Engineering\",\"description\":\"Sistemi di etichettatura all&#039;avanguardia\",\"potentialAction\":[{\"@type\":\"SearchAction\",\"target\":\"https:\/\/label-engineering.eu\/?s={search_term_string}\",\"query-input\":\"required name=search_term_string\"}],\"inLanguage\":\"fr-FR\"},{\"@type\":\"ImageObject\",\"@id\":\"https:\/\/label-engineering.eu\/fr\/systemes-pour-letiquetage\/apply-label-code-ts\/#primaryimage\",\"inLanguage\":\"fr-FR\",\"url\":\"https:\/\/label-engineering.eu\/wp-content\/uploads\/2021\/01\/applylabelcode-ts.jpg\",\"width\":831,\"height\":582},{\"@type\":\"WebPage\",\"@id\":\"https:\/\/label-engineering.eu\/fr\/systemes-pour-letiquetage\/apply-label-code-ts\/#webpage\",\"url\":\"https:\/\/label-engineering.eu\/fr\/systemes-pour-letiquetage\/apply-label-code-ts\/\",\"name\":\"Apply Label Code TS - Label Engineering\",\"isPartOf\":{\"@id\":\"https:\/\/label-engineering.eu\/#website\"},\"primaryImageOfPage\":{\"@id\":\"https:\/\/label-engineering.eu\/fr\/systemes-pour-letiquetage\/apply-label-code-ts\/#primaryimage\"},\"datePublished\":\"2021-09-07T10:38:23+00:00\",\"dateModified\":\"2021-09-22T08:56:10+00:00\",\"inLanguage\":\"fr-FR\",\"potentialAction\":[{\"@type\":\"ReadAction\",\"target\":[\"https:\/\/label-engineering.eu\/fr\/systemes-pour-letiquetage\/apply-label-code-ts\/\"]}]}]}<\/script>\n<!-- \/ Yoast SEO plugin. -->","_links":{"self":[{"href":"https:\/\/label-engineering.eu\/fr\/wp-json\/wp\/v2\/pages\/5260"}],"collection":[{"href":"https:\/\/label-engineering.eu\/fr\/wp-json\/wp\/v2\/pages"}],"about":[{"href":"https:\/\/label-engineering.eu\/fr\/wp-json\/wp\/v2\/types\/page"}],"author":[{"embeddable":true,"href":"https:\/\/label-engineering.eu\/fr\/wp-json\/wp\/v2\/users\/1"}],"replies":[{"embeddable":true,"href":"https:\/\/label-engineering.eu\/fr\/wp-json\/wp\/v2\/comments?post=5260"}],"version-history":[{"count":7,"href":"https:\/\/label-engineering.eu\/fr\/wp-json\/wp\/v2\/pages\/5260\/revisions"}],"predecessor-version":[{"id":5779,"href":"https:\/\/label-engineering.eu\/fr\/wp-json\/wp\/v2\/pages\/5260\/revisions\/5779"}],"up":[{"embeddable":true,"href":"https:\/\/label-engineering.eu\/fr\/wp-json\/wp\/v2\/pages\/1423"}],"wp:featuredmedia":[{"embeddable":true,"href":"https:\/\/label-engineering.eu\/fr\/wp-json\/wp\/v2\/media\/1823"}],"wp:attachment":[{"href":"https:\/\/label-engineering.eu\/fr\/wp-json\/wp\/v2\/media?parent=5260"}],"wp:term":[{"taxonomy":"post_tag","embeddable":true,"href":"https:\/\/label-engineering.eu\/fr\/wp-json\/wp\/v2\/tags?post=5260"}],"curies":[{"name":"wp","href":"https:\/\/api.w.org\/{rel}","templated":true}]}}