{"id":5282,"date":"2021-09-08T10:33:34","date_gmt":"2021-09-08T08:33:34","guid":{"rendered":"http:\/\/label-engineering.eu\/?page_id=5282"},"modified":"2021-09-15T15:22:49","modified_gmt":"2021-09-15T13:22:49","slug":"apply-line","status":"publish","type":"page","link":"https:\/\/label-engineering.eu\/fr\/systemes-pour-letiquetage\/apply-line\/","title":{"rendered":"Apply Line"},"content":{"rendered":"<p><section class=\"kc-elm kc-css-740203 kc_row\"><div class=\"kc-row-container  kc-container\"><div class=\"kc-wrap-columns\"><div class=\"kc-elm kc-css-848215 kc_col-sm-12 kc_column kc_col-sm-12\"><div class=\"kc-col-container\"><section class=\" what-we-do sec-pad\">\n    <div class=\"thm-container\">\n        <div class=\"sec-title text-center\">\n            <span>Solutions Label Engineering<\/span>\n            <h3>Lignes d:apos:Etiquetage<\/h3>\n            <p>Du <i>\u201cc\u0153ur\u201d<\/i> de l'applicateur Apply Label et de sa fiabilit\u00e9 \u00e9prouv\u00e9e, on a d\u00e9velopp\u00e9 les modules APPLY LINE, lignes d\u2019\u00e9tiquetage avec 1, 2 ou plusieurs t\u00eates.\r\nLa modularit\u00e9 du syst\u00e8me appliqu\u00e9 aux besoins du client, offre des solutions d'\u00e9tiquetage \u00e9quilibr\u00e9es en termes de performances et de co\u00fbts.\r\n\r\n<\/p>\n        <\/div>\n        <div class=\"row\">\n            <div class=\"col-lg-6 col-md-12\">\n                <div class=\"single-what-we-do\">\n                    \n\t\t\t\t\t\t\t\t\t\t\n                    <div class=\"text-box hvr-bounce-to-bottom\">\n                        <a href=\"#\"><h3><\/h3><\/a>\n                        <p><\/p>\n                        <a href=\"#\" class=\"read-more fas fa-angle-right\"><\/a>\n                    <\/div>\n                <\/div>\n            <\/div>\n            <div class=\"col-lg-6 col-md-12\">\n                <div class=\"row\">\n                    \n\t\t\t\t\t\t\t\t\t\t\n\t\t\t\t\t<div class=\"col-sm-2\">\n                        <div class=\"single-what-we-do-one hvr-bounce-to-bottom\">\n                            <i class=\"printify-icon fa-star\"><\/i>\n                            <a href=\"\"><h3><\/h3><\/a>\n                            <p><\/p>\n                            <a href=\"\" class=\"read-more fas fa-angle-right\"><\/a>\n                        <\/div>\n                    <\/div>\n                    \n\t\t\t\t\t                <\/div>\n            <\/div>\n        <\/div>\n    <\/div>\n<\/section><\/div><\/div><\/div><\/div><\/section><section class=\"kc-elm kc-css-45018 kc_row\"><div class=\"kc-row-container  kc-container\"><div class=\"kc-wrap-columns\"><div class=\"kc-elm kc-css-972843 kc_col-sm-6 kc_column kc_col-sm-6\"><div class=\"kc-col-container\"><div class=\"kc-elm kc-css-503783 kc_text_block\"><\/p>\n<p>\nUne s\u00e9rie de dispositifs qui s&#039;int\u00e8grent les uns aux autres permettent la cr\u00e9ation de lignes sp\u00e9cifiques, adapt\u00e9es \u00e0 l&#039;application d&#039;\u00e9tiquettes sur conteneurs de formes et de caract\u00e9ristiques diff\u00e9rentes.<\/p>\n<p>Les applications des lignes <b>APPLY LINE <\/b>est assez vaste; <b>les syst\u00e8mes sont en effet adapt\u00e9s pour g\u00e9rer, entre autres, des applications sup\u00e9rieures, inf\u00e9rieures, avant \/ arri\u00e8re, lat\u00e9rales, enveloppantes.<\/b><\/p>\n<p>La conception et la construction sont particuli\u00e8rement pr\u00e9cises, comme le choix des mat\u00e9riaux, parmi lesquels l&#039;acier inoxydable se d\u00e9marque, indispensable pour r\u00e9pondre aux besoins d&#039;inalt\u00e9rabilit\u00e9 dans le temps et de nettoyage; une exigence d\u00e9sormais commune \u00e0 tous les utilisateurs.<\/p>\n<p>Les syst\u00e8mes <b>Apply Line <\/b>sont adapt\u00e9s aux secteurs de production des industries alimentaire, pharmaceutique et cosm\u00e9tique.<\/p>\n<p>\n<\/div><div class=\"kc-elm kc-css-899955 kc_text_block\"><\/p>\n<p>\n<strong>Options<\/strong><\/p>\n<ul>\n<li>Table tournante motoris\u00e9e d\u2019accumulation et d\u2019alimentation<\/li>\n<li>Contr\u00f4le application \u00e9tiquette<\/li>\n<li>\u00c9jection de produits non \u00e9tiquet\u00e9s<\/li>\n<li>Adaptateurs pour \u00e9tiquettes de scellage<\/li>\n<li>Cellule pour produits transparents (verre \/ PET)<\/li>\n<li>Synchronisation \u00e9lectronique des vitesses de tous les appareils du syst\u00e8me<\/li>\n<li>Gestion et contr\u00f4le de l&#039;\u00e9tiquetage NO-STOP<\/li>\n<\/ul>\n<p>\n<\/div><\/div><\/div><div class=\"kc-elm kc-css-81266 kc_col-sm-6 kc_column kc_col-sm-6\"><div class=\"kc-col-container\"><div class=\"kc-elm kc-css-111111 kc-raw-code\"><div class=\"video-box\"><img src=\"https:\/\/label-engineering.eu\/wp-content\/uploads\/2021\/01\/02line-t1.jpg\" alt=\"Image\" \/>\r\n<a href=\"https:\/\/www.youtube.com\/watch?v=AyzcPlbO4ac\" class=\"video-btn html5lightbox ripple\"><i class=\"fas fa-play\"><\/i><\/a>\r\n<\/div><\/div><div class=\"kc-elm kc-css-964248 kc_row kc_row_inner\"><div class=\"kc-elm kc-css-507047 kc_col-sm-4 kc_column_inner kc_col-sm-4\"><div class=\"kc_wrapper kc-col-inner-container\"><div class=\"kc-elm kc-css-452249 kc_shortcode kc_single_image\">\n\n        <img src=\"https:\/\/label-engineering.eu\/wp-content\/uploads\/2021\/03\/PARTICOLARE-2.jpg\" class=\"\" alt=\"\" \/>    <\/div>\n<\/div><\/div><div class=\"kc-elm kc-css-946919 kc_col-sm-4 kc_column_inner kc_col-sm-4\"><div class=\"kc_wrapper kc-col-inner-container\"><div class=\"kc-elm kc-css-864163 kc_shortcode kc_single_image\">\n\n        <img src=\"https:\/\/label-engineering.eu\/wp-content\/uploads\/2021\/03\/LINEA-1-e1617117748543-181x221xc.jpg\" class=\"\" alt=\"\" \/>    <\/div>\n<\/div><\/div><div class=\"kc-elm kc-css-797515 kc_col-sm-4 kc_column_inner kc_col-sm-4\"><div class=\"kc_wrapper kc-col-inner-container\"><div class=\"kc-elm kc-css-569330 kc_shortcode kc_single_image\">\n\n        <img src=\"https:\/\/label-engineering.eu\/wp-content\/uploads\/2021\/03\/PARTICOLARE-1-181x221xc.jpg\" class=\"\" alt=\"\" \/>    <\/div>\n<\/div><\/div><\/div><\/div><\/div><\/div><\/div><\/section><section class=\"kc-elm kc-css-926550 kc_row\"><div class=\"kc-row-container  kc-container\"><div class=\"kc-wrap-columns\"><div class=\"kc-elm kc-css-644546 kc_col-of-5 kc_column kc_col-of-5\"><div class=\"kc-col-container\"><\/div><\/div><div class=\"kc-elm kc-css-878978 kc_col-sm-7 kc_column kc_col-sm-7\"><div class=\"kc-col-container\"><div class=\"kc-elm kc-css-996015 kc_text_block\"><\/p>\n<p style=\"text-align: center; color: #fff;\">Les syst\u00e8mes Apply Line sont adapt\u00e9s aux secteurs de production des industries alimentaire, pharmaceutique et cosm\u00e9tique.<\/p>\n<p>\n<\/div><\/div><\/div><div class=\"kc-elm kc-css-321105 kc_col-of-5 kc_column kc_col-of-5\"><div class=\"kc-col-container\"><\/div><\/div><\/div><\/div><\/section><section data-kc-fullwidth=\"content\" class=\"kc-elm kc-css-529164 kc_row\"><div class=\"kc-row-container\"><div class=\"kc-wrap-columns\"><div class=\"kc-elm kc-css-922702 kc_col-sm-12 kc_column kc_col-sm-12\"><div class=\"kc-col-container\"><div class=\"kc-elm kc-css-830997\">\n\t<div class=\"kc-carousel_images kc-elm kc-css-830997\">\n\t\n\t\t<div class=\"kc-carousel-images owl-carousel-images kc-sync1 modCarousel\" data-owl-i-options='{\"items\":\"3\",\"tablet\":\"2\",\"mobile\":\"1\",\"speed\":\"500\",\"navigation\":\"\",\"pagination\":\"\",\"autoheight\":\"\",\"progressbar\":\"\",\"delay\":\"8\",\"autoplay\":\"yes\",\"showthumb\":\"\",\"num_thumb\":\"5\"}'>\n\t\n\t\t\t\t\t<div class=\"item\">\n\t\n\t\t\t<a class=\"kc-image-link kc-pretty-photo\" data-lightbox=\"kc-lightbox\" rel=\"prettyPhoto[830997]\" href=\"https:\/\/label-engineering.eu\/wp-content\/uploads\/2021\/04\/AVVOLGENTE-ORIZZONTALE.jpg\"><img src=\"https:\/\/label-engineering.eu\/wp-content\/uploads\/2021\/04\/AVVOLGENTE-ORIZZONTALE.jpg\" alt=\"\" \/><\/a>\t\n\t\t\t<\/div>\n\t\n\t\t\t\t\t<div class=\"item\">\n\t\n\t\t\t<a class=\"kc-image-link kc-pretty-photo\" data-lightbox=\"kc-lightbox\" rel=\"prettyPhoto[830997]\" href=\"https:\/\/label-engineering.eu\/wp-content\/uploads\/2021\/03\/IMG-20201209-WA0005.jpg\"><img src=\"https:\/\/label-engineering.eu\/wp-content\/uploads\/2021\/03\/IMG-20201209-WA0005.jpg\" alt=\"\" \/><\/a>\t\n\t\t\t<\/div>\n\t\n\t\t\t\t\t<div class=\"item\">\n\t\n\t\t\t<a class=\"kc-image-link kc-pretty-photo\" data-lightbox=\"kc-lightbox\" rel=\"prettyPhoto[830997]\" href=\"https:\/\/label-engineering.eu\/wp-content\/uploads\/2021\/04\/foto-10.jpg\"><img src=\"https:\/\/label-engineering.eu\/wp-content\/uploads\/2021\/04\/foto-10.jpg\" alt=\"\" \/><\/a>\t\n\t\t\t<\/div>\n\t\n\t\t\t\n\t\t<\/div>\n\t\n\t\t\t<\/div>\n<\/div>\n<\/div><\/div><\/div><\/div><\/section><section data-kc-fullwidth=\"content\" class=\"kc-elm kc-css-220513 kc_row\"><div class=\"kc-row-container\"><div class=\"kc-wrap-columns\"><div class=\"kc-elm kc-css-381041 kc_col-sm-12 kc_column kc_col-sm-12\"><div class=\"kc-col-container\"><section class=\" service-details-cost-calculator sec-pad\">\n    <div class=\"thm-container\">\n        <div class=\"row\">\n           \n            <div class=\"col-md-12\">\n                <div class=\"table-responsive pricing-table\">\n                    <table class=\"table\">\n                        <thead>\n                            <tr>\n\n                            <th>Fiche technique<\/th>\n                            <th style=\"text-align: right;\"><a href=\"http:\/\/label-engineering.eu\/wp-content\/uploads\/2021\/09\/APPLY-LINE.pdf\"><i class=\"printify-icon-big-brochure\"><\/i> SCARICA IL PDF<\/a><\/th>\n                            <\/tr>\n                        <\/thead>\n                        <tbody>\n                            \n\t\t\t\t\t\t\t\t\t\t\t\t\t\t\n\t\t\t\t\t\t\t<tr>\n                                <td><div class=\"inner\">Larghezza passaggio carta<\/div><\/td>\n                                <td><div class=\"inner\">10 mm min. \u2013 130 mm max.<\/div><\/td>\n                            <\/tr>\n                            \n\t\t\t\t\t\t\t\t\t\t\t\t\t\t\n\t\t\t\t\t\t\t<tr>\n                                <td><div class=\"inner\">Lunghezza etichetta<\/div><\/td>\n                                <td><div class=\"inner\">10 mm min. \u2013 350 mm max\r\n<\/div><\/td>\n                            <\/tr>\n                            \n\t\t\t\t\t\t\t\t\t\t\t\t\t\t\n\t\t\t\t\t\t\t<tr>\n                                <td><div class=\"inner\">Portabobina<\/div><\/td>\n                                <td><div class=\"inner\">\u00d8 esterno 280 mm max<\/br>\r\n\u00d8 anima 40 mm<\/br>\r\n\u00d8 45\u201376 mm con adattatori<\/br>\r\n<\/div><\/td>\n                            <\/tr>\n                            \n\t\t\t\t\t\t\t\t\t\t\t\t\t\t\n\t\t\t\t\t\t\t<tr>\n                                <td><div class=\"inner\">Lettura interspazio etichette<\/div><\/td>\n                                <td><div class=\"inner\">con fotocellula a forcella\r\n\r\n<\/div><\/td>\n                            <\/tr>\n                            \n\t\t\t\t\t\t\t\t\t\t\t\t\t\t\n\t\t\t\t\t\t\t<tr>\n                                <td><div class=\"inner\">Regolazione pre-distribuzione<\/div><\/td>\n                                <td><div class=\"inner\">elettronica ad impostazione digitale\r\n\r\n<\/div><\/td>\n                            <\/tr>\n                            \n\t\t\t\t\t\t\t\t\t\t\t\t\t\t\n\t\t\t\t\t\t\t<tr>\n                                <td><div class=\"inner\">Velocit\u00e0 erogazione<\/div><\/td>\n                                <td><div class=\"inner\">da 5 a 25 m\/min. <\/br>\r\nimpostazione digitale\r\n\r\n<\/div><\/td>\n                            <\/tr>\n                            \n\t\t\t\t\t\t\t\t\t\t\t\t\t\t\n\t\t\t\t\t\t\t<tr>\n                                <td><div class=\"inner\">Precisione di arresto etichetta<\/div><\/td>\n                                <td><div class=\"inner\">+\/- 1 mm\r\n\r\n<\/div><\/td>\n                            <\/tr>\n                            \n\t\t\t\t\t\t\t\t\t\t\t\t\t\t\n\t\t\t\t\t\t\t<tr>\n                                <td><div class=\"inner\">Ritardo start applicazione<\/div><\/td>\n                                <td><div class=\"inner\">elettronico fino a 1 sec.\r\n\r\n<\/div><\/td>\n                            <\/tr>\n                            \n\t\t\t\t\t\t\t\t\t\t\t\t\t\t\n\t\t\t\t\t\t\t<tr>\n                                <td><div class=\"inner\">Contatore etichetta<\/div><\/td>\n                                <td><div class=\"inner\">elettronico a preselezione<\/div><\/td>\n                            <\/tr>\n                            \n\t\t\t\t\t\t\t\t\t\t\t\t\t\t\n\t\t\t\t\t\t\t<tr>\n                                <td><div class=\"inner\">Alimentazione elettrica<\/div><\/td>\n                                <td><div class=\"inner\">220-230 V, 50-60 Hz, 100 W\r\n<\/div><\/td>\n                            <\/tr>\n                            \n\t\t\t\t\t\t\t\t\t\t\t\t\t\t\n\t\t\t\t\t\t\t<tr>\n                                <td><div class=\"inner\">Dimensioni<\/div><\/td>\n                                <td><div class=\"inner\">550 x 570 x 290 mm<\/div><\/td>\n                            <\/tr>\n                            \n\t\t\t\t\t\t\t\t\t\t\t\t\t\t\n\t\t\t\t\t\t\t<tr>\n                                <td><div class=\"inner\">Peso<\/div><\/td>\n                                <td><div class=\"inner\">17 Kg. (bobina etichette esclusa)\r\n\r\n<\/div><\/td>\n                            <\/tr>\n                            \n\t\t\t\t\t\t\t                        <\/tbody>\n                    <\/table><!-- \/.table -->\n                <\/div><!-- \/.table-responsive -->\n            <\/div><!-- \/.col-md-8 -->\n\n\n\n\n\n\n        <\/div><!-- \/.row -->\n\n        <div class=\"row\">\n\n        <div class=\"col-md-12\">\n                <div class=\"cost-calc-content\">\n                    \n                    <p>Label Engineering se r\u00e9serve le droit d'apporter, sans pr\u00e9avis, des modifications de construction qui peuvent entra\u00eener des changements dans les caract\u00e9ristiques ou les performances indiqu\u00e9es.<\/p>\n                    \n\t\t\t\t\t\n\t\t\t\t\t\n                <\/div><!-- \/.cost-calc-content -->\n            <\/div><!-- \/.col-md-4 -->\n\n            <\/div><!-- \/.row -->\n\n    <\/div><!-- \/.thm-container -->\n<\/section><\/div><\/div><\/div><\/div><\/section><\/p>\n","protected":false},"excerpt":{"rendered":"","protected":false},"author":1,"featured_media":1990,"parent":1423,"menu_order":0,"comment_status":"closed","ping_status":"closed","template":"tpl-king-composer.php","meta":[],"tags":[],"yoast_head":"<!-- This site is optimized with the Yoast SEO plugin v15.3 - https:\/\/yoast.com\/wordpress\/plugins\/seo\/ -->\n<title>Apply Line - Label Engineering<\/title>\n<meta name=\"robots\" content=\"index, follow, max-snippet:-1, max-image-preview:large, max-video-preview:-1\" \/>\n<link rel=\"canonical\" href=\"https:\/\/label-engineering.eu\/fr\/systemes-pour-letiquetage\/apply-line\/\" \/>\n<meta property=\"og:locale\" content=\"fr_FR\" \/>\n<meta property=\"og:type\" content=\"article\" \/>\n<meta property=\"og:title\" content=\"Apply Line - Label Engineering\" \/>\n<meta property=\"og:description\" content=\"Solutions Label Engineering Lignes d&#039;Etiquetage Du \u201cc\u0153ur\u201d de l&#8217;applicateur Apply Label et de sa fiabilit\u00e9 \u00e9prouv\u00e9e, on a d\u00e9velopp\u00e9 les modules APPLY LINE, lignes d\u2019\u00e9tiquetage avec 1, 2 ou plusieurs t\u00eates. La modularit\u00e9 du syst\u00e8me appliqu\u00e9 aux besoins du client, offre des solutions d&#8217;\u00e9tiquetage \u00e9quilibr\u00e9es en termes de performances et de co\u00fbts. Une s\u00e9rie de\" \/>\n<meta property=\"og:url\" content=\"https:\/\/label-engineering.eu\/fr\/systemes-pour-letiquetage\/apply-line\/\" \/>\n<meta property=\"og:site_name\" content=\"Label Engineering\" \/>\n<meta property=\"article:modified_time\" content=\"2021-09-15T13:22:49+00:00\" \/>\n<meta property=\"og:image\" content=\"https:\/\/label-engineering.eu\/wp-content\/uploads\/2021\/01\/line-t2.jpg\" \/>\n\t<meta property=\"og:image:width\" content=\"777\" \/>\n\t<meta property=\"og:image:height\" content=\"758\" \/>\n<meta name=\"twitter:card\" content=\"summary_large_image\" \/>\n<meta name=\"twitter:label1\" content=\"\u00c9crit par\">\n\t<meta name=\"twitter:data1\" content=\"interjob\">\n\t<meta name=\"twitter:label2\" content=\"Dur\u00e9e de lecture est.\">\n\t<meta name=\"twitter:data2\" content=\"1 minute\">\n<script type=\"application\/ld+json\" class=\"yoast-schema-graph\">{\"@context\":\"https:\/\/schema.org\",\"@graph\":[{\"@type\":\"WebSite\",\"@id\":\"https:\/\/label-engineering.eu\/#website\",\"url\":\"https:\/\/label-engineering.eu\/\",\"name\":\"Label Engineering\",\"description\":\"Sistemi di etichettatura all&#039;avanguardia\",\"potentialAction\":[{\"@type\":\"SearchAction\",\"target\":\"https:\/\/label-engineering.eu\/?s={search_term_string}\",\"query-input\":\"required name=search_term_string\"}],\"inLanguage\":\"fr-FR\"},{\"@type\":\"ImageObject\",\"@id\":\"https:\/\/label-engineering.eu\/fr\/systemes-pour-letiquetage\/apply-line\/#primaryimage\",\"inLanguage\":\"fr-FR\",\"url\":\"https:\/\/label-engineering.eu\/wp-content\/uploads\/2021\/01\/line-t2.jpg\",\"width\":777,\"height\":758},{\"@type\":\"WebPage\",\"@id\":\"https:\/\/label-engineering.eu\/fr\/systemes-pour-letiquetage\/apply-line\/#webpage\",\"url\":\"https:\/\/label-engineering.eu\/fr\/systemes-pour-letiquetage\/apply-line\/\",\"name\":\"Apply Line - Label Engineering\",\"isPartOf\":{\"@id\":\"https:\/\/label-engineering.eu\/#website\"},\"primaryImageOfPage\":{\"@id\":\"https:\/\/label-engineering.eu\/fr\/systemes-pour-letiquetage\/apply-line\/#primaryimage\"},\"datePublished\":\"2021-09-08T08:33:34+00:00\",\"dateModified\":\"2021-09-15T13:22:49+00:00\",\"inLanguage\":\"fr-FR\",\"potentialAction\":[{\"@type\":\"ReadAction\",\"target\":[\"https:\/\/label-engineering.eu\/fr\/systemes-pour-letiquetage\/apply-line\/\"]}]}]}<\/script>\n<!-- \/ Yoast SEO plugin. -->","_links":{"self":[{"href":"https:\/\/label-engineering.eu\/fr\/wp-json\/wp\/v2\/pages\/5282"}],"collection":[{"href":"https:\/\/label-engineering.eu\/fr\/wp-json\/wp\/v2\/pages"}],"about":[{"href":"https:\/\/label-engineering.eu\/fr\/wp-json\/wp\/v2\/types\/page"}],"author":[{"embeddable":true,"href":"https:\/\/label-engineering.eu\/fr\/wp-json\/wp\/v2\/users\/1"}],"replies":[{"embeddable":true,"href":"https:\/\/label-engineering.eu\/fr\/wp-json\/wp\/v2\/comments?post=5282"}],"version-history":[{"count":4,"href":"https:\/\/label-engineering.eu\/fr\/wp-json\/wp\/v2\/pages\/5282\/revisions"}],"predecessor-version":[{"id":5819,"href":"https:\/\/label-engineering.eu\/fr\/wp-json\/wp\/v2\/pages\/5282\/revisions\/5819"}],"up":[{"embeddable":true,"href":"https:\/\/label-engineering.eu\/fr\/wp-json\/wp\/v2\/pages\/1423"}],"wp:featuredmedia":[{"embeddable":true,"href":"https:\/\/label-engineering.eu\/fr\/wp-json\/wp\/v2\/media\/1990"}],"wp:attachment":[{"href":"https:\/\/label-engineering.eu\/fr\/wp-json\/wp\/v2\/media?parent=5282"}],"wp:term":[{"taxonomy":"post_tag","embeddable":true,"href":"https:\/\/label-engineering.eu\/fr\/wp-json\/wp\/v2\/tags?post=5282"}],"curies":[{"name":"wp","href":"https:\/\/api.w.org\/{rel}","templated":true}]}}