{"id":5290,"date":"2021-09-08T10:57:20","date_gmt":"2021-09-08T08:57:20","guid":{"rendered":"http:\/\/label-engineering.eu\/?page_id=5290"},"modified":"2021-09-15T15:23:57","modified_gmt":"2021-09-15T13:23:57","slug":"dispenser-a-poser-dwr","status":"publish","type":"page","link":"https:\/\/label-engineering.eu\/fr\/systemes-pour-letiquetage\/dispenser-a-poser-dwr\/","title":{"rendered":"Distributeur pour \u00e9tiquettes DWR"},"content":{"rendered":"<p><section class=\"kc-elm kc-css-384970 kc_row\"><div class=\"kc-row-container  kc-container\"><div class=\"kc-wrap-columns\"><div class=\"kc-elm kc-css-156069 kc_col-sm-12 kc_column kc_col-sm-12\"><div class=\"kc-col-container\"><section class=\" what-we-do sec-pad\">\n    <div class=\"thm-container\">\n        <div class=\"sec-title text-center\">\n            <span>Soluzioni Label Engineering<\/span>\n            <h3>Etiqueteuse Semi Automatique<\/h3>\n            <p>Con\u00e7u pour les environnements industriels, DWR est un distributeur semi-automatique d'\u00e9tiquettes auto-adh\u00e9sives sur rouleaux, enti\u00e8rement construit en acier, facile \u00e0 utiliser, polyvalent pour tout type d'\u00e9tiquettes normalement utilis\u00e9es, adapt\u00e9 pour r\u00e9pondre aux exigences des petites productions.<\/p>\n        <\/div>\n        <div class=\"row\">\n            <div class=\"col-lg-6 col-md-12\">\n                <div class=\"single-what-we-do\">\n                    \n\t\t\t\t\t\t\t\t\t\t\n                    <div class=\"text-box hvr-bounce-to-bottom\">\n                        <a href=\"#\"><h3><\/h3><\/a>\n                        <p><\/p>\n                        <a href=\"#\" class=\"read-more fas fa-angle-right\"><\/a>\n                    <\/div>\n                <\/div>\n            <\/div>\n            <div class=\"col-lg-6 col-md-12\">\n                <div class=\"row\">\n                    \n\t\t\t\t\t\t\t\t\t\t\n\t\t\t\t\t<div class=\"col-sm-2\">\n                        <div class=\"single-what-we-do-one hvr-bounce-to-bottom\">\n                            <i class=\"printify-icon fa-star\"><\/i>\n                            <a href=\"\"><h3><\/h3><\/a>\n                            <p><\/p>\n                            <a href=\"\" class=\"read-more fas fa-angle-right\"><\/a>\n                        <\/div>\n                    <\/div>\n                    \n\t\t\t\t\t                <\/div>\n            <\/div>\n        <\/div>\n    <\/div>\n<\/section><\/div><\/div><\/div><\/div><\/section><section class=\"kc-elm kc-css-744062 kc_row\"><div class=\"kc-row-container  kc-container\"><div class=\"kc-wrap-columns\"><div class=\"kc-elm kc-css-431805 kc_col-sm-6 kc_column kc_col-sm-6\"><div class=\"kc-col-container\"><div class=\"kc-elm kc-css-615779 kc_text_block\"><\/p>\n<p>\n<b>Disponible dans les versions de 100 mm et 200 mm de largeur. <\/b>La lecture des \u00e9tiquette se fait gr\u00e2ce \u00e0 deux capteurs qui, g\u00e9r\u00e9s par un microprocesseur et travaillant en auto-apprentissage, reconnaissent automatiquement la diff\u00e9rence de transparence entre l&#039;\u00e9tiquette et le papier support, la pr\u00e9sentant pour un pr\u00e9l\u00e8vement manuel par l&#039;op\u00e9rateur.<\/p>\n<p>La carte de commande permet \u00e9galement, en fin de bobine ou en cas de rupture de papier, d&#039;arr\u00eater la rotation du moteur en signalant l&#039;anomalie par un signal sonore.<\/p>\n<p><b>Les distributeurs DWR <\/b>peuvent \u00e9galement \u00eatre dou\u00e9e d\u2019un capteur \u00e9lectrom\u00e9canique pour l&#039;utilisation d&#039;\u00e9tiquettes transparentes et d&#039;un compteur de pr\u00e9s\u00e9lection.<\/p>\n<p>\n<\/div><\/div><\/div><div class=\"kc-elm kc-css-305414 kc_col-sm-6 kc_column kc_col-sm-6\"><div class=\"kc-col-container\"><div class=\"kc-elm kc-css-4025 kc-raw-code\"><!--<div class=\"video-box\"><img src=\"https:\/\/label-engineering.eu\/wp-content\/uploads\/2021\/01\/dwr.jpg\" alt=\"Image\" \/>\r\n<a href=\"https:\/\/www.youtube.com\/watch?v=FkVXKonNlqI\" class=\"video-btn html5lightbox ripple\"><i class=\"fas fa-play\"><\/i><\/a>\r\n<\/div>-->\r\n\r\n<img src=\"https:\/\/label-engineering.eu\/wp-content\/uploads\/2021\/01\/dwr.jpg\" alt=\"Image\" \/><\/div><\/div><\/div><\/div><\/div><\/section><section class=\"kc-elm kc-css-362211 kc_row\"><div class=\"kc-row-container  kc-container\"><div class=\"kc-wrap-columns\"><div class=\"kc-elm kc-css-424856 kc_col-of-5 kc_column kc_col-of-5\"><div class=\"kc-col-container\"><\/div><\/div><div class=\"kc-elm kc-css-199546 kc_col-sm-7 kc_column kc_col-sm-7\"><div class=\"kc-col-container\"><div class=\"kc-elm kc-css-721805 kc_text_block\"><\/p>\n<table id=\"table-mod\" width=\"100%\">\n<tbody>\n<tr>\n<td><b>DWR 100<\/b><\/td>\n<td>Laize \u00e9tiquette<\/td>\n<td>15\u00f7100 mm<\/td>\n<\/tr>\n<tr>\n<td><\/td>\n<td>Vitesse de distribution<\/td>\n<td>12 m\/min.<\/td>\n<\/tr>\n<\/tbody>\n<\/table>\n<p>\n<\/div><div class=\"kc-elm kc-css-386033\" style=\"height: 15px; clear: both; width:100%;\"><\/div><div class=\"kc-elm kc-css-145256 kc_text_block\"><\/p>\n<table id=\"table-mod\" width=\"100%\">\n<tbody>\n<tr>\n<td><b>DWR 200<\/b><\/td>\n<td>Laize \u00e9tiquette<\/td>\n<td>15\u00f7200 mm<\/td>\n<\/tr>\n<tr>\n<td><\/td>\n<td>Vitesse de distribution<\/td>\n<td>12 m\/min.<\/td>\n<\/tr>\n<\/tbody>\n<\/table>\n<p>\n<\/div><\/div><\/div><div class=\"kc-elm kc-css-936990 kc_col-of-5 kc_column kc_col-of-5\"><div class=\"kc-col-container\"><\/div><\/div><\/div><\/div><\/section><section data-kc-fullwidth=\"content\" class=\"kc-elm kc-css-277190 kc_row\"><div class=\"kc-row-container\"><div class=\"kc-wrap-columns\"><div class=\"kc-elm kc-css-130250 kc_col-sm-12 kc_column kc_col-sm-12\"><div class=\"kc-col-container\"><section class=\" service-details-cost-calculator sec-pad\">\n    <div class=\"thm-container\">\n        <div class=\"row\">\n           \n            <div class=\"col-md-12\">\n                <div class=\"table-responsive pricing-table\">\n                    <table class=\"table\">\n                        <thead>\n                            <tr>\n\n                            <th>Fiche technique<\/th>\n                            <th style=\"text-align: right;\"><a href=\"http:\/\/label-engineering.eu\/wp-content\/uploads\/2021\/09\/DWR.pdf\"><i class=\"printify-icon-big-brochure\"><\/i> SCARICA IL PDF<\/a><\/th>\n                            <\/tr>\n                        <\/thead>\n                        <tbody>\n                            \n\t\t\t\t\t\t\t\t\t\t\t\t\t\t\n\t\t\t\t\t\t\t<tr>\n                                <td><div class=\"inner\"><b>Modelli disponibili<\/b><\/div><\/td>\n                                <td><div class=\"inner\"><\/div><\/td>\n                            <\/tr>\n                            \n\t\t\t\t\t\t\t\t\t\t\t\t\t\t\n\t\t\t\t\t\t\t<tr>\n                                <td><div class=\"inner\"><b>DRW 100<\/b><\/div><\/td>\n                                <td><div class=\"inner\"><\/div><\/td>\n                            <\/tr>\n                            \n\t\t\t\t\t\t\t\t\t\t\t\t\t\t\n\t\t\t\t\t\t\t<tr>\n                                <td><div class=\"inner\">Larghezza max etichetta<\/div><\/td>\n                                <td><div class=\"inner\">15\u00f7100 mm\t<\/div><\/td>\n                            <\/tr>\n                            \n\t\t\t\t\t\t\t\t\t\t\t\t\t\t\n\t\t\t\t\t\t\t<tr>\n                                <td><div class=\"inner\">Lunghezza max etichetta<\/div><\/td>\n                                <td><div class=\"inner\">15-600 mm\r\n<\/div><\/td>\n                            <\/tr>\n                            \n\t\t\t\t\t\t\t\t\t\t\t\t\t\t\n\t\t\t\t\t\t\t<tr>\n                                <td><div class=\"inner\">Portabobina<\/div><\/td>\n                                <td><div class=\"inner\">\u00d8 esterno 280 mm max<\/br>\r\n\u00d8 anima 40 mm<\/br>\r\n\u00d8 45\u201376 mm con adattatori<\/br>\r\n<\/div><\/td>\n                            <\/tr>\n                            \n\t\t\t\t\t\t\t\t\t\t\t\t\t\t\n\t\t\t\t\t\t\t<tr>\n                                <td><div class=\"inner\">Velocit\u00e0 di erogazione<\/div><\/td>\n                                <td><div class=\"inner\">12 m\/min.<\/div><\/td>\n                            <\/tr>\n                            \n\t\t\t\t\t\t\t\t\t\t\t\t\t\t\n\t\t\t\t\t\t\t<tr>\n                                <td><div class=\"inner\">Alimentazione Elettrica<\/div><\/td>\n                                <td><div class=\"inner\">230 V, 50\/60 Hz, 30 W\t\r\n<\/div><\/td>\n                            <\/tr>\n                            \n\t\t\t\t\t\t\t\t\t\t\t\t\t\t\n\t\t\t\t\t\t\t<tr>\n                                <td><div class=\"inner\">Dimensioni<\/div><\/td>\n                                <td><div class=\"inner\">330 x 410 x h. 370 mm\t\r\n<\/div><\/td>\n                            <\/tr>\n                            \n\t\t\t\t\t\t\t\t\t\t\t\t\t\t\n\t\t\t\t\t\t\t<tr>\n                                <td><div class=\"inner\">Peso<\/div><\/td>\n                                <td><div class=\"inner\">9,7 Kg.\r\n<\/div><\/td>\n                            <\/tr>\n                            \n\t\t\t\t\t\t\t\t\t\t\t\t\t\t\n\t\t\t\t\t\t\t<tr>\n                                <td><div class=\"inner\"><b>DRW 120<\/b><\/div><\/td>\n                                <td><div class=\"inner\"><\/div><\/td>\n                            <\/tr>\n                            \n\t\t\t\t\t\t\t\t\t\t\t\t\t\t\n\t\t\t\t\t\t\t<tr>\n                                <td><div class=\"inner\">Larghezza max etichetta<\/div><\/td>\n                                <td><div class=\"inner\">15\u00f7200 mm\t\r\n<\/div><\/td>\n                            <\/tr>\n                            \n\t\t\t\t\t\t\t\t\t\t\t\t\t\t\n\t\t\t\t\t\t\t<tr>\n                                <td><div class=\"inner\">Lunghezza max etichetta<\/div><\/td>\n                                <td><div class=\"inner\">15-600 mm\r\n<\/div><\/td>\n                            <\/tr>\n                            \n\t\t\t\t\t\t\t\t\t\t\t\t\t\t\n\t\t\t\t\t\t\t<tr>\n                                <td><div class=\"inner\">Portabobina<\/div><\/td>\n                                <td><div class=\"inner\">\u00d8 esterno 280 mm max<\/br>\r\n\u00d8 anima 40 mm<\/br>\r\n\u00d8 45\u201376 mm con adattatori<\/br>\r\n<\/div><\/td>\n                            <\/tr>\n                            \n\t\t\t\t\t\t\t\t\t\t\t\t\t\t\n\t\t\t\t\t\t\t<tr>\n                                <td><div class=\"inner\">Velocit\u00e0 di erogazione<\/div><\/td>\n                                <td><div class=\"inner\">12 m\/min.<\/div><\/td>\n                            <\/tr>\n                            \n\t\t\t\t\t\t\t\t\t\t\t\t\t\t\n\t\t\t\t\t\t\t<tr>\n                                <td><div class=\"inner\">Alimentazione Elettrica<\/div><\/td>\n                                <td><div class=\"inner\">230 V, 50\/60 Hz, 30 W<\/div><\/td>\n                            <\/tr>\n                            \n\t\t\t\t\t\t\t\t\t\t\t\t\t\t\n\t\t\t\t\t\t\t<tr>\n                                <td><div class=\"inner\">Dimensioni<\/div><\/td>\n                                <td><div class=\"inner\">430 x 410 x h. 370 mm<\/div><\/td>\n                            <\/tr>\n                            \n\t\t\t\t\t\t\t\t\t\t\t\t\t\t\n\t\t\t\t\t\t\t<tr>\n                                <td><div class=\"inner\">Peso<\/div><\/td>\n                                <td><div class=\"inner\">11 Kg.<\/div><\/td>\n                            <\/tr>\n                            \n\t\t\t\t\t\t\t                        <\/tbody>\n                    <\/table><!-- \/.table -->\n                <\/div><!-- \/.table-responsive -->\n            <\/div><!-- \/.col-md-8 -->\n\n\n\n\n\n\n        <\/div><!-- \/.row -->\n\n        <div class=\"row\">\n\n        <div class=\"col-md-12\">\n                <div class=\"cost-calc-content\">\n                    \n                    <p>Label Engineering se r\u00e9serve le droit d'apporter, sans pr\u00e9avis, des modifications de construction qui peuvent entra\u00eener des changements dans les caract\u00e9ristiques ou les performances indiqu\u00e9es.\r\n<\/p>\n                    \n\t\t\t\t\t\n\t\t\t\t\t\n                <\/div><!-- \/.cost-calc-content -->\n            <\/div><!-- \/.col-md-4 -->\n\n            <\/div><!-- \/.row -->\n\n    <\/div><!-- \/.thm-container -->\n<\/section><\/div><\/div><\/div><\/div><\/section><\/p>\n","protected":false},"excerpt":{"rendered":"","protected":false},"author":1,"featured_media":1950,"parent":1423,"menu_order":0,"comment_status":"closed","ping_status":"closed","template":"tpl-king-composer.php","meta":[],"tags":[],"yoast_head":"<!-- This site is optimized with the Yoast SEO plugin v15.3 - https:\/\/yoast.com\/wordpress\/plugins\/seo\/ -->\n<title>Distributeur pour \u00e9tiquettes DWR - Label Engineering<\/title>\n<meta name=\"robots\" content=\"index, follow, max-snippet:-1, max-image-preview:large, max-video-preview:-1\" \/>\n<link rel=\"canonical\" href=\"https:\/\/label-engineering.eu\/fr\/systemes-pour-letiquetage\/dispenser-a-poser-dwr\/\" \/>\n<meta property=\"og:locale\" content=\"fr_FR\" \/>\n<meta property=\"og:type\" content=\"article\" \/>\n<meta property=\"og:title\" content=\"Distributeur pour \u00e9tiquettes DWR - Label Engineering\" \/>\n<meta property=\"og:description\" content=\"Soluzioni Label Engineering Etiqueteuse Semi Automatique Con\u00e7u pour les environnements industriels, DWR est un distributeur semi-automatique d&#8217;\u00e9tiquettes auto-adh\u00e9sives sur rouleaux, enti\u00e8rement construit en acier, facile \u00e0 utiliser, polyvalent pour tout type d&#8217;\u00e9tiquettes normalement utilis\u00e9es, adapt\u00e9 pour r\u00e9pondre aux exigences des petites productions. Disponible dans les versions de 100 mm et 200 mm de largeur. La\" \/>\n<meta property=\"og:url\" content=\"https:\/\/label-engineering.eu\/fr\/systemes-pour-letiquetage\/dispenser-a-poser-dwr\/\" \/>\n<meta property=\"og:site_name\" content=\"Label Engineering\" \/>\n<meta property=\"article:modified_time\" content=\"2021-09-15T13:23:57+00:00\" \/>\n<meta property=\"og:image\" content=\"https:\/\/label-engineering.eu\/wp-content\/uploads\/2021\/01\/dwr.jpg\" \/>\n\t<meta property=\"og:image:width\" content=\"679\" \/>\n\t<meta property=\"og:image:height\" content=\"496\" \/>\n<meta name=\"twitter:card\" content=\"summary_large_image\" \/>\n<meta name=\"twitter:label1\" content=\"\u00c9crit par\">\n\t<meta name=\"twitter:data1\" content=\"interjob\">\n\t<meta name=\"twitter:label2\" content=\"Dur\u00e9e de lecture est.\">\n\t<meta name=\"twitter:data2\" content=\"1 minute\">\n<script type=\"application\/ld+json\" class=\"yoast-schema-graph\">{\"@context\":\"https:\/\/schema.org\",\"@graph\":[{\"@type\":\"WebSite\",\"@id\":\"https:\/\/label-engineering.eu\/#website\",\"url\":\"https:\/\/label-engineering.eu\/\",\"name\":\"Label Engineering\",\"description\":\"Sistemi di etichettatura all&#039;avanguardia\",\"potentialAction\":[{\"@type\":\"SearchAction\",\"target\":\"https:\/\/label-engineering.eu\/?s={search_term_string}\",\"query-input\":\"required name=search_term_string\"}],\"inLanguage\":\"fr-FR\"},{\"@type\":\"ImageObject\",\"@id\":\"https:\/\/label-engineering.eu\/fr\/systemes-pour-letiquetage\/dispenser-a-poser-dwr\/#primaryimage\",\"inLanguage\":\"fr-FR\",\"url\":\"https:\/\/label-engineering.eu\/wp-content\/uploads\/2021\/01\/dwr.jpg\",\"width\":679,\"height\":496},{\"@type\":\"WebPage\",\"@id\":\"https:\/\/label-engineering.eu\/fr\/systemes-pour-letiquetage\/dispenser-a-poser-dwr\/#webpage\",\"url\":\"https:\/\/label-engineering.eu\/fr\/systemes-pour-letiquetage\/dispenser-a-poser-dwr\/\",\"name\":\"Distributeur pour \\u00e9tiquettes DWR - Label Engineering\",\"isPartOf\":{\"@id\":\"https:\/\/label-engineering.eu\/#website\"},\"primaryImageOfPage\":{\"@id\":\"https:\/\/label-engineering.eu\/fr\/systemes-pour-letiquetage\/dispenser-a-poser-dwr\/#primaryimage\"},\"datePublished\":\"2021-09-08T08:57:20+00:00\",\"dateModified\":\"2021-09-15T13:23:57+00:00\",\"inLanguage\":\"fr-FR\",\"potentialAction\":[{\"@type\":\"ReadAction\",\"target\":[\"https:\/\/label-engineering.eu\/fr\/systemes-pour-letiquetage\/dispenser-a-poser-dwr\/\"]}]}]}<\/script>\n<!-- \/ Yoast SEO plugin. -->","_links":{"self":[{"href":"https:\/\/label-engineering.eu\/fr\/wp-json\/wp\/v2\/pages\/5290"}],"collection":[{"href":"https:\/\/label-engineering.eu\/fr\/wp-json\/wp\/v2\/pages"}],"about":[{"href":"https:\/\/label-engineering.eu\/fr\/wp-json\/wp\/v2\/types\/page"}],"author":[{"embeddable":true,"href":"https:\/\/label-engineering.eu\/fr\/wp-json\/wp\/v2\/users\/1"}],"replies":[{"embeddable":true,"href":"https:\/\/label-engineering.eu\/fr\/wp-json\/wp\/v2\/comments?post=5290"}],"version-history":[{"count":5,"href":"https:\/\/label-engineering.eu\/fr\/wp-json\/wp\/v2\/pages\/5290\/revisions"}],"predecessor-version":[{"id":5569,"href":"https:\/\/label-engineering.eu\/fr\/wp-json\/wp\/v2\/pages\/5290\/revisions\/5569"}],"up":[{"embeddable":true,"href":"https:\/\/label-engineering.eu\/fr\/wp-json\/wp\/v2\/pages\/1423"}],"wp:featuredmedia":[{"embeddable":true,"href":"https:\/\/label-engineering.eu\/fr\/wp-json\/wp\/v2\/media\/1950"}],"wp:attachment":[{"href":"https:\/\/label-engineering.eu\/fr\/wp-json\/wp\/v2\/media?parent=5290"}],"wp:term":[{"taxonomy":"post_tag","embeddable":true,"href":"https:\/\/label-engineering.eu\/fr\/wp-json\/wp\/v2\/tags?post=5290"}],"curies":[{"name":"wp","href":"https:\/\/api.w.org\/{rel}","templated":true}]}}