{"id":5296,"date":"2021-09-08T11:03:45","date_gmt":"2021-09-08T09:03:45","guid":{"rendered":"http:\/\/label-engineering.eu\/?page_id=5296"},"modified":"2021-09-20T17:20:46","modified_gmt":"2021-09-20T15:20:46","slug":"reenrouleur-detiquettes-rw","status":"publish","type":"page","link":"https:\/\/label-engineering.eu\/fr\/systemes-pour-letiquetage\/reenrouleur-detiquettes-rw\/","title":{"rendered":"R\u00e9enrouleur d&#8217;\u00e9tiquettes RW"},"content":{"rendered":"<p><section class=\"kc-elm kc-css-466406 kc_row\"><div class=\"kc-row-container  kc-container\"><div class=\"kc-wrap-columns\"><div class=\"kc-elm kc-css-594870 kc_col-sm-12 kc_column kc_col-sm-12\"><div class=\"kc-col-container\"><section class=\" what-we-do sec-pad\">\n    <div class=\"thm-container\">\n        <div class=\"sec-title text-center\">\n            <span>Accessoires Label Engineering<\/span>\n            <h3>Reenrouleurs pour Imprimantes<\/h3>\n            <p>Pour r\u00e9pondre au besoin croissant de pouvoir rembobiner les \u00e9tiquettes sur bobines, on a r\u00e9alis\u00e9 la s\u00e9rie REWINDER.\r\nLes enrouleurs \/ d\u00e9rouleurs RW et RWR sont con\u00e7us pour un usage industriel; robustes, enti\u00e8rement en acier, \u00e9quip\u00e9s d'une large base de support pour une connexion stable \u00e0 l'imprimante.\r\n<\/p>\n        <\/div>\n        <div class=\"row\">\n            <div class=\"col-lg-6 col-md-12\">\n                <div class=\"single-what-we-do\">\n                    \n\t\t\t\t\t\t\t\t\t\t\n                    <div class=\"text-box hvr-bounce-to-bottom\">\n                        <a href=\"#\"><h3><\/h3><\/a>\n                        <p><\/p>\n                        <a href=\"#\" class=\"read-more fas fa-angle-right\"><\/a>\n                    <\/div>\n                <\/div>\n            <\/div>\n            <div class=\"col-lg-6 col-md-12\">\n                <div class=\"row\">\n                    \n\t\t\t\t\t\t\t\t\t\t\n\t\t\t\t\t<div class=\"col-sm-2\">\n                        <div class=\"single-what-we-do-one hvr-bounce-to-bottom\">\n                            <i class=\"printify-icon fa-star\"><\/i>\n                            <a href=\"\"><h3><\/h3><\/a>\n                            <p><\/p>\n                            <a href=\"\" class=\"read-more fas fa-angle-right\"><\/a>\n                        <\/div>\n                    <\/div>\n                    \n\t\t\t\t\t                <\/div>\n            <\/div>\n        <\/div>\n    <\/div>\n<\/section><div class=\"kc-elm kc-css-85608\" style=\"height: 30px; clear: both; width:100%;\"><\/div><\/div><\/div><\/div><\/div><\/section><section class=\"kc-elm kc-css-870383 kc_row\"><div class=\"kc-row-container  kc-container\"><div class=\"kc-wrap-columns\"><div class=\"kc-elm kc-css-673027 kc_col-sm-6 kc_column kc_col-sm-6\"><div class=\"kc-col-container\"><div class=\"kc-elm kc-css-413494 kc_text_block\"><\/p>\n<p>\nDisponibles en versions <b>120 mm, 140 mm et 230 mm de largeur. <\/b>Le mandrin extensible permet d&#039;utiliser des noyaux porte-bobines internes <b>de 40 \u00e0 110 mm <\/b>et de <b>rembobiner des bobines jusqu&#039;\u00e0 un diam\u00e8tre ext\u00e9rieur de 300 mm<\/b>.<\/p>\n<p>Un syst\u00e8me innovant de d\u00e9tection de la position du <b>bras pr\u00e9-d\u00e9rouleur<\/b> permet de suivre parfaitement la vitesse de l&#039;imprimante en \u00e9vitant ruptures ou arr\u00eats continus.<\/p>\n<p>\n<\/div><div class=\"kc-elm kc-css-483291 kc_text_block\"><\/p>\n<p>\nIl est possible de rembobiner dans le sens horaire ou antihoraire et de s\u00e9lectionner le range de vitesse maximale que l\u2019on veut obtenir.<\/p>\n<p>Aliment\u00e9 \u00e0 230 V ou 115 V sur demande, il ne n\u00e9cessite pas d&#039;alimentation s\u00e9par\u00e9e. La carte de commande \u00e0 microprocesseur permet \u00e9galement d&#039;arr\u00eater la rotation du moteur lorsque la bobine est termin\u00e9e ou en cas de rupture de papier en signalant l&#039;anomalie par un signal sonore.<\/p>\n<p>\n<\/div><div class=\"kc-elm kc-css-819708 kc_text_block\"><\/p>\n<p>\n<b>R\u00e9enrouleur d&#039;\u00e9tiquettes autocollantes sur bobines.<\/b><\/p>\n<p>\n<\/div><\/div><\/div><div class=\"kc-elm kc-css-595808 kc_col-sm-6 kc_column kc_col-sm-6\"><div class=\"kc-col-container\"><div class=\"kc-elm kc-css-797545 kc-raw-code\"><!--<div class=\"video-box\"><img src=\"https:\/\/label-engineering.eu\/wp-content\/uploads\/2021\/06\/rw-riavvolgitori.jpg\" alt=\"Image\" \/>\r\n<a href=\"https:\/\/www.youtube.com\/watch?v=FkVXKonNlqI\" class=\"video-btn html5lightbox ripple\"><i class=\"fas fa-play\"><\/i><\/a>\r\n<\/div>-->\r\n<img src=\"http:\/\/label-engineering.eu\/wp-content\/uploads\/2021\/06\/rw-riavvolgitori.jpg\" alt=\"Image\" \/><\/div><\/div><\/div><\/div><\/div><\/section><section class=\"kc-elm kc-css-365772 kc_row\"><div class=\"kc-row-container  kc-container\"><div class=\"kc-wrap-columns\"><div class=\"kc-elm kc-css-673163 kc_col-of-5 kc_column kc_col-of-5\"><div class=\"kc-col-container\"><\/div><\/div><div class=\"kc-elm kc-css-727254 kc_col-sm-7 kc_column kc_col-sm-7\"><div class=\"kc-col-container\"><div class=\"kc-elm kc-css-442198 kc_text_block\"><\/p>\n<table id=\"table-mod\" width=\"100%\">\n<tbody>\n<tr>\n<td><b>RW 120<\/b><\/td>\n<td>Laize \u00e9tiquette<\/td>\n<td>120 mm<\/td>\n<\/tr>\n<tr>\n<td><b>RWR-S<\/b><\/td>\n<td>Laize \u00e9tiquette<\/td>\n<td>140 mm<\/td>\n<\/tr>\n<tr>\n<td><b>RWR-L<\/b><\/td>\n<td>Laize \u00e9tiquette<\/td>\n<td>230 mm<\/td>\n<\/tr>\n<\/tbody>\n<\/table>\n<p>\n<\/div><\/div><\/div><div class=\"kc-elm kc-css-299088 kc_col-of-5 kc_column kc_col-of-5\"><div class=\"kc-col-container\"><\/div><\/div><\/div><\/div><\/section><section data-kc-fullwidth=\"content\" class=\"kc-elm kc-css-667433 kc_row\"><div class=\"kc-row-container\"><div class=\"kc-wrap-columns\"><div class=\"kc-elm kc-css-67886 kc_col-sm-12 kc_column kc_col-sm-12\"><div class=\"kc-col-container\"><section class=\" service-details-cost-calculator sec-pad\">\n    <div class=\"thm-container\">\n        <div class=\"row\">\n           \n            <div class=\"col-md-12\">\n                <div class=\"table-responsive pricing-table\">\n                    <table class=\"table\">\n                        <thead>\n                            <tr>\n\n                            <th>Fiche technique<\/th>\n                            <th style=\"text-align: right;\"><a href=\"https:\/\/label-engineering.eu\/wp-content\/uploads\/2021\/09\/RW-RWR-S-L-1.pdf\"><i class=\"printify-icon-big-brochure\"><\/i> SCARICA IL PDF<\/a><\/th>\n                            <\/tr>\n                        <\/thead>\n                        <tbody>\n                            \n\t\t\t\t\t\t\t\t\t\t\t\t\t\t\n\t\t\t\t\t\t\t<tr>\n                                <td><div class=\"inner\"><B>Modelli Disponibili<\/B><\/div><\/td>\n                                <td><div class=\"inner\"><\/div><\/td>\n                            <\/tr>\n                            \n\t\t\t\t\t\t\t\t\t\t\t\t\t\t\n\t\t\t\t\t\t\t<tr>\n                                <td><div class=\"inner\"><B>RW 120<\/B><\/div><\/td>\n                                <td><div class=\"inner\"><\/div><\/td>\n                            <\/tr>\n                            \n\t\t\t\t\t\t\t\t\t\t\t\t\t\t\n\t\t\t\t\t\t\t<tr>\n                                <td><div class=\"inner\">Larghezza max etichetta<\/div><\/td>\n                                <td><div class=\"inner\">120 mm\r\n<\/div><\/td>\n                            <\/tr>\n                            \n\t\t\t\t\t\t\t\t\t\t\t\t\t\t\n\t\t\t\t\t\t\t<tr>\n                                <td><div class=\"inner\">Dimensione mandrino<\/div><\/td>\n                                <td><div class=\"inner\">\u00d8 45 mm , adattatore \u00d8 76 mm\r\n<\/div><\/td>\n                            <\/tr>\n                            \n\t\t\t\t\t\t\t\t\t\t\t\t\t\t\n\t\t\t\t\t\t\t<tr>\n                                <td><div class=\"inner\">Dimensione bobina<\/div><\/td>\n                                <td><div class=\"inner\">\u00d8 260 mm \r\n<\/div><\/td>\n                            <\/tr>\n                            \n\t\t\t\t\t\t\t\t\t\t\t\t\t\t\n\t\t\t\t\t\t\t<tr>\n                                <td><div class=\"inner\">Alimentazione Elettrica<\/div><\/td>\n                                <td><div class=\"inner\">230 V, 50\/60 Hz\t<\/div><\/td>\n                            <\/tr>\n                            \n\t\t\t\t\t\t\t\t\t\t\t\t\t\t\n\t\t\t\t\t\t\t<tr>\n                                <td><div class=\"inner\">Potenza assorbita<\/div><\/td>\n                                <td><div class=\"inner\">50 W<\/div><\/td>\n                            <\/tr>\n                            \n\t\t\t\t\t\t\t\t\t\t\t\t\t\t\n\t\t\t\t\t\t\t<tr>\n                                <td><div class=\"inner\">Dimensioni<\/div><\/td>\n                                <td><div class=\"inner\">305 x 575 x h. 305\t\r\n\r\n<\/div><\/td>\n                            <\/tr>\n                            \n\t\t\t\t\t\t\t\t\t\t\t\t\t\t\n\t\t\t\t\t\t\t<tr>\n                                <td><div class=\"inner\">Peso<\/div><\/td>\n                                <td><div class=\"inner\">10 kg\r\n<\/div><\/td>\n                            <\/tr>\n                            \n\t\t\t\t\t\t\t\t\t\t\t\t\t\t\n\t\t\t\t\t\t\t<tr>\n                                <td><div class=\"inner\"><B>RWR-S<\/B><\/div><\/td>\n                                <td><div class=\"inner\"><\/div><\/td>\n                            <\/tr>\n                            \n\t\t\t\t\t\t\t\t\t\t\t\t\t\t\n\t\t\t\t\t\t\t<tr>\n                                <td><div class=\"inner\">Larghezza max etichetta<\/div><\/td>\n                                <td><div class=\"inner\">140 mm<\/div><\/td>\n                            <\/tr>\n                            \n\t\t\t\t\t\t\t\t\t\t\t\t\t\t\n\t\t\t\t\t\t\t<tr>\n                                <td><div class=\"inner\">Dimensione mandrino<\/div><\/td>\n                                <td><div class=\"inner\">\u00d8 40-110 mm<\/div><\/td>\n                            <\/tr>\n                            \n\t\t\t\t\t\t\t\t\t\t\t\t\t\t\n\t\t\t\t\t\t\t<tr>\n                                <td><div class=\"inner\">Dimensione bobina<\/div><\/td>\n                                <td><div class=\"inner\">\u00d8 300 mm<\/div><\/td>\n                            <\/tr>\n                            \n\t\t\t\t\t\t\t\t\t\t\t\t\t\t\n\t\t\t\t\t\t\t<tr>\n                                <td><div class=\"inner\">Velocit\u00e0<\/div><\/td>\n                                <td><div class=\"inner\">0-25 m\/min.\t<\/div><\/td>\n                            <\/tr>\n                            \n\t\t\t\t\t\t\t\t\t\t\t\t\t\t\n\t\t\t\t\t\t\t<tr>\n                                <td><div class=\"inner\">Alimentazione elettrica<\/div><\/td>\n                                <td><div class=\"inner\">230 Vac, 50 Hz\t\t\r\n<\/div><\/td>\n                            <\/tr>\n                            \n\t\t\t\t\t\t\t\t\t\t\t\t\t\t\n\t\t\t\t\t\t\t<tr>\n                                <td><div class=\"inner\">Potenza assorbita<\/div><\/td>\n                                <td><div class=\"inner\">30 W<\/div><\/td>\n                            <\/tr>\n                            \n\t\t\t\t\t\t\t\t\t\t\t\t\t\t\n\t\t\t\t\t\t\t<tr>\n                                <td><div class=\"inner\">Dimensioni<\/div><\/td>\n                                <td><div class=\"inner\">330 x 410 x h. 370mm<\/div><\/td>\n                            <\/tr>\n                            \n\t\t\t\t\t\t\t\t\t\t\t\t\t\t\n\t\t\t\t\t\t\t<tr>\n                                <td><div class=\"inner\">Peso<\/div><\/td>\n                                <td><div class=\"inner\">13 Kg<\/div><\/td>\n                            <\/tr>\n                            \n\t\t\t\t\t\t\t\t\t\t\t\t\t\t\n\t\t\t\t\t\t\t<tr>\n                                <td><div class=\"inner\"><B>RWR-L<\/B><\/div><\/td>\n                                <td><div class=\"inner\"><\/div><\/td>\n                            <\/tr>\n                            \n\t\t\t\t\t\t\t\t\t\t\t\t\t\t\n\t\t\t\t\t\t\t<tr>\n                                <td><div class=\"inner\">Larghezza max etichetta<\/div><\/td>\n                                <td><div class=\"inner\">230 mm<\/div><\/td>\n                            <\/tr>\n                            \n\t\t\t\t\t\t\t\t\t\t\t\t\t\t\n\t\t\t\t\t\t\t<tr>\n                                <td><div class=\"inner\">Dimensione mandrino<\/div><\/td>\n                                <td><div class=\"inner\">\u00d8 40-110 mm<\/div><\/td>\n                            <\/tr>\n                            \n\t\t\t\t\t\t\t\t\t\t\t\t\t\t\n\t\t\t\t\t\t\t<tr>\n                                <td><div class=\"inner\">Dimensione bobina<\/div><\/td>\n                                <td><div class=\"inner\">\u00d8 300 mm<\/div><\/td>\n                            <\/tr>\n                            \n\t\t\t\t\t\t\t\t\t\t\t\t\t\t\n\t\t\t\t\t\t\t<tr>\n                                <td><div class=\"inner\">Velocit\u00e0<\/div><\/td>\n                                <td><div class=\"inner\">0-25 m\/min.\t\r\n<\/div><\/td>\n                            <\/tr>\n                            \n\t\t\t\t\t\t\t\t\t\t\t\t\t\t\n\t\t\t\t\t\t\t<tr>\n                                <td><div class=\"inner\">Alimentazione elettrica<\/div><\/td>\n                                <td><div class=\"inner\">230 Vac, 50 Hz<\/div><\/td>\n                            <\/tr>\n                            \n\t\t\t\t\t\t\t\t\t\t\t\t\t\t\n\t\t\t\t\t\t\t<tr>\n                                <td><div class=\"inner\">Potenza assorbita<\/div><\/td>\n                                <td><div class=\"inner\">30 W\r\n<\/div><\/td>\n                            <\/tr>\n                            \n\t\t\t\t\t\t\t\t\t\t\t\t\t\t\n\t\t\t\t\t\t\t<tr>\n                                <td><div class=\"inner\">Dimensioni<\/div><\/td>\n                                <td><div class=\"inner\">430 x 410 x h. 370mm<\/div><\/td>\n                            <\/tr>\n                            \n\t\t\t\t\t\t\t\t\t\t\t\t\t\t\n\t\t\t\t\t\t\t<tr>\n                                <td><div class=\"inner\">Peso<\/div><\/td>\n                                <td><div class=\"inner\">15 Kg<\/div><\/td>\n                            <\/tr>\n                            \n\t\t\t\t\t\t\t                        <\/tbody>\n                    <\/table><!-- \/.table -->\n                <\/div><!-- \/.table-responsive -->\n            <\/div><!-- \/.col-md-8 -->\n\n\n\n\n\n\n        <\/div><!-- \/.row -->\n\n        <div class=\"row\">\n\n        <div class=\"col-md-12\">\n                <div class=\"cost-calc-content\">\n                    \n                    <p>Label Engineering se r\u00e9serve le droit d'apporter, sans pr\u00e9avis, des modifications de construction qui peuvent entra\u00eener des changements dans les caract\u00e9ristiques ou les performances indiqu\u00e9es.\r\n<\/br><\/p>\n                    \n\t\t\t\t\t\n\t\t\t\t\t\n                <\/div><!-- \/.cost-calc-content -->\n            <\/div><!-- \/.col-md-4 -->\n\n            <\/div><!-- \/.row -->\n\n    <\/div><!-- \/.thm-container -->\n<\/section><\/div><\/div><\/div><\/div><\/section><\/p>\n","protected":false},"excerpt":{"rendered":"","protected":false},"author":1,"featured_media":2069,"parent":1423,"menu_order":0,"comment_status":"closed","ping_status":"closed","template":"tpl-king-composer.php","meta":[],"tags":[76],"yoast_head":"<!-- This site is optimized with the Yoast SEO plugin v15.3 - https:\/\/yoast.com\/wordpress\/plugins\/seo\/ -->\n<title>R\u00e9enrouleur d&#039;\u00e9tiquettes RW - Label Engineering<\/title>\n<meta name=\"robots\" content=\"index, follow, max-snippet:-1, max-image-preview:large, max-video-preview:-1\" \/>\n<link rel=\"canonical\" href=\"https:\/\/label-engineering.eu\/fr\/systemes-pour-letiquetage\/reenrouleur-detiquettes-rw\/\" \/>\n<meta property=\"og:locale\" content=\"fr_FR\" \/>\n<meta property=\"og:type\" content=\"article\" \/>\n<meta property=\"og:title\" content=\"R\u00e9enrouleur d&#039;\u00e9tiquettes RW - Label Engineering\" \/>\n<meta property=\"og:description\" content=\"Accessoires Label Engineering Reenrouleurs pour Imprimantes Pour r\u00e9pondre au besoin croissant de pouvoir rembobiner les \u00e9tiquettes sur bobines, on a r\u00e9alis\u00e9 la s\u00e9rie REWINDER. Les enrouleurs \/ d\u00e9rouleurs RW et RWR sont con\u00e7us pour un usage industriel; robustes, enti\u00e8rement en acier, \u00e9quip\u00e9s d&#8217;une large base de support pour une connexion stable \u00e0 l&#8217;imprimante. Disponibles en\" \/>\n<meta property=\"og:url\" content=\"https:\/\/label-engineering.eu\/fr\/systemes-pour-letiquetage\/reenrouleur-detiquettes-rw\/\" \/>\n<meta property=\"og:site_name\" content=\"Label Engineering\" \/>\n<meta property=\"article:modified_time\" content=\"2021-09-20T15:20:46+00:00\" \/>\n<meta property=\"og:image\" content=\"https:\/\/label-engineering.eu\/wp-content\/uploads\/2021\/01\/rw-riavvolgitori.jpg\" \/>\n\t<meta property=\"og:image:width\" content=\"813\" \/>\n\t<meta property=\"og:image:height\" content=\"615\" \/>\n<meta name=\"twitter:card\" content=\"summary_large_image\" \/>\n<meta name=\"twitter:label1\" content=\"\u00c9crit par\">\n\t<meta name=\"twitter:data1\" content=\"interjob\">\n\t<meta name=\"twitter:label2\" content=\"Dur\u00e9e de lecture est.\">\n\t<meta name=\"twitter:data2\" content=\"1 minute\">\n<script type=\"application\/ld+json\" class=\"yoast-schema-graph\">{\"@context\":\"https:\/\/schema.org\",\"@graph\":[{\"@type\":\"WebSite\",\"@id\":\"https:\/\/label-engineering.eu\/#website\",\"url\":\"https:\/\/label-engineering.eu\/\",\"name\":\"Label Engineering\",\"description\":\"Sistemi di etichettatura all&#039;avanguardia\",\"potentialAction\":[{\"@type\":\"SearchAction\",\"target\":\"https:\/\/label-engineering.eu\/?s={search_term_string}\",\"query-input\":\"required name=search_term_string\"}],\"inLanguage\":\"fr-FR\"},{\"@type\":\"ImageObject\",\"@id\":\"https:\/\/label-engineering.eu\/fr\/systemes-pour-letiquetage\/reenrouleur-detiquettes-rw\/#primaryimage\",\"inLanguage\":\"fr-FR\",\"url\":\"https:\/\/label-engineering.eu\/wp-content\/uploads\/2021\/01\/rw-riavvolgitori.jpg\",\"width\":813,\"height\":615},{\"@type\":\"WebPage\",\"@id\":\"https:\/\/label-engineering.eu\/fr\/systemes-pour-letiquetage\/reenrouleur-detiquettes-rw\/#webpage\",\"url\":\"https:\/\/label-engineering.eu\/fr\/systemes-pour-letiquetage\/reenrouleur-detiquettes-rw\/\",\"name\":\"R\\u00e9enrouleur d'\\u00e9tiquettes RW - Label Engineering\",\"isPartOf\":{\"@id\":\"https:\/\/label-engineering.eu\/#website\"},\"primaryImageOfPage\":{\"@id\":\"https:\/\/label-engineering.eu\/fr\/systemes-pour-letiquetage\/reenrouleur-detiquettes-rw\/#primaryimage\"},\"datePublished\":\"2021-09-08T09:03:45+00:00\",\"dateModified\":\"2021-09-20T15:20:46+00:00\",\"inLanguage\":\"fr-FR\",\"potentialAction\":[{\"@type\":\"ReadAction\",\"target\":[\"https:\/\/label-engineering.eu\/fr\/systemes-pour-letiquetage\/reenrouleur-detiquettes-rw\/\"]}]}]}<\/script>\n<!-- \/ Yoast SEO plugin. -->","_links":{"self":[{"href":"https:\/\/label-engineering.eu\/fr\/wp-json\/wp\/v2\/pages\/5296"}],"collection":[{"href":"https:\/\/label-engineering.eu\/fr\/wp-json\/wp\/v2\/pages"}],"about":[{"href":"https:\/\/label-engineering.eu\/fr\/wp-json\/wp\/v2\/types\/page"}],"author":[{"embeddable":true,"href":"https:\/\/label-engineering.eu\/fr\/wp-json\/wp\/v2\/users\/1"}],"replies":[{"embeddable":true,"href":"https:\/\/label-engineering.eu\/fr\/wp-json\/wp\/v2\/comments?post=5296"}],"version-history":[{"count":3,"href":"https:\/\/label-engineering.eu\/fr\/wp-json\/wp\/v2\/pages\/5296\/revisions"}],"predecessor-version":[{"id":5740,"href":"https:\/\/label-engineering.eu\/fr\/wp-json\/wp\/v2\/pages\/5296\/revisions\/5740"}],"up":[{"embeddable":true,"href":"https:\/\/label-engineering.eu\/fr\/wp-json\/wp\/v2\/pages\/1423"}],"wp:featuredmedia":[{"embeddable":true,"href":"https:\/\/label-engineering.eu\/fr\/wp-json\/wp\/v2\/media\/2069"}],"wp:attachment":[{"href":"https:\/\/label-engineering.eu\/fr\/wp-json\/wp\/v2\/media?parent=5296"}],"wp:term":[{"taxonomy":"post_tag","embeddable":true,"href":"https:\/\/label-engineering.eu\/fr\/wp-json\/wp\/v2\/tags?post=5296"}],"curies":[{"name":"wp","href":"https:\/\/api.w.org\/{rel}","templated":true}]}}